{"id":12483,"date":"2023-12-27T15:53:18","date_gmt":"2023-12-27T20:53:18","guid":{"rendered":"https:\/\/walkinclosetcanada.com\/design-dinterieur\/"},"modified":"2025-03-27T16:05:39","modified_gmt":"2025-03-27T20:05:39","slug":"design-dinterieur","status":"publish","type":"page","link":"https:\/\/walkinclosetcanada.com\/fr\/design-dinterieur\/","title":{"rendered":"Design d&rsquo;Int\u00e9rieur"},"content":{"rendered":"\t\t<div data-elementor-type=\"wp-page\" data-elementor-id=\"12483\" class=\"elementor elementor-12483 elementor-8373\" data-elementor-post-type=\"page\">\n\t\t\t\t<div class=\"elementor-element elementor-element-677d82c e-flex e-con-boxed e-con e-parent\" data-id=\"677d82c\" data-element_type=\"container\" data-e-type=\"container\">\n\t\t\t\t\t<div class=\"e-con-inner\">\n\t\t\t\t<div class=\"elementor-element elementor-element-8c7fdb2 elementor-widget elementor-widget-heading\" data-id=\"8c7fdb2\" data-element_type=\"widget\" data-e-type=\"widget\" data-widget_type=\"heading.default\">\n\t\t\t\t\t\t<div class=\"elementor-widget-container\">\n\t\t\t\t\t<h2 class=\"elementor-heading-title elementor-size-default\">Conseil en design d'int\u00e9rieur <\/h2>\t\t\t\t<\/div>\n\t\t\t\t<\/div>\n\t\t\t\t\t<\/div>\n\t\t\t\t<\/div>\n\t\t<div class=\"elementor-element elementor-element-70d8e60 e-flex e-con-boxed e-con e-parent\" data-id=\"70d8e60\" data-element_type=\"container\" data-e-type=\"container\">\n\t\t\t\t\t<div class=\"e-con-inner\">\n\t\t<div class=\"elementor-element elementor-element-400ddfd e-con-full e-flex e-con e-child\" data-id=\"400ddfd\" data-element_type=\"container\" data-e-type=\"container\">\n\t\t\t\t<div class=\"elementor-element elementor-element-9a9623d elementor-widget elementor-widget-text-editor\" data-id=\"9a9623d\" data-element_type=\"widget\" data-e-type=\"widget\" data-widget_type=\"text-editor.default\">\n\t\t\t\t\t\t<div class=\"elementor-widget-container\">\n\t\t\t\t\t\t\t\t\t<p>Discutez de vos pr\u00e9f\u00e9rences en mati\u00e8re de style et de design, de vos dimensions et de vos contraintes d&rsquo;espace avec nos concepteurs qui vous aideront \u00e0 choisir le mod\u00e8le qui vous convient le mieux. Discutez de vos pr\u00e9f\u00e9rences en mati\u00e8re de style et de design, de vos dimensions et de vos contraintes d&rsquo;espace avec nos concepteurs qui vous aideront \u00e0 choisir le mod\u00e8le qui vous convient le mieux.<\/p>\n<\/p>\n<p>Discutez de vos pr\u00e9f\u00e9rences en mati\u00e8re de style et de design, de vos dimensions et de vos contraintes d&rsquo;espace avec nos concepteurs qui vous aideront \u00e0 choisir le mod\u00e8le qui vous convient le mieux.<\/p>\n\t\t\t\t\t\t\t\t<\/div>\n\t\t\t\t<\/div>\n\t\t\t\t<div class=\"elementor-element elementor-element-acf6d1b elementor-align-center elementor-widget elementor-widget-button\" data-id=\"acf6d1b\" data-element_type=\"widget\" data-e-type=\"widget\" data-widget_type=\"button.default\">\n\t\t\t\t\t\t<div class=\"elementor-widget-container\">\n\t\t\t\t\t\t\t\t\t<div class=\"elementor-button-wrapper\">\n\t\t\t\t\t<a class=\"elementor-button elementor-button-link elementor-size-xl\" href=\"\/fr\/reservation\/\">\n\t\t\t\t\t\t<span class=\"elementor-button-content-wrapper\">\n\t\t\t\t\t\t<span class=\"elementor-button-icon\">\n\t\t\t\t<svg aria-hidden=\"true\" class=\"e-font-icon-svg e-fas-swatchbook\" viewBox=\"0 0 512 512\" xmlns=\"http:\/\/www.w3.org\/2000\/svg\"><path d=\"M434.66,167.71h0L344.5,77.36a31.83,31.83,0,0,0-45-.07h0l-.07.07L224,152.88V424L434.66,212.9A32,32,0,0,0,434.66,167.71ZM480,320H373.09L186.68,506.51c-2.06,2.07-4.5,3.58-6.68,5.49H480a32,32,0,0,0,32-32V352A32,32,0,0,0,480,320ZM192,32A32,32,0,0,0,160,0H32A32,32,0,0,0,0,32V416a96,96,0,0,0,192,0ZM96,440a24,24,0,1,1,24-24A24,24,0,0,1,96,440Zm32-184H64V192h64Zm0-128H64V64h64Z\"><\/path><\/svg>\t\t\t<\/span>\n\t\t\t\t\t\t\t\t\t<span class=\"elementor-button-text\">Prendre un rendez-vous dans la salle d'exposition<\/span>\n\t\t\t\t\t<\/span>\n\t\t\t\t\t<\/a>\n\t\t\t\t<\/div>\n\t\t\t\t\t\t\t\t<\/div>\n\t\t\t\t<\/div>\n\t\t\t\t<\/div>\n\t\t<div class=\"elementor-element elementor-element-5b5692d e-con-full e-flex e-con e-child\" data-id=\"5b5692d\" data-element_type=\"container\" data-e-type=\"container\">\n\t\t\t\t<div class=\"elementor-element elementor-element-95731d6 elementor-widget elementor-widget-image\" data-id=\"95731d6\" data-element_type=\"widget\" data-e-type=\"widget\" data-widget_type=\"image.default\">\n\t\t\t\t\t\t<div class=\"elementor-widget-container\">\n\t\t\t\t\t\t\t\t\t\t\t\t\t\t\t<img decoding=\"async\" src=\"https:\/\/walkinclosetcanada.com\/wp-content\/uploads\/variables00008.jpg\" title=\"\" alt=\"\" loading=\"lazy\" \/>\t\t\t\t\t\t\t\t\t\t\t\t\t\t\t<\/div>\n\t\t\t\t<\/div>\n\t\t\t\t<\/div>\n\t\t\t\t\t<\/div>\n\t\t\t\t<\/div>\n\t\t\t\t<\/div>\n\t\t","protected":false},"excerpt":{"rendered":"<p>Conseil en design d&rsquo;int\u00e9rieur Discutez de vos pr\u00e9f\u00e9rences en mati\u00e8re de style et de design, de vos dimensions et de vos contraintes [&hellip;]<\/p>\n","protected":false},"author":1,"featured_media":0,"parent":0,"menu_order":0,"comment_status":"closed","ping_status":"closed","template":"","meta":{"_acf_changed":false,"site-sidebar-layout":"no-sidebar","site-content-layout":"page-builder","ast-site-content-layout":"full-width-container","site-content-style":"unboxed","site-sidebar-style":"unboxed","ast-global-header-display":"","ast-banner-title-visibility":"","ast-main-header-display":"","ast-hfb-above-header-display":"","ast-hfb-below-header-display":"","ast-hfb-mobile-header-display":"","site-post-title":"disabled","ast-breadcrumbs-content":"","ast-featured-img":"disabled","footer-sml-layout":"","ast-disable-related-posts":"","theme-transparent-header-meta":"","adv-header-id-meta":"","stick-header-meta":"","header-above-stick-meta":"","header-main-stick-meta":"","header-below-stick-meta":"","astra-migrate-meta-layouts":"set","ast-page-background-enabled":"default","ast-page-background-meta":{"desktop":{"background-color":"var(--ast-global-color-4)","background-image":"","background-repeat":"repeat","background-position":"center center","background-size":"auto","background-attachment":"scroll","background-type":"","background-media":"","overlay-type":"","overlay-color":"","overlay-opacity":"","overlay-gradient":""},"tablet":{"background-color":"","background-image":"","background-repeat":"repeat","background-position":"center center","background-size":"auto","background-attachment":"scroll","background-type":"","background-media":"","overlay-type":"","overlay-color":"","overlay-opacity":"","overlay-gradient":""},"mobile":{"background-color":"","background-image":"","background-repeat":"repeat","background-position":"center center","background-size":"auto","background-attachment":"scroll","background-type":"","background-media":"","overlay-type":"","overlay-color":"","overlay-opacity":"","overlay-gradient":""}},"ast-content-background-meta":{"desktop":{"background-color":"var(--ast-global-color-5)","background-image":"","background-repeat":"repeat","background-position":"center center","background-size":"auto","background-attachment":"scroll","background-type":"","background-media":"","overlay-type":"","overlay-color":"","overlay-opacity":"","overlay-gradient":""},"tablet":{"background-color":"var(--ast-global-color-5)","background-image":"","background-repeat":"repeat","background-position":"center center","background-size":"auto","background-attachment":"scroll","background-type":"","background-media":"","overlay-type":"","overlay-color":"","overlay-opacity":"","overlay-gradient":""},"mobile":{"background-color":"var(--ast-global-color-5)","background-image":"","background-repeat":"repeat","background-position":"center center","background-size":"auto","background-attachment":"scroll","background-type":"","background-media":"","overlay-type":"","overlay-color":"","overlay-opacity":"","overlay-gradient":""}},"footnotes":""},"class_list":["post-12483","page","type-page","status-publish","hentry"],"acf":[],"aioseo_notices":[],"_links":{"self":[{"href":"https:\/\/walkinclosetcanada.com\/fr\/wp-json\/wp\/v2\/pages\/12483","targetHints":{"allow":["GET"]}}],"collection":[{"href":"https:\/\/walkinclosetcanada.com\/fr\/wp-json\/wp\/v2\/pages"}],"about":[{"href":"https:\/\/walkinclosetcanada.com\/fr\/wp-json\/wp\/v2\/types\/page"}],"author":[{"embeddable":true,"href":"https:\/\/walkinclosetcanada.com\/fr\/wp-json\/wp\/v2\/users\/1"}],"replies":[{"embeddable":true,"href":"https:\/\/walkinclosetcanada.com\/fr\/wp-json\/wp\/v2\/comments?post=12483"}],"version-history":[{"count":2,"href":"https:\/\/walkinclosetcanada.com\/fr\/wp-json\/wp\/v2\/pages\/12483\/revisions"}],"predecessor-version":[{"id":15416,"href":"https:\/\/walkinclosetcanada.com\/fr\/wp-json\/wp\/v2\/pages\/12483\/revisions\/15416"}],"wp:attachment":[{"href":"https:\/\/walkinclosetcanada.com\/fr\/wp-json\/wp\/v2\/media?parent=12483"}],"curies":[{"name":"wp","href":"https:\/\/api.w.org\/{rel}","templated":true}]}}