{"id":15260,"date":"2025-03-27T11:28:10","date_gmt":"2025-03-27T15:28:10","guid":{"rendered":"https:\/\/walkinclosetcanada.com\/?page_id=15260"},"modified":"2025-03-27T15:59:51","modified_gmt":"2025-03-27T19:59:51","slug":"politique-de-confidentialite","status":"publish","type":"page","link":"https:\/\/walkinclosetcanada.com\/fr\/politique-de-confidentialite\/","title":{"rendered":"Politique de confidentialit\u00e9"},"content":{"rendered":"\t\t<div data-elementor-type=\"wp-page\" data-elementor-id=\"15260\" class=\"elementor elementor-15260 elementor-15233\" data-elementor-post-type=\"page\">\n\t\t\t\t<div class=\"elementor-element elementor-element-7889988 e-flex e-con-boxed e-con e-parent\" data-id=\"7889988\" data-element_type=\"container\" data-e-type=\"container\">\n\t\t\t\t\t<div class=\"e-con-inner\">\n\t\t\t\t<div class=\"elementor-element elementor-element-baeb2ff elementor-widget elementor-widget-heading\" data-id=\"baeb2ff\" data-element_type=\"widget\" data-e-type=\"widget\" data-widget_type=\"heading.default\">\n\t\t\t\t\t\t<div class=\"elementor-widget-container\">\n\t\t\t\t\t<h2 class=\"elementor-heading-title elementor-size-default\">Politique de confidentialit\u00e9<\/h2>\t\t\t\t<\/div>\n\t\t\t\t<\/div>\n\t\t\t\t<div class=\"elementor-element elementor-element-c2d003c elementor-widget elementor-widget-text-editor\" data-id=\"c2d003c\" data-element_type=\"widget\" data-e-type=\"widget\" data-widget_type=\"text-editor.default\">\n\t\t\t\t\t\t<div class=\"elementor-widget-container\">\n\t\t\t\t\t\t\t\t\t<p class=\"\" data-start=\"199\" data-end=\"278\"><strong data-start=\"199\" data-end=\"239\">Date d\u2019entr\u00e9e en vigueur : mars 2025<\/strong><br data-start=\"239\" data-end=\"242\" \/><strong data-start=\"242\" data-end=\"278\">Derni\u00e8re mise \u00e0 jour : mars 2025<\/strong><\/p><h3 class=\"\" data-start=\"285\" data-end=\"304\">1. Introduction<\/h3><p class=\"\" data-start=\"306\" data-end=\"698\">Euro Style Design (\u00ab nous \u00bb, \u00ab notre \u00bb, ou \u00ab nos \u00bb) accorde une grande importance \u00e0 la protection de votre vie priv\u00e9e et s\u2019engage \u00e0 prot\u00e9ger les renseignements personnels que vous partagez avec nous. La pr\u00e9sente politique de confidentialit\u00e9 d\u00e9crit la mani\u00e8re dont nous recueillons, utilisons, divulguons et prot\u00e9geons vos renseignements personnels lorsque vous visitez l\u2019un de nos sites web :<\/p><ul data-start=\"700\" data-end=\"931\"><li class=\"\" data-start=\"700\" data-end=\"760\"><p class=\"\" data-start=\"702\" data-end=\"760\"><a class=\"\" href=\"https:\/\/walkinclosetcanada.com\" target=\"_new\" rel=\"noopener\" data-start=\"702\" data-end=\"758\">walkinclosetcanada.com<\/a><\/p><\/li><li class=\"\" data-start=\"761\" data-end=\"823\"><p class=\"\" data-start=\"763\" data-end=\"823\"><a class=\"\" href=\"https:\/\/kidsfurniturecanada.com\" target=\"_new\" rel=\"noopener\" data-start=\"763\" data-end=\"821\">kidsfurniturecanada.com<\/a><\/p><\/li><li class=\"\" data-start=\"824\" data-end=\"884\"><p class=\"\" data-start=\"826\" data-end=\"884\"><a class=\"\" href=\"https:\/\/eurohousefurniture.com\" target=\"_new\" rel=\"noopener\" data-start=\"826\" data-end=\"882\">eurohousefurniture.com<\/a><\/p><\/li><li class=\"\" data-start=\"885\" data-end=\"931\"><p class=\"\" data-start=\"887\" data-end=\"931\"><a class=\"\" href=\"https:\/\/eurostyle.design\" target=\"_new\" rel=\"noopener\" data-start=\"887\" data-end=\"931\">eurostyle.design<\/a><\/p><\/li><\/ul><p class=\"\" data-start=\"933\" data-end=\"1104\">Tous ces sites web sont la propri\u00e9t\u00e9 de Euro Style Design et sont exploit\u00e9s par la m\u00eame entreprise, conform\u00e9ment aux m\u00eames politiques de confidentialit\u00e9 et d\u2019exploitation.<\/p><p class=\"\" data-start=\"1106\" data-end=\"1350\">En acc\u00e9dant \u00e0 notre site web ou en l\u2019utilisant, vous consentez aux pratiques d\u00e9crites dans la pr\u00e9sente politique de confidentialit\u00e9. Si vous \u00eates en d\u00e9saccord avec l\u2019une ou l\u2019autre des conditions ci-dessous, veuillez ne pas utiliser notre site.<\/p><h3 class=\"\" data-start=\"1357\" data-end=\"1414\">2. Port\u00e9e de la pr\u00e9sente politique de confidentialit\u00e9<\/h3><p class=\"\" data-start=\"1416\" data-end=\"1804\">La pr\u00e9sente politique de confidentialit\u00e9 s\u2019applique exclusivement \u00e0 Euro Style Design et concerne les donn\u00e9es personnelles recueillies par l\u2019interm\u00e9diaire de nos sites web. Nos services sont offerts uniquement et exclusivement sur le territoire canadien. Cette politique ne s\u2019applique pas aux sites web, services ou entreprises tiers qui peuvent \u00eatre li\u00e9s ou mentionn\u00e9s sur nos sites web.<\/p><h3 class=\"\" data-start=\"1811\" data-end=\"1853\">3. Renseignements que nous recueillons<\/h3><p class=\"\" data-start=\"1855\" data-end=\"1997\">Afin de vous offrir nos produits et services, nous recueillons et conservons certains renseignements personnels, notamment, sans s\u2019y limiter :<\/p><ul data-start=\"1999\" data-end=\"2446\"><li class=\"\" data-start=\"1999\" data-end=\"2089\"><p class=\"\" data-start=\"2001\" data-end=\"2089\"><strong data-start=\"2001\" data-end=\"2041\">Donn\u00e9es d\u2019identification personnelle<\/strong> : nom, adresse courriel, num\u00e9ro de t\u00e9l\u00e9phone.<\/p><\/li><li class=\"\" data-start=\"2090\" data-end=\"2201\"><p class=\"\" data-start=\"2092\" data-end=\"2201\"><strong data-start=\"2092\" data-end=\"2141\">Renseignements de facturation et d\u2019exp\u00e9dition<\/strong> : adresse, adresse ligne 2, province, ville, code postal.<\/p><\/li><li class=\"\" data-start=\"2202\" data-end=\"2291\"><p class=\"\" data-start=\"2204\" data-end=\"2291\"><strong data-start=\"2204\" data-end=\"2241\">Renseignements li\u00e9s aux commandes<\/strong> : d\u00e9tails concernant les achats et pr\u00e9f\u00e9rences.<\/p><\/li><li class=\"\" data-start=\"2292\" data-end=\"2446\"><p class=\"\" data-start=\"2294\" data-end=\"2446\"><strong data-start=\"2294\" data-end=\"2330\">Donn\u00e9es analytiques et marketing<\/strong> : recueillies au moyen de t\u00e9moins (cookies) et d\u2019autres technologies de suivi \u00e0 des fins d\u2019analyse et de publicit\u00e9.<\/p><\/li><\/ul><p class=\"\" data-start=\"2448\" data-end=\"2682\">Ces renseignements sont fournis volontairement par les utilisateurs lors de leur interaction avec notre site, notamment lors de la passation de commandes, de l\u2019inscription \u00e0 un compte ou de l\u2019abonnement \u00e0 nos communications marketing.<\/p><h3 class=\"\" data-start=\"2689\" data-end=\"2739\">4. Comment nous recueillons les renseignements<\/h3><p class=\"\" data-start=\"2741\" data-end=\"2808\">Nous recueillons les donn\u00e9es personnelles par les moyens suivants :<\/p><ul data-start=\"2810\" data-end=\"3205\"><li class=\"\" data-start=\"2810\" data-end=\"3017\"><p class=\"\" data-start=\"2812\" data-end=\"3017\"><strong data-start=\"2812\" data-end=\"2834\">Soumission directe<\/strong> : lorsque les utilisateurs remplissent des formulaires sur notre site web pour effectuer une commande, communiquer avec notre service \u00e0 la client\u00e8le ou s\u2019inscrire \u00e0 notre infolettre.<\/p><\/li><li class=\"\" data-start=\"3018\" data-end=\"3205\"><p class=\"\" data-start=\"3020\" data-end=\"3205\"><strong data-start=\"3020\" data-end=\"3056\">T\u00e9moins et technologies de suivi<\/strong> : nous utilisons des cookies, pixels de suivi et outils d\u2019analyse pour am\u00e9liorer l\u2019exp\u00e9rience utilisateur et mesurer les performances de notre site.<\/p><\/li><\/ul><h3 class=\"\" data-start=\"3212\" data-end=\"3254\">5. Finalit\u00e9s de la collecte de donn\u00e9es<\/h3><p class=\"\" data-start=\"3256\" data-end=\"3338\">Les renseignements sont recueillis et trait\u00e9s uniquement pour les fins suivantes :<\/p><ul data-start=\"3340\" data-end=\"3924\"><li class=\"\" data-start=\"3340\" data-end=\"3478\"><p class=\"\" data-start=\"3342\" data-end=\"3478\"><strong data-start=\"3342\" data-end=\"3383\">Traitement et ex\u00e9cution des commandes<\/strong> : afin d\u2019assurer l\u2019exactitude et la livraison ponctuelle des commandes pass\u00e9es sur notre site.<\/p><\/li><li class=\"\" data-start=\"3479\" data-end=\"3608\"><p class=\"\" data-start=\"3481\" data-end=\"3608\"><strong data-start=\"3481\" data-end=\"3507\">Service \u00e0 la client\u00e8le<\/strong> : pour r\u00e9pondre aux questions, offrir de l\u2019assistance et maintenir la communication li\u00e9e aux achats.<\/p><\/li><li class=\"\" data-start=\"3609\" data-end=\"3760\"><p class=\"\" data-start=\"3611\" data-end=\"3760\"><strong data-start=\"3611\" data-end=\"3658\">Communications marketing et promotionnelles<\/strong> : pour envoyer des infolettres, offres sp\u00e9ciales et mises \u00e0 jour concernant nos produits et services.<\/p><\/li><li class=\"\" data-start=\"3761\" data-end=\"3924\"><p class=\"\" data-start=\"3763\" data-end=\"3924\"><strong data-start=\"3763\" data-end=\"3816\">Analyse et optimisation de la performance du site<\/strong> : pour analyser le comportement des utilisateurs, am\u00e9liorer notre site web et enrichir l\u2019exp\u00e9rience client.<\/p><\/li><\/ul><p class=\"\" data-start=\"3926\" data-end=\"4064\">Les utilisateurs peuvent \u00e0 tout moment se d\u00e9sabonner des communications marketing en suivant les instructions incluses dans nos courriels.<\/p><h3 class=\"\" data-start=\"4071\" data-end=\"4115\">6. Partage des donn\u00e9es et services tiers<\/h3><p class=\"\" data-start=\"4117\" data-end=\"4452\">Chez Euro Style Design, nous ne vendons, louons ni \u00e9changeons vos renseignements personnels \u00e0 des tiers. Toutefois, certains renseignements peuvent \u00eatre partag\u00e9s avec des prestataires de services tiers de confiance, dans la mesure n\u00e9cessaire pour assurer le bon fonctionnement de notre entreprise. Ces prestataires incluent notamment :<\/p><ul data-start=\"4454\" data-end=\"4798\"><li class=\"\" data-start=\"4454\" data-end=\"4563\"><p class=\"\" data-start=\"4456\" data-end=\"4563\"><strong data-start=\"4456\" data-end=\"4499\">Fournisseurs de livraison et logistique<\/strong> : pour l\u2019exp\u00e9dition et la livraison s\u00e9curitaire des produits.<\/p><\/li><li class=\"\" data-start=\"4564\" data-end=\"4697\"><p class=\"\" data-start=\"4566\" data-end=\"4697\"><strong data-start=\"4566\" data-end=\"4616\">Fournisseurs de services marketing et courriel<\/strong> : pour l\u2019envoi de courriels promotionnels et la gestion de la relation client.<\/p><\/li><li class=\"\" data-start=\"4698\" data-end=\"4798\"><p class=\"\" data-start=\"4700\" data-end=\"4798\"><strong data-start=\"4700\" data-end=\"4740\">Fournisseurs de services analytiques<\/strong> : pour surveiller et analyser la performance du site web.<\/p><\/li><\/ul><p class=\"\" data-start=\"4800\" data-end=\"5095\">Tous les services tiers utilis\u00e9s par Euro Style Design sont soigneusement s\u00e9lectionn\u00e9s et tenus de se conformer aux lois en vigueur sur la protection des renseignements personnels. Ces fournisseurs n\u2019utilisent les donn\u00e9es qu\u2019en notre nom, et exclusivement aux fins d\u00e9crites dans cette politique.<\/p><p class=\"\" data-start=\"5097\" data-end=\"5337\">Nous nous r\u00e9servons le droit de modifier \u00e0 tout moment les fournisseurs de services tiers que nous utilisons, sans pr\u00e9avis. Toutefois, toute modification ne compromettra jamais la s\u00e9curit\u00e9 ou la confidentialit\u00e9 des donn\u00e9es des utilisateurs.<\/p><h3 class=\"\" data-start=\"5344\" data-end=\"5370\">7. Mesures de s\u00e9curit\u00e9<\/h3><p class=\"\" data-start=\"5372\" data-end=\"5573\">Nous appliquons des mesures de s\u00e9curit\u00e9 appropri\u00e9es pour prot\u00e9ger les renseignements personnels contre l\u2019acc\u00e8s non autoris\u00e9, la modification, la divulgation ou la destruction. Ces mesures comprennent :<\/p><ul data-start=\"5575\" data-end=\"5998\"><li class=\"\" data-start=\"5575\" data-end=\"5726\"><p class=\"\" data-start=\"5577\" data-end=\"5726\"><strong data-start=\"5577\" data-end=\"5628\">Bases de donn\u00e9es crypt\u00e9es et serveurs s\u00e9curis\u00e9s<\/strong> : toutes les informations sont stock\u00e9es avec un chiffrement conforme aux normes de l\u2019industrie.<\/p><\/li><li class=\"\" data-start=\"5727\" data-end=\"5845\"><p class=\"\" data-start=\"5729\" data-end=\"5845\"><strong data-start=\"5729\" data-end=\"5761\">Contr\u00f4les d\u2019acc\u00e8s restreints<\/strong> : seuls les membres autoris\u00e9s du personnel peuvent acc\u00e9der aux donn\u00e9es sensibles.<\/p><\/li><li class=\"\" data-start=\"5846\" data-end=\"5998\"><p class=\"\" data-start=\"5848\" data-end=\"5998\"><strong data-start=\"5848\" data-end=\"5901\">Conformit\u00e9 aux lois sur la protection des donn\u00e9es<\/strong> : nous appliquons les meilleures pratiques pour nous conformer aux lois canadiennes applicables.<\/p><\/li><\/ul><p class=\"\" data-start=\"6000\" data-end=\"6196\">Malgr\u00e9 ces mesures rigoureuses, aucun syst\u00e8me n\u2019est totalement \u00e0 l\u2019abri. Nous encourageons les utilisateurs \u00e0 prendre des pr\u00e9cautions lorsqu\u2019ils partagent leurs renseignements personnels en ligne.<\/p><h3 class=\"\" data-start=\"6203\" data-end=\"6272\">8. Droits des utilisateurs et acc\u00e8s aux renseignements personnels<\/h3><p class=\"\" data-start=\"6274\" data-end=\"6375\">Conform\u00e9ment aux lois sur la protection des donn\u00e9es, les utilisateurs disposent des droits suivants :<\/p><ul data-start=\"6377\" data-end=\"6968\"><li class=\"\" data-start=\"6377\" data-end=\"6516\"><p class=\"\" data-start=\"6379\" data-end=\"6516\"><strong data-start=\"6379\" data-end=\"6417\">Acc\u00e8s \u00e0 leurs donn\u00e9es personnelles<\/strong> : les utilisateurs peuvent demander une copie des renseignements que nous d\u00e9tenons \u00e0 leur sujet.<\/p><\/li><li class=\"\" data-start=\"6517\" data-end=\"6673\"><p class=\"\" data-start=\"6519\" data-end=\"6673\"><strong data-start=\"6519\" data-end=\"6562\">Modification ou mise \u00e0 jour des donn\u00e9es<\/strong> : les utilisateurs peuvent corriger ou mettre \u00e0 jour leurs renseignements s\u2019ils sont inexacts ou incomplets.<\/p><\/li><li class=\"\" data-start=\"6674\" data-end=\"6825\"><p class=\"\" data-start=\"6676\" data-end=\"6825\"><strong data-start=\"6676\" data-end=\"6702\">Demande de suppression<\/strong> : les utilisateurs peuvent demander la suppression de leurs donn\u00e9es, sous r\u00e9serve des exigences l\u00e9gales de conservation.<\/p><\/li><li class=\"\" data-start=\"6826\" data-end=\"6968\"><p class=\"\" data-start=\"6828\" data-end=\"6968\"><strong data-start=\"6828\" data-end=\"6884\">Retrait du consentement aux communications marketing<\/strong> : les utilisateurs peuvent se d\u00e9sabonner des courriels promotionnels en tout temps.<\/p><\/li><\/ul><p class=\"\" data-start=\"6970\" data-end=\"7093\">Pour exercer l\u2019un de ces droits, les utilisateurs peuvent communiquer avec nous par t\u00e9l\u00e9phone, par courriel ou en personne.<\/p><h3 class=\"\" data-start=\"7100\" data-end=\"7161\">9. Conformit\u00e9 aux lois sur la protection de la vie priv\u00e9e<\/h3><p class=\"\" data-start=\"7163\" data-end=\"7574\">Nous respectons la <span data-start=\"7182\" data-end=\"7277\">Loi sur la protection des renseignements personnels et les documents \u00e9lectroniques (LPRPDE)<\/span> ainsi que les autres lois canadiennes applicables en mati\u00e8re de protection de la vie priv\u00e9e. \u00c9tant donn\u00e9 que nos services sont limit\u00e9s au territoire canadien, nous nous assurons que nos pratiques sont conformes aux normes reconnues \u00e0 l\u2019\u00e9chelle internationale en mati\u00e8re de protection des donn\u00e9es.<\/p><p class=\"\" data-start=\"7576\" data-end=\"7825\">Bien que nous fassions de notre mieux pour respecter les r\u00e9glementations mondiales, les utilisateurs situ\u00e9s hors du Canada doivent noter que nos services et notre traitement des donn\u00e9es sont con\u00e7us sp\u00e9cifiquement pour respecter les lois canadiennes.<\/p><h3 class=\"\" data-start=\"7832\" data-end=\"7851\">10. Coordonn\u00e9es<\/h3><p class=\"\" data-start=\"7853\" data-end=\"8014\">Pour toute question ou pr\u00e9occupation concernant la pr\u00e9sente politique de confidentialit\u00e9 ou le traitement de vos donn\u00e9es personnelles, vous pouvez nous joindre :<\/p><p class=\"\" data-start=\"8016\" data-end=\"8156\"><strong data-start=\"8016\" data-end=\"8031\">En personne<\/strong> : 2001 Route Transcanadienne, Dorval, Qu\u00e9bec H9P 1J1<br data-start=\"8084\" data-end=\"8087\" \/><strong data-start=\"8087\" data-end=\"8100\">T\u00e9l\u00e9phone<\/strong> : (514) 421-4021<br data-start=\"8117\" data-end=\"8120\" \/><strong data-start=\"8120\" data-end=\"8132\">Courriel<\/strong> : <a class=\"cursor-pointer\" rel=\"noopener\" data-start=\"8135\" data-end=\"8156\">info@eurostyle.design<\/a><\/p><h3 class=\"\" data-start=\"8163\" data-end=\"8219\">11. Modifications de la politique de confidentialit\u00e9<\/h3><p class=\"\" data-start=\"8221\" data-end=\"8618\">Nous nous r\u00e9servons le droit de modifier ou de mettre \u00e0 jour la pr\u00e9sente politique de confidentialit\u00e9 \u00e0 tout moment. Toute modification sera publi\u00e9e sur notre site web, et la date de \u00ab Derni\u00e8re mise \u00e0 jour \u00bb figurant en haut de cette page refl\u00e8tera la version la plus r\u00e9cente. L\u2019utilisation continue de notre site web apr\u00e8s une modification constitue une acceptation de la politique ainsi r\u00e9vis\u00e9e.<\/p>\t\t\t\t\t\t\t\t<\/div>\n\t\t\t\t<\/div>\n\t\t\t\t\t<\/div>\n\t\t\t\t<\/div>\n\t\t\t\t<\/div>\n\t\t","protected":false},"excerpt":{"rendered":"<p>Politique de confidentialit\u00e9 Date d\u2019entr\u00e9e en vigueur : mars 2025Derni\u00e8re mise \u00e0 jour : mars 2025 1. Introduction Euro Style Design (\u00ab [&hellip;]<\/p>\n","protected":false},"author":247,"featured_media":0,"parent":0,"menu_order":0,"comment_status":"closed","ping_status":"closed","template":"","meta":{"_acf_changed":false,"site-sidebar-layout":"no-sidebar","site-content-layout":"page-builder","ast-site-content-layout":"full-width-container","site-content-style":"default","site-sidebar-style":"default","ast-global-header-display":"","ast-banner-title-visibility":"","ast-main-header-display":"","ast-hfb-above-header-display":"","ast-hfb-below-header-display":"","ast-hfb-mobile-header-display":"","site-post-title":"disabled","ast-breadcrumbs-content":"","ast-featured-img":"disabled","footer-sml-layout":"","ast-disable-related-posts":"","theme-transparent-header-meta":"","adv-header-id-meta":"","stick-header-meta":"","header-above-stick-meta":"","header-main-stick-meta":"","header-below-stick-meta":"","astra-migrate-meta-layouts":"set","ast-page-background-enabled":"default","ast-page-background-meta":{"desktop":{"background-color":"var(--ast-global-color-4)","background-image":"","background-repeat":"repeat","background-position":"center center","background-size":"auto","background-attachment":"scroll","background-type":"","background-media":"","overlay-type":"","overlay-color":"","overlay-opacity":"","overlay-gradient":""},"tablet":{"background-color":"","background-image":"","background-repeat":"repeat","background-position":"center center","background-size":"auto","background-attachment":"scroll","background-type":"","background-media":"","overlay-type":"","overlay-color":"","overlay-opacity":"","overlay-gradient":""},"mobile":{"background-color":"","background-image":"","background-repeat":"repeat","background-position":"center center","background-size":"auto","background-attachment":"scroll","background-type":"","background-media":"","overlay-type":"","overlay-color":"","overlay-opacity":"","overlay-gradient":""}},"ast-content-background-meta":{"desktop":{"background-color":"var(--ast-global-color-5)","background-image":"","background-repeat":"repeat","background-position":"center center","background-size":"auto","background-attachment":"scroll","background-type":"","background-media":"","overlay-type":"","overlay-color":"","overlay-opacity":"","overlay-gradient":""},"tablet":{"background-color":"var(--ast-global-color-5)","background-image":"","background-repeat":"repeat","background-position":"center center","background-size":"auto","background-attachment":"scroll","background-type":"","background-media":"","overlay-type":"","overlay-color":"","overlay-opacity":"","overlay-gradient":""},"mobile":{"background-color":"var(--ast-global-color-5)","background-image":"","background-repeat":"repeat","background-position":"center center","background-size":"auto","background-attachment":"scroll","background-type":"","background-media":"","overlay-type":"","overlay-color":"","overlay-opacity":"","overlay-gradient":""}},"footnotes":""},"class_list":["post-15260","page","type-page","status-publish","hentry"],"acf":[],"aioseo_notices":[],"_links":{"self":[{"href":"https:\/\/walkinclosetcanada.com\/fr\/wp-json\/wp\/v2\/pages\/15260","targetHints":{"allow":["GET"]}}],"collection":[{"href":"https:\/\/walkinclosetcanada.com\/fr\/wp-json\/wp\/v2\/pages"}],"about":[{"href":"https:\/\/walkinclosetcanada.com\/fr\/wp-json\/wp\/v2\/types\/page"}],"author":[{"embeddable":true,"href":"https:\/\/walkinclosetcanada.com\/fr\/wp-json\/wp\/v2\/users\/247"}],"replies":[{"embeddable":true,"href":"https:\/\/walkinclosetcanada.com\/fr\/wp-json\/wp\/v2\/comments?post=15260"}],"version-history":[{"count":2,"href":"https:\/\/walkinclosetcanada.com\/fr\/wp-json\/wp\/v2\/pages\/15260\/revisions"}],"predecessor-version":[{"id":15404,"href":"https:\/\/walkinclosetcanada.com\/fr\/wp-json\/wp\/v2\/pages\/15260\/revisions\/15404"}],"wp:attachment":[{"href":"https:\/\/walkinclosetcanada.com\/fr\/wp-json\/wp\/v2\/media?parent=15260"}],"curies":[{"name":"wp","href":"https:\/\/api.w.org\/{rel}","templated":true}]}}