{"id":15273,"date":"2025-03-27T13:27:03","date_gmt":"2025-03-27T17:27:03","guid":{"rendered":"https:\/\/walkinclosetcanada.com\/?page_id=15273"},"modified":"2025-04-11T11:18:45","modified_gmt":"2025-04-11T15:18:45","slug":"conditions-generales","status":"publish","type":"page","link":"https:\/\/walkinclosetcanada.com\/fr\/conditions-generales\/","title":{"rendered":"Conditions G\u00e9n\u00e9rales"},"content":{"rendered":"\t\t<div data-elementor-type=\"wp-page\" data-elementor-id=\"15273\" class=\"elementor elementor-15273 elementor-15265\" data-elementor-post-type=\"page\">\n\t\t\t\t<div class=\"elementor-element elementor-element-50bcf72 e-flex e-con-boxed e-con e-parent\" data-id=\"50bcf72\" data-element_type=\"container\" data-e-type=\"container\">\n\t\t\t\t\t<div class=\"e-con-inner\">\n\t\t\t\t<div class=\"elementor-element elementor-element-09e1e14 elementor-widget elementor-widget-heading\" data-id=\"09e1e14\" data-element_type=\"widget\" data-e-type=\"widget\" data-widget_type=\"heading.default\">\n\t\t\t\t\t\t<div class=\"elementor-widget-container\">\n\t\t\t\t\t<h2 class=\"elementor-heading-title elementor-size-default\">Conditions g\u00e9n\u00e9rales<\/h2>\t\t\t\t<\/div>\n\t\t\t\t<\/div>\n\t\t\t\t<div class=\"elementor-element elementor-element-e677137 elementor-widget elementor-widget-text-editor\" data-id=\"e677137\" data-element_type=\"widget\" data-e-type=\"widget\" data-widget_type=\"text-editor.default\">\n\t\t\t\t\t\t<div class=\"elementor-widget-container\">\n\t\t\t\t\t\t\t\t\t<p class=\"\" data-start=\"92\" data-end=\"171\"><strong data-start=\"92\" data-end=\"122\">Date d&rsquo;entr\u00e9e en vigueur :<\/strong> Mars 2025<br data-start=\"132\" data-end=\"135\" \/><strong data-start=\"135\" data-end=\"161\">Derni\u00e8re mise \u00e0 jour :<\/strong> Mars 2025<\/p><h3 data-start=\"178\" data-end=\"197\">1. Introduction<\/h3><p class=\"\" data-start=\"199\" data-end=\"421\">Les pr\u00e9sentes Conditions G\u00e9n\u00e9rales (\u00ab Conditions \u00bb) r\u00e9gissent l\u2019utilisation du site web <a class=\"\" href=\"https:\/\/www.eurostyle.design\" target=\"_new\" rel=\"noopener\" data-start=\"287\" data-end=\"339\">www.eurostyle.design<\/a> (le \u00ab Site \u00bb), ainsi que des sites associ\u00e9s exploit\u00e9s par <strong data-start=\"398\" data-end=\"419\">Euro Style Design<\/strong> :<\/p><ul data-start=\"423\" data-end=\"631\"><li class=\"\" data-start=\"423\" data-end=\"491\"><p class=\"\" data-start=\"425\" data-end=\"491\"><a class=\"\" href=\"https:\/\/www.walkinclosetcanada.com\" target=\"_new\" rel=\"noopener\" data-start=\"425\" data-end=\"489\">www.walkinclosetcanada.com<\/a><\/p><\/li><li class=\"\" data-start=\"492\" data-end=\"562\"><p class=\"\" data-start=\"494\" data-end=\"562\"><a class=\"\" href=\"https:\/\/www.kidsfurniturecanada.com\" target=\"_new\" rel=\"noopener\" data-start=\"494\" data-end=\"560\">www.kidsfurniturecanada.com<\/a><\/p><\/li><li class=\"\" data-start=\"563\" data-end=\"631\"><p class=\"\" data-start=\"565\" data-end=\"631\"><a class=\"\" href=\"https:\/\/www.eurohousefurniture.com\" target=\"_new\" rel=\"noopener\" data-start=\"565\" data-end=\"629\">www.eurohousefurniture.com<\/a><\/p><\/li><\/ul><p class=\"\" data-start=\"633\" data-end=\"814\">(collectivement d\u00e9sign\u00e9s comme les \u00ab Sites \u00bb). Ces Sites et les services qui y sont propos\u00e9s sont fournis par <strong data-start=\"743\" data-end=\"764\">Euro Style Design<\/strong> (\u00ab la Soci\u00e9t\u00e9 \u00bb, \u00ab nous \u00bb, \u00ab notre \u00bb ou \u00ab nos \u00bb).<\/p><p class=\"\" data-start=\"816\" data-end=\"1029\">En acc\u00e9dant aux Sites ou en les utilisant, l\u2019utilisateur accepte d\u2019\u00eatre li\u00e9 par ces Conditions. Si vous n\u2019acceptez pas une quelconque partie de ces Conditions, vous ne devez pas utiliser nos Sites ni nos services.<\/p><p class=\"\" data-start=\"1031\" data-end=\"1329\"><strong data-start=\"1031\" data-end=\"1066\">Champ d&rsquo;application territorial<\/strong><br data-start=\"1066\" data-end=\"1069\" \/>Euro Style Design exerce ses activit\u00e9s exclusivement au <strong data-start=\"1125\" data-end=\"1135\">Canada<\/strong>. Bien que certaines marques ou certains produits pr\u00e9sent\u00e9s sur nos Sites puissent \u00eatre reconnus \u00e0 l\u2019international, les services offerts sont exclusivement destin\u00e9s aux clients situ\u00e9s au Canada.<\/p><h3 data-start=\"1336\" data-end=\"1382\">2. Annulations, Remboursements et \u00c9changes<\/h3><p class=\"\" data-start=\"1384\" data-end=\"1731\"><strong data-start=\"1384\" data-end=\"1405\">Euro Style Design<\/strong> accepte les demandes d\u2019annulation, de remboursement et d\u2019\u00e9change, mais chaque demande sera \u00e9valu\u00e9e au cas par cas.<br data-start=\"1520\" data-end=\"1523\" \/>Les remboursements et les \u00e9changes sont possibles <strong data-start=\"1573\" data-end=\"1601\">dans un d\u00e9lai de 5 jours<\/strong> suivant la r\u00e9ception de la marchandise. Les articles doivent \u00eatre retourn\u00e9s dans leur \u00e9tat d\u2019origine, avec leur emballage intact.<\/p><p class=\"\" data-start=\"1733\" data-end=\"1952\">Des <strong data-start=\"1737\" data-end=\"1773\">frais de remise en stock de 25\u202f%<\/strong> s\u2019appliqueront aux retours. Les frais d\u2019exp\u00e9dition et de manutention ne sont pas remboursables, y compris pour les articles initialement propos\u00e9s avec une \u00ab livraison gratuite \u00bb.<\/p><p class=\"\" data-start=\"1954\" data-end=\"2083\"><strong data-start=\"1954\" data-end=\"2032\">Les commandes sp\u00e9ciales et les mod\u00e8les de plancher sont des ventes finales<\/strong> et ne peuvent \u00eatre annul\u00e9s, retourn\u00e9s ni \u00e9chang\u00e9s.<\/p><h3 data-start=\"2090\" data-end=\"2134\">3. Commandes Personnalis\u00e9es et Livraison<\/h3><p class=\"\" data-start=\"2136\" data-end=\"2363\">Tous les produits propos\u00e9s par Euro Style Design sont personnalis\u00e9s selon les pr\u00e9f\u00e9rences de chaque client. En raison de la nature sur mesure de nos articles, la <strong data-start=\"2298\" data-end=\"2362\">production et la livraison peuvent n\u00e9cessiter plusieurs mois<\/strong>.<\/p><p class=\"\" data-start=\"2365\" data-end=\"2612\">Les clients sont <strong data-start=\"2382\" data-end=\"2447\">responsables de fournir des informations de livraison exactes<\/strong>. Si une tentative de livraison \u00e9choue en raison d\u2019informations incorrectes ou de l\u2019absence du client, des frais suppl\u00e9mentaires de re-livraison peuvent s\u2019appliquer.<\/p><p class=\"\" data-start=\"2614\" data-end=\"2847\"><strong data-start=\"2614\" data-end=\"2643\">Politique d\u2019entreposage :<\/strong> Une fois la marchandise arriv\u00e9e \u00e0 notre entrep\u00f4t, <strong data-start=\"2694\" data-end=\"2758\">Euro Style Design l\u2019entreposera gratuitement pendant un mois<\/strong>. Au-del\u00e0 de cette p\u00e9riode, des frais d\u2019entreposage de <strong data-start=\"2813\" data-end=\"2830\">10\u202f% par mois<\/strong> seront factur\u00e9s.<\/p><h3 data-start=\"2854\" data-end=\"2882\">4. Politique de Garantie<\/h3><p class=\"\" data-start=\"2884\" data-end=\"3084\"><strong data-start=\"2884\" data-end=\"2905\">Euro Style Design<\/strong> offre une <strong data-start=\"2916\" data-end=\"2934\">garantie <\/strong>sur certains articles. La garantie s\u2019applique uniquement aux produits admissibles et est conditionn\u00e9e par une utilisation et un entretien appropri\u00e9s.<\/p><p class=\"\" data-start=\"3086\" data-end=\"3116\"><strong data-start=\"3086\" data-end=\"3114\">Exclusions de garantie :<\/strong><\/p><ul data-start=\"3117\" data-end=\"3454\"><li class=\"\" data-start=\"3117\" data-end=\"3195\"><p class=\"\" data-start=\"3119\" data-end=\"3195\">Les variations naturelles de teinte, de grain et de texture des mat\u00e9riaux.<\/p><\/li><li class=\"\" data-start=\"3196\" data-end=\"3307\"><p class=\"\" data-start=\"3198\" data-end=\"3307\">Les produits en cuir peuvent pr\u00e9senter des marques et cicatrices naturelles qui n\u2019affectent pas la qualit\u00e9.<\/p><\/li><li class=\"\" data-start=\"3308\" data-end=\"3454\"><p class=\"\" data-start=\"3310\" data-end=\"3454\">Les dommages caus\u00e9s par une mauvaise utilisation, un accident, une manipulation inad\u00e9quate, des modifications non autoris\u00e9es ou l\u2019usure normale.<\/p><\/li><\/ul><p class=\"\" data-start=\"3456\" data-end=\"3646\">Les r\u00e9clamations li\u00e9es \u00e0 la garantie seront <strong data-start=\"3500\" data-end=\"3527\">\u00e9valu\u00e9es au cas par cas<\/strong>, et les solutions pourront inclure la r\u00e9paration, le remplacement ou toute autre mesure \u00e0 la discr\u00e9tion de la Soci\u00e9t\u00e9.<\/p><h3 data-start=\"3653\" data-end=\"3694\">5. Droits de Propri\u00e9t\u00e9 Intellectuelle<\/h3><p class=\"\" data-start=\"3696\" data-end=\"3935\">Tout le contenu pr\u00e9sent sur les Sites\u2014including, sans s\u2019y limiter, les textes, images, descriptions de produits, \u00e9l\u00e9ments graphiques, logos et marques d\u00e9pos\u00e9es\u2014est la <strong data-start=\"3863\" data-end=\"3907\">propri\u00e9t\u00e9 exclusive de Euro Style Design<\/strong>, sauf indication contraire.<\/p><p class=\"\" data-start=\"3937\" data-end=\"4241\">Tous les noms de produits, logos, marques ou identifiants de marques appartenant \u00e0 des <strong data-start=\"4024\" data-end=\"4033\">tiers<\/strong> qui figurent sur les Sites sont la propri\u00e9t\u00e9 de leurs titulaires respectifs. Leur pr\u00e9sence ne signifie <strong data-start=\"4137\" data-end=\"4186\">aucune affiliation, approbation ou commandite<\/strong> de la part d\u2019Euro Style Design, sauf mention expresse.<\/p><p class=\"\" data-start=\"4243\" data-end=\"4474\">Toute copie, reproduction, distribution, modification ou utilisation non autoris\u00e9e du contenu prot\u00e9g\u00e9\u2014qu\u2019il appartienne \u00e0 Euro Style Design ou \u00e0 des tiers\u2014est strictement interdite et pourra faire l\u2019objet de poursuites judiciaires.<\/p><h3 data-start=\"4481\" data-end=\"4518\">6. Responsabilit\u00e9 et D\u00e9clarations<\/h3><p class=\"\" data-start=\"4520\" data-end=\"4697\"><strong data-start=\"4520\" data-end=\"4541\">Euro Style Design<\/strong> ne peut \u00eatre tenue responsable des dommages r\u00e9sultant d\u2019une utilisation incorrecte, d\u2019une mauvaise manipulation ou d\u2019un mauvais assemblage de ses produits.<\/p><p class=\"\" data-start=\"4699\" data-end=\"4903\">Bien que nous nous efforcions de fournir des descriptions pr\u00e9cises, des variations de <strong data-start=\"4785\" data-end=\"4824\">couleur, de mat\u00e9riau et de finition<\/strong> peuvent survenir et ne constituent pas un motif de retour ou de remboursement.<\/p><p class=\"\" data-start=\"4905\" data-end=\"5116\">Nous ne sommes <strong data-start=\"4920\" data-end=\"4959\">pas responsables des services tiers<\/strong>, y compris les transporteurs ou les processeurs de paiement. Euro Style Design d\u00e9cline toute garantie, expresse ou implicite, concernant ces services tiers.<\/p><h3 data-start=\"5123\" data-end=\"5172\">7. Droit Applicable et R\u00e9solution des Litiges<\/h3><p class=\"\" data-start=\"5174\" data-end=\"5424\">Ces Conditions sont r\u00e9gies par les lois en vigueur au <strong data-start=\"5228\" data-end=\"5238\">Canada<\/strong>. Tout diff\u00e9rend devra \u00eatre r\u00e9solu par <strong data-start=\"5277\" data-end=\"5303\">m\u00e9diation ou arbitrage<\/strong> avant toute action en justice. Les r\u00e9clamations doivent \u00eatre introduites aupr\u00e8s d\u2019un tribunal comp\u00e9tent situ\u00e9 au Canada.<\/p><h3 data-start=\"5431\" data-end=\"5463\">8. Livraison et Installation<\/h3><ul data-start=\"5465\" data-end=\"5975\"><li class=\"\" data-start=\"5465\" data-end=\"5548\"><p class=\"\" data-start=\"5467\" data-end=\"5548\">La <strong data-start=\"5470\" data-end=\"5492\">livraison standard<\/strong> se fait au rez-de-chauss\u00e9e, sauf arrangement pr\u00e9alable.<\/p><\/li><li class=\"\" data-start=\"5549\" data-end=\"5637\"><p class=\"\" data-start=\"5551\" data-end=\"5637\">L\u2019<strong data-start=\"5553\" data-end=\"5569\">installation<\/strong> ne comprend pas la fixation murale ni les branchements \u00e9lectriques.<\/p><\/li><li class=\"\" data-start=\"5638\" data-end=\"5733\"><p class=\"\" data-start=\"5640\" data-end=\"5733\">Des <strong data-start=\"5644\" data-end=\"5669\">frais de re-livraison<\/strong> seront factur\u00e9s si le destinataire est absent \u00e0 l\u2019heure pr\u00e9vue.<\/p><\/li><li class=\"\" data-start=\"5734\" data-end=\"5841\"><p class=\"\" data-start=\"5736\" data-end=\"5841\">Le <strong data-start=\"5739\" data-end=\"5763\">ramassage en magasin<\/strong> est disponible, et les clients sont responsables de s\u00e9curiser leurs articles.<\/p><\/li><li class=\"\" data-start=\"5842\" data-end=\"5975\"><p class=\"\" data-start=\"5844\" data-end=\"5975\"><strong data-start=\"5844\" data-end=\"5877\">Livraisons par transporteur :<\/strong> les clients doivent inspecter les articles \u00e0 la livraison et signaler imm\u00e9diatement tout dommage.<\/p><\/li><\/ul><h3 data-start=\"5982\" data-end=\"6018\">9. Mises \u00e0 Jour et Modifications<\/h3><p class=\"\" data-start=\"6020\" data-end=\"6226\">Ces Conditions sont publiquement accessibles sur le Site et peuvent \u00eatre mises \u00e0 jour \u00e0 tout moment <strong data-start=\"6120\" data-end=\"6136\">sans pr\u00e9avis<\/strong>. La poursuite de l\u2019utilisation du Site constitue une acceptation des Conditions r\u00e9vis\u00e9es.<\/p><h3 data-start=\"6233\" data-end=\"6252\">10. Coordonn\u00e9es<\/h3><p class=\"\" data-start=\"6254\" data-end=\"6373\">Pour toute question relative \u00e0 ces Conditions G\u00e9n\u00e9rales, les utilisateurs peuvent contacter <strong data-start=\"6346\" data-end=\"6367\">Euro Style Design<\/strong> via :<\/p><ul><li data-start=\"6375\" data-end=\"6452\"><strong data-start=\"6375\" data-end=\"6399\">Visite en personne : <\/strong>2001 Route Transcanadienne, Dorval, Qu\u00e9bec H9P 1J1<\/li><li data-start=\"6454\" data-end=\"6486\"><strong data-start=\"6454\" data-end=\"6469\">T\u00e9l\u00e9phone : <\/strong>(514) 421-4021<\/li><li data-start=\"6488\" data-end=\"6526\"><strong data-start=\"6488\" data-end=\"6502\">Courriel : <\/strong><a class=\"cursor-pointer\" rel=\"noopener\" data-start=\"6505\" data-end=\"6526\">info@eurostyle.design<\/a><\/li><\/ul>\t\t\t\t\t\t\t\t<\/div>\n\t\t\t\t<\/div>\n\t\t\t\t\t<\/div>\n\t\t\t\t<\/div>\n\t\t\t\t<\/div>\n\t\t","protected":false},"excerpt":{"rendered":"<p>Conditions g\u00e9n\u00e9rales Date d&rsquo;entr\u00e9e en vigueur : Mars 2025Derni\u00e8re mise \u00e0 jour : Mars 2025 1. Introduction Les pr\u00e9sentes Conditions G\u00e9n\u00e9rales (\u00ab [&hellip;]<\/p>\n","protected":false},"author":247,"featured_media":0,"parent":0,"menu_order":0,"comment_status":"closed","ping_status":"closed","template":"","meta":{"_acf_changed":false,"site-sidebar-layout":"no-sidebar","site-content-layout":"page-builder","ast-site-content-layout":"full-width-container","site-content-style":"default","site-sidebar-style":"default","ast-global-header-display":"","ast-banner-title-visibility":"","ast-main-header-display":"","ast-hfb-above-header-display":"","ast-hfb-below-header-display":"","ast-hfb-mobile-header-display":"","site-post-title":"disabled","ast-breadcrumbs-content":"","ast-featured-img":"disabled","footer-sml-layout":"","ast-disable-related-posts":"","theme-transparent-header-meta":"","adv-header-id-meta":"","stick-header-meta":"","header-above-stick-meta":"","header-main-stick-meta":"","header-below-stick-meta":"","astra-migrate-meta-layouts":"default","ast-page-background-enabled":"default","ast-page-background-meta":{"desktop":{"background-color":"var(--ast-global-color-4)","background-image":"","background-repeat":"repeat","background-position":"center center","background-size":"auto","background-attachment":"scroll","background-type":"","background-media":"","overlay-type":"","overlay-color":"","overlay-opacity":"","overlay-gradient":""},"tablet":{"background-color":"","background-image":"","background-repeat":"repeat","background-position":"center center","background-size":"auto","background-attachment":"scroll","background-type":"","background-media":"","overlay-type":"","overlay-color":"","overlay-opacity":"","overlay-gradient":""},"mobile":{"background-color":"","background-image":"","background-repeat":"repeat","background-position":"center center","background-size":"auto","background-attachment":"scroll","background-type":"","background-media":"","overlay-type":"","overlay-color":"","overlay-opacity":"","overlay-gradient":""}},"ast-content-background-meta":{"desktop":{"background-color":"var(--ast-global-color-5)","background-image":"","background-repeat":"repeat","background-position":"center center","background-size":"auto","background-attachment":"scroll","background-type":"","background-media":"","overlay-type":"","overlay-color":"","overlay-opacity":"","overlay-gradient":""},"tablet":{"background-color":"var(--ast-global-color-5)","background-image":"","background-repeat":"repeat","background-position":"center center","background-size":"auto","background-attachment":"scroll","background-type":"","background-media":"","overlay-type":"","overlay-color":"","overlay-opacity":"","overlay-gradient":""},"mobile":{"background-color":"var(--ast-global-color-5)","background-image":"","background-repeat":"repeat","background-position":"center center","background-size":"auto","background-attachment":"scroll","background-type":"","background-media":"","overlay-type":"","overlay-color":"","overlay-opacity":"","overlay-gradient":""}},"footnotes":""},"class_list":["post-15273","page","type-page","status-publish","hentry"],"acf":[],"aioseo_notices":[],"_links":{"self":[{"href":"https:\/\/walkinclosetcanada.com\/fr\/wp-json\/wp\/v2\/pages\/15273","targetHints":{"allow":["GET"]}}],"collection":[{"href":"https:\/\/walkinclosetcanada.com\/fr\/wp-json\/wp\/v2\/pages"}],"about":[{"href":"https:\/\/walkinclosetcanada.com\/fr\/wp-json\/wp\/v2\/types\/page"}],"author":[{"embeddable":true,"href":"https:\/\/walkinclosetcanada.com\/fr\/wp-json\/wp\/v2\/users\/247"}],"replies":[{"embeddable":true,"href":"https:\/\/walkinclosetcanada.com\/fr\/wp-json\/wp\/v2\/comments?post=15273"}],"version-history":[{"count":2,"href":"https:\/\/walkinclosetcanada.com\/fr\/wp-json\/wp\/v2\/pages\/15273\/revisions"}],"predecessor-version":[{"id":15869,"href":"https:\/\/walkinclosetcanada.com\/fr\/wp-json\/wp\/v2\/pages\/15273\/revisions\/15869"}],"wp:attachment":[{"href":"https:\/\/walkinclosetcanada.com\/fr\/wp-json\/wp\/v2\/media?parent=15273"}],"curies":[{"name":"wp","href":"https:\/\/api.w.org\/{rel}","templated":true}]}}