{"id":19031,"date":"2025-05-22T14:30:37","date_gmt":"2025-05-22T18:30:37","guid":{"rendered":"https:\/\/walkinclosetcanada.com\/?page_id=19031"},"modified":"2025-06-05T15:48:18","modified_gmt":"2025-06-05T19:48:18","slug":"design-interieur-garde-robe","status":"publish","type":"page","link":"https:\/\/walkinclosetcanada.com\/fr\/services\/design-interieur-garde-robe\/","title":{"rendered":"Design Int\u00e9rieur"},"content":{"rendered":"\t\t<div data-elementor-type=\"wp-page\" data-elementor-id=\"19031\" class=\"elementor elementor-19031 elementor-18630\" data-elementor-post-type=\"page\">\n\t\t\t\t<div class=\"elementor-element elementor-element-6f4324e e-con-full e-flex e-con e-parent\" data-id=\"6f4324e\" data-element_type=\"container\" data-e-type=\"container\" data-settings=\"{&quot;background_background&quot;:&quot;classic&quot;}\">\n\t\t\t\t<div class=\"elementor-element elementor-element-fad8867 elementor-widget__width-initial elementor-widget elementor-widget-image\" data-id=\"fad8867\" data-element_type=\"widget\" data-e-type=\"widget\" data-widget_type=\"image.default\">\n\t\t\t\t\t\t<div class=\"elementor-widget-container\">\n\t\t\t\t\t\t\t\t\t\t\t\t\t\t\t<img fetchpriority=\"high\" decoding=\"async\" width=\"1920\" height=\"400\" src=\"https:\/\/walkinclosetcanada.com\/wp-content\/uploads\/banner-materials.jpg\" class=\"attachment-full size-full wp-image-16056\" alt=\"\" srcset=\"https:\/\/walkinclosetcanada.com\/wp-content\/uploads\/banner-materials.jpg 1920w, https:\/\/walkinclosetcanada.com\/wp-content\/uploads\/banner-materials-600x125.jpg 600w, https:\/\/walkinclosetcanada.com\/wp-content\/uploads\/banner-materials-1200x250.jpg 1200w, https:\/\/walkinclosetcanada.com\/wp-content\/uploads\/banner-materials-300x63.jpg 300w, https:\/\/walkinclosetcanada.com\/wp-content\/uploads\/banner-materials-768x160.jpg 768w, https:\/\/walkinclosetcanada.com\/wp-content\/uploads\/banner-materials-1536x320.jpg 1536w, https:\/\/walkinclosetcanada.com\/wp-content\/uploads\/banner-materials-700x146.jpg 700w\" sizes=\"(max-width: 1920px) 100vw, 1920px\" \/>\t\t\t\t\t\t\t\t\t\t\t\t\t\t\t<\/div>\n\t\t\t\t<\/div>\n\t\t<div class=\"elementor-element elementor-element-653f448 e-con-full e-flex e-con e-child\" data-id=\"653f448\" data-element_type=\"container\" data-e-type=\"container\">\n\t\t\t\t<div class=\"elementor-element elementor-element-ae0dc5e elementor-widget__width-inherit elementor-widget elementor-widget-heading\" data-id=\"ae0dc5e\" data-element_type=\"widget\" data-e-type=\"widget\" data-widget_type=\"heading.default\">\n\t\t\t\t\t\t<div class=\"elementor-widget-container\">\n\t\t\t\t\t<p class=\"elementor-heading-title elementor-size-default\">services<\/p>\t\t\t\t<\/div>\n\t\t\t\t<\/div>\n\t\t\t\t<div class=\"elementor-element elementor-element-1c675e5 elementor-widget__width-inherit elementor-widget elementor-widget-heading\" data-id=\"1c675e5\" data-element_type=\"widget\" data-e-type=\"widget\" data-widget_type=\"heading.default\">\n\t\t\t\t\t\t<div class=\"elementor-widget-container\">\n\t\t\t\t\t<h1 class=\"elementor-heading-title elementor-size-default\">Design Int\u00e9rieur Expert pour Garde-robes sur Mesure<\/h1>\t\t\t\t<\/div>\n\t\t\t\t<\/div>\n\t\t\t\t<div class=\"elementor-element elementor-element-fe7cc08 elementor-widget elementor-widget-text-editor\" data-id=\"fe7cc08\" data-element_type=\"widget\" data-e-type=\"widget\" data-widget_type=\"text-editor.default\">\n\t\t\t\t\t\t<div class=\"elementor-widget-container\">\n\t\t\t\t\t\t\t\t\t<p><span style=\"font-weight: 400;\">Transformez votre garde-robe en un v\u00e9ritable prolongement du style de votre maison gr\u00e2ce \u00e0 nos services de <a href=\"\/fr\/services\/design-interieur-garde-robe\/\">design int\u00e9rieur<\/a>. Que vous cr\u00e9iez un nouveau <a href=\"\/fr\/categorie-produit\/garde-robes-walk-in\/\">walk-in<\/a> ou que vous r\u00e9noviez un espace existant, nos designers vous proposent des consultations stylis\u00e9es, enti\u00e8rement adapt\u00e9es \u00e0 vos go\u00fbts et \u00e0 votre espace.<\/span><\/p>\t\t\t\t\t\t\t\t<\/div>\n\t\t\t\t<\/div>\n\t\t\t\t<div class=\"elementor-element elementor-element-b04b59a elementor-widget elementor-widget-heading\" data-id=\"b04b59a\" data-element_type=\"widget\" data-e-type=\"widget\" data-widget_type=\"heading.default\">\n\t\t\t\t\t\t<div class=\"elementor-widget-container\">\n\t\t\t\t\t<h2 class=\"elementor-heading-title elementor-size-default\">Un Design Qui S\u2019Harmonise \u00e0 Votre Int\u00e9rieur<\/h2>\t\t\t\t<\/div>\n\t\t\t\t<\/div>\n\t\t\t\t<div class=\"elementor-element elementor-element-26cdbca elementor-widget__width-initial elementor-widget-mobile__width-inherit elementor-invisible elementor-widget elementor-widget-icon-box\" data-id=\"26cdbca\" data-element_type=\"widget\" data-e-type=\"widget\" data-settings=\"{&quot;_animation&quot;:&quot;fadeInUp&quot;}\" data-widget_type=\"icon-box.default\">\n\t\t\t\t\t\t<div class=\"elementor-widget-container\">\n\t\t\t\t\t\t\t<div class=\"elementor-icon-box-wrapper\">\n\n\t\t\t\n\t\t\t\t\t\t<div class=\"elementor-icon-box-content\">\n\n\t\t\t\t\t\t\t\t\t<p class=\"elementor-icon-box-title\">\n\t\t\t\t\t\t<span  >\n\t\t\t\t\t\t\t\u00c9clairage et mat\u00e9riaux sur mesure pour am\u00e9liorer la fonctionnalit\u00e9 et l\u2019ambiance\t\t\t\t\t\t<\/span>\n\t\t\t\t\t<\/p>\n\t\t\t\t\n\t\t\t\t\n\t\t\t<\/div>\n\t\t\t\n\t\t<\/div>\n\t\t\t\t\t\t<\/div>\n\t\t\t\t<\/div>\n\t\t\t\t<div class=\"elementor-element elementor-element-ea6bc1c elementor-widget__width-initial elementor-widget-mobile__width-inherit elementor-invisible elementor-widget elementor-widget-icon-box\" data-id=\"ea6bc1c\" data-element_type=\"widget\" data-e-type=\"widget\" data-settings=\"{&quot;_animation&quot;:&quot;fadeInUp&quot;}\" data-widget_type=\"icon-box.default\">\n\t\t\t\t\t\t<div class=\"elementor-widget-container\">\n\t\t\t\t\t\t\t<div class=\"elementor-icon-box-wrapper\">\n\n\t\t\t\n\t\t\t\t\t\t<div class=\"elementor-icon-box-content\">\n\n\t\t\t\t\t\t\t\t\t<p class=\"elementor-icon-box-title\">\n\t\t\t\t\t\t<span  >\n\t\t\t\t\t\t\tS\u00e9lection de mat\u00e9riaux et finis en harmonie avec votre d\u00e9cor existant\t\t\t\t\t\t<\/span>\n\t\t\t\t\t<\/p>\n\t\t\t\t\n\t\t\t\t\n\t\t\t<\/div>\n\t\t\t\n\t\t<\/div>\n\t\t\t\t\t\t<\/div>\n\t\t\t\t<\/div>\n\t\t\t\t<div class=\"elementor-element elementor-element-b0d0f9d elementor-widget__width-initial elementor-widget-mobile__width-inherit elementor-invisible elementor-widget elementor-widget-icon-box\" data-id=\"b0d0f9d\" data-element_type=\"widget\" data-e-type=\"widget\" data-settings=\"{&quot;_animation&quot;:&quot;fadeInUp&quot;}\" data-widget_type=\"icon-box.default\">\n\t\t\t\t\t\t<div class=\"elementor-widget-container\">\n\t\t\t\t\t\t\t<div class=\"elementor-icon-box-wrapper\">\n\n\t\t\t\n\t\t\t\t\t\t<div class=\"elementor-icon-box-content\">\n\n\t\t\t\t\t\t\t\t\t<p class=\"elementor-icon-box-title\">\n\t\t\t\t\t\t<span  >\n\t\t\t\t\t\t\tConseils d\u2019experts pour les styles modernes : minimaliste, luxueux ou transitionnel\t\t\t\t\t\t<\/span>\n\t\t\t\t\t<\/p>\n\t\t\t\t\n\t\t\t\t\n\t\t\t<\/div>\n\t\t\t\n\t\t<\/div>\n\t\t\t\t\t\t<\/div>\n\t\t\t\t<\/div>\n\t\t\t\t<div class=\"elementor-element elementor-element-3f7e42f elementor-widget__width-initial elementor-widget-mobile__width-inherit elementor-invisible elementor-widget elementor-widget-icon-box\" data-id=\"3f7e42f\" data-element_type=\"widget\" data-e-type=\"widget\" data-settings=\"{&quot;_animation&quot;:&quot;fadeInUp&quot;}\" data-widget_type=\"icon-box.default\">\n\t\t\t\t\t\t<div class=\"elementor-widget-container\">\n\t\t\t\t\t\t\t<div class=\"elementor-icon-box-wrapper\">\n\n\t\t\t\n\t\t\t\t\t\t<div class=\"elementor-icon-box-content\">\n\n\t\t\t\t\t\t\t\t\t<p class=\"elementor-icon-box-title\">\n\t\t\t\t\t\t<span  >\n\t\t\t\t\t\t\tDesign esth\u00e9tique centr\u00e9 sur la forme, la fonctionnalit\u00e9 et la fluidit\u00e9\t\t\t\t\t\t<\/span>\n\t\t\t\t\t<\/p>\n\t\t\t\t\n\t\t\t\t\n\t\t\t<\/div>\n\t\t\t\n\t\t<\/div>\n\t\t\t\t\t\t<\/div>\n\t\t\t\t<\/div>\n\t\t\t\t<div class=\"elementor-element elementor-element-43cf649 elementor-widget__width-initial elementor-widget-mobile__width-inherit elementor-invisible elementor-widget elementor-widget-icon-box\" data-id=\"43cf649\" data-element_type=\"widget\" data-e-type=\"widget\" data-settings=\"{&quot;_animation&quot;:&quot;fadeInUp&quot;}\" data-widget_type=\"icon-box.default\">\n\t\t\t\t\t\t<div class=\"elementor-widget-container\">\n\t\t\t\t\t\t\t<div class=\"elementor-icon-box-wrapper\">\n\n\t\t\t\n\t\t\t\t\t\t<div class=\"elementor-icon-box-content\">\n\n\t\t\t\t\t\t\t\t\t<p class=\"elementor-icon-box-title\">\n\t\t\t\t\t\t<span  >\n\t\t\t\t\t\t\tPlanification 3D compl\u00e8te avant le d\u00e9but de l\u2019installation\t\t\t\t\t\t<\/span>\n\t\t\t\t\t<\/p>\n\t\t\t\t\n\t\t\t\t\n\t\t\t<\/div>\n\t\t\t\n\t\t<\/div>\n\t\t\t\t\t\t<\/div>\n\t\t\t\t<\/div>\n\t\t\t\t<div class=\"elementor-element elementor-element-0f6f2f2 elementor-widget elementor-widget-text-editor\" data-id=\"0f6f2f2\" data-element_type=\"widget\" data-e-type=\"widget\" data-widget_type=\"text-editor.default\">\n\t\t\t\t\t\t<div class=\"elementor-widget-container\">\n\t\t\t\t\t\t\t\t\t<p><span style=\"font-weight: 400;\">Notre \u00e9quipe travaille en collaboration avec vous, en personne ou \u00e0 distance, partout au Qu\u00e9bec et en Ontario. Gr\u00e2ce \u00e0 notre approche en design int\u00e9rieur, votre garde-robe devient une v\u00e9ritable pi\u00e8ce sur mesure, bien plus qu\u2019un simple espace de rangement.<\/span><\/p>\t\t\t\t\t\t\t\t<\/div>\n\t\t\t\t<\/div>\n\t\t\t\t<div class=\"elementor-element elementor-element-a85135a elementor-align-center elementor-widget elementor-widget-button\" data-id=\"a85135a\" data-element_type=\"widget\" data-e-type=\"widget\" data-widget_type=\"button.default\">\n\t\t\t\t\t\t<div class=\"elementor-widget-container\">\n\t\t\t\t\t\t\t\t\t<div class=\"elementor-button-wrapper\">\n\t\t\t\t\t<a class=\"elementor-button elementor-button-link elementor-size-sm\" href=\"\/fr\/reservation\">\n\t\t\t\t\t\t<span class=\"elementor-button-content-wrapper\">\n\t\t\t\t\t\t\t\t\t<span class=\"elementor-button-text\">R\u00e9servez une consultation design d\u00e8s aujourd\u2019hui!<\/span>\n\t\t\t\t\t<\/span>\n\t\t\t\t\t<\/a>\n\t\t\t\t<\/div>\n\t\t\t\t\t\t\t\t<\/div>\n\t\t\t\t<\/div>\n\t\t\t\t<div class=\"elementor-element elementor-element-5be1156 elementor-widget elementor-widget-text-editor\" data-id=\"5be1156\" data-element_type=\"widget\" data-e-type=\"widget\" data-widget_type=\"text-editor.default\">\n\t\t\t\t\t\t<div class=\"elementor-widget-container\">\n\t\t\t\t\t\t\t\t\t<p><span style=\"font-weight: 400;\">D\u00e9couvrez aussi nos visualisations 3D ou explorez nos styles de garde-robes pour vous inspirer.<\/span><\/p>\t\t\t\t\t\t\t\t<\/div>\n\t\t\t\t<\/div>\n\t\t\t\t<\/div>\n\t\t\t\t<\/div>\n\t\t<div class=\"elementor-element elementor-element-ac35da5 e-con-full e-flex e-con e-parent\" data-id=\"ac35da5\" data-element_type=\"container\" data-e-type=\"container\">\n\t\t\t\t<div class=\"elementor-element elementor-element-2b8f881e elementor-widget elementor-widget-template\" data-id=\"2b8f881e\" data-element_type=\"widget\" data-e-type=\"widget\" data-widget_type=\"template.default\">\n\t\t\t\t\t\t<div class=\"elementor-widget-container\">\n\t\t\t\t\t\t\t<div class=\"elementor-template\">\n\t\t\t\t\t<div data-elementor-type=\"container\" data-elementor-id=\"19040\" class=\"elementor elementor-19040\" data-elementor-post-type=\"elementor_library\">\n\t\t\t\t<div class=\"elementor-element elementor-element-7154deb e-con-full e-flex e-con e-parent\" data-id=\"7154deb\" data-element_type=\"container\" data-e-type=\"container\">\n\t\t\t\t<div class=\"elementor-element elementor-element-7fdaad5 elementor-widget elementor-widget-heading\" data-id=\"7fdaad5\" data-element_type=\"widget\" data-e-type=\"widget\" data-widget_type=\"heading.default\">\n\t\t\t\t\t\t<div class=\"elementor-widget-container\">\n\t\t\t\t\t<h2 class=\"elementor-heading-title elementor-size-default\">D\u00e9couvrez nos styles de placards<br \/> <strong>sur mesure<\/strong><\/h2>\t\t\t\t<\/div>\n\t\t\t\t<\/div>\n\t\t\t\t<div class=\"elementor-element elementor-element-295d424 elementor-widget elementor-widget-text-editor\" data-id=\"295d424\" data-element_type=\"widget\" data-e-type=\"widget\" data-widget_type=\"text-editor.default\">\n\t\t\t\t\t\t<div class=\"elementor-widget-container\">\n\t\t\t\t\t\t\t\t\t<p>Des dressings spacieux aux armoires compactes, nous proposons des solutions sur mesure pour chaque pi\u00e8ce. Nous vous aidons \u00e0 am\u00e9liorer votre int\u00e9rieur. Que vous r\u00e9noviez votre suite parentale ou conceviez un placard d\u2019entr\u00e9e \u00e9l\u00e9gant, nous cr\u00e9ons des espaces esth\u00e9tiques.<\/p>\t\t\t\t\t\t\t\t<\/div>\n\t\t\t\t<\/div>\n\t\t<div class=\"elementor-element elementor-element-af26adf e-flex e-con-boxed e-con e-child\" data-id=\"af26adf\" data-element_type=\"container\" data-e-type=\"container\">\n\t\t\t\t\t<div class=\"e-con-inner\">\n\t\t\t\t<div class=\"elementor-element elementor-element-f93c0cf elementor-position-top elementor-widget elementor-widget-image-box\" data-id=\"f93c0cf\" data-element_type=\"widget\" data-e-type=\"widget\" data-widget_type=\"image-box.default\">\n\t\t\t\t\t\t<div class=\"elementor-widget-container\">\n\t\t\t\t\t<div class=\"elementor-image-box-wrapper\"><figure class=\"elementor-image-box-img\"><a href=\"\/fr\/categorie-produit\/chambres\/\" tabindex=\"-1\"><img decoding=\"async\" width=\"1500\" height=\"2000\" src=\"https:\/\/walkinclosetcanada.com\/wp-content\/uploads\/cat-frontpage04.jpg\" class=\"elementor-animation-shrink attachment-full size-full wp-image-18115\" alt=\"\" srcset=\"https:\/\/walkinclosetcanada.com\/wp-content\/uploads\/cat-frontpage04.jpg 1500w, https:\/\/walkinclosetcanada.com\/wp-content\/uploads\/cat-frontpage04-450x600.jpg 450w, https:\/\/walkinclosetcanada.com\/wp-content\/uploads\/cat-frontpage04-900x1200.jpg 900w, https:\/\/walkinclosetcanada.com\/wp-content\/uploads\/cat-frontpage04-225x300.jpg 225w, https:\/\/walkinclosetcanada.com\/wp-content\/uploads\/cat-frontpage04-768x1024.jpg 768w, https:\/\/walkinclosetcanada.com\/wp-content\/uploads\/cat-frontpage04-1152x1536.jpg 1152w, https:\/\/walkinclosetcanada.com\/wp-content\/uploads\/cat-frontpage04-700x933.jpg 700w\" sizes=\"(max-width: 1500px) 100vw, 1500px\" \/><\/a><\/figure><div class=\"elementor-image-box-content\"><h4 class=\"elementor-image-box-title\"><a href=\"\/fr\/categorie-produit\/chambres\/\">Chambres<\/a><\/h4><\/div><\/div>\t\t\t\t<\/div>\n\t\t\t\t<\/div>\n\t\t\t\t<div class=\"elementor-element elementor-element-a6758de elementor-position-top elementor-widget elementor-widget-image-box\" data-id=\"a6758de\" data-element_type=\"widget\" data-e-type=\"widget\" data-widget_type=\"image-box.default\">\n\t\t\t\t\t\t<div class=\"elementor-widget-container\">\n\t\t\t\t\t<div class=\"elementor-image-box-wrapper\"><figure class=\"elementor-image-box-img\"><a href=\"\/fr\/categorie-produit\/garde-robes-walk-in\/\" tabindex=\"-1\"><img decoding=\"async\" width=\"1500\" height=\"2000\" src=\"https:\/\/walkinclosetcanada.com\/wp-content\/uploads\/cat-frontpage03.jpg\" class=\"elementor-animation-shrink attachment-full size-full wp-image-18113\" alt=\"\" srcset=\"https:\/\/walkinclosetcanada.com\/wp-content\/uploads\/cat-frontpage03.jpg 1500w, https:\/\/walkinclosetcanada.com\/wp-content\/uploads\/cat-frontpage03-450x600.jpg 450w, https:\/\/walkinclosetcanada.com\/wp-content\/uploads\/cat-frontpage03-900x1200.jpg 900w, https:\/\/walkinclosetcanada.com\/wp-content\/uploads\/cat-frontpage03-225x300.jpg 225w, https:\/\/walkinclosetcanada.com\/wp-content\/uploads\/cat-frontpage03-768x1024.jpg 768w, https:\/\/walkinclosetcanada.com\/wp-content\/uploads\/cat-frontpage03-1152x1536.jpg 1152w, https:\/\/walkinclosetcanada.com\/wp-content\/uploads\/cat-frontpage03-700x933.jpg 700w\" sizes=\"(max-width: 1500px) 100vw, 1500px\" \/><\/a><\/figure><div class=\"elementor-image-box-content\"><h4 class=\"elementor-image-box-title\"><a href=\"\/fr\/categorie-produit\/garde-robes-walk-in\/\">Garde-robes Walk-in<\/a><\/h4><\/div><\/div>\t\t\t\t<\/div>\n\t\t\t\t<\/div>\n\t\t\t\t<div class=\"elementor-element elementor-element-6e939c6 elementor-position-top elementor-widget elementor-widget-image-box\" data-id=\"6e939c6\" data-element_type=\"widget\" data-e-type=\"widget\" data-widget_type=\"image-box.default\">\n\t\t\t\t\t\t<div class=\"elementor-widget-container\">\n\t\t\t\t\t<div class=\"elementor-image-box-wrapper\"><figure class=\"elementor-image-box-img\"><a href=\"\/fr\/categorie-produit\/lits-escamotables\/\" tabindex=\"-1\"><img loading=\"lazy\" decoding=\"async\" width=\"1500\" height=\"2000\" src=\"https:\/\/walkinclosetcanada.com\/wp-content\/uploads\/cat-frontpage01.jpg\" class=\"elementor-animation-shrink attachment-full size-full wp-image-18109\" alt=\"\" srcset=\"https:\/\/walkinclosetcanada.com\/wp-content\/uploads\/cat-frontpage01.jpg 1500w, https:\/\/walkinclosetcanada.com\/wp-content\/uploads\/cat-frontpage01-450x600.jpg 450w, https:\/\/walkinclosetcanada.com\/wp-content\/uploads\/cat-frontpage01-900x1200.jpg 900w, https:\/\/walkinclosetcanada.com\/wp-content\/uploads\/cat-frontpage01-225x300.jpg 225w, https:\/\/walkinclosetcanada.com\/wp-content\/uploads\/cat-frontpage01-768x1024.jpg 768w, https:\/\/walkinclosetcanada.com\/wp-content\/uploads\/cat-frontpage01-1152x1536.jpg 1152w, https:\/\/walkinclosetcanada.com\/wp-content\/uploads\/cat-frontpage01-700x933.jpg 700w\" sizes=\"(max-width: 1500px) 100vw, 1500px\" \/><\/a><\/figure><div class=\"elementor-image-box-content\"><h4 class=\"elementor-image-box-title\"><a href=\"\/fr\/categorie-produit\/lits-escamotables\/\">Lits Escamotables<\/a><\/h4><\/div><\/div>\t\t\t\t<\/div>\n\t\t\t\t<\/div>\n\t\t\t\t<div class=\"elementor-element elementor-element-12f349b elementor-position-top elementor-widget elementor-widget-image-box\" data-id=\"12f349b\" data-element_type=\"widget\" data-e-type=\"widget\" data-widget_type=\"image-box.default\">\n\t\t\t\t\t\t<div class=\"elementor-widget-container\">\n\t\t\t\t\t<div class=\"elementor-image-box-wrapper\"><figure class=\"elementor-image-box-img\"><a href=\"\/fr\/categorie-produit\/armoires\/\" tabindex=\"-1\"><img loading=\"lazy\" decoding=\"async\" width=\"1500\" height=\"2000\" src=\"https:\/\/walkinclosetcanada.com\/wp-content\/uploads\/cat-frontpage02.jpg\" class=\"elementor-animation-shrink attachment-full size-full wp-image-18111\" alt=\"\" srcset=\"https:\/\/walkinclosetcanada.com\/wp-content\/uploads\/cat-frontpage02.jpg 1500w, https:\/\/walkinclosetcanada.com\/wp-content\/uploads\/cat-frontpage02-450x600.jpg 450w, https:\/\/walkinclosetcanada.com\/wp-content\/uploads\/cat-frontpage02-900x1200.jpg 900w, https:\/\/walkinclosetcanada.com\/wp-content\/uploads\/cat-frontpage02-225x300.jpg 225w, https:\/\/walkinclosetcanada.com\/wp-content\/uploads\/cat-frontpage02-768x1024.jpg 768w, https:\/\/walkinclosetcanada.com\/wp-content\/uploads\/cat-frontpage02-1152x1536.jpg 1152w, https:\/\/walkinclosetcanada.com\/wp-content\/uploads\/cat-frontpage02-700x933.jpg 700w\" sizes=\"(max-width: 1500px) 100vw, 1500px\" \/><\/a><\/figure><div class=\"elementor-image-box-content\"><h4 class=\"elementor-image-box-title\"><a href=\"\/fr\/categorie-produit\/armoires\/\">Armoires<\/a><\/h4><\/div><\/div>\t\t\t\t<\/div>\n\t\t\t\t<\/div>\n\t\t\t\t\t<\/div>\n\t\t\t\t<\/div>\n\t\t\t\t<\/div>\n\t\t\t\t<\/div>\n\t\t\t\t<\/div>\n\t\t\t\t\t\t<\/div>\n\t\t\t\t<\/div>\n\t\t\t\t<\/div>\n\t\t\t\t<\/div>\n\t\t","protected":false},"excerpt":{"rendered":"<p>services Design Int\u00e9rieur Expert pour Garde-robes sur Mesure Transformez votre garde-robe en un v\u00e9ritable prolongement du style de votre maison gr\u00e2ce \u00e0 [&hellip;]<\/p>\n","protected":false},"author":247,"featured_media":0,"parent":19014,"menu_order":0,"comment_status":"closed","ping_status":"closed","template":"","meta":{"_acf_changed":false,"site-sidebar-layout":"no-sidebar","site-content-layout":"page-builder","ast-site-content-layout":"full-width-container","site-content-style":"default","site-sidebar-style":"default","ast-global-header-display":"","ast-banner-title-visibility":"","ast-main-header-display":"","ast-hfb-above-header-display":"","ast-hfb-below-header-display":"","ast-hfb-mobile-header-display":"","site-post-title":"disabled","ast-breadcrumbs-content":"","ast-featured-img":"disabled","footer-sml-layout":"","ast-disable-related-posts":"","theme-transparent-header-meta":"default","adv-header-id-meta":"","stick-header-meta":"default","header-above-stick-meta":"","header-main-stick-meta":"","header-below-stick-meta":"","astra-migrate-meta-layouts":"set","ast-page-background-enabled":"default","ast-page-background-meta":{"desktop":{"background-color":"var(--ast-global-color-4)","background-image":"","background-repeat":"repeat","background-position":"center center","background-size":"auto","background-attachment":"scroll","background-type":"","background-media":"","overlay-type":"","overlay-color":"","overlay-opacity":"","overlay-gradient":""},"tablet":{"background-color":"","background-image":"","background-repeat":"repeat","background-position":"center center","background-size":"auto","background-attachment":"scroll","background-type":"","background-media":"","overlay-type":"","overlay-color":"","overlay-opacity":"","overlay-gradient":""},"mobile":{"background-color":"","background-image":"","background-repeat":"repeat","background-position":"center center","background-size":"auto","background-attachment":"scroll","background-type":"","background-media":"","overlay-type":"","overlay-color":"","overlay-opacity":"","overlay-gradient":""}},"ast-content-background-meta":{"desktop":{"background-color":"var(--ast-global-color-5)","background-image":"","background-repeat":"repeat","background-position":"center center","background-size":"auto","background-attachment":"scroll","background-type":"","background-media":"","overlay-type":"","overlay-color":"","overlay-opacity":"","overlay-gradient":""},"tablet":{"background-color":"var(--ast-global-color-5)","background-image":"","background-repeat":"repeat","background-position":"center center","background-size":"auto","background-attachment":"scroll","background-type":"","background-media":"","overlay-type":"","overlay-color":"","overlay-opacity":"","overlay-gradient":""},"mobile":{"background-color":"var(--ast-global-color-5)","background-image":"","background-repeat":"repeat","background-position":"center center","background-size":"auto","background-attachment":"scroll","background-type":"","background-media":"","overlay-type":"","overlay-color":"","overlay-opacity":"","overlay-gradient":""}},"footnotes":""},"class_list":["post-19031","page","type-page","status-publish","hentry"],"acf":[],"aioseo_notices":[],"_links":{"self":[{"href":"https:\/\/walkinclosetcanada.com\/fr\/wp-json\/wp\/v2\/pages\/19031","targetHints":{"allow":["GET"]}}],"collection":[{"href":"https:\/\/walkinclosetcanada.com\/fr\/wp-json\/wp\/v2\/pages"}],"about":[{"href":"https:\/\/walkinclosetcanada.com\/fr\/wp-json\/wp\/v2\/types\/page"}],"author":[{"embeddable":true,"href":"https:\/\/walkinclosetcanada.com\/fr\/wp-json\/wp\/v2\/users\/247"}],"replies":[{"embeddable":true,"href":"https:\/\/walkinclosetcanada.com\/fr\/wp-json\/wp\/v2\/comments?post=19031"}],"version-history":[{"count":2,"href":"https:\/\/walkinclosetcanada.com\/fr\/wp-json\/wp\/v2\/pages\/19031\/revisions"}],"predecessor-version":[{"id":20707,"href":"https:\/\/walkinclosetcanada.com\/fr\/wp-json\/wp\/v2\/pages\/19031\/revisions\/20707"}],"up":[{"embeddable":true,"href":"https:\/\/walkinclosetcanada.com\/fr\/wp-json\/wp\/v2\/pages\/19014"}],"wp:attachment":[{"href":"https:\/\/walkinclosetcanada.com\/fr\/wp-json\/wp\/v2\/media?parent=19031"}],"curies":[{"name":"wp","href":"https:\/\/api.w.org\/{rel}","templated":true}]}}