{"id":19084,"date":"2025-05-22T11:57:42","date_gmt":"2025-05-22T15:57:42","guid":{"rendered":"https:\/\/walkinclosetcanada.com\/?page_id=19084"},"modified":"2025-06-05T15:40:41","modified_gmt":"2025-06-05T19:40:41","slug":"salles-de-montre","status":"publish","type":"page","link":"https:\/\/walkinclosetcanada.com\/fr\/salles-de-montre\/","title":{"rendered":"Salles de Montre"},"content":{"rendered":"\t\t<div data-elementor-type=\"wp-page\" data-elementor-id=\"19084\" class=\"elementor elementor-19084 elementor-18507\" data-elementor-post-type=\"page\">\n\t\t\t\t<div class=\"elementor-element elementor-element-f9e92fb e-flex e-con-boxed e-con e-parent\" data-id=\"f9e92fb\" data-element_type=\"container\" data-e-type=\"container\">\n\t\t\t\t\t<div class=\"e-con-inner\">\n\t\t\t\t<div class=\"elementor-element elementor-element-e6e02f2 elementor-widget elementor-widget-spacer\" data-id=\"e6e02f2\" data-element_type=\"widget\" data-e-type=\"widget\" data-widget_type=\"spacer.default\">\n\t\t\t\t\t\t<div class=\"elementor-widget-container\">\n\t\t\t\t\t\t\t<div class=\"elementor-spacer\">\n\t\t\t<div class=\"elementor-spacer-inner\"><\/div>\n\t\t<\/div>\n\t\t\t\t\t\t<\/div>\n\t\t\t\t<\/div>\n\t\t\t\t<div class=\"elementor-element elementor-element-5b25e7c elementor-widget__width-initial elementor-widget elementor-widget-heading\" data-id=\"5b25e7c\" data-element_type=\"widget\" data-e-type=\"widget\" data-widget_type=\"heading.default\">\n\t\t\t\t\t\t<div class=\"elementor-widget-container\">\n\t\t\t\t\t<h1 class=\"elementor-heading-title elementor-size-default\">Visitez Nos Salles de Montre de Garde-robes sur Mesure au Qu\u00e9bec<\/h1>\t\t\t\t<\/div>\n\t\t\t\t<\/div>\n\t\t\t\t<div class=\"elementor-element elementor-element-765707f elementor-widget elementor-widget-text-editor\" data-id=\"765707f\" data-element_type=\"widget\" data-e-type=\"widget\" data-widget_type=\"text-editor.default\">\n\t\t\t\t\t\t<div class=\"elementor-widget-container\">\n\t\t\t\t\t\t\t\t\t<p><span style=\"font-weight: 400;\">Walk-In Closet Canada est fier d\u2019offrir des services de conception, fabrication et <a href=\"\/fr\/services\/installation-garde-robe-sur-mesure\/\">installation<\/a> de garde-robes sur mesure dans les principales villes du Qu\u00e9bec et de l\u2019Ontario. Que vous soyez au c\u0153ur de Montr\u00e9al ou en banlieue de Toronto, notre \u00e9quipe vous aide \u00e0 transformer votre maison gr\u00e2ce \u00e0 des solutions de rangement \u00e9l\u00e9gantes et personnalis\u00e9es.<\/span><\/p>\t\t\t\t\t\t\t\t<\/div>\n\t\t\t\t<\/div>\n\t\t\t\t\t<\/div>\n\t\t\t\t<\/div>\n\t\t<div class=\"elementor-element elementor-element-2ee9ded e-flex e-con-boxed e-con e-parent\" data-id=\"2ee9ded\" data-element_type=\"container\" data-e-type=\"container\">\n\t\t\t\t\t<div class=\"e-con-inner\">\n\t\t<div class=\"elementor-element elementor-element-ccad2ad e-con-full e-flex e-con e-child\" data-id=\"ccad2ad\" data-element_type=\"container\" data-e-type=\"container\">\n\t\t\t\t<div class=\"elementor-element elementor-element-7c98578 elementor-widget elementor-widget-heading\" data-id=\"7c98578\" data-element_type=\"widget\" data-e-type=\"widget\" data-widget_type=\"heading.default\">\n\t\t\t\t\t\t<div class=\"elementor-widget-container\">\n\t\t\t\t\t<h2 class=\"elementor-heading-title elementor-size-default\">O\u00f9 Nous Travaillons<\/h2>\t\t\t\t<\/div>\n\t\t\t\t<\/div>\n\t\t\t\t<div class=\"elementor-element elementor-element-e0feb30 elementor-widget elementor-widget-text-editor\" data-id=\"e0feb30\" data-element_type=\"widget\" data-e-type=\"widget\" data-widget_type=\"text-editor.default\">\n\t\t\t\t\t\t<div class=\"elementor-widget-container\">\n\t\t\t\t\t\t\t\t\t<ul><li style=\"font-weight: 400;\" aria-level=\"1\"><span style=\"font-weight: 400;\">Montreal \u2013 Garde-robes sur mesure con\u00e7ues et install\u00e9es localement<\/span><\/li><li style=\"font-weight: 400;\" aria-level=\"1\"><span style=\"font-weight: 400;\">Laval \u2013 Syst\u00e8mes modernes de penderies et armoires pour votre maison<\/span><\/li><li style=\"font-weight: 400;\" aria-level=\"1\"><span style=\"font-weight: 400;\">West Island \u2013 Solutions de rangement encastr\u00e9 et walk-in<\/span><\/li><li style=\"font-weight: 400;\" aria-level=\"1\"><span style=\"font-weight: 400;\">Toronto \u2013 Garde-robes haut de gamme dans une vari\u00e9t\u00e9 de styles<\/span><\/li><li style=\"font-weight: 400;\" aria-level=\"1\"><span style=\"font-weight: 400;\">Ottawa \u2013 Syst\u00e8mes de garde-robes adapt\u00e9s \u00e0 tous les modes de vie<\/span><\/li><li style=\"font-weight: 400;\" aria-level=\"1\"><span style=\"font-weight: 400;\">Qu\u00e9bec\u00a0\u2013 Experts locaux en conception de garde-robes au service de votre r\u00e9gion<\/span><\/li><\/ul><p><span style=\"font-weight: 400;\">Toutes nos consultations incluent <a href=\"\/fr\/services\/conception-3d-garde-robe\/\">une planification 3D<\/a>, des \u00e9chantillons de mat\u00e9riaux, ainsi qu\u2019un service de prise de mesures professionnelles \u2014 \u00e0 domicile ou \u00e0 distance.<\/span><\/p>\t\t\t\t\t\t\t\t<\/div>\n\t\t\t\t<\/div>\n\t\t\t\t<div class=\"elementor-element elementor-element-3bdfc99 elementor-align-center elementor-widget elementor-widget-button\" data-id=\"3bdfc99\" data-element_type=\"widget\" data-e-type=\"widget\" data-widget_type=\"button.default\">\n\t\t\t\t\t\t<div class=\"elementor-widget-container\">\n\t\t\t\t\t\t\t\t\t<div class=\"elementor-button-wrapper\">\n\t\t\t\t\t<a class=\"elementor-button elementor-button-link elementor-size-sm\" href=\"\/fr\/reservez-consultation-gratuite\/\">\n\t\t\t\t\t\t<span class=\"elementor-button-content-wrapper\">\n\t\t\t\t\t\t\t\t\t<span class=\"elementor-button-text\">R\u00e9servez votre consultation gratuite d\u00e8s aujourd\u2019hui!<\/span>\n\t\t\t\t\t<\/span>\n\t\t\t\t\t<\/a>\n\t\t\t\t<\/div>\n\t\t\t\t\t\t\t\t<\/div>\n\t\t\t\t<\/div>\n\t\t\t\t<\/div>\n\t\t<div class=\"elementor-element elementor-element-24a1ead e-con-full e-flex e-con e-child\" data-id=\"24a1ead\" data-element_type=\"container\" data-e-type=\"container\">\n\t\t\t\t<div class=\"elementor-element elementor-element-8276d21 elementor-widget elementor-widget-image\" data-id=\"8276d21\" data-element_type=\"widget\" data-e-type=\"widget\" data-widget_type=\"image.default\">\n\t\t\t\t\t\t<div class=\"elementor-widget-container\">\n\t\t\t\t\t\t\t\t\t\t\t\t\t\t\t<img fetchpriority=\"high\" decoding=\"async\" width=\"1200\" height=\"797\" src=\"https:\/\/walkinclosetcanada.com\/wp-content\/uploads\/small-flag-of-canada-on-a-wooden-stick-fixed-on-th-2025-02-02-22-08-53-utc-1200x797.jpg\" class=\"attachment-large size-large wp-image-18511\" alt=\"\" srcset=\"https:\/\/walkinclosetcanada.com\/wp-content\/uploads\/small-flag-of-canada-on-a-wooden-stick-fixed-on-th-2025-02-02-22-08-53-utc-1200x797.jpg 1200w, https:\/\/walkinclosetcanada.com\/wp-content\/uploads\/small-flag-of-canada-on-a-wooden-stick-fixed-on-th-2025-02-02-22-08-53-utc-600x399.jpg 600w, https:\/\/walkinclosetcanada.com\/wp-content\/uploads\/small-flag-of-canada-on-a-wooden-stick-fixed-on-th-2025-02-02-22-08-53-utc-300x199.jpg 300w, https:\/\/walkinclosetcanada.com\/wp-content\/uploads\/small-flag-of-canada-on-a-wooden-stick-fixed-on-th-2025-02-02-22-08-53-utc-768x510.jpg 768w, https:\/\/walkinclosetcanada.com\/wp-content\/uploads\/small-flag-of-canada-on-a-wooden-stick-fixed-on-th-2025-02-02-22-08-53-utc-1536x1021.jpg 1536w, https:\/\/walkinclosetcanada.com\/wp-content\/uploads\/small-flag-of-canada-on-a-wooden-stick-fixed-on-th-2025-02-02-22-08-53-utc-2048x1361.jpg 2048w, https:\/\/walkinclosetcanada.com\/wp-content\/uploads\/small-flag-of-canada-on-a-wooden-stick-fixed-on-th-2025-02-02-22-08-53-utc-700x465.jpg 700w\" sizes=\"(max-width: 1200px) 100vw, 1200px\" \/>\t\t\t\t\t\t\t\t\t\t\t\t\t\t\t<\/div>\n\t\t\t\t<\/div>\n\t\t\t\t<\/div>\n\t\t\t\t\t<\/div>\n\t\t\t\t<\/div>\n\t\t<div class=\"elementor-element elementor-element-c6c9cf6 e-con-full e-flex e-con e-parent\" data-id=\"c6c9cf6\" data-element_type=\"container\" data-e-type=\"container\">\n\t\t\t\t<div class=\"elementor-element elementor-element-b44aeed elementor-widget elementor-widget-template\" data-id=\"b44aeed\" data-element_type=\"widget\" data-e-type=\"widget\" data-widget_type=\"template.default\">\n\t\t\t\t\t\t<div class=\"elementor-widget-container\">\n\t\t\t\t\t\t\t<div class=\"elementor-template\">\n\t\t\t\t\t<div data-elementor-type=\"container\" data-elementor-id=\"19108\" class=\"elementor elementor-19108 elementor-19701 elementor-19701\" data-elementor-post-type=\"elementor_library\">\n\t\t\t\t<div class=\"elementor-element elementor-element-5b4576b e-flex e-con-boxed e-con e-parent\" data-id=\"5b4576b\" data-element_type=\"container\" data-e-type=\"container\">\n\t\t\t\t\t<div class=\"e-con-inner\">\n\t\t\t\t<div class=\"elementor-element elementor-element-2ea3f198 elementor-widget elementor-widget-heading\" data-id=\"2ea3f198\" data-element_type=\"widget\" data-e-type=\"widget\" data-widget_type=\"heading.default\">\n\t\t\t\t\t\t<div class=\"elementor-widget-container\">\n\t\t\t\t\t<h2 class=\"elementor-heading-title elementor-size-default\">Nos services<\/h2>\t\t\t\t<\/div>\n\t\t\t\t<\/div>\n\t\t\t\t<div class=\"elementor-element elementor-element-52d1e447 elementor-widget elementor-widget-text-editor\" data-id=\"52d1e447\" data-element_type=\"widget\" data-e-type=\"widget\" data-widget_type=\"text-editor.default\">\n\t\t\t\t\t\t<div class=\"elementor-widget-container\">\n\t\t\t\t\t\t\t\t\t<p>Visitez notre salle d\u2019exposition pour d\u00e9couvrir notre collection de meubles modernes et contemporains, et explorez les services personnalis\u00e9s que nous offrons pour vous aider \u00e0 concevoir la maison de vos r\u00eaves.<\/p>\t\t\t\t\t\t\t\t<\/div>\n\t\t\t\t<\/div>\n\t\t<div class=\"elementor-element elementor-element-2df823fe e-con-full e-grid e-con e-child\" data-id=\"2df823fe\" data-element_type=\"container\" data-e-type=\"container\">\n\t\t\t\t<div class=\"elementor-element elementor-element-10c6ee85 elementor-position-top elementor-widget elementor-widget-image-box\" data-id=\"10c6ee85\" data-element_type=\"widget\" data-e-type=\"widget\" data-widget_type=\"image-box.default\">\n\t\t\t\t\t\t<div class=\"elementor-widget-container\">\n\t\t\t\t\t<div class=\"elementor-image-box-wrapper\"><figure class=\"elementor-image-box-img\"><img decoding=\"async\" width=\"1200\" height=\"735\" src=\"https:\/\/walkinclosetcanada.com\/wp-content\/uploads\/contact-us02-1.jpg\" class=\"elementor-animation-float attachment-full size-full wp-image-19113\" alt=\"\" srcset=\"https:\/\/walkinclosetcanada.com\/wp-content\/uploads\/contact-us02-1.jpg 1200w, https:\/\/walkinclosetcanada.com\/wp-content\/uploads\/contact-us02-1-600x368.jpg 600w, https:\/\/walkinclosetcanada.com\/wp-content\/uploads\/contact-us02-1-300x184.jpg 300w, https:\/\/walkinclosetcanada.com\/wp-content\/uploads\/contact-us02-1-768x470.jpg 768w, https:\/\/walkinclosetcanada.com\/wp-content\/uploads\/contact-us02-1-700x429.jpg 700w\" sizes=\"(max-width: 1200px) 100vw, 1200px\" \/><\/figure><div class=\"elementor-image-box-content\"><h4 class=\"elementor-image-box-title\">Design d\u2019int\u00e9rieur gratuit<\/h4><p class=\"elementor-image-box-description\">Discutez de vos pr\u00e9f\u00e9rences de style, de design, des dimensions et des contraintes d\u2019espace avec nos designers, qui vous aideront \u00e0 choisir le mod\u00e8le parfaitement adapt\u00e9 \u00e0 vos besoins.<\/p><\/div><\/div>\t\t\t\t<\/div>\n\t\t\t\t<\/div>\n\t\t\t\t<div class=\"elementor-element elementor-element-280be102 elementor-position-top elementor-widget elementor-widget-image-box\" data-id=\"280be102\" data-element_type=\"widget\" data-e-type=\"widget\" data-widget_type=\"image-box.default\">\n\t\t\t\t\t\t<div class=\"elementor-widget-container\">\n\t\t\t\t\t<div class=\"elementor-image-box-wrapper\"><figure class=\"elementor-image-box-img\"><a href=\"\/fr\/reservation\" tabindex=\"-1\"><img decoding=\"async\" width=\"1200\" height=\"735\" src=\"https:\/\/walkinclosetcanada.com\/wp-content\/uploads\/contact-us01-1.jpg\" class=\"elementor-animation-float attachment-full size-full wp-image-19117\" alt=\"\" srcset=\"https:\/\/walkinclosetcanada.com\/wp-content\/uploads\/contact-us01-1.jpg 1200w, https:\/\/walkinclosetcanada.com\/wp-content\/uploads\/contact-us01-1-600x368.jpg 600w, https:\/\/walkinclosetcanada.com\/wp-content\/uploads\/contact-us01-1-300x184.jpg 300w, https:\/\/walkinclosetcanada.com\/wp-content\/uploads\/contact-us01-1-768x470.jpg 768w, https:\/\/walkinclosetcanada.com\/wp-content\/uploads\/contact-us01-1-700x429.jpg 700w\" sizes=\"(max-width: 1200px) 100vw, 1200px\" \/><\/a><\/figure><div class=\"elementor-image-box-content\"><h4 class=\"elementor-image-box-title\"><a href=\"\/fr\/reservation\">Prendre rendez-vous<\/a><\/h4><p class=\"elementor-image-box-description\">R\u00e9servez un cr\u00e9neau qui vous convient et profitez d\u2019un acc\u00e8s prioritaire \u00e0 notre salle d\u2019exposition, o\u00f9 un membre de notre \u00e9quipe vous guidera \u00e0 travers une s\u00e9lection sur mesure selon votre style.<\/p><\/div><\/div>\t\t\t\t<\/div>\n\t\t\t\t<\/div>\n\t\t\t\t<div class=\"elementor-element elementor-element-420ac987 elementor-position-top elementor-widget elementor-widget-image-box\" data-id=\"420ac987\" data-element_type=\"widget\" data-e-type=\"widget\" data-widget_type=\"image-box.default\">\n\t\t\t\t\t\t<div class=\"elementor-widget-container\">\n\t\t\t\t\t<div class=\"elementor-image-box-wrapper\"><figure class=\"elementor-image-box-img\"><img loading=\"lazy\" decoding=\"async\" width=\"1200\" height=\"735\" src=\"https:\/\/walkinclosetcanada.com\/wp-content\/uploads\/contact-us03-1.jpg\" class=\"elementor-animation-float attachment-full size-full wp-image-19121\" alt=\"\" srcset=\"https:\/\/walkinclosetcanada.com\/wp-content\/uploads\/contact-us03-1.jpg 1200w, https:\/\/walkinclosetcanada.com\/wp-content\/uploads\/contact-us03-1-600x368.jpg 600w, https:\/\/walkinclosetcanada.com\/wp-content\/uploads\/contact-us03-1-300x184.jpg 300w, https:\/\/walkinclosetcanada.com\/wp-content\/uploads\/contact-us03-1-768x470.jpg 768w, https:\/\/walkinclosetcanada.com\/wp-content\/uploads\/contact-us03-1-700x429.jpg 700w\" sizes=\"(max-width: 1200px) 100vw, 1200px\" \/><\/figure><div class=\"elementor-image-box-content\"><h4 class=\"elementor-image-box-title\">Personnalisation<\/h4><p class=\"elementor-image-box-description\">Obtenez des simulations professionnelles en 3D du mod\u00e8le choisi pour visualiser parfaitement votre Walk-in dans votre propre espace.<\/p><\/div><\/div>\t\t\t\t<\/div>\n\t\t\t\t<\/div>\n\t\t\t\t<\/div>\n\t\t\t\t\t<\/div>\n\t\t\t\t<\/div>\n\t\t\t\t<\/div>\n\t\t\t\t<\/div>\n\t\t\t\t\t\t<\/div>\n\t\t\t\t<\/div>\n\t\t\t\t<\/div>\n\t\t\t\t<\/div>\n\t\t","protected":false},"excerpt":{"rendered":"<p>Visitez Nos Salles de Montre de Garde-robes sur Mesure au Qu\u00e9bec Walk-In Closet Canada est fier d\u2019offrir des services de conception, fabrication [&hellip;]<\/p>\n","protected":false},"author":247,"featured_media":0,"parent":0,"menu_order":0,"comment_status":"closed","ping_status":"closed","template":"","meta":{"_acf_changed":false,"site-sidebar-layout":"no-sidebar","site-content-layout":"page-builder","ast-site-content-layout":"full-width-container","site-content-style":"default","site-sidebar-style":"default","ast-global-header-display":"","ast-banner-title-visibility":"","ast-main-header-display":"","ast-hfb-above-header-display":"","ast-hfb-below-header-display":"","ast-hfb-mobile-header-display":"","site-post-title":"disabled","ast-breadcrumbs-content":"","ast-featured-img":"disabled","footer-sml-layout":"","ast-disable-related-posts":"","theme-transparent-header-meta":"default","adv-header-id-meta":"","stick-header-meta":"default","header-above-stick-meta":"","header-main-stick-meta":"","header-below-stick-meta":"","astra-migrate-meta-layouts":"set","ast-page-background-enabled":"default","ast-page-background-meta":{"desktop":{"background-color":"var(--ast-global-color-4)","background-image":"","background-repeat":"repeat","background-position":"center center","background-size":"auto","background-attachment":"scroll","background-type":"","background-media":"","overlay-type":"","overlay-color":"","overlay-opacity":"","overlay-gradient":""},"tablet":{"background-color":"","background-image":"","background-repeat":"repeat","background-position":"center center","background-size":"auto","background-attachment":"scroll","background-type":"","background-media":"","overlay-type":"","overlay-color":"","overlay-opacity":"","overlay-gradient":""},"mobile":{"background-color":"","background-image":"","background-repeat":"repeat","background-position":"center center","background-size":"auto","background-attachment":"scroll","background-type":"","background-media":"","overlay-type":"","overlay-color":"","overlay-opacity":"","overlay-gradient":""}},"ast-content-background-meta":{"desktop":{"background-color":"var(--ast-global-color-5)","background-image":"","background-repeat":"repeat","background-position":"center center","background-size":"auto","background-attachment":"scroll","background-type":"","background-media":"","overlay-type":"","overlay-color":"","overlay-opacity":"","overlay-gradient":""},"tablet":{"background-color":"var(--ast-global-color-5)","background-image":"","background-repeat":"repeat","background-position":"center center","background-size":"auto","background-attachment":"scroll","background-type":"","background-media":"","overlay-type":"","overlay-color":"","overlay-opacity":"","overlay-gradient":""},"mobile":{"background-color":"var(--ast-global-color-5)","background-image":"","background-repeat":"repeat","background-position":"center center","background-size":"auto","background-attachment":"scroll","background-type":"","background-media":"","overlay-type":"","overlay-color":"","overlay-opacity":"","overlay-gradient":""}},"footnotes":""},"class_list":["post-19084","page","type-page","status-publish","hentry"],"acf":[],"aioseo_notices":[],"_links":{"self":[{"href":"https:\/\/walkinclosetcanada.com\/fr\/wp-json\/wp\/v2\/pages\/19084","targetHints":{"allow":["GET"]}}],"collection":[{"href":"https:\/\/walkinclosetcanada.com\/fr\/wp-json\/wp\/v2\/pages"}],"about":[{"href":"https:\/\/walkinclosetcanada.com\/fr\/wp-json\/wp\/v2\/types\/page"}],"author":[{"embeddable":true,"href":"https:\/\/walkinclosetcanada.com\/fr\/wp-json\/wp\/v2\/users\/247"}],"replies":[{"embeddable":true,"href":"https:\/\/walkinclosetcanada.com\/fr\/wp-json\/wp\/v2\/comments?post=19084"}],"version-history":[{"count":2,"href":"https:\/\/walkinclosetcanada.com\/fr\/wp-json\/wp\/v2\/pages\/19084\/revisions"}],"predecessor-version":[{"id":20683,"href":"https:\/\/walkinclosetcanada.com\/fr\/wp-json\/wp\/v2\/pages\/19084\/revisions\/20683"}],"wp:attachment":[{"href":"https:\/\/walkinclosetcanada.com\/fr\/wp-json\/wp\/v2\/media?parent=19084"}],"curies":[{"name":"wp","href":"https:\/\/api.w.org\/{rel}","templated":true}]}}