{"id":19092,"date":"2025-05-22T13:09:52","date_gmt":"2025-05-22T17:09:52","guid":{"rendered":"https:\/\/walkinclosetcanada.com\/?page_id=19092"},"modified":"2025-06-18T17:22:04","modified_gmt":"2025-06-18T21:22:04","slug":"montreal","status":"publish","type":"page","link":"https:\/\/walkinclosetcanada.com\/fr\/salles-de-montre\/montreal\/","title":{"rendered":"Montreal"},"content":{"rendered":"\t\t<div data-elementor-type=\"wp-page\" data-elementor-id=\"19092\" class=\"elementor elementor-19092 elementor-18536\" data-elementor-post-type=\"page\">\n\t\t\t\t<div class=\"elementor-element elementor-element-9871730 e-flex e-con-boxed e-con e-parent\" data-id=\"9871730\" data-element_type=\"container\" data-e-type=\"container\">\n\t\t\t\t\t<div class=\"e-con-inner\">\n\t\t\t\t<div class=\"elementor-element elementor-element-b57b255 elementor-widget elementor-widget-spacer\" data-id=\"b57b255\" data-element_type=\"widget\" data-e-type=\"widget\" data-widget_type=\"spacer.default\">\n\t\t\t\t\t\t<div class=\"elementor-widget-container\">\n\t\t\t\t\t\t\t<div class=\"elementor-spacer\">\n\t\t\t<div class=\"elementor-spacer-inner\"><\/div>\n\t\t<\/div>\n\t\t\t\t\t\t<\/div>\n\t\t\t\t<\/div>\n\t\t\t\t<div class=\"elementor-element elementor-element-72c7882 elementor-widget__width-initial elementor-widget elementor-widget-heading\" data-id=\"72c7882\" data-element_type=\"widget\" data-e-type=\"widget\" data-widget_type=\"heading.default\">\n\t\t\t\t\t\t<div class=\"elementor-widget-container\">\n\t\t\t\t\t<h1 class=\"elementor-heading-title elementor-size-default\">Visitez Notre Salle de Montre de Garde-robes sur Mesure \u00e0 Montr\u00e9al<\/h1>\t\t\t\t<\/div>\n\t\t\t\t<\/div>\n\t\t\t\t<div class=\"elementor-element elementor-element-547ab4a elementor-widget elementor-widget-text-editor\" data-id=\"547ab4a\" data-element_type=\"widget\" data-e-type=\"widget\" data-widget_type=\"text-editor.default\">\n\t\t\t\t\t\t<div class=\"elementor-widget-container\">\n\t\t\t\t\t\t\t\t\t<p><span style=\"font-weight: 400;\">Walk-In Closet Canada est fier de servir les r\u00e9sidents de West Island avec des syst\u00e8mes de garde-robes modernes et optimis\u00e9s pour maximiser l\u2019espace. Que vous ayez besoin d\u2019un walk-in \u00e9l\u00e9gant, d\u2019un rangement d\u2019entr\u00e9e encastr\u00e9 ou d\u2019armoires personnalis\u00e9es, chaque d\u00e9tail est con\u00e7u selon votre style de vie et votre int\u00e9rieur.<\/span><\/p>\t\t\t\t\t\t\t\t<\/div>\n\t\t\t\t<\/div>\n\t\t\t\t\t<\/div>\n\t\t\t\t<\/div>\n\t\t<div class=\"elementor-element elementor-element-9e10ceb e-flex e-con-boxed e-con e-parent\" data-id=\"9e10ceb\" data-element_type=\"container\" data-e-type=\"container\">\n\t\t\t\t\t<div class=\"e-con-inner\">\n\t\t<div class=\"elementor-element elementor-element-64f3f0f e-con-full e-flex e-con e-child\" data-id=\"64f3f0f\" data-element_type=\"container\" data-e-type=\"container\">\n\t\t\t\t<div class=\"elementor-element elementor-element-3458bb0 elementor-widget elementor-widget-image\" data-id=\"3458bb0\" data-element_type=\"widget\" data-e-type=\"widget\" data-widget_type=\"image.default\">\n\t\t\t\t\t\t<div class=\"elementor-widget-container\">\n\t\t\t\t\t\t\t\t\t\t\t\t\t\t\t<img fetchpriority=\"high\" decoding=\"async\" width=\"1200\" height=\"900\" src=\"https:\/\/walkinclosetcanada.com\/wp-content\/uploads\/showroom-dorval-1200x900.jpg\" class=\"attachment-large size-large wp-image-18276\" alt=\"showroom dorval\" srcset=\"https:\/\/walkinclosetcanada.com\/wp-content\/uploads\/showroom-dorval-1200x900.jpg 1200w, https:\/\/walkinclosetcanada.com\/wp-content\/uploads\/showroom-dorval-600x450.jpg 600w, https:\/\/walkinclosetcanada.com\/wp-content\/uploads\/showroom-dorval-300x225.jpg 300w, https:\/\/walkinclosetcanada.com\/wp-content\/uploads\/showroom-dorval-768x576.jpg 768w, https:\/\/walkinclosetcanada.com\/wp-content\/uploads\/showroom-dorval-1536x1152.jpg 1536w, https:\/\/walkinclosetcanada.com\/wp-content\/uploads\/showroom-dorval-700x525.jpg 700w, https:\/\/walkinclosetcanada.com\/wp-content\/uploads\/showroom-dorval.jpg 2048w\" sizes=\"(max-width: 1200px) 100vw, 1200px\" \/>\t\t\t\t\t\t\t\t\t\t\t\t\t\t\t<\/div>\n\t\t\t\t<\/div>\n\t\t\t\t<\/div>\n\t\t<div class=\"elementor-element elementor-element-a10eea2 e-con-full e-flex e-con e-child\" data-id=\"a10eea2\" data-element_type=\"container\" data-e-type=\"container\">\n\t\t\t\t<div class=\"elementor-element elementor-element-457c166 elementor-widget elementor-widget-heading\" data-id=\"457c166\" data-element_type=\"widget\" data-e-type=\"widget\" data-widget_type=\"heading.default\">\n\t\t\t\t\t\t<div class=\"elementor-widget-container\">\n\t\t\t\t\t<h2 class=\"elementor-heading-title elementor-size-default\">Solutions de Rangement \u00e0 West Island<\/h2>\t\t\t\t<\/div>\n\t\t\t\t<\/div>\n\t\t\t\t<div class=\"elementor-element elementor-element-41ff12a elementor-widget elementor-widget-google_maps\" data-id=\"41ff12a\" data-element_type=\"widget\" data-e-type=\"widget\" data-widget_type=\"google_maps.default\">\n\t\t\t\t\t\t<div class=\"elementor-widget-container\">\n\t\t\t\t\t\t\t<div class=\"elementor-custom-embed\">\n\t\t\t<iframe loading=\"lazy\"\n\t\t\t\t\tsrc=\"https:\/\/maps.google.com\/maps?q=Walk-in%20closet%20canada&#038;t=m&#038;z=17&#038;output=embed&#038;iwloc=near\"\n\t\t\t\t\ttitle=\"Walk-in closet canada\"\n\t\t\t\t\taria-label=\"Walk-in closet canada\"\n\t\t\t><\/iframe>\n\t\t<\/div>\n\t\t\t\t\t\t<\/div>\n\t\t\t\t<\/div>\n\t\t\t\t<div class=\"elementor-element elementor-element-4aa6d96 elementor-widget elementor-widget-text-editor\" data-id=\"4aa6d96\" data-element_type=\"widget\" data-e-type=\"widget\" data-widget_type=\"text-editor.default\">\n\t\t\t\t\t\t<div class=\"elementor-widget-container\">\n\t\t\t\t\t\t\t\t\t<p>2001 Trans Canada Route,<br \/>Dorval, Quebec H9P 1J1<\/p><p>T\u00e9l\u00e9phone:\u00a0 <a href=\"tel:+15144214021\">(514) 421-4021<\/a><\/p><p>Couriel: <a href=\"mailto:info@eurostyle.design\">info@eurostyle.design<\/a><\/p>\t\t\t\t\t\t\t\t<\/div>\n\t\t\t\t<\/div>\n\t\t\t\t<div class=\"elementor-element elementor-element-eafc521 elementor-widget elementor-widget-text-editor\" data-id=\"eafc521\" data-element_type=\"widget\" data-e-type=\"widget\" data-widget_type=\"text-editor.default\">\n\t\t\t\t\t\t<div class=\"elementor-widget-container\">\n\t\t\t\t\t\t\t\t\t<ul><li style=\"font-weight: 400;\" aria-level=\"1\"><span style=\"font-weight: 400;\">Walk-ins avec \u00e9clairage int\u00e9gr\u00e9, tiroirs et tablettes ajustables<\/span><\/li><li style=\"font-weight: 400;\" aria-level=\"1\"><span style=\"font-weight: 400;\">Vestibules et rangements d\u2019entr\u00e9e con\u00e7us pour s\u2019adapter \u00e0 votre espace<\/span><\/li><li style=\"font-weight: 400;\" aria-level=\"1\"><span style=\"font-weight: 400;\">Armoires modernes avec portes coulissantes ou battantes<\/span><\/li><li style=\"font-weight: 400;\" aria-level=\"1\"><span style=\"font-weight: 400;\">Consultations design et <a href=\"\/fr\/services\/installation-garde-robe-sur-mesure\/\">installation<\/a> professionnelle offertes dans toute la r\u00e9gion<\/span><\/li><\/ul><p><span style=\"font-weight: 400;\">Nous intervenons dans tous les secteurs de West Island, y compris Pointe-Claire, Dollard-des-Ormeaux, Kirkland, et plus encore.<\/span><\/p>\t\t\t\t\t\t\t\t<\/div>\n\t\t\t\t<\/div>\n\t\t<div class=\"elementor-element elementor-element-c500dba e-con-full e-flex e-con e-child\" data-id=\"c500dba\" data-element_type=\"container\" data-e-type=\"container\">\n\t\t\t\t<div class=\"elementor-element elementor-element-c7d2115 elementor-align-center elementor-widget elementor-widget-button\" data-id=\"c7d2115\" data-element_type=\"widget\" data-e-type=\"widget\" data-widget_type=\"button.default\">\n\t\t\t\t\t\t<div class=\"elementor-widget-container\">\n\t\t\t\t\t\t\t\t\t<div class=\"elementor-button-wrapper\">\n\t\t\t\t\t<a class=\"elementor-button elementor-button-link elementor-size-sm\" href=\"https:\/\/www.google.com\/maps\/dir\/\/2001+Rte+Transcanadienne,+Dorval,+QC+H9P+1J1\/data=!4m6!4m5!1m1!4e2!1m2!1m1!1s0x4cc93ce4276e0d13:0xc5431ccf3914bd70?sa=X&#038;ved=2ahUKEwiz0o2J9MGEAxWHMVkFHZqiAggQwwV6BAgREAA\">\n\t\t\t\t\t\t<span class=\"elementor-button-content-wrapper\">\n\t\t\t\t\t\t\t\t\t<span class=\"elementor-button-text\">Obtenir un itin\u00e9raire<\/span>\n\t\t\t\t\t<\/span>\n\t\t\t\t\t<\/a>\n\t\t\t\t<\/div>\n\t\t\t\t\t\t\t\t<\/div>\n\t\t\t\t<\/div>\n\t\t\t\t<div class=\"elementor-element elementor-element-1fb72304 elementor-align-center elementor-widget elementor-widget-button\" data-id=\"1fb72304\" data-element_type=\"widget\" data-e-type=\"widget\" data-widget_type=\"button.default\">\n\t\t\t\t\t\t<div class=\"elementor-widget-container\">\n\t\t\t\t\t\t\t\t\t<div class=\"elementor-button-wrapper\">\n\t\t\t\t\t<a class=\"elementor-button elementor-button-link elementor-size-sm\" href=\"\/fr\/reservez-consultation-gratuite\/\">\n\t\t\t\t\t\t<span class=\"elementor-button-content-wrapper\">\n\t\t\t\t\t\t\t\t\t<span class=\"elementor-button-text\">Prende Rendez-vous<\/span>\n\t\t\t\t\t<\/span>\n\t\t\t\t\t<\/a>\n\t\t\t\t<\/div>\n\t\t\t\t\t\t\t\t<\/div>\n\t\t\t\t<\/div>\n\t\t\t\t<\/div>\n\t\t\t\t<div class=\"elementor-element elementor-element-c7de16d elementor-align-center elementor-widget elementor-widget-button\" data-id=\"c7de16d\" data-element_type=\"widget\" data-e-type=\"widget\" data-widget_type=\"button.default\">\n\t\t\t\t\t\t<div class=\"elementor-widget-container\">\n\t\t\t\t\t\t\t\t\t<div class=\"elementor-button-wrapper\">\n\t\t\t\t\t<a class=\"elementor-button elementor-button-link elementor-size-sm\" href=\"\/fr\/reservez-consultation-gratuite\/\">\n\t\t\t\t\t\t<span class=\"elementor-button-content-wrapper\">\n\t\t\t\t\t\t\t\t\t<span class=\"elementor-button-text\">R\u00e9servez votre consultation gratuite d\u00e8s aujourd\u2019hui!<\/span>\n\t\t\t\t\t<\/span>\n\t\t\t\t\t<\/a>\n\t\t\t\t<\/div>\n\t\t\t\t\t\t\t\t<\/div>\n\t\t\t\t<\/div>\n\t\t\t\t<div class=\"elementor-element elementor-element-4d5252c elementor-widget elementor-widget-text-editor\" data-id=\"4d5252c\" data-element_type=\"widget\" data-e-type=\"widget\" data-widget_type=\"text-editor.default\">\n\t\t\t\t\t\t<div class=\"elementor-widget-container\">\n\t\t\t\t\t\t\t\t\t<p><span style=\"font-weight: 400;\">Explorez nos styles de garde-robes ou d\u00e9couvrez nos produits walk-in.<\/span><\/p>\t\t\t\t\t\t\t\t<\/div>\n\t\t\t\t<\/div>\n\t\t\t\t<\/div>\n\t\t\t\t\t<\/div>\n\t\t\t\t<\/div>\n\t\t<div class=\"elementor-element elementor-element-b801adf e-con-full e-flex e-con e-parent\" data-id=\"b801adf\" data-element_type=\"container\" data-e-type=\"container\">\n\t\t\t\t<div class=\"elementor-element elementor-element-52847b07 elementor-widget elementor-widget-template\" data-id=\"52847b07\" data-element_type=\"widget\" data-e-type=\"widget\" data-widget_type=\"template.default\">\n\t\t\t\t\t\t<div class=\"elementor-widget-container\">\n\t\t\t\t\t\t\t<div class=\"elementor-template\">\n\t\t\t\t\t<div data-elementor-type=\"container\" data-elementor-id=\"19108\" class=\"elementor elementor-19108 elementor-19701 elementor-19701\" data-elementor-post-type=\"elementor_library\">\n\t\t\t\t<div class=\"elementor-element elementor-element-5b4576b e-flex e-con-boxed e-con e-parent\" data-id=\"5b4576b\" data-element_type=\"container\" data-e-type=\"container\">\n\t\t\t\t\t<div class=\"e-con-inner\">\n\t\t\t\t<div class=\"elementor-element elementor-element-2ea3f198 elementor-widget elementor-widget-heading\" data-id=\"2ea3f198\" data-element_type=\"widget\" data-e-type=\"widget\" data-widget_type=\"heading.default\">\n\t\t\t\t\t\t<div class=\"elementor-widget-container\">\n\t\t\t\t\t<h2 class=\"elementor-heading-title elementor-size-default\">Nos services<\/h2>\t\t\t\t<\/div>\n\t\t\t\t<\/div>\n\t\t\t\t<div class=\"elementor-element elementor-element-52d1e447 elementor-widget elementor-widget-text-editor\" data-id=\"52d1e447\" data-element_type=\"widget\" data-e-type=\"widget\" data-widget_type=\"text-editor.default\">\n\t\t\t\t\t\t<div class=\"elementor-widget-container\">\n\t\t\t\t\t\t\t\t\t<p>Visitez notre salle d\u2019exposition pour d\u00e9couvrir notre collection de meubles modernes et contemporains, et explorez les services personnalis\u00e9s que nous offrons pour vous aider \u00e0 concevoir la maison de vos r\u00eaves.<\/p>\t\t\t\t\t\t\t\t<\/div>\n\t\t\t\t<\/div>\n\t\t<div class=\"elementor-element elementor-element-2df823fe e-con-full e-grid e-con e-child\" data-id=\"2df823fe\" data-element_type=\"container\" data-e-type=\"container\">\n\t\t\t\t<div class=\"elementor-element elementor-element-10c6ee85 elementor-position-top elementor-widget elementor-widget-image-box\" data-id=\"10c6ee85\" data-element_type=\"widget\" data-e-type=\"widget\" data-widget_type=\"image-box.default\">\n\t\t\t\t\t\t<div class=\"elementor-widget-container\">\n\t\t\t\t\t<div class=\"elementor-image-box-wrapper\"><figure class=\"elementor-image-box-img\"><img decoding=\"async\" width=\"1200\" height=\"735\" src=\"https:\/\/walkinclosetcanada.com\/wp-content\/uploads\/contact-us02-1.jpg\" class=\"elementor-animation-float attachment-full size-full wp-image-19113\" alt=\"\" srcset=\"https:\/\/walkinclosetcanada.com\/wp-content\/uploads\/contact-us02-1.jpg 1200w, https:\/\/walkinclosetcanada.com\/wp-content\/uploads\/contact-us02-1-600x368.jpg 600w, https:\/\/walkinclosetcanada.com\/wp-content\/uploads\/contact-us02-1-300x184.jpg 300w, https:\/\/walkinclosetcanada.com\/wp-content\/uploads\/contact-us02-1-768x470.jpg 768w, https:\/\/walkinclosetcanada.com\/wp-content\/uploads\/contact-us02-1-700x429.jpg 700w\" sizes=\"(max-width: 1200px) 100vw, 1200px\" \/><\/figure><div class=\"elementor-image-box-content\"><h4 class=\"elementor-image-box-title\">Design d\u2019int\u00e9rieur gratuit<\/h4><p class=\"elementor-image-box-description\">Discutez de vos pr\u00e9f\u00e9rences de style, de design, des dimensions et des contraintes d\u2019espace avec nos designers, qui vous aideront \u00e0 choisir le mod\u00e8le parfaitement adapt\u00e9 \u00e0 vos besoins.<\/p><\/div><\/div>\t\t\t\t<\/div>\n\t\t\t\t<\/div>\n\t\t\t\t<div class=\"elementor-element elementor-element-280be102 elementor-position-top elementor-widget elementor-widget-image-box\" data-id=\"280be102\" data-element_type=\"widget\" data-e-type=\"widget\" data-widget_type=\"image-box.default\">\n\t\t\t\t\t\t<div class=\"elementor-widget-container\">\n\t\t\t\t\t<div class=\"elementor-image-box-wrapper\"><figure class=\"elementor-image-box-img\"><a href=\"\/fr\/reservation\" tabindex=\"-1\"><img decoding=\"async\" width=\"1200\" height=\"735\" src=\"https:\/\/walkinclosetcanada.com\/wp-content\/uploads\/contact-us01-1.jpg\" class=\"elementor-animation-float attachment-full size-full wp-image-19117\" alt=\"\" srcset=\"https:\/\/walkinclosetcanada.com\/wp-content\/uploads\/contact-us01-1.jpg 1200w, https:\/\/walkinclosetcanada.com\/wp-content\/uploads\/contact-us01-1-600x368.jpg 600w, https:\/\/walkinclosetcanada.com\/wp-content\/uploads\/contact-us01-1-300x184.jpg 300w, https:\/\/walkinclosetcanada.com\/wp-content\/uploads\/contact-us01-1-768x470.jpg 768w, https:\/\/walkinclosetcanada.com\/wp-content\/uploads\/contact-us01-1-700x429.jpg 700w\" sizes=\"(max-width: 1200px) 100vw, 1200px\" \/><\/a><\/figure><div class=\"elementor-image-box-content\"><h4 class=\"elementor-image-box-title\"><a href=\"\/fr\/reservation\">Prendre rendez-vous<\/a><\/h4><p class=\"elementor-image-box-description\">R\u00e9servez un cr\u00e9neau qui vous convient et profitez d\u2019un acc\u00e8s prioritaire \u00e0 notre salle d\u2019exposition, o\u00f9 un membre de notre \u00e9quipe vous guidera \u00e0 travers une s\u00e9lection sur mesure selon votre style.<\/p><\/div><\/div>\t\t\t\t<\/div>\n\t\t\t\t<\/div>\n\t\t\t\t<div class=\"elementor-element elementor-element-420ac987 elementor-position-top elementor-widget elementor-widget-image-box\" data-id=\"420ac987\" data-element_type=\"widget\" data-e-type=\"widget\" data-widget_type=\"image-box.default\">\n\t\t\t\t\t\t<div class=\"elementor-widget-container\">\n\t\t\t\t\t<div class=\"elementor-image-box-wrapper\"><figure class=\"elementor-image-box-img\"><img loading=\"lazy\" decoding=\"async\" width=\"1200\" height=\"735\" src=\"https:\/\/walkinclosetcanada.com\/wp-content\/uploads\/contact-us03-1.jpg\" class=\"elementor-animation-float attachment-full size-full wp-image-19121\" alt=\"\" srcset=\"https:\/\/walkinclosetcanada.com\/wp-content\/uploads\/contact-us03-1.jpg 1200w, https:\/\/walkinclosetcanada.com\/wp-content\/uploads\/contact-us03-1-600x368.jpg 600w, https:\/\/walkinclosetcanada.com\/wp-content\/uploads\/contact-us03-1-300x184.jpg 300w, https:\/\/walkinclosetcanada.com\/wp-content\/uploads\/contact-us03-1-768x470.jpg 768w, https:\/\/walkinclosetcanada.com\/wp-content\/uploads\/contact-us03-1-700x429.jpg 700w\" sizes=\"(max-width: 1200px) 100vw, 1200px\" \/><\/figure><div class=\"elementor-image-box-content\"><h4 class=\"elementor-image-box-title\">Personnalisation<\/h4><p class=\"elementor-image-box-description\">Obtenez des simulations professionnelles en 3D du mod\u00e8le choisi pour visualiser parfaitement votre Walk-in dans votre propre espace.<\/p><\/div><\/div>\t\t\t\t<\/div>\n\t\t\t\t<\/div>\n\t\t\t\t<\/div>\n\t\t\t\t\t<\/div>\n\t\t\t\t<\/div>\n\t\t\t\t<\/div>\n\t\t\t\t<\/div>\n\t\t\t\t\t\t<\/div>\n\t\t\t\t<\/div>\n\t\t\t\t<\/div>\n\t\t\t\t<\/div>\n\t\t","protected":false},"excerpt":{"rendered":"<p>Visitez Notre Salle de Montre de Garde-robes sur Mesure \u00e0 Montr\u00e9al Walk-In Closet Canada est fier de servir les r\u00e9sidents de West [&hellip;]<\/p>\n","protected":false},"author":247,"featured_media":0,"parent":19084,"menu_order":0,"comment_status":"closed","ping_status":"closed","template":"","meta":{"_acf_changed":false,"site-sidebar-layout":"no-sidebar","site-content-layout":"page-builder","ast-site-content-layout":"full-width-container","site-content-style":"default","site-sidebar-style":"default","ast-global-header-display":"","ast-banner-title-visibility":"","ast-main-header-display":"","ast-hfb-above-header-display":"","ast-hfb-below-header-display":"","ast-hfb-mobile-header-display":"","site-post-title":"disabled","ast-breadcrumbs-content":"","ast-featured-img":"disabled","footer-sml-layout":"","ast-disable-related-posts":"","theme-transparent-header-meta":"default","adv-header-id-meta":"","stick-header-meta":"default","header-above-stick-meta":"","header-main-stick-meta":"","header-below-stick-meta":"","astra-migrate-meta-layouts":"set","ast-page-background-enabled":"default","ast-page-background-meta":{"desktop":{"background-color":"var(--ast-global-color-4)","background-image":"","background-repeat":"repeat","background-position":"center center","background-size":"auto","background-attachment":"scroll","background-type":"","background-media":"","overlay-type":"","overlay-color":"","overlay-opacity":"","overlay-gradient":""},"tablet":{"background-color":"","background-image":"","background-repeat":"repeat","background-position":"center center","background-size":"auto","background-attachment":"scroll","background-type":"","background-media":"","overlay-type":"","overlay-color":"","overlay-opacity":"","overlay-gradient":""},"mobile":{"background-color":"","background-image":"","background-repeat":"repeat","background-position":"center center","background-size":"auto","background-attachment":"scroll","background-type":"","background-media":"","overlay-type":"","overlay-color":"","overlay-opacity":"","overlay-gradient":""}},"ast-content-background-meta":{"desktop":{"background-color":"var(--ast-global-color-5)","background-image":"","background-repeat":"repeat","background-position":"center center","background-size":"auto","background-attachment":"scroll","background-type":"","background-media":"","overlay-type":"","overlay-color":"","overlay-opacity":"","overlay-gradient":""},"tablet":{"background-color":"var(--ast-global-color-5)","background-image":"","background-repeat":"repeat","background-position":"center center","background-size":"auto","background-attachment":"scroll","background-type":"","background-media":"","overlay-type":"","overlay-color":"","overlay-opacity":"","overlay-gradient":""},"mobile":{"background-color":"var(--ast-global-color-5)","background-image":"","background-repeat":"repeat","background-position":"center center","background-size":"auto","background-attachment":"scroll","background-type":"","background-media":"","overlay-type":"","overlay-color":"","overlay-opacity":"","overlay-gradient":""}},"footnotes":""},"class_list":["post-19092","page","type-page","status-publish","hentry"],"acf":[],"aioseo_notices":[],"_links":{"self":[{"href":"https:\/\/walkinclosetcanada.com\/fr\/wp-json\/wp\/v2\/pages\/19092","targetHints":{"allow":["GET"]}}],"collection":[{"href":"https:\/\/walkinclosetcanada.com\/fr\/wp-json\/wp\/v2\/pages"}],"about":[{"href":"https:\/\/walkinclosetcanada.com\/fr\/wp-json\/wp\/v2\/types\/page"}],"author":[{"embeddable":true,"href":"https:\/\/walkinclosetcanada.com\/fr\/wp-json\/wp\/v2\/users\/247"}],"replies":[{"embeddable":true,"href":"https:\/\/walkinclosetcanada.com\/fr\/wp-json\/wp\/v2\/comments?post=19092"}],"version-history":[{"count":2,"href":"https:\/\/walkinclosetcanada.com\/fr\/wp-json\/wp\/v2\/pages\/19092\/revisions"}],"predecessor-version":[{"id":21271,"href":"https:\/\/walkinclosetcanada.com\/fr\/wp-json\/wp\/v2\/pages\/19092\/revisions\/21271"}],"up":[{"embeddable":true,"href":"https:\/\/walkinclosetcanada.com\/fr\/wp-json\/wp\/v2\/pages\/19084"}],"wp:attachment":[{"href":"https:\/\/walkinclosetcanada.com\/fr\/wp-json\/wp\/v2\/media?parent=19092"}],"curies":[{"name":"wp","href":"https:\/\/api.w.org\/{rel}","templated":true}]}}