{"id":19198,"date":"2025-05-23T12:40:32","date_gmt":"2025-05-23T16:40:32","guid":{"rendered":"https:\/\/walkinclosetcanada.com\/?page_id=19198"},"modified":"2025-08-29T12:33:16","modified_gmt":"2025-08-29T16:33:16","slug":"a-propos","status":"publish","type":"page","link":"https:\/\/walkinclosetcanada.com\/fr\/a-propos\/","title":{"rendered":"\u00c0 propos"},"content":{"rendered":"\t\t<div data-elementor-type=\"wp-page\" data-elementor-id=\"19198\" class=\"elementor elementor-19198 elementor-18808\" data-elementor-post-type=\"page\">\n\t\t\t\t<div class=\"elementor-element elementor-element-899018d e-flex e-con-boxed e-con e-parent\" data-id=\"899018d\" data-element_type=\"container\" data-e-type=\"container\">\n\t\t\t\t\t<div class=\"e-con-inner\">\n\t\t\t\t<div class=\"elementor-element elementor-element-7b5327b elementor-widget elementor-widget-spacer\" data-id=\"7b5327b\" data-element_type=\"widget\" data-e-type=\"widget\" data-widget_type=\"spacer.default\">\n\t\t\t\t\t\t<div class=\"elementor-widget-container\">\n\t\t\t\t\t\t\t<div class=\"elementor-spacer\">\n\t\t\t<div class=\"elementor-spacer-inner\"><\/div>\n\t\t<\/div>\n\t\t\t\t\t\t<\/div>\n\t\t\t\t<\/div>\n\t\t\t\t<div class=\"elementor-element elementor-element-af28df9 elementor-widget__width-initial elementor-widget elementor-widget-heading\" data-id=\"af28df9\" data-element_type=\"widget\" data-e-type=\"widget\" data-widget_type=\"heading.default\">\n\t\t\t\t\t\t<div class=\"elementor-widget-container\">\n\t\t\t\t\t<h1 class=\"elementor-heading-title elementor-size-default\">\u00c0 Propos de Walk In Closet Canada : Vos Experts de Confiance en Garde-robes<\/h1>\t\t\t\t<\/div>\n\t\t\t\t<\/div>\n\t\t\t\t<div class=\"elementor-element elementor-element-d1fd989 elementor-widget-divider--view-line elementor-widget elementor-widget-divider\" data-id=\"d1fd989\" data-element_type=\"widget\" data-e-type=\"widget\" data-widget_type=\"divider.default\">\n\t\t\t\t\t\t<div class=\"elementor-widget-container\">\n\t\t\t\t\t\t\t<div class=\"elementor-divider\">\n\t\t\t<span class=\"elementor-divider-separator\">\n\t\t\t\t\t\t<\/span>\n\t\t<\/div>\n\t\t\t\t\t\t<\/div>\n\t\t\t\t<\/div>\n\t\t\t\t<div class=\"elementor-element elementor-element-15f63d1 elementor-widget__width-initial elementor-widget elementor-widget-text-editor\" data-id=\"15f63d1\" data-element_type=\"widget\" data-e-type=\"widget\" data-widget_type=\"text-editor.default\">\n\t\t\t\t\t\t<div class=\"elementor-widget-container\">\n\t\t\t\t\t\t\t\t\t<p><span style=\"font-weight: 400;\">Chez Walk-In Closet Canada, nous sommes passionn\u00e9s par le design de <a href=\"\/fr\/categorie-produit\/garde-robes-walk-in\/\">garde-robes<\/a> sur mesure. Nous croyons que chaque maison m\u00e9rite <a href=\"\/fr\/solutions\/\">un espace de rangement<\/a> \u00e0 la fois fonctionnel et \u00e9l\u00e9gant. Depuis plus de vingt ans, nous aidons des familles du <a href=\"\/fr\/salles-de-montre\/\">Qu\u00e9bec<\/a> et de l\u2019Ontario \u00e0 concr\u00e9tiser leurs r\u00eaves gr\u00e2ce \u00e0 des syst\u00e8mes personnalis\u00e9s, durables et bien pens\u00e9s.<\/span><\/p>\t\t\t\t\t\t\t\t<\/div>\n\t\t\t\t<\/div>\n\t\t\t\t\t<\/div>\n\t\t\t\t<\/div>\n\t\t<div class=\"elementor-element elementor-element-e965c83 e-flex e-con-boxed e-con e-parent\" data-id=\"e965c83\" data-element_type=\"container\" data-e-type=\"container\">\n\t\t\t\t\t<div class=\"e-con-inner\">\n\t\t<div class=\"elementor-element elementor-element-11e7bd5 e-con-full e-flex e-con e-child\" data-id=\"11e7bd5\" data-element_type=\"container\" data-e-type=\"container\">\n\t\t\t\t<div class=\"elementor-element elementor-element-040dd41 elementor-widget elementor-widget-image\" data-id=\"040dd41\" data-element_type=\"widget\" data-e-type=\"widget\" data-widget_type=\"image.default\">\n\t\t\t\t\t\t<div class=\"elementor-widget-container\">\n\t\t\t\t\t\t\t\t\t\t\t\t\t\t\t<img fetchpriority=\"high\" decoding=\"async\" width=\"1200\" height=\"900\" src=\"https:\/\/walkinclosetcanada.com\/wp-content\/uploads\/showroom-dorval-1200x900.jpg\" class=\"attachment-large size-large wp-image-18276\" alt=\"showroom dorval\" srcset=\"https:\/\/walkinclosetcanada.com\/wp-content\/uploads\/showroom-dorval-1200x900.jpg 1200w, https:\/\/walkinclosetcanada.com\/wp-content\/uploads\/showroom-dorval-600x450.jpg 600w, https:\/\/walkinclosetcanada.com\/wp-content\/uploads\/showroom-dorval-300x225.jpg 300w, https:\/\/walkinclosetcanada.com\/wp-content\/uploads\/showroom-dorval-768x576.jpg 768w, https:\/\/walkinclosetcanada.com\/wp-content\/uploads\/showroom-dorval-1536x1152.jpg 1536w, https:\/\/walkinclosetcanada.com\/wp-content\/uploads\/showroom-dorval-700x525.jpg 700w, https:\/\/walkinclosetcanada.com\/wp-content\/uploads\/showroom-dorval.jpg 2048w\" sizes=\"(max-width: 1200px) 100vw, 1200px\" \/>\t\t\t\t\t\t\t\t\t\t\t\t\t\t\t<\/div>\n\t\t\t\t<\/div>\n\t\t\t\t<\/div>\n\t\t<div class=\"elementor-element elementor-element-698ae5b e-con-full e-flex e-con e-child\" data-id=\"698ae5b\" data-element_type=\"container\" data-e-type=\"container\">\n\t\t\t\t<div class=\"elementor-element elementor-element-df501a5 elementor-widget elementor-widget-heading\" data-id=\"df501a5\" data-element_type=\"widget\" data-e-type=\"widget\" data-widget_type=\"heading.default\">\n\t\t\t\t\t\t<div class=\"elementor-widget-container\">\n\t\t\t\t\t<h2 class=\"elementor-heading-title elementor-size-default\">Ce qui nous distingue<\/h2>\t\t\t\t<\/div>\n\t\t\t\t<\/div>\n\t\t\t\t<div class=\"elementor-element elementor-element-a4997ed elementor-widget elementor-widget-text-editor\" data-id=\"a4997ed\" data-element_type=\"widget\" data-e-type=\"widget\" data-widget_type=\"text-editor.default\">\n\t\t\t\t\t\t<div class=\"elementor-widget-container\">\n\t\t\t\t\t\t\t\t\t<ul><li><span style=\"font-weight: 400;\">Walk-ins, <a href=\"\/fr\/categorie-produit\/armoires\/\">armoires<\/a> et syst\u00e8mes encastr\u00e9s con\u00e7us avec soin<\/span><\/li><li><span style=\"font-weight: 400;\">Consultations en design avec <a href=\"\/fr\/services\/conception-3d-garde-robe\/\">visualisation 3D<\/a><\/span><\/li><li><span style=\"font-weight: 400;\">Finitions personnalis\u00e9es, \u00e9clairage int\u00e9gr\u00e9 et <a href=\"\/fr\/solutions\/walk-in\/accessoires\/\">accessoires<\/a> haut de gamme<\/span><\/li><\/ul>\t\t\t\t\t\t\t\t<\/div>\n\t\t\t\t<\/div>\n\t\t\t\t<\/div>\n\t\t\t\t\t<\/div>\n\t\t\t\t<\/div>\n\t\t<div class=\"elementor-element elementor-element-a6a5906 e-flex e-con-boxed e-con e-parent\" data-id=\"a6a5906\" data-element_type=\"container\" data-e-type=\"container\">\n\t\t\t\t\t<div class=\"e-con-inner\">\n\t\t\t\t<div class=\"elementor-element elementor-element-ecfc958 elementor-widget elementor-widget-spacer\" data-id=\"ecfc958\" data-element_type=\"widget\" data-e-type=\"widget\" data-widget_type=\"spacer.default\">\n\t\t\t\t\t\t<div class=\"elementor-widget-container\">\n\t\t\t\t\t\t\t<div class=\"elementor-spacer\">\n\t\t\t<div class=\"elementor-spacer-inner\"><\/div>\n\t\t<\/div>\n\t\t\t\t\t\t<\/div>\n\t\t\t\t<\/div>\n\t\t\t\t<div class=\"elementor-element elementor-element-dd81e32 elementor-widget elementor-widget-heading\" data-id=\"dd81e32\" data-element_type=\"widget\" data-e-type=\"widget\" data-widget_type=\"heading.default\">\n\t\t\t\t\t\t<div class=\"elementor-widget-container\">\n\t\t\t\t\t<h2 class=\"elementor-heading-title elementor-size-default\">O\u00f9 nous sommes<\/h2>\t\t\t\t<\/div>\n\t\t\t\t<\/div>\n\t\t\t\t<div class=\"elementor-element elementor-element-3cf9001 elementor-widget-divider--view-line elementor-widget elementor-widget-divider\" data-id=\"3cf9001\" data-element_type=\"widget\" data-e-type=\"widget\" data-widget_type=\"divider.default\">\n\t\t\t\t\t\t<div class=\"elementor-widget-container\">\n\t\t\t\t\t\t\t<div class=\"elementor-divider\">\n\t\t\t<span class=\"elementor-divider-separator\">\n\t\t\t\t\t\t<\/span>\n\t\t<\/div>\n\t\t\t\t\t\t<\/div>\n\t\t\t\t<\/div>\n\t\t\t\t<div class=\"elementor-element elementor-element-2ce43f9 elementor-widget__width-initial elementor-widget elementor-widget-text-editor\" data-id=\"2ce43f9\" data-element_type=\"widget\" data-e-type=\"widget\" data-widget_type=\"text-editor.default\">\n\t\t\t\t\t\t<div class=\"elementor-widget-container\">\n\t\t\t\t\t\t\t\t\t<p><span style=\"font-weight: 400;\">Walk-In Closet Canada est une division sp\u00e9cialis\u00e9e de <\/span><b>Euro Style Design<\/b><span style=\"font-weight: 400;\">, d\u00e9taillant de meubles haut de gamme bas\u00e9 \u00e0 Dorval, Qu\u00e9bec. En plus de notre salle d\u2019exposition principale \u00e0 Dorval, nous op\u00e9rons \u00e9galement un second espace \u00e0 Montr\u00e9al sous la banni\u00e8re <\/span><b>Fama Living<\/b><span style=\"font-weight: 400;\">, d\u00e9di\u00e9 au mobilier personnalis\u00e9 et aux solutions de design contemporain.<\/span><\/p><p><span style=\"font-weight: 400;\">Les clients \u00e0 la recherche de solutions de rangement sur mesure peuvent prendre rendez-vous dans l\u2019un de nos deux showrooms. Tous nos projets sont con\u00e7us, g\u00e9r\u00e9s et install\u00e9s par notre \u00e9quipe interne avec la m\u00eame exigence de qualit\u00e9.<\/span><\/p>\t\t\t\t\t\t\t\t<\/div>\n\t\t\t\t<\/div>\n\t\t\t\t<div class=\"elementor-element elementor-element-6e2be65 elementor-widget elementor-widget-spacer\" data-id=\"6e2be65\" data-element_type=\"widget\" data-e-type=\"widget\" data-widget_type=\"spacer.default\">\n\t\t\t\t\t\t<div class=\"elementor-widget-container\">\n\t\t\t\t\t\t\t<div class=\"elementor-spacer\">\n\t\t\t<div class=\"elementor-spacer-inner\"><\/div>\n\t\t<\/div>\n\t\t\t\t\t\t<\/div>\n\t\t\t\t<\/div>\n\t\t\t\t\t<\/div>\n\t\t\t\t<\/div>\n\t\t<div class=\"elementor-element elementor-element-7f6d3b5 e-flex e-con-boxed e-con e-parent\" data-id=\"7f6d3b5\" data-element_type=\"container\" data-e-type=\"container\">\n\t\t\t\t\t<div class=\"e-con-inner\">\n\t\t<div class=\"elementor-element elementor-element-563b8b6 e-con-full e-flex e-con e-child\" data-id=\"563b8b6\" data-element_type=\"container\" data-e-type=\"container\">\n\t\t\t\t<div class=\"elementor-element elementor-element-633e2e9 elementor-widget elementor-widget-heading\" data-id=\"633e2e9\" data-element_type=\"widget\" data-e-type=\"widget\" data-widget_type=\"heading.default\">\n\t\t\t\t\t\t<div class=\"elementor-widget-container\">\n\t\t\t\t\t<h2 class=\"elementor-heading-title elementor-size-default\">Nos marques et salles d\u2019exposition<\/h2>\t\t\t\t<\/div>\n\t\t\t\t<\/div>\n\t\t\t\t<div class=\"elementor-element elementor-element-e42663a elementor-widget elementor-widget-text-editor\" data-id=\"e42663a\" data-element_type=\"widget\" data-e-type=\"widget\" data-widget_type=\"text-editor.default\">\n\t\t\t\t\t\t<div class=\"elementor-widget-container\">\n\t\t\t\t\t\t\t\t\t<p><span style=\"font-weight: 400;\">Walk-In Closet Canada is part of the Euro Style Design family \u2014 a trusted name in custom furniture and interior solutions in Quebec. Euro Style Design operates four specialized websites, each focused on a different category of home design:<\/span><\/p><ul><li style=\"font-weight: 400;\" aria-level=\"1\"><a href=\"https:\/\/famaliving.ca\/fr\/\"><b>Fama Living Montreal<\/b><\/a><span style=\"font-weight: 400;\"> \u2013 Canap\u00e9s fabriqu\u00e9s en Espagne et mobilier personnalisable (centre-ville de Montr\u00e9al)<\/span><\/li><li style=\"font-weight: 400;\" aria-level=\"1\"><a href=\"https:\/\/eurohousefurniture.com\/\"><b>Euro House Furniture<\/b><\/a><span style=\"font-weight: 400;\"> \u2013 Mobilier europ\u00e9en haut de gamme pr\u00e9sent\u00e9 \u00e0 Dorval<\/span><\/li><li style=\"font-weight: 400;\" aria-level=\"1\"><a href=\"https:\/\/kidsfurniturecanada.com\/fr\/\"><b>Kids Furniture Canada<\/b><\/a><span style=\"font-weight: 400;\"> \u2013 Meubles pour enfants pratiques et ludiques (Dorval)<\/span><\/li><li style=\"font-weight: 400;\" aria-level=\"1\"><a href=\"https:\/\/walkinclosetcanada.com\/fr\/\"><b>Walk-In Closet Canada<\/b><\/a><span style=\"font-weight: 400;\"> \u2013 Syst\u00e8mes de garde-robes sur mesure (Dorval)<\/span><\/li><\/ul><p><span style=\"font-weight: 400;\">Chacune de nos marques a son propre site web et sp\u00e9cialit\u00e9, mais elles sont toutes soutenues par la m\u00eame \u00e9quipe exp\u00e9riment\u00e9e. <\/span><span style=\"font-size: 16px;\">Notre salle d&rsquo;exposition a <span style=\"font-weight: 400;\"><a href=\"\/fr\/salles-de-montre\/montreal\/\">Montr\u00e9al<\/a><\/span> sert de point central pour nos consultations, la pr\u00e9sentation de nos produits et nos services personnalis\u00e9s.<\/span><\/p>\t\t\t\t\t\t\t\t<\/div>\n\t\t\t\t<\/div>\n\t\t\t\t<\/div>\n\t\t<div class=\"elementor-element elementor-element-e338b4c e-con-full e-flex e-con e-child\" data-id=\"e338b4c\" data-element_type=\"container\" data-e-type=\"container\">\n\t\t\t\t<div class=\"elementor-element elementor-element-d348d3a elementor-widget elementor-widget-image\" data-id=\"d348d3a\" data-element_type=\"widget\" data-e-type=\"widget\" data-widget_type=\"image.default\">\n\t\t\t\t\t\t<div class=\"elementor-widget-container\">\n\t\t\t\t\t\t\t\t\t\t\t\t\t\t\t<img decoding=\"async\" width=\"1200\" height=\"675\" src=\"https:\/\/walkinclosetcanada.com\/wp-content\/uploads\/city-of-montreal-cityscape-with-blue-skies-and-leo-2024-12-04-06-09-56-utc-1200x675.jpg\" class=\"attachment-large size-large wp-image-18520\" alt=\"\" srcset=\"https:\/\/walkinclosetcanada.com\/wp-content\/uploads\/city-of-montreal-cityscape-with-blue-skies-and-leo-2024-12-04-06-09-56-utc-1200x675.jpg 1200w, https:\/\/walkinclosetcanada.com\/wp-content\/uploads\/city-of-montreal-cityscape-with-blue-skies-and-leo-2024-12-04-06-09-56-utc-600x337.jpg 600w, https:\/\/walkinclosetcanada.com\/wp-content\/uploads\/city-of-montreal-cityscape-with-blue-skies-and-leo-2024-12-04-06-09-56-utc-300x169.jpg 300w, https:\/\/walkinclosetcanada.com\/wp-content\/uploads\/city-of-montreal-cityscape-with-blue-skies-and-leo-2024-12-04-06-09-56-utc-768x432.jpg 768w, https:\/\/walkinclosetcanada.com\/wp-content\/uploads\/city-of-montreal-cityscape-with-blue-skies-and-leo-2024-12-04-06-09-56-utc-1536x864.jpg 1536w, https:\/\/walkinclosetcanada.com\/wp-content\/uploads\/city-of-montreal-cityscape-with-blue-skies-and-leo-2024-12-04-06-09-56-utc-2048x1152.jpg 2048w, https:\/\/walkinclosetcanada.com\/wp-content\/uploads\/city-of-montreal-cityscape-with-blue-skies-and-leo-2024-12-04-06-09-56-utc-700x394.jpg 700w\" sizes=\"(max-width: 1200px) 100vw, 1200px\" \/>\t\t\t\t\t\t\t\t\t\t\t\t\t\t\t<\/div>\n\t\t\t\t<\/div>\n\t\t\t\t<\/div>\n\t\t\t\t\t<\/div>\n\t\t\t\t<\/div>\n\t\t\t\t<\/div>\n\t\t","protected":false},"excerpt":{"rendered":"<p>\u00c0 Propos de Walk In Closet Canada : Vos Experts de Confiance en Garde-robes Chez Walk-In Closet Canada, nous sommes passionn\u00e9s par [&hellip;]<\/p>\n","protected":false},"author":247,"featured_media":0,"parent":0,"menu_order":0,"comment_status":"closed","ping_status":"closed","template":"","meta":{"_acf_changed":false,"site-sidebar-layout":"no-sidebar","site-content-layout":"page-builder","ast-site-content-layout":"full-width-container","site-content-style":"default","site-sidebar-style":"default","ast-global-header-display":"","ast-banner-title-visibility":"","ast-main-header-display":"","ast-hfb-above-header-display":"","ast-hfb-below-header-display":"","ast-hfb-mobile-header-display":"","site-post-title":"disabled","ast-breadcrumbs-content":"","ast-featured-img":"disabled","footer-sml-layout":"","ast-disable-related-posts":"","theme-transparent-header-meta":"default","adv-header-id-meta":"","stick-header-meta":"default","header-above-stick-meta":"","header-main-stick-meta":"","header-below-stick-meta":"","astra-migrate-meta-layouts":"set","ast-page-background-enabled":"default","ast-page-background-meta":{"desktop":{"background-color":"var(--ast-global-color-4)","background-image":"","background-repeat":"repeat","background-position":"center center","background-size":"auto","background-attachment":"scroll","background-type":"","background-media":"","overlay-type":"","overlay-color":"","overlay-opacity":"","overlay-gradient":""},"tablet":{"background-color":"","background-image":"","background-repeat":"repeat","background-position":"center center","background-size":"auto","background-attachment":"scroll","background-type":"","background-media":"","overlay-type":"","overlay-color":"","overlay-opacity":"","overlay-gradient":""},"mobile":{"background-color":"","background-image":"","background-repeat":"repeat","background-position":"center center","background-size":"auto","background-attachment":"scroll","background-type":"","background-media":"","overlay-type":"","overlay-color":"","overlay-opacity":"","overlay-gradient":""}},"ast-content-background-meta":{"desktop":{"background-color":"var(--ast-global-color-5)","background-image":"","background-repeat":"repeat","background-position":"center center","background-size":"auto","background-attachment":"scroll","background-type":"","background-media":"","overlay-type":"","overlay-color":"","overlay-opacity":"","overlay-gradient":""},"tablet":{"background-color":"var(--ast-global-color-5)","background-image":"","background-repeat":"repeat","background-position":"center center","background-size":"auto","background-attachment":"scroll","background-type":"","background-media":"","overlay-type":"","overlay-color":"","overlay-opacity":"","overlay-gradient":""},"mobile":{"background-color":"var(--ast-global-color-5)","background-image":"","background-repeat":"repeat","background-position":"center center","background-size":"auto","background-attachment":"scroll","background-type":"","background-media":"","overlay-type":"","overlay-color":"","overlay-opacity":"","overlay-gradient":""}},"footnotes":""},"class_list":["post-19198","page","type-page","status-publish","hentry"],"acf":[],"aioseo_notices":[],"_links":{"self":[{"href":"https:\/\/walkinclosetcanada.com\/fr\/wp-json\/wp\/v2\/pages\/19198","targetHints":{"allow":["GET"]}}],"collection":[{"href":"https:\/\/walkinclosetcanada.com\/fr\/wp-json\/wp\/v2\/pages"}],"about":[{"href":"https:\/\/walkinclosetcanada.com\/fr\/wp-json\/wp\/v2\/types\/page"}],"author":[{"embeddable":true,"href":"https:\/\/walkinclosetcanada.com\/fr\/wp-json\/wp\/v2\/users\/247"}],"replies":[{"embeddable":true,"href":"https:\/\/walkinclosetcanada.com\/fr\/wp-json\/wp\/v2\/comments?post=19198"}],"version-history":[{"count":2,"href":"https:\/\/walkinclosetcanada.com\/fr\/wp-json\/wp\/v2\/pages\/19198\/revisions"}],"predecessor-version":[{"id":23546,"href":"https:\/\/walkinclosetcanada.com\/fr\/wp-json\/wp\/v2\/pages\/19198\/revisions\/23546"}],"wp:attachment":[{"href":"https:\/\/walkinclosetcanada.com\/fr\/wp-json\/wp\/v2\/media?parent=19198"}],"curies":[{"name":"wp","href":"https:\/\/api.w.org\/{rel}","templated":true}]}}