{"id":19200,"date":"2025-05-23T13:57:25","date_gmt":"2025-05-23T17:57:25","guid":{"rendered":"https:\/\/walkinclosetcanada.com\/?page_id=19200"},"modified":"2025-06-05T15:50:54","modified_gmt":"2025-06-05T19:50:54","slug":"notre-histoire","status":"publish","type":"page","link":"https:\/\/walkinclosetcanada.com\/fr\/a-propos\/notre-histoire\/","title":{"rendered":"Notre histoire"},"content":{"rendered":"\t\t<div data-elementor-type=\"wp-page\" data-elementor-id=\"19200\" class=\"elementor elementor-19200 elementor-18873\" data-elementor-post-type=\"page\">\n\t\t\t\t<div class=\"elementor-element elementor-element-63a87a4 e-flex e-con-boxed e-con e-parent\" data-id=\"63a87a4\" data-element_type=\"container\" data-e-type=\"container\">\n\t\t\t\t\t<div class=\"e-con-inner\">\n\t\t\t\t<div class=\"elementor-element elementor-element-8833cd6 elementor-widget elementor-widget-spacer\" data-id=\"8833cd6\" data-element_type=\"widget\" data-e-type=\"widget\" data-widget_type=\"spacer.default\">\n\t\t\t\t\t\t<div class=\"elementor-widget-container\">\n\t\t\t\t\t\t\t<div class=\"elementor-spacer\">\n\t\t\t<div class=\"elementor-spacer-inner\"><\/div>\n\t\t<\/div>\n\t\t\t\t\t\t<\/div>\n\t\t\t\t<\/div>\n\t\t\t\t<div class=\"elementor-element elementor-element-53b5674 elementor-widget__width-initial elementor-widget elementor-widget-heading\" data-id=\"53b5674\" data-element_type=\"widget\" data-e-type=\"widget\" data-widget_type=\"heading.default\">\n\t\t\t\t\t\t<div class=\"elementor-widget-container\">\n\t\t\t\t\t<h1 class=\"elementor-heading-title elementor-size-default\">Notre Histoire : Le Parcours de Walk In Closet Canada<\/h1>\t\t\t\t<\/div>\n\t\t\t\t<\/div>\n\t\t\t\t<div class=\"elementor-element elementor-element-2ceb148 elementor-widget-divider--view-line elementor-widget elementor-widget-divider\" data-id=\"2ceb148\" data-element_type=\"widget\" data-e-type=\"widget\" data-widget_type=\"divider.default\">\n\t\t\t\t\t\t<div class=\"elementor-widget-container\">\n\t\t\t\t\t\t\t<div class=\"elementor-divider\">\n\t\t\t<span class=\"elementor-divider-separator\">\n\t\t\t\t\t\t<\/span>\n\t\t<\/div>\n\t\t\t\t\t\t<\/div>\n\t\t\t\t<\/div>\n\t\t\t\t<div class=\"elementor-element elementor-element-12ee40d elementor-widget__width-initial elementor-widget elementor-widget-text-editor\" data-id=\"12ee40d\" data-element_type=\"widget\" data-e-type=\"widget\" data-widget_type=\"text-editor.default\">\n\t\t\t\t\t\t<div class=\"elementor-widget-container\">\n\t\t\t\t\t\t\t\t\t<p><span style=\"font-weight: 400;\">Chez Walk-In Closet Canada, notre histoire a commenc\u00e9 avec une conviction simple : tout le monde m\u00e9rite un espace bien organis\u00e9 et agr\u00e9able pour commencer et terminer sa journ\u00e9e. Fond\u00e9e par Konstantin Ksolom, notre mission a toujours \u00e9t\u00e9 d\u2019offrir des <a href=\"\/fr\/solutions\/\">solutions<\/a> de rangement haut de gamme et personnalis\u00e9es aux familles du <a href=\"\/fr\/salles-de-montre\/\">Qu\u00e9bec<\/a> et de l\u2019Ontario.<\/span><\/p>\t\t\t\t\t\t\t\t<\/div>\n\t\t\t\t<\/div>\n\t\t\t\t\t<\/div>\n\t\t\t\t<\/div>\n\t\t<div class=\"elementor-element elementor-element-26a19d0 e-flex e-con-boxed e-con e-parent\" data-id=\"26a19d0\" data-element_type=\"container\" data-e-type=\"container\">\n\t\t\t\t\t<div class=\"e-con-inner\">\n\t\t<div class=\"elementor-element elementor-element-384877b e-con-full e-flex e-con e-child\" data-id=\"384877b\" data-element_type=\"container\" data-e-type=\"container\">\n\t\t\t\t<div class=\"elementor-element elementor-element-34440af elementor-widget elementor-widget-image\" data-id=\"34440af\" data-element_type=\"widget\" data-e-type=\"widget\" data-widget_type=\"image.default\">\n\t\t\t\t\t\t<div class=\"elementor-widget-container\">\n\t\t\t\t\t\t\t\t\t\t\t\t\t\t\t<img fetchpriority=\"high\" decoding=\"async\" width=\"1200\" height=\"900\" src=\"https:\/\/walkinclosetcanada.com\/wp-content\/uploads\/showroom-dorval-1200x900.jpg\" class=\"attachment-large size-large wp-image-18276\" alt=\"showroom dorval\" srcset=\"https:\/\/walkinclosetcanada.com\/wp-content\/uploads\/showroom-dorval-1200x900.jpg 1200w, https:\/\/walkinclosetcanada.com\/wp-content\/uploads\/showroom-dorval-600x450.jpg 600w, https:\/\/walkinclosetcanada.com\/wp-content\/uploads\/showroom-dorval-300x225.jpg 300w, https:\/\/walkinclosetcanada.com\/wp-content\/uploads\/showroom-dorval-768x576.jpg 768w, https:\/\/walkinclosetcanada.com\/wp-content\/uploads\/showroom-dorval-1536x1152.jpg 1536w, https:\/\/walkinclosetcanada.com\/wp-content\/uploads\/showroom-dorval-700x525.jpg 700w, https:\/\/walkinclosetcanada.com\/wp-content\/uploads\/showroom-dorval.jpg 2048w\" sizes=\"(max-width: 1200px) 100vw, 1200px\" \/>\t\t\t\t\t\t\t\t\t\t\t\t\t\t\t<\/div>\n\t\t\t\t<\/div>\n\t\t\t\t<\/div>\n\t\t<div class=\"elementor-element elementor-element-b37cc98 e-con-full e-flex e-con e-child\" data-id=\"b37cc98\" data-element_type=\"container\" data-e-type=\"container\">\n\t\t\t\t<div class=\"elementor-element elementor-element-755ffb4 elementor-widget elementor-widget-heading\" data-id=\"755ffb4\" data-element_type=\"widget\" data-e-type=\"widget\" data-widget_type=\"heading.default\">\n\t\t\t\t\t\t<div class=\"elementor-widget-container\">\n\t\t\t\t\t<h2 class=\"elementor-heading-title elementor-size-default\">De la Vision \u00e0 la R\u00e9alit\u00e9<\/h2>\t\t\t\t<\/div>\n\t\t\t\t<\/div>\n\t\t\t\t<div class=\"elementor-element elementor-element-b4732fa elementor-widget elementor-widget-text-editor\" data-id=\"b4732fa\" data-element_type=\"widget\" data-e-type=\"widget\" data-widget_type=\"text-editor.default\">\n\t\t\t\t\t\t<div class=\"elementor-widget-container\">\n\t\t\t\t\t\t\t\t\t<p><span style=\"font-weight: 400;\">Tout a commenc\u00e9 modestement, avec des <a href=\"\/fr\/categorie-produit\/garde-robes-walk-in\/\">walk-ins<\/a><a href=\"\/fr\/categorie-produit\/garde-robes-walk-in\/\"> sur mesure<\/a> con\u00e7us pour nos proches, toujours avec le souci du d\u00e9tail et de la satisfaction client. Le bouche-\u00e0-oreille a fait le reste, transformant notre passion en un service de design complet, aujourd\u2019hui reconnu par les propri\u00e9taires, designers et entrepreneurs.<\/span><\/p>\t\t\t\t\t\t\t\t<\/div>\n\t\t\t\t<\/div>\n\t\t\t\t<div class=\"elementor-element elementor-element-d8c933b elementor-widget elementor-widget-heading\" data-id=\"d8c933b\" data-element_type=\"widget\" data-e-type=\"widget\" data-widget_type=\"heading.default\">\n\t\t\t\t\t\t<div class=\"elementor-widget-container\">\n\t\t\t\t\t<h2 class=\"elementor-heading-title elementor-size-default\">Ce Qui Nous Rend Diff\u00e9rents<\/h2>\t\t\t\t<\/div>\n\t\t\t\t<\/div>\n\t\t\t\t<div class=\"elementor-element elementor-element-4e28242 elementor-widget elementor-widget-text-editor\" data-id=\"4e28242\" data-element_type=\"widget\" data-e-type=\"widget\" data-widget_type=\"text-editor.default\">\n\t\t\t\t\t\t<div class=\"elementor-widget-container\">\n\t\t\t\t\t\t\t\t\t<p><span style=\"font-weight: 400;\">Nous croyons au mariage entre l\u2019\u00e9l\u00e9gance europ\u00e9enne et la fonctionnalit\u00e9. Notre \u00e9quipe con\u00e7oit des garde-robes qui s\u2019adaptent \u00e0 votre quotidien \u2014 qu\u2019il s\u2019agisse de maximiser un petit espace ou de cr\u00e9er un <a href=\"\/fr\/solutions\/dressings\/\">dressing<\/a> digne d\u2019un magazine. Chaque projet est un m\u00e9lange de savoir-faire, d\u2019innovation et de proximit\u00e9 locale.<\/span><\/p>\t\t\t\t\t\t\t\t<\/div>\n\t\t\t\t<\/div>\n\t\t\t\t<div class=\"elementor-element elementor-element-24e0ade elementor-widget elementor-widget-heading\" data-id=\"24e0ade\" data-element_type=\"widget\" data-e-type=\"widget\" data-widget_type=\"heading.default\">\n\t\t\t\t\t\t<div class=\"elementor-widget-container\">\n\t\t\t\t\t<h2 class=\"elementor-heading-title elementor-size-default\">Pourquoi Nos Clients Nous Choisissent<\/h2>\t\t\t\t<\/div>\n\t\t\t\t<\/div>\n\t\t\t\t<div class=\"elementor-element elementor-element-a5ecd3d elementor-widget elementor-widget-text-editor\" data-id=\"a5ecd3d\" data-element_type=\"widget\" data-e-type=\"widget\" data-widget_type=\"text-editor.default\">\n\t\t\t\t\t\t<div class=\"elementor-widget-container\">\n\t\t\t\t\t\t\t\t\t<ul><li style=\"font-weight: 400;\" aria-level=\"1\"><span style=\"font-weight: 400;\">Solutions de <a href=\"\/fr\/solutions\/\">rangement europ\u00e9ennes sur mesure<\/a><\/span><\/li><li style=\"font-weight: 400;\" aria-level=\"1\"><span style=\"font-weight: 400;\">Walk-ins et garde-robes de luxe<\/span><\/li><li style=\"font-weight: 400;\" aria-level=\"1\"><span style=\"font-weight: 400;\">Service complet de <a href=\"\/fr\/services\/consultation-design-garde-robe\/\">design personnalis\u00e9<\/a><\/span><\/li><li style=\"font-weight: 400;\" aria-level=\"1\"><span style=\"font-weight: 400;\">Des centaines de finis, mat\u00e9riaux et configurations disponibles<\/span><\/li><li style=\"font-weight: 400;\" aria-level=\"1\"><span style=\"font-weight: 400;\">\u00c9quipe d\u2019experts en design et installation<\/span><\/li><li style=\"font-weight: 400;\" aria-level=\"1\"><span style=\"font-weight: 400;\">D\u00e9lais fiables et communication transparente<\/span><\/li><\/ul>\t\t\t\t\t\t\t\t<\/div>\n\t\t\t\t<\/div>\n\t\t\t\t<div class=\"elementor-element elementor-element-56c5496 elementor-widget elementor-widget-heading\" data-id=\"56c5496\" data-element_type=\"widget\" data-e-type=\"widget\" data-widget_type=\"heading.default\">\n\t\t\t\t\t\t<div class=\"elementor-widget-container\">\n\t\t\t\t\t<h2 class=\"elementor-heading-title elementor-size-default\">Pr\u00eat \u00e0 Commencer Votre Projet?<\/h2>\t\t\t\t<\/div>\n\t\t\t\t<\/div>\n\t\t\t\t<div class=\"elementor-element elementor-element-2b63890 elementor-widget elementor-widget-text-editor\" data-id=\"2b63890\" data-element_type=\"widget\" data-e-type=\"widget\" data-widget_type=\"text-editor.default\">\n\t\t\t\t\t\t<div class=\"elementor-widget-container\">\n\t\t\t\t\t\t\t\t\t<p><span style=\"font-weight: 400;\">Nous ne sommes pas qu\u2019un fabricant de garde-robes \u2014 nous sommes un v\u00e9ritable partenaire dans la transformation de votre int\u00e9rieur. Faites l\u2019exp\u00e9rience d\u2019un service local, humain et passionn\u00e9, du premier croquis \u00e0 l\u2019installation finale.<\/span><\/p>\t\t\t\t\t\t\t\t<\/div>\n\t\t\t\t<\/div>\n\t\t\t\t<div class=\"elementor-element elementor-element-7973d61 elementor-widget elementor-widget-text-editor\" data-id=\"7973d61\" data-element_type=\"widget\" data-e-type=\"widget\" data-widget_type=\"text-editor.default\">\n\t\t\t\t\t\t<div class=\"elementor-widget-container\">\n\t\t\t\t\t\t\t\t\t<p><span style=\"font-weight: 400;\"><a href=\"\/fr\/a-propos\/comment-nous-travaillons\/\">D\u00e9couvrez notre approche<\/a> | <a href=\"\/fr\/services\/\">Explorez nos services<\/a> | <a href=\"\/\">Retour \u00e0 l\u2019accueil<\/a><\/span><\/p>\t\t\t\t\t\t\t\t<\/div>\n\t\t\t\t<\/div>\n\t\t\t\t<\/div>\n\t\t\t\t\t<\/div>\n\t\t\t\t<\/div>\n\t\t<div class=\"elementor-element elementor-element-9b9601a e-con-full e-flex e-con e-parent\" data-id=\"9b9601a\" data-element_type=\"container\" data-e-type=\"container\">\n\t\t\t\t<div class=\"elementor-element elementor-element-34d48bb2 elementor-widget elementor-widget-template\" data-id=\"34d48bb2\" data-element_type=\"widget\" data-e-type=\"widget\" data-widget_type=\"template.default\">\n\t\t\t\t\t\t<div class=\"elementor-widget-container\">\n\t\t\t\t\t\t\t<div class=\"elementor-template\">\n\t\t\t\t\t<div data-elementor-type=\"container\" data-elementor-id=\"19040\" class=\"elementor elementor-19040\" data-elementor-post-type=\"elementor_library\">\n\t\t\t\t<div class=\"elementor-element elementor-element-7154deb e-con-full e-flex e-con e-parent\" data-id=\"7154deb\" data-element_type=\"container\" data-e-type=\"container\">\n\t\t\t\t<div class=\"elementor-element elementor-element-7fdaad5 elementor-widget elementor-widget-heading\" data-id=\"7fdaad5\" data-element_type=\"widget\" data-e-type=\"widget\" data-widget_type=\"heading.default\">\n\t\t\t\t\t\t<div class=\"elementor-widget-container\">\n\t\t\t\t\t<h2 class=\"elementor-heading-title elementor-size-default\">D\u00e9couvrez nos styles de placards<br \/> <strong>sur mesure<\/strong><\/h2>\t\t\t\t<\/div>\n\t\t\t\t<\/div>\n\t\t\t\t<div class=\"elementor-element elementor-element-295d424 elementor-widget elementor-widget-text-editor\" data-id=\"295d424\" data-element_type=\"widget\" data-e-type=\"widget\" data-widget_type=\"text-editor.default\">\n\t\t\t\t\t\t<div class=\"elementor-widget-container\">\n\t\t\t\t\t\t\t\t\t<p>Des dressings spacieux aux armoires compactes, nous proposons des solutions sur mesure pour chaque pi\u00e8ce. Nous vous aidons \u00e0 am\u00e9liorer votre int\u00e9rieur. Que vous r\u00e9noviez votre suite parentale ou conceviez un placard d\u2019entr\u00e9e \u00e9l\u00e9gant, nous cr\u00e9ons des espaces esth\u00e9tiques.<\/p>\t\t\t\t\t\t\t\t<\/div>\n\t\t\t\t<\/div>\n\t\t<div class=\"elementor-element elementor-element-af26adf e-flex e-con-boxed e-con e-child\" data-id=\"af26adf\" data-element_type=\"container\" data-e-type=\"container\">\n\t\t\t\t\t<div class=\"e-con-inner\">\n\t\t\t\t<div class=\"elementor-element elementor-element-f93c0cf elementor-position-top elementor-widget elementor-widget-image-box\" data-id=\"f93c0cf\" data-element_type=\"widget\" data-e-type=\"widget\" data-widget_type=\"image-box.default\">\n\t\t\t\t\t\t<div class=\"elementor-widget-container\">\n\t\t\t\t\t<div class=\"elementor-image-box-wrapper\"><figure class=\"elementor-image-box-img\"><a href=\"\/fr\/categorie-produit\/chambres\/\" tabindex=\"-1\"><img decoding=\"async\" width=\"1500\" height=\"2000\" src=\"https:\/\/walkinclosetcanada.com\/wp-content\/uploads\/cat-frontpage04.jpg\" class=\"elementor-animation-shrink attachment-full size-full wp-image-18115\" alt=\"\" srcset=\"https:\/\/walkinclosetcanada.com\/wp-content\/uploads\/cat-frontpage04.jpg 1500w, https:\/\/walkinclosetcanada.com\/wp-content\/uploads\/cat-frontpage04-450x600.jpg 450w, https:\/\/walkinclosetcanada.com\/wp-content\/uploads\/cat-frontpage04-900x1200.jpg 900w, https:\/\/walkinclosetcanada.com\/wp-content\/uploads\/cat-frontpage04-225x300.jpg 225w, https:\/\/walkinclosetcanada.com\/wp-content\/uploads\/cat-frontpage04-768x1024.jpg 768w, https:\/\/walkinclosetcanada.com\/wp-content\/uploads\/cat-frontpage04-1152x1536.jpg 1152w, https:\/\/walkinclosetcanada.com\/wp-content\/uploads\/cat-frontpage04-700x933.jpg 700w\" sizes=\"(max-width: 1500px) 100vw, 1500px\" \/><\/a><\/figure><div class=\"elementor-image-box-content\"><h4 class=\"elementor-image-box-title\"><a href=\"\/fr\/categorie-produit\/chambres\/\">Chambres<\/a><\/h4><\/div><\/div>\t\t\t\t<\/div>\n\t\t\t\t<\/div>\n\t\t\t\t<div class=\"elementor-element elementor-element-a6758de elementor-position-top elementor-widget elementor-widget-image-box\" data-id=\"a6758de\" data-element_type=\"widget\" data-e-type=\"widget\" data-widget_type=\"image-box.default\">\n\t\t\t\t\t\t<div class=\"elementor-widget-container\">\n\t\t\t\t\t<div class=\"elementor-image-box-wrapper\"><figure class=\"elementor-image-box-img\"><a href=\"\/fr\/categorie-produit\/garde-robes-walk-in\/\" tabindex=\"-1\"><img decoding=\"async\" width=\"1500\" height=\"2000\" src=\"https:\/\/walkinclosetcanada.com\/wp-content\/uploads\/cat-frontpage03.jpg\" class=\"elementor-animation-shrink attachment-full size-full wp-image-18113\" alt=\"\" srcset=\"https:\/\/walkinclosetcanada.com\/wp-content\/uploads\/cat-frontpage03.jpg 1500w, https:\/\/walkinclosetcanada.com\/wp-content\/uploads\/cat-frontpage03-450x600.jpg 450w, https:\/\/walkinclosetcanada.com\/wp-content\/uploads\/cat-frontpage03-900x1200.jpg 900w, https:\/\/walkinclosetcanada.com\/wp-content\/uploads\/cat-frontpage03-225x300.jpg 225w, https:\/\/walkinclosetcanada.com\/wp-content\/uploads\/cat-frontpage03-768x1024.jpg 768w, https:\/\/walkinclosetcanada.com\/wp-content\/uploads\/cat-frontpage03-1152x1536.jpg 1152w, https:\/\/walkinclosetcanada.com\/wp-content\/uploads\/cat-frontpage03-700x933.jpg 700w\" sizes=\"(max-width: 1500px) 100vw, 1500px\" \/><\/a><\/figure><div class=\"elementor-image-box-content\"><h4 class=\"elementor-image-box-title\"><a href=\"\/fr\/categorie-produit\/garde-robes-walk-in\/\">Garde-robes Walk-in<\/a><\/h4><\/div><\/div>\t\t\t\t<\/div>\n\t\t\t\t<\/div>\n\t\t\t\t<div class=\"elementor-element elementor-element-6e939c6 elementor-position-top elementor-widget elementor-widget-image-box\" data-id=\"6e939c6\" data-element_type=\"widget\" data-e-type=\"widget\" data-widget_type=\"image-box.default\">\n\t\t\t\t\t\t<div class=\"elementor-widget-container\">\n\t\t\t\t\t<div class=\"elementor-image-box-wrapper\"><figure class=\"elementor-image-box-img\"><a href=\"\/fr\/categorie-produit\/lits-escamotables\/\" tabindex=\"-1\"><img loading=\"lazy\" decoding=\"async\" width=\"1500\" height=\"2000\" src=\"https:\/\/walkinclosetcanada.com\/wp-content\/uploads\/cat-frontpage01.jpg\" class=\"elementor-animation-shrink attachment-full size-full wp-image-18109\" alt=\"\" srcset=\"https:\/\/walkinclosetcanada.com\/wp-content\/uploads\/cat-frontpage01.jpg 1500w, https:\/\/walkinclosetcanada.com\/wp-content\/uploads\/cat-frontpage01-450x600.jpg 450w, https:\/\/walkinclosetcanada.com\/wp-content\/uploads\/cat-frontpage01-900x1200.jpg 900w, https:\/\/walkinclosetcanada.com\/wp-content\/uploads\/cat-frontpage01-225x300.jpg 225w, https:\/\/walkinclosetcanada.com\/wp-content\/uploads\/cat-frontpage01-768x1024.jpg 768w, https:\/\/walkinclosetcanada.com\/wp-content\/uploads\/cat-frontpage01-1152x1536.jpg 1152w, https:\/\/walkinclosetcanada.com\/wp-content\/uploads\/cat-frontpage01-700x933.jpg 700w\" sizes=\"(max-width: 1500px) 100vw, 1500px\" \/><\/a><\/figure><div class=\"elementor-image-box-content\"><h4 class=\"elementor-image-box-title\"><a href=\"\/fr\/categorie-produit\/lits-escamotables\/\">Lits Escamotables<\/a><\/h4><\/div><\/div>\t\t\t\t<\/div>\n\t\t\t\t<\/div>\n\t\t\t\t<div class=\"elementor-element elementor-element-12f349b elementor-position-top elementor-widget elementor-widget-image-box\" data-id=\"12f349b\" data-element_type=\"widget\" data-e-type=\"widget\" data-widget_type=\"image-box.default\">\n\t\t\t\t\t\t<div class=\"elementor-widget-container\">\n\t\t\t\t\t<div class=\"elementor-image-box-wrapper\"><figure class=\"elementor-image-box-img\"><a href=\"\/fr\/categorie-produit\/armoires\/\" tabindex=\"-1\"><img loading=\"lazy\" decoding=\"async\" width=\"1500\" height=\"2000\" src=\"https:\/\/walkinclosetcanada.com\/wp-content\/uploads\/cat-frontpage02.jpg\" class=\"elementor-animation-shrink attachment-full size-full wp-image-18111\" alt=\"\" srcset=\"https:\/\/walkinclosetcanada.com\/wp-content\/uploads\/cat-frontpage02.jpg 1500w, https:\/\/walkinclosetcanada.com\/wp-content\/uploads\/cat-frontpage02-450x600.jpg 450w, https:\/\/walkinclosetcanada.com\/wp-content\/uploads\/cat-frontpage02-900x1200.jpg 900w, https:\/\/walkinclosetcanada.com\/wp-content\/uploads\/cat-frontpage02-225x300.jpg 225w, https:\/\/walkinclosetcanada.com\/wp-content\/uploads\/cat-frontpage02-768x1024.jpg 768w, https:\/\/walkinclosetcanada.com\/wp-content\/uploads\/cat-frontpage02-1152x1536.jpg 1152w, https:\/\/walkinclosetcanada.com\/wp-content\/uploads\/cat-frontpage02-700x933.jpg 700w\" sizes=\"(max-width: 1500px) 100vw, 1500px\" \/><\/a><\/figure><div class=\"elementor-image-box-content\"><h4 class=\"elementor-image-box-title\"><a href=\"\/fr\/categorie-produit\/armoires\/\">Armoires<\/a><\/h4><\/div><\/div>\t\t\t\t<\/div>\n\t\t\t\t<\/div>\n\t\t\t\t\t<\/div>\n\t\t\t\t<\/div>\n\t\t\t\t<\/div>\n\t\t\t\t<\/div>\n\t\t\t\t<\/div>\n\t\t\t\t\t\t<\/div>\n\t\t\t\t<\/div>\n\t\t\t\t<\/div>\n\t\t\t\t<\/div>\n\t\t","protected":false},"excerpt":{"rendered":"<p>Notre Histoire : Le Parcours de Walk In Closet Canada Chez Walk-In Closet Canada, notre histoire a commenc\u00e9 avec une conviction simple [&hellip;]<\/p>\n","protected":false},"author":247,"featured_media":0,"parent":19198,"menu_order":0,"comment_status":"closed","ping_status":"closed","template":"","meta":{"_acf_changed":false,"site-sidebar-layout":"no-sidebar","site-content-layout":"page-builder","ast-site-content-layout":"full-width-container","site-content-style":"default","site-sidebar-style":"default","ast-global-header-display":"","ast-banner-title-visibility":"","ast-main-header-display":"","ast-hfb-above-header-display":"","ast-hfb-below-header-display":"","ast-hfb-mobile-header-display":"","site-post-title":"disabled","ast-breadcrumbs-content":"","ast-featured-img":"disabled","footer-sml-layout":"","ast-disable-related-posts":"","theme-transparent-header-meta":"default","adv-header-id-meta":"","stick-header-meta":"default","header-above-stick-meta":"","header-main-stick-meta":"","header-below-stick-meta":"","astra-migrate-meta-layouts":"set","ast-page-background-enabled":"default","ast-page-background-meta":{"desktop":{"background-color":"var(--ast-global-color-4)","background-image":"","background-repeat":"repeat","background-position":"center center","background-size":"auto","background-attachment":"scroll","background-type":"","background-media":"","overlay-type":"","overlay-color":"","overlay-opacity":"","overlay-gradient":""},"tablet":{"background-color":"","background-image":"","background-repeat":"repeat","background-position":"center center","background-size":"auto","background-attachment":"scroll","background-type":"","background-media":"","overlay-type":"","overlay-color":"","overlay-opacity":"","overlay-gradient":""},"mobile":{"background-color":"","background-image":"","background-repeat":"repeat","background-position":"center center","background-size":"auto","background-attachment":"scroll","background-type":"","background-media":"","overlay-type":"","overlay-color":"","overlay-opacity":"","overlay-gradient":""}},"ast-content-background-meta":{"desktop":{"background-color":"var(--ast-global-color-5)","background-image":"","background-repeat":"repeat","background-position":"center center","background-size":"auto","background-attachment":"scroll","background-type":"","background-media":"","overlay-type":"","overlay-color":"","overlay-opacity":"","overlay-gradient":""},"tablet":{"background-color":"var(--ast-global-color-5)","background-image":"","background-repeat":"repeat","background-position":"center center","background-size":"auto","background-attachment":"scroll","background-type":"","background-media":"","overlay-type":"","overlay-color":"","overlay-opacity":"","overlay-gradient":""},"mobile":{"background-color":"var(--ast-global-color-5)","background-image":"","background-repeat":"repeat","background-position":"center center","background-size":"auto","background-attachment":"scroll","background-type":"","background-media":"","overlay-type":"","overlay-color":"","overlay-opacity":"","overlay-gradient":""}},"footnotes":""},"class_list":["post-19200","page","type-page","status-publish","hentry"],"acf":[],"aioseo_notices":[],"_links":{"self":[{"href":"https:\/\/walkinclosetcanada.com\/fr\/wp-json\/wp\/v2\/pages\/19200","targetHints":{"allow":["GET"]}}],"collection":[{"href":"https:\/\/walkinclosetcanada.com\/fr\/wp-json\/wp\/v2\/pages"}],"about":[{"href":"https:\/\/walkinclosetcanada.com\/fr\/wp-json\/wp\/v2\/types\/page"}],"author":[{"embeddable":true,"href":"https:\/\/walkinclosetcanada.com\/fr\/wp-json\/wp\/v2\/users\/247"}],"replies":[{"embeddable":true,"href":"https:\/\/walkinclosetcanada.com\/fr\/wp-json\/wp\/v2\/comments?post=19200"}],"version-history":[{"count":2,"href":"https:\/\/walkinclosetcanada.com\/fr\/wp-json\/wp\/v2\/pages\/19200\/revisions"}],"predecessor-version":[{"id":20716,"href":"https:\/\/walkinclosetcanada.com\/fr\/wp-json\/wp\/v2\/pages\/19200\/revisions\/20716"}],"up":[{"embeddable":true,"href":"https:\/\/walkinclosetcanada.com\/fr\/wp-json\/wp\/v2\/pages\/19198"}],"wp:attachment":[{"href":"https:\/\/walkinclosetcanada.com\/fr\/wp-json\/wp\/v2\/media?parent=19200"}],"curies":[{"name":"wp","href":"https:\/\/api.w.org\/{rel}","templated":true}]}}