{"id":19270,"date":"2025-05-26T13:34:39","date_gmt":"2025-05-26T17:34:39","guid":{"rendered":"https:\/\/walkinclosetcanada.com\/?page_id=19270"},"modified":"2025-11-26T12:57:39","modified_gmt":"2025-11-26T17:57:39","slug":"reservez-consultation-gratuite","status":"publish","type":"page","link":"https:\/\/walkinclosetcanada.com\/fr\/reservez-consultation-gratuite\/","title":{"rendered":"Consultation Gratuite"},"content":{"rendered":"\t\t<div data-elementor-type=\"wp-page\" data-elementor-id=\"19270\" class=\"elementor elementor-19270 elementor-18990\" data-elementor-post-type=\"page\">\n\t\t\t\t<div class=\"elementor-element elementor-element-db263f3 e-flex e-con-boxed e-con e-parent\" data-id=\"db263f3\" data-element_type=\"container\" data-e-type=\"container\">\n\t\t\t\t\t<div class=\"e-con-inner\">\n\t\t\t\t<div class=\"elementor-element elementor-element-213ed69 elementor-widget__width-initial elementor-widget elementor-widget-heading\" data-id=\"213ed69\" data-element_type=\"widget\" data-e-type=\"widget\" data-widget_type=\"heading.default\">\n\t\t\t\t\t\t<div class=\"elementor-widget-container\">\n\t\t\t\t\t<h1 class=\"elementor-heading-title elementor-size-default\">Planifiez Votre Consultation Gratuite de Design de Garde-robe sur Mesure<\/h1>\t\t\t\t<\/div>\n\t\t\t\t<\/div>\n\t\t\t\t<div class=\"elementor-element elementor-element-49f4c5d elementor-widget elementor-widget-text-editor\" data-id=\"49f4c5d\" data-element_type=\"widget\" data-e-type=\"widget\" data-widget_type=\"text-editor.default\">\n\t\t\t\t\t\t<div class=\"elementor-widget-container\">\n\t\t\t\t\t\t\t\t\t<p><span style=\"font-weight: 400;\">Pr\u00eat \u00e0 transformer votre espace? Planifiez une consultation gratuite et sans engagement avec Walk-In Closet Canada. Nos designers sont l\u00e0 pour vous aider \u00e0 cr\u00e9er une garde-robe personnalis\u00e9e qui s\u2019adapte \u00e0 votre style de vie, votre budget et votre maison.<\/span><\/p>\t\t\t\t\t\t\t\t<\/div>\n\t\t\t\t<\/div>\n\t\t\t\t\t<\/div>\n\t\t\t\t<\/div>\n\t\t<div class=\"elementor-element elementor-element-4c9231e e-flex e-con-boxed e-con e-parent\" data-id=\"4c9231e\" data-element_type=\"container\" data-e-type=\"container\">\n\t\t\t\t\t<div class=\"e-con-inner\">\n\t\t<div class=\"elementor-element elementor-element-82ab073 e-con-full e-flex e-con e-child\" data-id=\"82ab073\" data-element_type=\"container\" data-e-type=\"container\">\n\t\t\t\t<div class=\"elementor-element elementor-element-1481d5f elementor-widget elementor-widget-heading\" data-id=\"1481d5f\" data-element_type=\"widget\" data-e-type=\"widget\" data-widget_type=\"heading.default\">\n\t\t\t\t\t\t<div class=\"elementor-widget-container\">\n\t\t\t\t\t<h2 class=\"elementor-heading-title elementor-size-default\">Ce Que Comprend la Consultation<\/h2>\t\t\t\t<\/div>\n\t\t\t\t<\/div>\n\t\t\t\t<div class=\"elementor-element elementor-element-1011605 elementor-widget elementor-widget-text-editor\" data-id=\"1011605\" data-element_type=\"widget\" data-e-type=\"widget\" data-widget_type=\"text-editor.default\">\n\t\t\t\t\t\t<div class=\"elementor-widget-container\">\n\t\t\t\t\t\t\t\t\t<ul><li style=\"font-weight: 400;\" aria-level=\"1\"><span style=\"font-weight: 400;\">Rencontre personnalis\u00e9e avec un sp\u00e9cialiste du design de garde-robe<\/span><\/li><li style=\"font-weight: 400;\" aria-level=\"1\"><span style=\"font-weight: 400;\">Pr\u00e9visualisation 3D et planification de l\u2019am\u00e9nagement<\/span><\/li><li style=\"font-weight: 400;\" aria-level=\"1\"><span style=\"font-weight: 400;\">Conseils experts sur les finis, mat\u00e9riaux et options de rangement<\/span><\/li><li style=\"font-weight: 400;\" aria-level=\"1\"><span style=\"font-weight: 400;\">Sans pression, sans engagement \u2013 seulement des recommandations sur mesure<\/span><\/li><\/ul>\t\t\t\t\t\t\t\t<\/div>\n\t\t\t\t<\/div>\n\t\t\t\t<\/div>\n\t\t<div class=\"elementor-element elementor-element-acd9a69 e-con-full e-flex e-con e-child\" data-id=\"acd9a69\" data-element_type=\"container\" data-e-type=\"container\">\n\t\t\t\t<div class=\"elementor-element elementor-element-3e043f0 elementor-widget elementor-widget-heading\" data-id=\"3e043f0\" data-element_type=\"widget\" data-e-type=\"widget\" data-widget_type=\"heading.default\">\n\t\t\t\t\t\t<div class=\"elementor-widget-container\">\n\t\t\t\t\t<h2 class=\"elementor-heading-title elementor-size-default\">Vous Pr\u00e9f\u00e9rez Ne Pas Parler \u00e0 un Designer?<\/h2>\t\t\t\t<\/div>\n\t\t\t\t<\/div>\n\t\t\t\t<div class=\"elementor-element elementor-element-53433f5 elementor-widget elementor-widget-text-editor\" data-id=\"53433f5\" data-element_type=\"widget\" data-e-type=\"widget\" data-widget_type=\"text-editor.default\">\n\t\t\t\t\t\t<div class=\"elementor-widget-container\">\n\t\t\t\t\t\t\t\t\t<p><span style=\"font-weight: 400;\">Si vous pr\u00e9f\u00e9rez \u00e9viter une consultation en direct, utilisez notre <\/span><b>outil de design virtuel avec avatar<\/b><span style=\"font-weight: 400;\">. Il vous suffit de soumettre les d\u00e9tails de votre projet et vos mesures \u2014 notre assistant intelligent vous proposera une configuration de garde-robe personnalis\u00e9e, sans appel ni rencontre.<\/span><\/p><p><span style=\"font-weight: 400;\">Parfait pour les clients occup\u00e9s ou ceux qui pr\u00e9f\u00e8rent une approche technologique. Vous recevrez tout de m\u00eame un design 3D d\u00e9taill\u00e9 et un devis, avec la libert\u00e9 de poursuivre quand vous le souhaitez.<\/span><\/p>\t\t\t\t\t\t\t\t<\/div>\n\t\t\t\t<\/div>\n\t\t\t\t<\/div>\n\t\t\t\t\t<\/div>\n\t\t\t\t<\/div>\n\t\t<div class=\"elementor-element elementor-element-b55e054 e-flex e-con-boxed e-con e-parent\" data-id=\"b55e054\" data-element_type=\"container\" data-e-type=\"container\">\n\t\t\t\t\t<div class=\"e-con-inner\">\n\t\t\t\t<div class=\"elementor-element elementor-element-a115505 elementor-widget elementor-widget-heading\" data-id=\"a115505\" data-element_type=\"widget\" data-e-type=\"widget\" data-widget_type=\"heading.default\">\n\t\t\t\t\t\t<div class=\"elementor-widget-container\">\n\t\t\t\t\t<h2 class=\"elementor-heading-title elementor-size-default\">Planifiez Votre Session D\u00e8s Aujourd\u2019hui!<\/h2>\t\t\t\t<\/div>\n\t\t\t\t<\/div>\n\t\t\t\t<div class=\"elementor-element elementor-element-c92d46d elementor-button-align-center elementor-widget elementor-widget-form\" data-id=\"c92d46d\" data-element_type=\"widget\" data-e-type=\"widget\" data-settings=\"{&quot;step_next_label&quot;:&quot;Next \\u27f6&quot;,&quot;step_previous_label&quot;:&quot;\\u27f5 back&quot;,&quot;step_icon_shape&quot;:&quot;square&quot;,&quot;button_width&quot;:&quot;100&quot;,&quot;step_type&quot;:&quot;number_text&quot;}\" data-widget_type=\"form.default\">\n\t\t\t\t\t\t<div class=\"elementor-widget-container\">\n\t\t\t\t\t\t\t<form class=\"elementor-form\" method=\"post\" name=\"Schedule Appointment\" aria-label=\"Schedule Appointment\">\n\t\t\t<input type=\"hidden\" name=\"post_id\" value=\"19270\"\/>\n\t\t\t<input type=\"hidden\" name=\"form_id\" value=\"c92d46d\"\/>\n\t\t\t<input type=\"hidden\" name=\"referer_title\" value=\"R\u00e9servez Consultation Design Gratuite | Walk in Closet Canada\" \/>\n\n\t\t\t\t\t\t\t<input type=\"hidden\" name=\"queried_id\" value=\"19270\"\/>\n\t\t\t\n\t\t\t<div class=\"elementor-form-fields-wrapper elementor-labels-\">\n\t\t\t\t\t\t\t\t<div class=\"elementor-field-type-text elementor-field-group elementor-column elementor-field-group-field_6b514f4 elementor-col-100 elementor-field-required\">\n\t\t\t\t\t\t\t\t\t\t\t\t<label for=\"form-field-field_6b514f4\" class=\"elementor-field-label elementor-screen-only\">\n\t\t\t\t\t\t\t\tNom\t\t\t\t\t\t\t<\/label>\n\t\t\t\t\t\t\t\t\t\t\t\t\t\t<input size=\"1\" type=\"text\" name=\"form_fields[field_6b514f4]\" id=\"form-field-field_6b514f4\" class=\"elementor-field elementor-size-lg  elementor-field-textual\" placeholder=\"Nom*\" required=\"required\">\n\t\t\t\t\t\t\t\t\t\t\t<\/div>\n\t\t\t\t\t\t\t\t<div class=\"elementor-field-type-email elementor-field-group elementor-column elementor-field-group-message elementor-col-100 elementor-field-required\">\n\t\t\t\t\t\t\t\t\t\t\t\t<label for=\"form-field-message\" class=\"elementor-field-label elementor-screen-only\">\n\t\t\t\t\t\t\t\tcourriel\t\t\t\t\t\t\t<\/label>\n\t\t\t\t\t\t\t\t\t\t\t\t\t\t<input size=\"1\" type=\"email\" name=\"form_fields[message]\" id=\"form-field-message\" class=\"elementor-field elementor-size-lg  elementor-field-textual\" placeholder=\"Courriel*\" required=\"required\">\n\t\t\t\t\t\t\t\t\t\t\t<\/div>\n\t\t\t\t\t\t\t\t<div class=\"elementor-field-type-tel elementor-field-group elementor-column elementor-field-group-email elementor-col-100 elementor-field-required\">\n\t\t\t\t\t\t\t\t\t\t\t\t<label for=\"form-field-email\" class=\"elementor-field-label elementor-screen-only\">\n\t\t\t\t\t\t\t\tNum\u00e9ro de t\u00e9l\u00e9phone\t\t\t\t\t\t\t<\/label>\n\t\t\t\t\t\t\t\t<input size=\"1\" type=\"tel\" name=\"form_fields[email]\" id=\"form-field-email\" class=\"elementor-field elementor-size-lg  elementor-field-textual\" placeholder=\"Num\u00e9ro de t\u00e9l\u00e9phone*\" required=\"required\" pattern=\"[0-9()#&amp;+*-=.]+\" title=\"Seuls les caract\u00e8res de num\u00e9ros de t\u00e9l\u00e9phone (#, -, *, etc.) sont accept\u00e9s.\">\n\n\t\t\t\t\t\t<\/div>\n\t\t\t\t\t\t\t\t<div class=\"elementor-field-type-text elementor-field-group elementor-column elementor-field-group-field_eb4658e elementor-col-100 elementor-field-required\">\n\t\t\t\t\t\t\t\t\t\t\t\t<label for=\"form-field-field_eb4658e\" class=\"elementor-field-label elementor-screen-only\">\n\t\t\t\t\t\t\t\tcity\t\t\t\t\t\t\t<\/label>\n\t\t\t\t\t\t\t\t\t\t\t\t\t\t<input size=\"1\" type=\"text\" name=\"form_fields[field_eb4658e]\" id=\"form-field-field_eb4658e\" class=\"elementor-field elementor-size-lg  elementor-field-textual\" placeholder=\"Ville ou r\u00e9gion\" required=\"required\">\n\t\t\t\t\t\t\t\t\t\t\t<\/div>\n\t\t\t\t\t\t\t\t<div class=\"elementor-field-type-textarea elementor-field-group elementor-column elementor-field-group-field_47dd882 elementor-col-100 elementor-field-required\">\n\t\t\t\t\t\t\t\t\t\t\t\t<label for=\"form-field-field_47dd882\" class=\"elementor-field-label elementor-screen-only\">\n\t\t\t\t\t\t\t\tmessage\t\t\t\t\t\t\t<\/label>\n\t\t\t\t\t\t<textarea class=\"elementor-field-textual elementor-field  elementor-size-lg\" name=\"form_fields[field_47dd882]\" id=\"form-field-field_47dd882\" rows=\"4\" placeholder=\"Parlez-nous de votre projet\" required=\"required\"><\/textarea>\t\t\t\t<\/div>\n\t\t\t\t\t\t\t\t<div class=\"elementor-field-type-recaptcha elementor-field-group elementor-column elementor-field-group-field_bbef960 elementor-col-100\">\n\t\t\t\t\t<div class=\"elementor-field\" id=\"form-field-field_bbef960\"><div class=\"elementor-g-recaptcha\" data-sitekey=\"6LflHxksAAAAAEhgO1EeDXdi7XqgBaDSMaW01gZO\" data-type=\"v2_checkbox\" data-theme=\"light\" data-size=\"normal\"><\/div><\/div>\t\t\t\t<\/div>\n\t\t\t\t\t\t\t\t<div class=\"elementor-field-group elementor-column elementor-field-type-submit elementor-col-100 e-form__buttons\">\n\t\t\t\t\t<button class=\"elementor-button elementor-size-sm\" type=\"submit\">\n\t\t\t\t\t\t<span class=\"elementor-button-content-wrapper\">\n\t\t\t\t\t\t\t\t\t\t\t\t\t\t\t\t\t\t\t\t\t\t<span class=\"elementor-button-text\">Soumettre \u27f6<\/span>\n\t\t\t\t\t\t\t\t\t\t\t\t\t<\/span>\n\t\t\t\t\t<\/button>\n\t\t\t\t<\/div>\n\t\t\t<\/div>\n\t\t<\/form>\n\t\t\t\t\t\t<\/div>\n\t\t\t\t<\/div>\n\t\t\t\t\t<\/div>\n\t\t\t\t<\/div>\n\t\t<div class=\"elementor-element elementor-element-859d83a e-con-full e-flex e-con e-parent\" data-id=\"859d83a\" data-element_type=\"container\" data-e-type=\"container\">\n\t\t\t\t<div class=\"elementor-element elementor-element-2c120ba elementor-widget elementor-widget-template\" data-id=\"2c120ba\" data-element_type=\"widget\" data-e-type=\"widget\" data-widget_type=\"template.default\">\n\t\t\t\t\t\t<div class=\"elementor-widget-container\">\n\t\t\t\t\t\t\t<div class=\"elementor-template\">\n\t\t\t\t\t<div data-elementor-type=\"container\" data-elementor-id=\"19108\" class=\"elementor elementor-19108 elementor-19701 elementor-19701\" data-elementor-post-type=\"elementor_library\">\n\t\t\t\t<div class=\"elementor-element elementor-element-5b4576b e-flex e-con-boxed e-con e-parent\" data-id=\"5b4576b\" data-element_type=\"container\" data-e-type=\"container\">\n\t\t\t\t\t<div class=\"e-con-inner\">\n\t\t\t\t<div class=\"elementor-element elementor-element-2ea3f198 elementor-widget elementor-widget-heading\" data-id=\"2ea3f198\" data-element_type=\"widget\" data-e-type=\"widget\" data-widget_type=\"heading.default\">\n\t\t\t\t\t\t<div class=\"elementor-widget-container\">\n\t\t\t\t\t<h2 class=\"elementor-heading-title elementor-size-default\">Nos services<\/h2>\t\t\t\t<\/div>\n\t\t\t\t<\/div>\n\t\t\t\t<div class=\"elementor-element elementor-element-52d1e447 elementor-widget elementor-widget-text-editor\" data-id=\"52d1e447\" data-element_type=\"widget\" data-e-type=\"widget\" data-widget_type=\"text-editor.default\">\n\t\t\t\t\t\t<div class=\"elementor-widget-container\">\n\t\t\t\t\t\t\t\t\t<p>Visitez notre salle d\u2019exposition pour d\u00e9couvrir notre collection de meubles modernes et contemporains, et explorez les services personnalis\u00e9s que nous offrons pour vous aider \u00e0 concevoir la maison de vos r\u00eaves.<\/p>\t\t\t\t\t\t\t\t<\/div>\n\t\t\t\t<\/div>\n\t\t<div class=\"elementor-element elementor-element-2df823fe e-con-full e-grid e-con e-child\" data-id=\"2df823fe\" data-element_type=\"container\" data-e-type=\"container\">\n\t\t\t\t<div class=\"elementor-element elementor-element-10c6ee85 elementor-position-top elementor-widget elementor-widget-image-box\" data-id=\"10c6ee85\" data-element_type=\"widget\" data-e-type=\"widget\" data-widget_type=\"image-box.default\">\n\t\t\t\t\t\t<div class=\"elementor-widget-container\">\n\t\t\t\t\t<div class=\"elementor-image-box-wrapper\"><figure class=\"elementor-image-box-img\"><img fetchpriority=\"high\" decoding=\"async\" width=\"1200\" height=\"735\" src=\"https:\/\/walkinclosetcanada.com\/wp-content\/uploads\/contact-us02-1.jpg\" class=\"elementor-animation-float attachment-full size-full wp-image-19113\" alt=\"\" srcset=\"https:\/\/walkinclosetcanada.com\/wp-content\/uploads\/contact-us02-1.jpg 1200w, https:\/\/walkinclosetcanada.com\/wp-content\/uploads\/contact-us02-1-600x368.jpg 600w, https:\/\/walkinclosetcanada.com\/wp-content\/uploads\/contact-us02-1-300x184.jpg 300w, https:\/\/walkinclosetcanada.com\/wp-content\/uploads\/contact-us02-1-768x470.jpg 768w, https:\/\/walkinclosetcanada.com\/wp-content\/uploads\/contact-us02-1-700x429.jpg 700w\" sizes=\"(max-width: 1200px) 100vw, 1200px\" \/><\/figure><div class=\"elementor-image-box-content\"><h4 class=\"elementor-image-box-title\">Design d\u2019int\u00e9rieur gratuit<\/h4><p class=\"elementor-image-box-description\">Discutez de vos pr\u00e9f\u00e9rences de style, de design, des dimensions et des contraintes d\u2019espace avec nos designers, qui vous aideront \u00e0 choisir le mod\u00e8le parfaitement adapt\u00e9 \u00e0 vos besoins.<\/p><\/div><\/div>\t\t\t\t<\/div>\n\t\t\t\t<\/div>\n\t\t\t\t<div class=\"elementor-element elementor-element-280be102 elementor-position-top elementor-widget elementor-widget-image-box\" data-id=\"280be102\" data-element_type=\"widget\" data-e-type=\"widget\" data-widget_type=\"image-box.default\">\n\t\t\t\t\t\t<div class=\"elementor-widget-container\">\n\t\t\t\t\t<div class=\"elementor-image-box-wrapper\"><figure class=\"elementor-image-box-img\"><a href=\"\/fr\/reservation\" tabindex=\"-1\"><img decoding=\"async\" width=\"1200\" height=\"735\" src=\"https:\/\/walkinclosetcanada.com\/wp-content\/uploads\/contact-us01-1.jpg\" class=\"elementor-animation-float attachment-full size-full wp-image-19117\" alt=\"\" srcset=\"https:\/\/walkinclosetcanada.com\/wp-content\/uploads\/contact-us01-1.jpg 1200w, https:\/\/walkinclosetcanada.com\/wp-content\/uploads\/contact-us01-1-600x368.jpg 600w, https:\/\/walkinclosetcanada.com\/wp-content\/uploads\/contact-us01-1-300x184.jpg 300w, https:\/\/walkinclosetcanada.com\/wp-content\/uploads\/contact-us01-1-768x470.jpg 768w, https:\/\/walkinclosetcanada.com\/wp-content\/uploads\/contact-us01-1-700x429.jpg 700w\" sizes=\"(max-width: 1200px) 100vw, 1200px\" \/><\/a><\/figure><div class=\"elementor-image-box-content\"><h4 class=\"elementor-image-box-title\"><a href=\"\/fr\/reservation\">Prendre rendez-vous<\/a><\/h4><p class=\"elementor-image-box-description\">R\u00e9servez un cr\u00e9neau qui vous convient et profitez d\u2019un acc\u00e8s prioritaire \u00e0 notre salle d\u2019exposition, o\u00f9 un membre de notre \u00e9quipe vous guidera \u00e0 travers une s\u00e9lection sur mesure selon votre style.<\/p><\/div><\/div>\t\t\t\t<\/div>\n\t\t\t\t<\/div>\n\t\t\t\t<div class=\"elementor-element elementor-element-420ac987 elementor-position-top elementor-widget elementor-widget-image-box\" data-id=\"420ac987\" data-element_type=\"widget\" data-e-type=\"widget\" data-widget_type=\"image-box.default\">\n\t\t\t\t\t\t<div class=\"elementor-widget-container\">\n\t\t\t\t\t<div class=\"elementor-image-box-wrapper\"><figure class=\"elementor-image-box-img\"><img decoding=\"async\" width=\"1200\" height=\"735\" src=\"https:\/\/walkinclosetcanada.com\/wp-content\/uploads\/contact-us03-1.jpg\" class=\"elementor-animation-float attachment-full size-full wp-image-19121\" alt=\"\" srcset=\"https:\/\/walkinclosetcanada.com\/wp-content\/uploads\/contact-us03-1.jpg 1200w, https:\/\/walkinclosetcanada.com\/wp-content\/uploads\/contact-us03-1-600x368.jpg 600w, https:\/\/walkinclosetcanada.com\/wp-content\/uploads\/contact-us03-1-300x184.jpg 300w, https:\/\/walkinclosetcanada.com\/wp-content\/uploads\/contact-us03-1-768x470.jpg 768w, https:\/\/walkinclosetcanada.com\/wp-content\/uploads\/contact-us03-1-700x429.jpg 700w\" sizes=\"(max-width: 1200px) 100vw, 1200px\" \/><\/figure><div class=\"elementor-image-box-content\"><h4 class=\"elementor-image-box-title\">Personnalisation<\/h4><p class=\"elementor-image-box-description\">Obtenez des simulations professionnelles en 3D du mod\u00e8le choisi pour visualiser parfaitement votre Walk-in dans votre propre espace.<\/p><\/div><\/div>\t\t\t\t<\/div>\n\t\t\t\t<\/div>\n\t\t\t\t<\/div>\n\t\t\t\t\t<\/div>\n\t\t\t\t<\/div>\n\t\t\t\t<\/div>\n\t\t\t\t<\/div>\n\t\t\t\t\t\t<\/div>\n\t\t\t\t<\/div>\n\t\t\t\t<\/div>\n\t\t\t\t<\/div>\n\t\t","protected":false},"excerpt":{"rendered":"<p>Planifiez Votre Consultation Gratuite de Design de Garde-robe sur Mesure Pr\u00eat \u00e0 transformer votre espace? Planifiez une consultation gratuite et sans engagement [&hellip;]<\/p>\n","protected":false},"author":247,"featured_media":0,"parent":0,"menu_order":0,"comment_status":"closed","ping_status":"closed","template":"","meta":{"_acf_changed":false,"site-sidebar-layout":"no-sidebar","site-content-layout":"page-builder","ast-site-content-layout":"full-width-container","site-content-style":"default","site-sidebar-style":"default","ast-global-header-display":"","ast-banner-title-visibility":"","ast-main-header-display":"","ast-hfb-above-header-display":"","ast-hfb-below-header-display":"","ast-hfb-mobile-header-display":"","site-post-title":"disabled","ast-breadcrumbs-content":"","ast-featured-img":"disabled","footer-sml-layout":"","ast-disable-related-posts":"","theme-transparent-header-meta":"default","adv-header-id-meta":"","stick-header-meta":"default","header-above-stick-meta":"","header-main-stick-meta":"","header-below-stick-meta":"","astra-migrate-meta-layouts":"set","ast-page-background-enabled":"default","ast-page-background-meta":{"desktop":{"background-color":"var(--ast-global-color-4)","background-image":"","background-repeat":"repeat","background-position":"center center","background-size":"auto","background-attachment":"scroll","background-type":"","background-media":"","overlay-type":"","overlay-color":"","overlay-opacity":"","overlay-gradient":""},"tablet":{"background-color":"","background-image":"","background-repeat":"repeat","background-position":"center center","background-size":"auto","background-attachment":"scroll","background-type":"","background-media":"","overlay-type":"","overlay-color":"","overlay-opacity":"","overlay-gradient":""},"mobile":{"background-color":"","background-image":"","background-repeat":"repeat","background-position":"center center","background-size":"auto","background-attachment":"scroll","background-type":"","background-media":"","overlay-type":"","overlay-color":"","overlay-opacity":"","overlay-gradient":""}},"ast-content-background-meta":{"desktop":{"background-color":"var(--ast-global-color-5)","background-image":"","background-repeat":"repeat","background-position":"center center","background-size":"auto","background-attachment":"scroll","background-type":"","background-media":"","overlay-type":"","overlay-color":"","overlay-opacity":"","overlay-gradient":""},"tablet":{"background-color":"var(--ast-global-color-5)","background-image":"","background-repeat":"repeat","background-position":"center center","background-size":"auto","background-attachment":"scroll","background-type":"","background-media":"","overlay-type":"","overlay-color":"","overlay-opacity":"","overlay-gradient":""},"mobile":{"background-color":"var(--ast-global-color-5)","background-image":"","background-repeat":"repeat","background-position":"center center","background-size":"auto","background-attachment":"scroll","background-type":"","background-media":"","overlay-type":"","overlay-color":"","overlay-opacity":"","overlay-gradient":""}},"footnotes":""},"class_list":["post-19270","page","type-page","status-publish","hentry"],"acf":[],"aioseo_notices":[],"_links":{"self":[{"href":"https:\/\/walkinclosetcanada.com\/fr\/wp-json\/wp\/v2\/pages\/19270","targetHints":{"allow":["GET"]}}],"collection":[{"href":"https:\/\/walkinclosetcanada.com\/fr\/wp-json\/wp\/v2\/pages"}],"about":[{"href":"https:\/\/walkinclosetcanada.com\/fr\/wp-json\/wp\/v2\/types\/page"}],"author":[{"embeddable":true,"href":"https:\/\/walkinclosetcanada.com\/fr\/wp-json\/wp\/v2\/users\/247"}],"replies":[{"embeddable":true,"href":"https:\/\/walkinclosetcanada.com\/fr\/wp-json\/wp\/v2\/comments?post=19270"}],"version-history":[{"count":2,"href":"https:\/\/walkinclosetcanada.com\/fr\/wp-json\/wp\/v2\/pages\/19270\/revisions"}],"predecessor-version":[{"id":23582,"href":"https:\/\/walkinclosetcanada.com\/fr\/wp-json\/wp\/v2\/pages\/19270\/revisions\/23582"}],"wp:attachment":[{"href":"https:\/\/walkinclosetcanada.com\/fr\/wp-json\/wp\/v2\/media?parent=19270"}],"curies":[{"name":"wp","href":"https:\/\/api.w.org\/{rel}","templated":true}]}}