{"id":19276,"date":"2025-05-21T15:20:04","date_gmt":"2025-05-21T19:20:04","guid":{"rendered":"https:\/\/walkinclosetcanada.com\/?page_id=19276"},"modified":"2025-06-05T15:45:59","modified_gmt":"2025-06-05T19:45:59","slug":"solutions","status":"publish","type":"page","link":"https:\/\/walkinclosetcanada.com\/fr\/solutions\/","title":{"rendered":"Solutions"},"content":{"rendered":"\t\t<div data-elementor-type=\"wp-page\" data-elementor-id=\"19276\" class=\"elementor elementor-19276 elementor-18406\" data-elementor-post-type=\"page\">\n\t\t\t\t<div class=\"elementor-element elementor-element-2c6b436 e-flex e-con-boxed e-con e-parent\" data-id=\"2c6b436\" data-element_type=\"container\" data-e-type=\"container\">\n\t\t\t\t\t<div class=\"e-con-inner\">\n\t\t\t\t<div class=\"elementor-element elementor-element-5603638 elementor-widget elementor-widget-spacer\" data-id=\"5603638\" data-element_type=\"widget\" data-e-type=\"widget\" data-widget_type=\"spacer.default\">\n\t\t\t\t\t\t<div class=\"elementor-widget-container\">\n\t\t\t\t\t\t\t<div class=\"elementor-spacer\">\n\t\t\t<div class=\"elementor-spacer-inner\"><\/div>\n\t\t<\/div>\n\t\t\t\t\t\t<\/div>\n\t\t\t\t<\/div>\n\t\t\t\t<div class=\"elementor-element elementor-element-37f402e elementor-widget__width-initial elementor-widget elementor-widget-heading\" data-id=\"37f402e\" data-element_type=\"widget\" data-e-type=\"widget\" data-widget_type=\"heading.default\">\n\t\t\t\t\t\t<div class=\"elementor-widget-container\">\n\t\t\t\t\t<h1 class=\"elementor-heading-title elementor-size-default\">Explorez Nos Solutions de Garde-robe et Types de Design<\/h1>\t\t\t\t<\/div>\n\t\t\t\t<\/div>\n\t\t\t\t<div class=\"elementor-element elementor-element-b19492c elementor-widget elementor-widget-text-editor\" data-id=\"b19492c\" data-element_type=\"widget\" data-e-type=\"widget\" data-widget_type=\"text-editor.default\">\n\t\t\t\t\t\t<div class=\"elementor-widget-container\">\n\t\t\t\t\t\t\t\t\t<p><span style=\"font-weight: 400;\">Bienvenue dans notre univers du rangement \u2014 le point de d\u00e9part id\u00e9al pour cr\u00e9er des <\/span><a href=\"\/fr\/categorie-produit\/garde-robes-walk-in\/\"><b>garde-robes personnalis\u00e9es<\/b><\/a><span style=\"font-weight: 400;\"> adapt\u00e9es \u00e0 votre style de vie. Que vous am\u00e9nagiez un <\/span><b>walk-in<\/b><span style=\"font-weight: 400;\"> spacieux, int\u00e9griez un syst\u00e8me encastr\u00e9 dans la chambre \u00e0 coucher, ou recherchiez une <\/span><b>solution \u00e9l\u00e9gante pour <a href=\"\/fr\/solutions\/entrees\/\">l\u2019entr\u00e9e<\/a> ou les <a href=\"\/fr\/categorie-produit\/armoires\/\">armoires coulissantes<\/a><\/b><span style=\"font-weight: 400;\">, nous vous aidons \u00e0 concevoir la solution parfaite.<\/span><\/p><p><span style=\"font-weight: 400;\">Nos cat\u00e9gories de garde-robes offrent des options flexibles, <a href=\"\/fr\/categorie-produit\/garde-robes-walk-in\/\">une organisation intelligente<\/a>, ainsi que des finis harmonis\u00e9s \u00e0 l\u2019esth\u00e9tique de votre maison.<\/span><\/p>\t\t\t\t\t\t\t\t<\/div>\n\t\t\t\t<\/div>\n\t\t<div class=\"elementor-element elementor-element-e355651 e-con-full e-flex e-con e-child\" data-id=\"e355651\" data-element_type=\"container\" data-e-type=\"container\">\n\t\t<div class=\"elementor-element elementor-element-11428ec e-con-full e-flex e-con e-child\" data-id=\"11428ec\" data-element_type=\"container\" data-e-type=\"container\">\n\t\t\t\t<div class=\"elementor-element elementor-element-e12805c elementor-widget elementor-widget-heading\" data-id=\"e12805c\" data-element_type=\"widget\" data-e-type=\"widget\" data-widget_type=\"heading.default\">\n\t\t\t\t\t\t<div class=\"elementor-widget-container\">\n\t\t\t\t\t<h2 class=\"elementor-heading-title elementor-size-default\">Nos Cat\u00e9gories de Garde-Robes<\/h2>\t\t\t\t<\/div>\n\t\t\t\t<\/div>\n\t\t\t\t<div class=\"elementor-element elementor-element-37d0a47 elementor-widget elementor-widget-text-editor\" data-id=\"37d0a47\" data-element_type=\"widget\" data-e-type=\"widget\" data-widget_type=\"text-editor.default\">\n\t\t\t\t\t\t<div class=\"elementor-widget-container\">\n\t\t\t\t\t\t\t\t\t<ul><li style=\"font-weight: 400;\" aria-level=\"1\"><b>Walk-in<\/b><span style=\"font-weight: 400;\"> \u2013 Des garde-robes spacieuses et fonctionnelles, con\u00e7ues pour allier rangement et style.<\/span><\/li><li style=\"font-weight: 400;\" aria-level=\"1\"><b>Armoires<\/b><span style=\"font-weight: 400;\"> \u2013 Syst\u00e8mes d\u2019armoires \u00e0 portes coulissantes ou battantes avec modules int\u00e9rieurs modulables.<\/span><\/li><li style=\"font-weight: 400;\" aria-level=\"1\"><b>Lits escamotables (Murphy)<\/b><span style=\"font-weight: 400;\"> \u2013 Lits pliants int\u00e9gr\u00e9s \u00e0 des unit\u00e9s de rangement pour maximiser l\u2019espace.<\/span><\/li><li style=\"font-weight: 400;\" aria-level=\"1\"><b>Pi\u00e8ces-penderies (Dressing Rooms)<\/b><span style=\"font-weight: 400;\"> \u2013 Espaces inspir\u00e9s des boutiques pour une exp\u00e9rience haut de gamme.<\/span><\/li><li style=\"font-weight: 400;\" aria-level=\"1\"><b>Garde-robes d\u2019entr\u00e9e<\/b><span style=\"font-weight: 400;\"> \u2013 Meubles d\u2019entr\u00e9e compacts et bien pens\u00e9s pour un rangement pratique.<\/span><\/li><li><b>Armoires \u00e0 portes coulissantes<\/b><span style=\"font-weight: 400;\"> \u2013 Designs modernes en verre, bois et autres mat\u00e9riaux contemporains.<\/span><\/li><\/ul>\t\t\t\t\t\t\t\t<\/div>\n\t\t\t\t<\/div>\n\t\t\t\t<\/div>\n\t\t\t\t<div class=\"elementor-element elementor-element-3be24a3 elementor-widget elementor-widget-image\" data-id=\"3be24a3\" data-element_type=\"widget\" data-e-type=\"widget\" data-widget_type=\"image.default\">\n\t\t\t\t\t\t<div class=\"elementor-widget-container\">\n\t\t\t\t\t\t\t\t\t\t\t\t\t\t\t<img fetchpriority=\"high\" decoding=\"async\" width=\"1200\" height=\"775\" src=\"https:\/\/walkinclosetcanada.com\/wp-content\/uploads\/Closets-with-Folding-Doors-by-Lagrama-1-1200x775.jpg\" class=\"attachment-large size-large wp-image-13480\" alt=\"\" srcset=\"https:\/\/walkinclosetcanada.com\/wp-content\/uploads\/Closets-with-Folding-Doors-by-Lagrama-1-1200x775.jpg 1200w, https:\/\/walkinclosetcanada.com\/wp-content\/uploads\/Closets-with-Folding-Doors-by-Lagrama-1-600x388.jpg 600w, https:\/\/walkinclosetcanada.com\/wp-content\/uploads\/Closets-with-Folding-Doors-by-Lagrama-1-300x194.jpg 300w, https:\/\/walkinclosetcanada.com\/wp-content\/uploads\/Closets-with-Folding-Doors-by-Lagrama-1-768x496.jpg 768w, https:\/\/walkinclosetcanada.com\/wp-content\/uploads\/Closets-with-Folding-Doors-by-Lagrama-1-1536x993.jpg 1536w, https:\/\/walkinclosetcanada.com\/wp-content\/uploads\/Closets-with-Folding-Doors-by-Lagrama-1-700x452.jpg 700w, https:\/\/walkinclosetcanada.com\/wp-content\/uploads\/Closets-with-Folding-Doors-by-Lagrama-1.jpg 1919w\" sizes=\"(max-width: 1200px) 100vw, 1200px\" \/>\t\t\t\t\t\t\t\t\t\t\t\t\t\t\t<\/div>\n\t\t\t\t<\/div>\n\t\t\t\t<\/div>\n\t\t<div class=\"elementor-element elementor-element-dc54cd3 e-con-full e-flex e-con e-child\" data-id=\"dc54cd3\" data-element_type=\"container\" data-e-type=\"container\">\n\t\t\t\t<div class=\"elementor-element elementor-element-4d27b87 elementor-widget elementor-widget-image\" data-id=\"4d27b87\" data-element_type=\"widget\" data-e-type=\"widget\" data-widget_type=\"image.default\">\n\t\t\t\t\t\t<div class=\"elementor-widget-container\">\n\t\t\t\t\t\t\t\t\t\t\t\t\t\t\t<img decoding=\"async\" width=\"800\" height=\"533\" src=\"https:\/\/walkinclosetcanada.com\/wp-content\/uploads\/CosmobyEOS.078\u2013Wardrobes-walk-in-closet-800x533.jpg\" class=\"attachment-large size-large wp-image-11955\" alt=\"\" srcset=\"https:\/\/walkinclosetcanada.com\/wp-content\/uploads\/CosmobyEOS.078\u2013Wardrobes-walk-in-closet-800x533.jpg 800w, https:\/\/walkinclosetcanada.com\/wp-content\/uploads\/CosmobyEOS.078\u2013Wardrobes-walk-in-closet-636x424.jpg 636w, https:\/\/walkinclosetcanada.com\/wp-content\/uploads\/CosmobyEOS.078\u2013Wardrobes-walk-in-closet-600x400.jpg 600w, https:\/\/walkinclosetcanada.com\/wp-content\/uploads\/CosmobyEOS.078\u2013Wardrobes-walk-in-closet-400x267.jpg 400w, https:\/\/walkinclosetcanada.com\/wp-content\/uploads\/CosmobyEOS.078\u2013Wardrobes-walk-in-closet-768x512.jpg 768w, https:\/\/walkinclosetcanada.com\/wp-content\/uploads\/CosmobyEOS.078\u2013Wardrobes-walk-in-closet.jpg 1200w\" sizes=\"(max-width: 800px) 100vw, 800px\" \/>\t\t\t\t\t\t\t\t\t\t\t\t\t\t\t<\/div>\n\t\t\t\t<\/div>\n\t\t<div class=\"elementor-element elementor-element-db6ad76 e-con-full e-flex e-con e-child\" data-id=\"db6ad76\" data-element_type=\"container\" data-e-type=\"container\">\n\t\t\t\t<div class=\"elementor-element elementor-element-dfe99a1 elementor-widget elementor-widget-heading\" data-id=\"dfe99a1\" data-element_type=\"widget\" data-e-type=\"widget\" data-widget_type=\"heading.default\">\n\t\t\t\t\t\t<div class=\"elementor-widget-container\">\n\t\t\t\t\t<h2 class=\"elementor-heading-title elementor-size-default\">Pourquoi Choisir Walk-In Closet Canada?<\/h2>\t\t\t\t<\/div>\n\t\t\t\t<\/div>\n\t\t\t\t<div class=\"elementor-element elementor-element-9869875 elementor-widget elementor-widget-text-editor\" data-id=\"9869875\" data-element_type=\"widget\" data-e-type=\"widget\" data-widget_type=\"text-editor.default\">\n\t\t\t\t\t\t<div class=\"elementor-widget-container\">\n\t\t\t\t\t\t\t\t\t<ul><li style=\"font-weight: 400;\" aria-level=\"1\"><span style=\"font-weight: 400;\">Solutions de rangement personnalis\u00e9es selon la pi\u00e8ce, la fonction et votre style<\/span><\/li><li style=\"font-weight: 400;\" aria-level=\"1\"><span style=\"font-weight: 400;\">Syst\u00e8mes modulaires et garde-robes encastr\u00e9es sur mesure<\/span><\/li><li style=\"font-weight: 400;\" aria-level=\"1\"><span style=\"font-weight: 400;\">Plans professionnels avec <\/span><b>aper\u00e7u 3D<\/b><span style=\"font-weight: 400;\"> de votre projet<\/span><\/li><li style=\"font-weight: 400;\" aria-level=\"1\"><span style=\"font-weight: 400;\">Service offert \u00e0 Montr\u00e9al, Laval, West Island, Qu\u00e9bec, Ontario et ailleurs<\/span><\/li><\/ul>\t\t\t\t\t\t\t\t<\/div>\n\t\t\t\t<\/div>\n\t\t\t\t<div class=\"elementor-element elementor-element-5ec58ad elementor-align-center elementor-widget elementor-widget-button\" data-id=\"5ec58ad\" data-element_type=\"widget\" data-e-type=\"widget\" data-widget_type=\"button.default\">\n\t\t\t\t\t\t<div class=\"elementor-widget-container\">\n\t\t\t\t\t\t\t\t\t<div class=\"elementor-button-wrapper\">\n\t\t\t\t\t<a class=\"elementor-button elementor-button-link elementor-size-sm\" href=\"\/fr\/reservez-consultation-gratuite\/\">\n\t\t\t\t\t\t<span class=\"elementor-button-content-wrapper\">\n\t\t\t\t\t\t\t\t\t<span class=\"elementor-button-text\">Prenez rendez-vous pour une consultation gratuite d\u00e8s aujourd\u2019hui!<\/span>\n\t\t\t\t\t<\/span>\n\t\t\t\t\t<\/a>\n\t\t\t\t<\/div>\n\t\t\t\t\t\t\t\t<\/div>\n\t\t\t\t<\/div>\n\t\t\t\t<\/div>\n\t\t\t\t<\/div>\n\t\t\t\t\t<\/div>\n\t\t\t\t<\/div>\n\t\t\t\t<\/div>\n\t\t","protected":false},"excerpt":{"rendered":"<p>Explorez Nos Solutions de Garde-robe et Types de Design Bienvenue dans notre univers du rangement \u2014 le point de d\u00e9part id\u00e9al pour [&hellip;]<\/p>\n","protected":false},"author":247,"featured_media":0,"parent":0,"menu_order":0,"comment_status":"closed","ping_status":"closed","template":"","meta":{"_acf_changed":false,"site-sidebar-layout":"no-sidebar","site-content-layout":"page-builder","ast-site-content-layout":"full-width-container","site-content-style":"unboxed","site-sidebar-style":"unboxed","ast-global-header-display":"","ast-banner-title-visibility":"","ast-main-header-display":"","ast-hfb-above-header-display":"","ast-hfb-below-header-display":"","ast-hfb-mobile-header-display":"","site-post-title":"disabled","ast-breadcrumbs-content":"","ast-featured-img":"disabled","footer-sml-layout":"","ast-disable-related-posts":"","theme-transparent-header-meta":"default","adv-header-id-meta":"","stick-header-meta":"default","header-above-stick-meta":"","header-main-stick-meta":"","header-below-stick-meta":"","astra-migrate-meta-layouts":"set","ast-page-background-enabled":"default","ast-page-background-meta":{"desktop":{"background-color":"var(--ast-global-color-4)","background-image":"","background-repeat":"repeat","background-position":"center center","background-size":"auto","background-attachment":"scroll","background-type":"","background-media":"","overlay-type":"","overlay-color":"","overlay-opacity":"","overlay-gradient":""},"tablet":{"background-color":"","background-image":"","background-repeat":"repeat","background-position":"center center","background-size":"auto","background-attachment":"scroll","background-type":"","background-media":"","overlay-type":"","overlay-color":"","overlay-opacity":"","overlay-gradient":""},"mobile":{"background-color":"","background-image":"","background-repeat":"repeat","background-position":"center center","background-size":"auto","background-attachment":"scroll","background-type":"","background-media":"","overlay-type":"","overlay-color":"","overlay-opacity":"","overlay-gradient":""}},"ast-content-background-meta":{"desktop":{"background-color":"var(--ast-global-color-5)","background-image":"","background-repeat":"repeat","background-position":"center center","background-size":"auto","background-attachment":"scroll","background-type":"","background-media":"","overlay-type":"","overlay-color":"","overlay-opacity":"","overlay-gradient":""},"tablet":{"background-color":"var(--ast-global-color-5)","background-image":"","background-repeat":"repeat","background-position":"center center","background-size":"auto","background-attachment":"scroll","background-type":"","background-media":"","overlay-type":"","overlay-color":"","overlay-opacity":"","overlay-gradient":""},"mobile":{"background-color":"var(--ast-global-color-5)","background-image":"","background-repeat":"repeat","background-position":"center center","background-size":"auto","background-attachment":"scroll","background-type":"","background-media":"","overlay-type":"","overlay-color":"","overlay-opacity":"","overlay-gradient":""}},"footnotes":""},"class_list":["post-19276","page","type-page","status-publish","hentry"],"acf":[],"aioseo_notices":[],"_links":{"self":[{"href":"https:\/\/walkinclosetcanada.com\/fr\/wp-json\/wp\/v2\/pages\/19276","targetHints":{"allow":["GET"]}}],"collection":[{"href":"https:\/\/walkinclosetcanada.com\/fr\/wp-json\/wp\/v2\/pages"}],"about":[{"href":"https:\/\/walkinclosetcanada.com\/fr\/wp-json\/wp\/v2\/types\/page"}],"author":[{"embeddable":true,"href":"https:\/\/walkinclosetcanada.com\/fr\/wp-json\/wp\/v2\/users\/247"}],"replies":[{"embeddable":true,"href":"https:\/\/walkinclosetcanada.com\/fr\/wp-json\/wp\/v2\/comments?post=19276"}],"version-history":[{"count":2,"href":"https:\/\/walkinclosetcanada.com\/fr\/wp-json\/wp\/v2\/pages\/19276\/revisions"}],"predecessor-version":[{"id":20701,"href":"https:\/\/walkinclosetcanada.com\/fr\/wp-json\/wp\/v2\/pages\/19276\/revisions\/20701"}],"wp:attachment":[{"href":"https:\/\/walkinclosetcanada.com\/fr\/wp-json\/wp\/v2\/media?parent=19276"}],"curies":[{"name":"wp","href":"https:\/\/api.w.org\/{rel}","templated":true}]}}