{"id":19287,"date":"2025-05-21T17:04:25","date_gmt":"2025-05-21T21:04:25","guid":{"rendered":"https:\/\/walkinclosetcanada.com\/?page_id=19287"},"modified":"2025-06-05T15:34:57","modified_gmt":"2025-06-05T19:34:57","slug":"accessoires","status":"publish","type":"page","link":"https:\/\/walkinclosetcanada.com\/fr\/solutions\/walk-in\/accessoires\/","title":{"rendered":"Accessoires"},"content":{"rendered":"\t\t<div data-elementor-type=\"wp-page\" data-elementor-id=\"19287\" class=\"elementor elementor-19287 elementor-18441\" data-elementor-post-type=\"page\">\n\t\t\t\t<div class=\"elementor-element elementor-element-c40d26c e-flex e-con-boxed e-con e-parent\" data-id=\"c40d26c\" data-element_type=\"container\" data-e-type=\"container\">\n\t\t\t\t\t<div class=\"e-con-inner\">\n\t\t\t\t<div class=\"elementor-element elementor-element-2f1eaf5 elementor-widget elementor-widget-spacer\" data-id=\"2f1eaf5\" data-element_type=\"widget\" data-e-type=\"widget\" data-widget_type=\"spacer.default\">\n\t\t\t\t\t\t<div class=\"elementor-widget-container\">\n\t\t\t\t\t\t\t<div class=\"elementor-spacer\">\n\t\t\t<div class=\"elementor-spacer-inner\"><\/div>\n\t\t<\/div>\n\t\t\t\t\t\t<\/div>\n\t\t\t\t<\/div>\n\t\t\t\t<div class=\"elementor-element elementor-element-66c159b elementor-widget__width-initial elementor-widget elementor-widget-heading\" data-id=\"66c159b\" data-element_type=\"widget\" data-e-type=\"widget\" data-widget_type=\"heading.default\">\n\t\t\t\t\t\t<div class=\"elementor-widget-container\">\n\t\t\t\t\t<h1 class=\"elementor-heading-title elementor-size-default\">Options de Personnalisation pour Garde-robe Walk-in : Mat\u00e9riaux, Finis &amp; Caract\u00e9ristiques<\/h1>\t\t\t\t<\/div>\n\t\t\t\t<\/div>\n\t\t\t\t<div class=\"elementor-element elementor-element-6bdb811 elementor-widget elementor-widget-text-editor\" data-id=\"6bdb811\" data-element_type=\"widget\" data-e-type=\"widget\" data-widget_type=\"text-editor.default\">\n\t\t\t\t\t\t<div class=\"elementor-widget-container\">\n\t\t\t\t\t\t\t\t\t<p><span style=\"font-weight: 400;\">Am\u00e9liorez votre garde-robe sur mesure gr\u00e2ce \u00e0 des accessoires haut de gamme con\u00e7us pour offrir praticit\u00e9, organisation et \u00e9l\u00e9gance. Chez Walk-In Closet Canada, nous proposons une vaste s\u00e9lection d\u2019accessoires pour walk-in, parfaitement adapt\u00e9s \u00e0 votre am\u00e9nagement et \u00e0 votre style de vie.<\/span><\/p>\t\t\t\t\t\t\t\t<\/div>\n\t\t\t\t<\/div>\n\t\t\t\t\t<\/div>\n\t\t\t\t<\/div>\n\t\t<div class=\"elementor-element elementor-element-8d53e77 e-flex e-con-boxed e-con e-parent\" data-id=\"8d53e77\" data-element_type=\"container\" data-e-type=\"container\">\n\t\t\t\t\t<div class=\"e-con-inner\">\n\t\t<div class=\"elementor-element elementor-element-8e0316d e-con-full e-flex e-con e-child\" data-id=\"8e0316d\" data-element_type=\"container\" data-e-type=\"container\">\n\t\t\t\t<div class=\"elementor-element elementor-element-ff9180e elementor-widget elementor-widget-image\" data-id=\"ff9180e\" data-element_type=\"widget\" data-e-type=\"widget\" data-widget_type=\"image.default\">\n\t\t\t\t\t\t<div class=\"elementor-widget-container\">\n\t\t\t\t\t\t\t\t\t\t\t\t\t\t\t<img fetchpriority=\"high\" decoding=\"async\" width=\"800\" height=\"533\" src=\"https:\/\/walkinclosetcanada.com\/wp-content\/uploads\/CosmobyEOS.052\u2013Wardrobes3-walk-in-closet-800x533.jpg\" class=\"attachment-large size-large wp-image-11866\" alt=\"\" srcset=\"https:\/\/walkinclosetcanada.com\/wp-content\/uploads\/CosmobyEOS.052\u2013Wardrobes3-walk-in-closet-800x533.jpg 800w, https:\/\/walkinclosetcanada.com\/wp-content\/uploads\/CosmobyEOS.052\u2013Wardrobes3-walk-in-closet-636x424.jpg 636w, https:\/\/walkinclosetcanada.com\/wp-content\/uploads\/CosmobyEOS.052\u2013Wardrobes3-walk-in-closet-600x400.jpg 600w, https:\/\/walkinclosetcanada.com\/wp-content\/uploads\/CosmobyEOS.052\u2013Wardrobes3-walk-in-closet-400x267.jpg 400w, https:\/\/walkinclosetcanada.com\/wp-content\/uploads\/CosmobyEOS.052\u2013Wardrobes3-walk-in-closet-768x512.jpg 768w, https:\/\/walkinclosetcanada.com\/wp-content\/uploads\/CosmobyEOS.052\u2013Wardrobes3-walk-in-closet.jpg 1200w\" sizes=\"(max-width: 800px) 100vw, 800px\" \/>\t\t\t\t\t\t\t\t\t\t\t\t\t\t\t<\/div>\n\t\t\t\t<\/div>\n\t\t\t\t<\/div>\n\t\t<div class=\"elementor-element elementor-element-00e434a e-con-full e-flex e-con e-child\" data-id=\"00e434a\" data-element_type=\"container\" data-e-type=\"container\">\n\t\t\t\t<div class=\"elementor-element elementor-element-3714655 elementor-widget elementor-widget-heading\" data-id=\"3714655\" data-element_type=\"widget\" data-e-type=\"widget\" data-widget_type=\"heading.default\">\n\t\t\t\t\t\t<div class=\"elementor-widget-container\">\n\t\t\t\t\t<h2 class=\"elementor-heading-title elementor-size-default\">Accessoires Populaires<\/h2>\t\t\t\t<\/div>\n\t\t\t\t<\/div>\n\t\t\t\t<div class=\"elementor-element elementor-element-f94cf5e elementor-widget elementor-widget-text-editor\" data-id=\"f94cf5e\" data-element_type=\"widget\" data-e-type=\"widget\" data-widget_type=\"text-editor.default\">\n\t\t\t\t\t\t<div class=\"elementor-widget-container\">\n\t\t\t\t\t\t\t\t\t<ul><li style=\"font-weight: 400;\" aria-level=\"1\"><b>Tiroirs \u00e0 bijoux<\/b><span style=\"font-weight: 400;\"> : inserts doubl\u00e9s de velours avec compartiments pour bagues, montres et autres articles pr\u00e9cieux<\/span><\/li><li style=\"font-weight: 400;\" aria-level=\"1\"><b>Porte-chaussures coulissants<\/b><span style=\"font-weight: 400;\"> : maximisez l\u2019espace vertical tout en gardant vos chaussures \u00e0 port\u00e9e de main<\/span><\/li><li style=\"font-weight: 400;\" aria-level=\"1\"><b>Organisateurs de cravates et ceintures<\/b><span style=\"font-weight: 400;\"> : supports coulissants ou fix\u00e9s au mur pour un acc\u00e8s quotidien simplifi\u00e9<\/span><\/li><li style=\"font-weight: 400;\" aria-level=\"1\"><b>Miroirs int\u00e9gr\u00e9s<\/b><span style=\"font-weight: 400;\"> : miroirs pleine longueur rabattables ou encastr\u00e9s pour une fonctionnalit\u00e9 accrue<\/span><\/li><li style=\"font-weight: 400;\" aria-level=\"1\"><b>\u00c9clairage am\u00e9lior\u00e9<\/b><span style=\"font-weight: 400;\"> : bandes DEL avec d\u00e9tecteurs de mouvement pour une ambiance raffin\u00e9e et une meilleure visibilit\u00e9<\/span><\/li><\/ul><p><span style=\"font-weight: 400;\">Tous nos accessoires sont enti\u00e8rement int\u00e9gr\u00e9s \u00e0 votre syst\u00e8me de <a href=\"\/fr\/categorie-produit\/garde-robes-walk-in\/\">garde-robe sur mesure<\/a> d\u00e8s la phase de conception. Aucun espace perdu \u2014 seulement des d\u00e9tails pens\u00e9s pour s\u2019adapter \u00e0 votre quotidien.<\/span><\/p>\t\t\t\t\t\t\t\t<\/div>\n\t\t\t\t<\/div>\n\t\t\t\t<div class=\"elementor-element elementor-element-915b973 elementor-align-center elementor-widget elementor-widget-button\" data-id=\"915b973\" data-element_type=\"widget\" data-e-type=\"widget\" data-widget_type=\"button.default\">\n\t\t\t\t\t\t<div class=\"elementor-widget-container\">\n\t\t\t\t\t\t\t\t\t<div class=\"elementor-button-wrapper\">\n\t\t\t\t\t<a class=\"elementor-button elementor-button-link elementor-size-sm\" href=\"\/fr\/reservez-consultation-gratuite\/\">\n\t\t\t\t\t\t<span class=\"elementor-button-content-wrapper\">\n\t\t\t\t\t\t\t\t\t<span class=\"elementor-button-text\">R\u00e9servez votre consultation design<\/span>\n\t\t\t\t\t<\/span>\n\t\t\t\t\t<\/a>\n\t\t\t\t<\/div>\n\t\t\t\t\t\t\t\t<\/div>\n\t\t\t\t<\/div>\n\t\t\t\t<div class=\"elementor-element elementor-element-d79338c elementor-widget elementor-widget-text-editor\" data-id=\"d79338c\" data-element_type=\"widget\" data-e-type=\"widget\" data-widget_type=\"text-editor.default\">\n\t\t\t\t\t\t<div class=\"elementor-widget-container\">\n\t\t\t\t\t\t\t\t\t<p><span style=\"font-weight: 400;\">ou explorez nos options de personnalisation et syst\u00e8mes de walk-in.<\/span><\/p>\t\t\t\t\t\t\t\t<\/div>\n\t\t\t\t<\/div>\n\t\t\t\t<\/div>\n\t\t\t\t\t<\/div>\n\t\t\t\t<\/div>\n\t\t<div class=\"elementor-element elementor-element-b819825 e-con-full e-flex e-con e-parent\" data-id=\"b819825\" data-element_type=\"container\" data-e-type=\"container\">\n\t\t\t\t<div class=\"elementor-element elementor-element-d1d60db elementor-widget elementor-widget-template\" data-id=\"d1d60db\" data-element_type=\"widget\" data-e-type=\"widget\" data-widget_type=\"template.default\">\n\t\t\t\t\t\t<div class=\"elementor-widget-container\">\n\t\t\t\t\t\t\t<div class=\"elementor-template\">\n\t\t\t\t\t<div data-elementor-type=\"container\" data-elementor-id=\"19040\" class=\"elementor elementor-19040\" data-elementor-post-type=\"elementor_library\">\n\t\t\t\t<div class=\"elementor-element elementor-element-7154deb e-con-full e-flex e-con e-parent\" data-id=\"7154deb\" data-element_type=\"container\" data-e-type=\"container\">\n\t\t\t\t<div class=\"elementor-element elementor-element-7fdaad5 elementor-widget elementor-widget-heading\" data-id=\"7fdaad5\" data-element_type=\"widget\" data-e-type=\"widget\" data-widget_type=\"heading.default\">\n\t\t\t\t\t\t<div class=\"elementor-widget-container\">\n\t\t\t\t\t<h2 class=\"elementor-heading-title elementor-size-default\">D\u00e9couvrez nos styles de placards<br \/> <strong>sur mesure<\/strong><\/h2>\t\t\t\t<\/div>\n\t\t\t\t<\/div>\n\t\t\t\t<div class=\"elementor-element elementor-element-295d424 elementor-widget elementor-widget-text-editor\" data-id=\"295d424\" data-element_type=\"widget\" data-e-type=\"widget\" data-widget_type=\"text-editor.default\">\n\t\t\t\t\t\t<div class=\"elementor-widget-container\">\n\t\t\t\t\t\t\t\t\t<p>Des dressings spacieux aux armoires compactes, nous proposons des solutions sur mesure pour chaque pi\u00e8ce. Nous vous aidons \u00e0 am\u00e9liorer votre int\u00e9rieur. Que vous r\u00e9noviez votre suite parentale ou conceviez un placard d\u2019entr\u00e9e \u00e9l\u00e9gant, nous cr\u00e9ons des espaces esth\u00e9tiques.<\/p>\t\t\t\t\t\t\t\t<\/div>\n\t\t\t\t<\/div>\n\t\t<div class=\"elementor-element elementor-element-af26adf e-flex e-con-boxed e-con e-child\" data-id=\"af26adf\" data-element_type=\"container\" data-e-type=\"container\">\n\t\t\t\t\t<div class=\"e-con-inner\">\n\t\t\t\t<div class=\"elementor-element elementor-element-f93c0cf elementor-position-top elementor-widget elementor-widget-image-box\" data-id=\"f93c0cf\" data-element_type=\"widget\" data-e-type=\"widget\" data-widget_type=\"image-box.default\">\n\t\t\t\t\t\t<div class=\"elementor-widget-container\">\n\t\t\t\t\t<div class=\"elementor-image-box-wrapper\"><figure class=\"elementor-image-box-img\"><a href=\"\/fr\/categorie-produit\/chambres\/\" tabindex=\"-1\"><img decoding=\"async\" width=\"1500\" height=\"2000\" src=\"https:\/\/walkinclosetcanada.com\/wp-content\/uploads\/cat-frontpage04.jpg\" class=\"elementor-animation-shrink attachment-full size-full wp-image-18115\" alt=\"\" srcset=\"https:\/\/walkinclosetcanada.com\/wp-content\/uploads\/cat-frontpage04.jpg 1500w, https:\/\/walkinclosetcanada.com\/wp-content\/uploads\/cat-frontpage04-450x600.jpg 450w, https:\/\/walkinclosetcanada.com\/wp-content\/uploads\/cat-frontpage04-900x1200.jpg 900w, https:\/\/walkinclosetcanada.com\/wp-content\/uploads\/cat-frontpage04-225x300.jpg 225w, https:\/\/walkinclosetcanada.com\/wp-content\/uploads\/cat-frontpage04-768x1024.jpg 768w, https:\/\/walkinclosetcanada.com\/wp-content\/uploads\/cat-frontpage04-1152x1536.jpg 1152w, https:\/\/walkinclosetcanada.com\/wp-content\/uploads\/cat-frontpage04-700x933.jpg 700w\" sizes=\"(max-width: 1500px) 100vw, 1500px\" \/><\/a><\/figure><div class=\"elementor-image-box-content\"><h4 class=\"elementor-image-box-title\"><a href=\"\/fr\/categorie-produit\/chambres\/\">Chambres<\/a><\/h4><\/div><\/div>\t\t\t\t<\/div>\n\t\t\t\t<\/div>\n\t\t\t\t<div class=\"elementor-element elementor-element-a6758de elementor-position-top elementor-widget elementor-widget-image-box\" data-id=\"a6758de\" data-element_type=\"widget\" data-e-type=\"widget\" data-widget_type=\"image-box.default\">\n\t\t\t\t\t\t<div class=\"elementor-widget-container\">\n\t\t\t\t\t<div class=\"elementor-image-box-wrapper\"><figure class=\"elementor-image-box-img\"><a href=\"\/fr\/categorie-produit\/garde-robes-walk-in\/\" tabindex=\"-1\"><img decoding=\"async\" width=\"1500\" height=\"2000\" src=\"https:\/\/walkinclosetcanada.com\/wp-content\/uploads\/cat-frontpage03.jpg\" class=\"elementor-animation-shrink attachment-full size-full wp-image-18113\" alt=\"\" srcset=\"https:\/\/walkinclosetcanada.com\/wp-content\/uploads\/cat-frontpage03.jpg 1500w, https:\/\/walkinclosetcanada.com\/wp-content\/uploads\/cat-frontpage03-450x600.jpg 450w, https:\/\/walkinclosetcanada.com\/wp-content\/uploads\/cat-frontpage03-900x1200.jpg 900w, https:\/\/walkinclosetcanada.com\/wp-content\/uploads\/cat-frontpage03-225x300.jpg 225w, https:\/\/walkinclosetcanada.com\/wp-content\/uploads\/cat-frontpage03-768x1024.jpg 768w, https:\/\/walkinclosetcanada.com\/wp-content\/uploads\/cat-frontpage03-1152x1536.jpg 1152w, https:\/\/walkinclosetcanada.com\/wp-content\/uploads\/cat-frontpage03-700x933.jpg 700w\" sizes=\"(max-width: 1500px) 100vw, 1500px\" \/><\/a><\/figure><div class=\"elementor-image-box-content\"><h4 class=\"elementor-image-box-title\"><a href=\"\/fr\/categorie-produit\/garde-robes-walk-in\/\">Garde-robes Walk-in<\/a><\/h4><\/div><\/div>\t\t\t\t<\/div>\n\t\t\t\t<\/div>\n\t\t\t\t<div class=\"elementor-element elementor-element-6e939c6 elementor-position-top elementor-widget elementor-widget-image-box\" data-id=\"6e939c6\" data-element_type=\"widget\" data-e-type=\"widget\" data-widget_type=\"image-box.default\">\n\t\t\t\t\t\t<div class=\"elementor-widget-container\">\n\t\t\t\t\t<div class=\"elementor-image-box-wrapper\"><figure class=\"elementor-image-box-img\"><a href=\"\/fr\/categorie-produit\/lits-escamotables\/\" tabindex=\"-1\"><img loading=\"lazy\" decoding=\"async\" width=\"1500\" height=\"2000\" src=\"https:\/\/walkinclosetcanada.com\/wp-content\/uploads\/cat-frontpage01.jpg\" class=\"elementor-animation-shrink attachment-full size-full wp-image-18109\" alt=\"\" srcset=\"https:\/\/walkinclosetcanada.com\/wp-content\/uploads\/cat-frontpage01.jpg 1500w, https:\/\/walkinclosetcanada.com\/wp-content\/uploads\/cat-frontpage01-450x600.jpg 450w, https:\/\/walkinclosetcanada.com\/wp-content\/uploads\/cat-frontpage01-900x1200.jpg 900w, https:\/\/walkinclosetcanada.com\/wp-content\/uploads\/cat-frontpage01-225x300.jpg 225w, https:\/\/walkinclosetcanada.com\/wp-content\/uploads\/cat-frontpage01-768x1024.jpg 768w, https:\/\/walkinclosetcanada.com\/wp-content\/uploads\/cat-frontpage01-1152x1536.jpg 1152w, https:\/\/walkinclosetcanada.com\/wp-content\/uploads\/cat-frontpage01-700x933.jpg 700w\" sizes=\"(max-width: 1500px) 100vw, 1500px\" \/><\/a><\/figure><div class=\"elementor-image-box-content\"><h4 class=\"elementor-image-box-title\"><a href=\"\/fr\/categorie-produit\/lits-escamotables\/\">Lits Escamotables<\/a><\/h4><\/div><\/div>\t\t\t\t<\/div>\n\t\t\t\t<\/div>\n\t\t\t\t<div class=\"elementor-element elementor-element-12f349b elementor-position-top elementor-widget elementor-widget-image-box\" data-id=\"12f349b\" data-element_type=\"widget\" data-e-type=\"widget\" data-widget_type=\"image-box.default\">\n\t\t\t\t\t\t<div class=\"elementor-widget-container\">\n\t\t\t\t\t<div class=\"elementor-image-box-wrapper\"><figure class=\"elementor-image-box-img\"><a href=\"\/fr\/categorie-produit\/armoires\/\" tabindex=\"-1\"><img loading=\"lazy\" decoding=\"async\" width=\"1500\" height=\"2000\" src=\"https:\/\/walkinclosetcanada.com\/wp-content\/uploads\/cat-frontpage02.jpg\" class=\"elementor-animation-shrink attachment-full size-full wp-image-18111\" alt=\"\" srcset=\"https:\/\/walkinclosetcanada.com\/wp-content\/uploads\/cat-frontpage02.jpg 1500w, https:\/\/walkinclosetcanada.com\/wp-content\/uploads\/cat-frontpage02-450x600.jpg 450w, https:\/\/walkinclosetcanada.com\/wp-content\/uploads\/cat-frontpage02-900x1200.jpg 900w, https:\/\/walkinclosetcanada.com\/wp-content\/uploads\/cat-frontpage02-225x300.jpg 225w, https:\/\/walkinclosetcanada.com\/wp-content\/uploads\/cat-frontpage02-768x1024.jpg 768w, https:\/\/walkinclosetcanada.com\/wp-content\/uploads\/cat-frontpage02-1152x1536.jpg 1152w, https:\/\/walkinclosetcanada.com\/wp-content\/uploads\/cat-frontpage02-700x933.jpg 700w\" sizes=\"(max-width: 1500px) 100vw, 1500px\" \/><\/a><\/figure><div class=\"elementor-image-box-content\"><h4 class=\"elementor-image-box-title\"><a href=\"\/fr\/categorie-produit\/armoires\/\">Armoires<\/a><\/h4><\/div><\/div>\t\t\t\t<\/div>\n\t\t\t\t<\/div>\n\t\t\t\t\t<\/div>\n\t\t\t\t<\/div>\n\t\t\t\t<\/div>\n\t\t\t\t<\/div>\n\t\t\t\t<\/div>\n\t\t\t\t\t\t<\/div>\n\t\t\t\t<\/div>\n\t\t\t\t<\/div>\n\t\t\t\t<\/div>\n\t\t","protected":false},"excerpt":{"rendered":"<p>Options de Personnalisation pour Garde-robe Walk-in : Mat\u00e9riaux, Finis &amp; Caract\u00e9ristiques Am\u00e9liorez votre garde-robe sur mesure gr\u00e2ce \u00e0 des accessoires haut de [&hellip;]<\/p>\n","protected":false},"author":247,"featured_media":0,"parent":19278,"menu_order":0,"comment_status":"closed","ping_status":"closed","template":"","meta":{"_acf_changed":false,"site-sidebar-layout":"no-sidebar","site-content-layout":"page-builder","ast-site-content-layout":"full-width-container","site-content-style":"default","site-sidebar-style":"default","ast-global-header-display":"","ast-banner-title-visibility":"","ast-main-header-display":"","ast-hfb-above-header-display":"","ast-hfb-below-header-display":"","ast-hfb-mobile-header-display":"","site-post-title":"disabled","ast-breadcrumbs-content":"","ast-featured-img":"disabled","footer-sml-layout":"","ast-disable-related-posts":"","theme-transparent-header-meta":"default","adv-header-id-meta":"","stick-header-meta":"default","header-above-stick-meta":"","header-main-stick-meta":"","header-below-stick-meta":"","astra-migrate-meta-layouts":"set","ast-page-background-enabled":"default","ast-page-background-meta":{"desktop":{"background-color":"var(--ast-global-color-4)","background-image":"","background-repeat":"repeat","background-position":"center center","background-size":"auto","background-attachment":"scroll","background-type":"","background-media":"","overlay-type":"","overlay-color":"","overlay-opacity":"","overlay-gradient":""},"tablet":{"background-color":"","background-image":"","background-repeat":"repeat","background-position":"center center","background-size":"auto","background-attachment":"scroll","background-type":"","background-media":"","overlay-type":"","overlay-color":"","overlay-opacity":"","overlay-gradient":""},"mobile":{"background-color":"","background-image":"","background-repeat":"repeat","background-position":"center center","background-size":"auto","background-attachment":"scroll","background-type":"","background-media":"","overlay-type":"","overlay-color":"","overlay-opacity":"","overlay-gradient":""}},"ast-content-background-meta":{"desktop":{"background-color":"var(--ast-global-color-5)","background-image":"","background-repeat":"repeat","background-position":"center center","background-size":"auto","background-attachment":"scroll","background-type":"","background-media":"","overlay-type":"","overlay-color":"","overlay-opacity":"","overlay-gradient":""},"tablet":{"background-color":"var(--ast-global-color-5)","background-image":"","background-repeat":"repeat","background-position":"center center","background-size":"auto","background-attachment":"scroll","background-type":"","background-media":"","overlay-type":"","overlay-color":"","overlay-opacity":"","overlay-gradient":""},"mobile":{"background-color":"var(--ast-global-color-5)","background-image":"","background-repeat":"repeat","background-position":"center center","background-size":"auto","background-attachment":"scroll","background-type":"","background-media":"","overlay-type":"","overlay-color":"","overlay-opacity":"","overlay-gradient":""}},"footnotes":""},"class_list":["post-19287","page","type-page","status-publish","hentry"],"acf":[],"aioseo_notices":[],"_links":{"self":[{"href":"https:\/\/walkinclosetcanada.com\/fr\/wp-json\/wp\/v2\/pages\/19287","targetHints":{"allow":["GET"]}}],"collection":[{"href":"https:\/\/walkinclosetcanada.com\/fr\/wp-json\/wp\/v2\/pages"}],"about":[{"href":"https:\/\/walkinclosetcanada.com\/fr\/wp-json\/wp\/v2\/types\/page"}],"author":[{"embeddable":true,"href":"https:\/\/walkinclosetcanada.com\/fr\/wp-json\/wp\/v2\/users\/247"}],"replies":[{"embeddable":true,"href":"https:\/\/walkinclosetcanada.com\/fr\/wp-json\/wp\/v2\/comments?post=19287"}],"version-history":[{"count":2,"href":"https:\/\/walkinclosetcanada.com\/fr\/wp-json\/wp\/v2\/pages\/19287\/revisions"}],"predecessor-version":[{"id":20662,"href":"https:\/\/walkinclosetcanada.com\/fr\/wp-json\/wp\/v2\/pages\/19287\/revisions\/20662"}],"up":[{"embeddable":true,"href":"https:\/\/walkinclosetcanada.com\/fr\/wp-json\/wp\/v2\/pages\/19278"}],"wp:attachment":[{"href":"https:\/\/walkinclosetcanada.com\/fr\/wp-json\/wp\/v2\/media?parent=19287"}],"curies":[{"name":"wp","href":"https:\/\/api.w.org\/{rel}","templated":true}]}}