{"id":19295,"date":"2025-05-22T11:16:47","date_gmt":"2025-05-22T15:16:47","guid":{"rendered":"https:\/\/walkinclosetcanada.com\/?page_id=19295"},"modified":"2025-06-05T15:38:06","modified_gmt":"2025-06-05T19:38:06","slug":"lits-escamotables","status":"publish","type":"page","link":"https:\/\/walkinclosetcanada.com\/fr\/solutions\/lits-escamotables\/","title":{"rendered":"Lits Escamotables"},"content":{"rendered":"\t\t<div data-elementor-type=\"wp-page\" data-elementor-id=\"19295\" class=\"elementor elementor-19295 elementor-18490\" data-elementor-post-type=\"page\">\n\t\t\t\t<div class=\"elementor-element elementor-element-417ac4c e-flex e-con-boxed e-con e-parent\" data-id=\"417ac4c\" data-element_type=\"container\" data-e-type=\"container\">\n\t\t\t\t\t<div class=\"e-con-inner\">\n\t\t\t\t<div class=\"elementor-element elementor-element-3e1f217 elementor-widget elementor-widget-spacer\" data-id=\"3e1f217\" data-element_type=\"widget\" data-e-type=\"widget\" data-widget_type=\"spacer.default\">\n\t\t\t\t\t\t<div class=\"elementor-widget-container\">\n\t\t\t\t\t\t\t<div class=\"elementor-spacer\">\n\t\t\t<div class=\"elementor-spacer-inner\"><\/div>\n\t\t<\/div>\n\t\t\t\t\t\t<\/div>\n\t\t\t\t<\/div>\n\t\t\t\t<div class=\"elementor-element elementor-element-bbfbf17 elementor-widget__width-initial elementor-widget elementor-widget-heading\" data-id=\"bbfbf17\" data-element_type=\"widget\" data-e-type=\"widget\" data-widget_type=\"heading.default\">\n\t\t\t\t\t\t<div class=\"elementor-widget-container\">\n\t\t\t\t\t<h1 class=\"elementor-heading-title elementor-size-default\">Solutions d'Armoires : Styles, Id\u00e9es &amp; Int\u00e9gration<\/h1>\t\t\t\t<\/div>\n\t\t\t\t<\/div>\n\t\t\t\t<div class=\"elementor-element elementor-element-c3acd62 elementor-widget elementor-widget-text-editor\" data-id=\"c3acd62\" data-element_type=\"widget\" data-e-type=\"widget\" data-widget_type=\"text-editor.default\">\n\t\t\t\t\t\t<div class=\"elementor-widget-container\">\n\t\t\t\t\t\t\t\t\t<p><span style=\"font-weight: 400;\">Nos <a href=\"\/fr\/solutions\/lits-escamotables\/\">lits escamotables<\/a> allient parfaitement fonctionnalit\u00e9 et design sophistiqu\u00e9. Id\u00e9als pour les chambres d\u2019amis, les studios ou les pi\u00e8ces multifonctionnelles, ils offrent une solution flexible sans compromis sur l\u2019espace ni le style.<\/span><\/p>\t\t\t\t\t\t\t\t<\/div>\n\t\t\t\t<\/div>\n\t\t\t\t\t<\/div>\n\t\t\t\t<\/div>\n\t\t<div class=\"elementor-element elementor-element-0ab586c e-flex e-con-boxed e-con e-parent\" data-id=\"0ab586c\" data-element_type=\"container\" data-e-type=\"container\">\n\t\t\t\t\t<div class=\"e-con-inner\">\n\t\t<div class=\"elementor-element elementor-element-59adba6 e-con-full e-flex e-con e-child\" data-id=\"59adba6\" data-element_type=\"container\" data-e-type=\"container\">\n\t\t\t\t<div class=\"elementor-element elementor-element-aaafd5e elementor-widget elementor-widget-heading\" data-id=\"aaafd5e\" data-element_type=\"widget\" data-e-type=\"widget\" data-widget_type=\"heading.default\">\n\t\t\t\t\t\t<div class=\"elementor-widget-container\">\n\t\t\t\t\t<h2 class=\"elementor-heading-title elementor-size-default\">Des Designs Gagne-Espace Adapt\u00e9s \u00e0 Votre Mode de Vie<\/h2>\t\t\t\t<\/div>\n\t\t\t\t<\/div>\n\t\t\t\t<div class=\"elementor-element elementor-element-5fcdf29 elementor-widget elementor-widget-text-editor\" data-id=\"5fcdf29\" data-element_type=\"widget\" data-e-type=\"widget\" data-widget_type=\"text-editor.default\">\n\t\t\t\t\t\t<div class=\"elementor-widget-container\">\n\t\t\t\t\t\t\t\t\t<ul><li style=\"font-weight: 400;\" aria-level=\"1\"><b>Armoires-lits murales<\/b><span style=\"font-weight: 400;\"> : Votre lit se replie discr\u00e8tement dans une unit\u00e9 murale sur mesure avec tablettes ou portes d\u2019armoire<\/span><\/li><li style=\"font-weight: 400;\" aria-level=\"1\"><b>Ouverture lat\u00e9rale ou verticale<\/b><span style=\"font-weight: 400;\"> : Choisissez la configuration qui convient le mieux \u00e0 votre pi\u00e8ce<\/span><\/li><li style=\"font-weight: 400;\" aria-level=\"1\"><b>Rangement int\u00e9gr\u00e9<\/b><span style=\"font-weight: 400;\"> : Ajoutez des tiroirs, des \u00e9tag\u00e8res ou m\u00eame des penderies lat\u00e9rales pour une solution compl\u00e8te<\/span><\/li><li style=\"font-weight: 400;\" aria-level=\"1\"><b>Pi\u00e8ces multifonctionnelles<\/b><span style=\"font-weight: 400;\"> : Parfaits pour un bureau \u00e0 domicile, un boudoir ou une chambre partag\u00e9e qui se transforme en espace invit\u00e9<\/span><\/li><\/ul><p><span style=\"font-weight: 400;\">Chaque lit escamotable est enti\u00e8rement personnalisable : choix du fini, quincaillerie, \u00e9clairage int\u00e9gr\u00e9, et m\u00e9canisme de descente facile. Nos syst\u00e8mes sont install\u00e9s par notre \u00e9quipe d\u2019experts partout au Canada.<\/span><\/p>\t\t\t\t\t\t\t\t<\/div>\n\t\t\t\t<\/div>\n\t\t\t\t<div class=\"elementor-element elementor-element-75db834 elementor-align-center elementor-widget elementor-widget-button\" data-id=\"75db834\" data-element_type=\"widget\" data-e-type=\"widget\" data-widget_type=\"button.default\">\n\t\t\t\t\t\t<div class=\"elementor-widget-container\">\n\t\t\t\t\t\t\t\t\t<div class=\"elementor-button-wrapper\">\n\t\t\t\t\t<a class=\"elementor-button elementor-button-link elementor-size-sm\" href=\"\/fr\/reservez-consultation-gratuite\/\">\n\t\t\t\t\t\t<span class=\"elementor-button-content-wrapper\">\n\t\t\t\t\t\t\t\t\t<span class=\"elementor-button-text\"> R\u00e9servez votre consultation gratuite<\/span>\n\t\t\t\t\t<\/span>\n\t\t\t\t\t<\/a>\n\t\t\t\t<\/div>\n\t\t\t\t\t\t\t\t<\/div>\n\t\t\t\t<\/div>\n\t\t\t\t<div class=\"elementor-element elementor-element-083a5d7 elementor-widget elementor-widget-text-editor\" data-id=\"083a5d7\" data-element_type=\"widget\" data-e-type=\"widget\" data-widget_type=\"text-editor.default\">\n\t\t\t\t\t\t<div class=\"elementor-widget-container\">\n\t\t\t\t\t\t\t\t\t<p><span style=\"font-weight: 400;\">Parcourez notre catalogue de lits escamotables ou retournez aux autres types de garde-robes.<\/span><\/p>\t\t\t\t\t\t\t\t<\/div>\n\t\t\t\t<\/div>\n\t\t\t\t<\/div>\n\t\t<div class=\"elementor-element elementor-element-cfda70c e-con-full e-flex e-con e-child\" data-id=\"cfda70c\" data-element_type=\"container\" data-e-type=\"container\">\n\t\t\t\t<div class=\"elementor-element elementor-element-6eaebbc elementor-widget elementor-widget-image\" data-id=\"6eaebbc\" data-element_type=\"widget\" data-e-type=\"widget\" data-widget_type=\"image.default\">\n\t\t\t\t\t\t<div class=\"elementor-widget-container\">\n\t\t\t\t\t\t\t\t\t\t\t\t\t\t\t<img fetchpriority=\"high\" decoding=\"async\" width=\"800\" height=\"533\" src=\"https:\/\/walkinclosetcanada.com\/wp-content\/uploads\/CosmobyEOS.-051\u2013Wardrobes-walk-in-closet-800x533.jpg\" class=\"attachment-large size-large wp-image-11860\" alt=\"\" srcset=\"https:\/\/walkinclosetcanada.com\/wp-content\/uploads\/CosmobyEOS.-051\u2013Wardrobes-walk-in-closet-800x533.jpg 800w, https:\/\/walkinclosetcanada.com\/wp-content\/uploads\/CosmobyEOS.-051\u2013Wardrobes-walk-in-closet-636x424.jpg 636w, https:\/\/walkinclosetcanada.com\/wp-content\/uploads\/CosmobyEOS.-051\u2013Wardrobes-walk-in-closet-600x400.jpg 600w, https:\/\/walkinclosetcanada.com\/wp-content\/uploads\/CosmobyEOS.-051\u2013Wardrobes-walk-in-closet-400x267.jpg 400w, https:\/\/walkinclosetcanada.com\/wp-content\/uploads\/CosmobyEOS.-051\u2013Wardrobes-walk-in-closet-768x512.jpg 768w, https:\/\/walkinclosetcanada.com\/wp-content\/uploads\/CosmobyEOS.-051\u2013Wardrobes-walk-in-closet.jpg 1200w\" sizes=\"(max-width: 800px) 100vw, 800px\" \/>\t\t\t\t\t\t\t\t\t\t\t\t\t\t\t<\/div>\n\t\t\t\t<\/div>\n\t\t\t\t<\/div>\n\t\t\t\t\t<\/div>\n\t\t\t\t<\/div>\n\t\t<div class=\"elementor-element elementor-element-fed82df e-con-full e-flex e-con e-parent\" data-id=\"fed82df\" data-element_type=\"container\" data-e-type=\"container\">\n\t\t\t\t<div class=\"elementor-element elementor-element-3d6beff elementor-widget elementor-widget-template\" data-id=\"3d6beff\" data-element_type=\"widget\" data-e-type=\"widget\" data-widget_type=\"template.default\">\n\t\t\t\t\t\t<div class=\"elementor-widget-container\">\n\t\t\t\t\t\t\t<div class=\"elementor-template\">\n\t\t\t\t\t<div data-elementor-type=\"container\" data-elementor-id=\"19040\" class=\"elementor elementor-19040\" data-elementor-post-type=\"elementor_library\">\n\t\t\t\t<div class=\"elementor-element elementor-element-7154deb e-con-full e-flex e-con e-parent\" data-id=\"7154deb\" data-element_type=\"container\" data-e-type=\"container\">\n\t\t\t\t<div class=\"elementor-element elementor-element-7fdaad5 elementor-widget elementor-widget-heading\" data-id=\"7fdaad5\" data-element_type=\"widget\" data-e-type=\"widget\" data-widget_type=\"heading.default\">\n\t\t\t\t\t\t<div class=\"elementor-widget-container\">\n\t\t\t\t\t<h2 class=\"elementor-heading-title elementor-size-default\">D\u00e9couvrez nos styles de placards<br \/> <strong>sur mesure<\/strong><\/h2>\t\t\t\t<\/div>\n\t\t\t\t<\/div>\n\t\t\t\t<div class=\"elementor-element elementor-element-295d424 elementor-widget elementor-widget-text-editor\" data-id=\"295d424\" data-element_type=\"widget\" data-e-type=\"widget\" data-widget_type=\"text-editor.default\">\n\t\t\t\t\t\t<div class=\"elementor-widget-container\">\n\t\t\t\t\t\t\t\t\t<p>Des dressings spacieux aux armoires compactes, nous proposons des solutions sur mesure pour chaque pi\u00e8ce. Nous vous aidons \u00e0 am\u00e9liorer votre int\u00e9rieur. Que vous r\u00e9noviez votre suite parentale ou conceviez un placard d\u2019entr\u00e9e \u00e9l\u00e9gant, nous cr\u00e9ons des espaces esth\u00e9tiques.<\/p>\t\t\t\t\t\t\t\t<\/div>\n\t\t\t\t<\/div>\n\t\t<div class=\"elementor-element elementor-element-af26adf e-flex e-con-boxed e-con e-child\" data-id=\"af26adf\" data-element_type=\"container\" data-e-type=\"container\">\n\t\t\t\t\t<div class=\"e-con-inner\">\n\t\t\t\t<div class=\"elementor-element elementor-element-f93c0cf elementor-position-top elementor-widget elementor-widget-image-box\" data-id=\"f93c0cf\" data-element_type=\"widget\" data-e-type=\"widget\" data-widget_type=\"image-box.default\">\n\t\t\t\t\t\t<div class=\"elementor-widget-container\">\n\t\t\t\t\t<div class=\"elementor-image-box-wrapper\"><figure class=\"elementor-image-box-img\"><a href=\"\/fr\/categorie-produit\/chambres\/\" tabindex=\"-1\"><img decoding=\"async\" width=\"1500\" height=\"2000\" src=\"https:\/\/walkinclosetcanada.com\/wp-content\/uploads\/cat-frontpage04.jpg\" class=\"elementor-animation-shrink attachment-full size-full wp-image-18115\" alt=\"\" srcset=\"https:\/\/walkinclosetcanada.com\/wp-content\/uploads\/cat-frontpage04.jpg 1500w, https:\/\/walkinclosetcanada.com\/wp-content\/uploads\/cat-frontpage04-450x600.jpg 450w, https:\/\/walkinclosetcanada.com\/wp-content\/uploads\/cat-frontpage04-900x1200.jpg 900w, https:\/\/walkinclosetcanada.com\/wp-content\/uploads\/cat-frontpage04-225x300.jpg 225w, https:\/\/walkinclosetcanada.com\/wp-content\/uploads\/cat-frontpage04-768x1024.jpg 768w, https:\/\/walkinclosetcanada.com\/wp-content\/uploads\/cat-frontpage04-1152x1536.jpg 1152w, https:\/\/walkinclosetcanada.com\/wp-content\/uploads\/cat-frontpage04-700x933.jpg 700w\" sizes=\"(max-width: 1500px) 100vw, 1500px\" \/><\/a><\/figure><div class=\"elementor-image-box-content\"><h4 class=\"elementor-image-box-title\"><a href=\"\/fr\/categorie-produit\/chambres\/\">Chambres<\/a><\/h4><\/div><\/div>\t\t\t\t<\/div>\n\t\t\t\t<\/div>\n\t\t\t\t<div class=\"elementor-element elementor-element-a6758de elementor-position-top elementor-widget elementor-widget-image-box\" data-id=\"a6758de\" data-element_type=\"widget\" data-e-type=\"widget\" data-widget_type=\"image-box.default\">\n\t\t\t\t\t\t<div class=\"elementor-widget-container\">\n\t\t\t\t\t<div class=\"elementor-image-box-wrapper\"><figure class=\"elementor-image-box-img\"><a href=\"\/fr\/categorie-produit\/garde-robes-walk-in\/\" tabindex=\"-1\"><img decoding=\"async\" width=\"1500\" height=\"2000\" src=\"https:\/\/walkinclosetcanada.com\/wp-content\/uploads\/cat-frontpage03.jpg\" class=\"elementor-animation-shrink attachment-full size-full wp-image-18113\" alt=\"\" srcset=\"https:\/\/walkinclosetcanada.com\/wp-content\/uploads\/cat-frontpage03.jpg 1500w, https:\/\/walkinclosetcanada.com\/wp-content\/uploads\/cat-frontpage03-450x600.jpg 450w, https:\/\/walkinclosetcanada.com\/wp-content\/uploads\/cat-frontpage03-900x1200.jpg 900w, https:\/\/walkinclosetcanada.com\/wp-content\/uploads\/cat-frontpage03-225x300.jpg 225w, https:\/\/walkinclosetcanada.com\/wp-content\/uploads\/cat-frontpage03-768x1024.jpg 768w, https:\/\/walkinclosetcanada.com\/wp-content\/uploads\/cat-frontpage03-1152x1536.jpg 1152w, https:\/\/walkinclosetcanada.com\/wp-content\/uploads\/cat-frontpage03-700x933.jpg 700w\" sizes=\"(max-width: 1500px) 100vw, 1500px\" \/><\/a><\/figure><div class=\"elementor-image-box-content\"><h4 class=\"elementor-image-box-title\"><a href=\"\/fr\/categorie-produit\/garde-robes-walk-in\/\">Garde-robes Walk-in<\/a><\/h4><\/div><\/div>\t\t\t\t<\/div>\n\t\t\t\t<\/div>\n\t\t\t\t<div class=\"elementor-element elementor-element-6e939c6 elementor-position-top elementor-widget elementor-widget-image-box\" data-id=\"6e939c6\" data-element_type=\"widget\" data-e-type=\"widget\" data-widget_type=\"image-box.default\">\n\t\t\t\t\t\t<div class=\"elementor-widget-container\">\n\t\t\t\t\t<div class=\"elementor-image-box-wrapper\"><figure class=\"elementor-image-box-img\"><a href=\"\/fr\/categorie-produit\/lits-escamotables\/\" tabindex=\"-1\"><img loading=\"lazy\" decoding=\"async\" width=\"1500\" height=\"2000\" src=\"https:\/\/walkinclosetcanada.com\/wp-content\/uploads\/cat-frontpage01.jpg\" class=\"elementor-animation-shrink attachment-full size-full wp-image-18109\" alt=\"\" srcset=\"https:\/\/walkinclosetcanada.com\/wp-content\/uploads\/cat-frontpage01.jpg 1500w, https:\/\/walkinclosetcanada.com\/wp-content\/uploads\/cat-frontpage01-450x600.jpg 450w, https:\/\/walkinclosetcanada.com\/wp-content\/uploads\/cat-frontpage01-900x1200.jpg 900w, https:\/\/walkinclosetcanada.com\/wp-content\/uploads\/cat-frontpage01-225x300.jpg 225w, https:\/\/walkinclosetcanada.com\/wp-content\/uploads\/cat-frontpage01-768x1024.jpg 768w, https:\/\/walkinclosetcanada.com\/wp-content\/uploads\/cat-frontpage01-1152x1536.jpg 1152w, https:\/\/walkinclosetcanada.com\/wp-content\/uploads\/cat-frontpage01-700x933.jpg 700w\" sizes=\"(max-width: 1500px) 100vw, 1500px\" \/><\/a><\/figure><div class=\"elementor-image-box-content\"><h4 class=\"elementor-image-box-title\"><a href=\"\/fr\/categorie-produit\/lits-escamotables\/\">Lits Escamotables<\/a><\/h4><\/div><\/div>\t\t\t\t<\/div>\n\t\t\t\t<\/div>\n\t\t\t\t<div class=\"elementor-element elementor-element-12f349b elementor-position-top elementor-widget elementor-widget-image-box\" data-id=\"12f349b\" data-element_type=\"widget\" data-e-type=\"widget\" data-widget_type=\"image-box.default\">\n\t\t\t\t\t\t<div class=\"elementor-widget-container\">\n\t\t\t\t\t<div class=\"elementor-image-box-wrapper\"><figure class=\"elementor-image-box-img\"><a href=\"\/fr\/categorie-produit\/armoires\/\" tabindex=\"-1\"><img loading=\"lazy\" decoding=\"async\" width=\"1500\" height=\"2000\" src=\"https:\/\/walkinclosetcanada.com\/wp-content\/uploads\/cat-frontpage02.jpg\" class=\"elementor-animation-shrink attachment-full size-full wp-image-18111\" alt=\"\" srcset=\"https:\/\/walkinclosetcanada.com\/wp-content\/uploads\/cat-frontpage02.jpg 1500w, https:\/\/walkinclosetcanada.com\/wp-content\/uploads\/cat-frontpage02-450x600.jpg 450w, https:\/\/walkinclosetcanada.com\/wp-content\/uploads\/cat-frontpage02-900x1200.jpg 900w, https:\/\/walkinclosetcanada.com\/wp-content\/uploads\/cat-frontpage02-225x300.jpg 225w, https:\/\/walkinclosetcanada.com\/wp-content\/uploads\/cat-frontpage02-768x1024.jpg 768w, https:\/\/walkinclosetcanada.com\/wp-content\/uploads\/cat-frontpage02-1152x1536.jpg 1152w, https:\/\/walkinclosetcanada.com\/wp-content\/uploads\/cat-frontpage02-700x933.jpg 700w\" sizes=\"(max-width: 1500px) 100vw, 1500px\" \/><\/a><\/figure><div class=\"elementor-image-box-content\"><h4 class=\"elementor-image-box-title\"><a href=\"\/fr\/categorie-produit\/armoires\/\">Armoires<\/a><\/h4><\/div><\/div>\t\t\t\t<\/div>\n\t\t\t\t<\/div>\n\t\t\t\t\t<\/div>\n\t\t\t\t<\/div>\n\t\t\t\t<\/div>\n\t\t\t\t<\/div>\n\t\t\t\t<\/div>\n\t\t\t\t\t\t<\/div>\n\t\t\t\t<\/div>\n\t\t\t\t<\/div>\n\t\t\t\t<\/div>\n\t\t","protected":false},"excerpt":{"rendered":"<p>Solutions d&rsquo;Armoires : Styles, Id\u00e9es &amp; Int\u00e9gration Nos lits escamotables allient parfaitement fonctionnalit\u00e9 et design sophistiqu\u00e9. Id\u00e9als pour les chambres d\u2019amis, les [&hellip;]<\/p>\n","protected":false},"author":247,"featured_media":0,"parent":19276,"menu_order":0,"comment_status":"closed","ping_status":"closed","template":"","meta":{"_acf_changed":false,"site-sidebar-layout":"no-sidebar","site-content-layout":"page-builder","ast-site-content-layout":"full-width-container","site-content-style":"default","site-sidebar-style":"default","ast-global-header-display":"","ast-banner-title-visibility":"","ast-main-header-display":"","ast-hfb-above-header-display":"","ast-hfb-below-header-display":"","ast-hfb-mobile-header-display":"","site-post-title":"disabled","ast-breadcrumbs-content":"","ast-featured-img":"disabled","footer-sml-layout":"","ast-disable-related-posts":"","theme-transparent-header-meta":"default","adv-header-id-meta":"","stick-header-meta":"default","header-above-stick-meta":"","header-main-stick-meta":"","header-below-stick-meta":"","astra-migrate-meta-layouts":"set","ast-page-background-enabled":"default","ast-page-background-meta":{"desktop":{"background-color":"var(--ast-global-color-4)","background-image":"","background-repeat":"repeat","background-position":"center center","background-size":"auto","background-attachment":"scroll","background-type":"","background-media":"","overlay-type":"","overlay-color":"","overlay-opacity":"","overlay-gradient":""},"tablet":{"background-color":"","background-image":"","background-repeat":"repeat","background-position":"center center","background-size":"auto","background-attachment":"scroll","background-type":"","background-media":"","overlay-type":"","overlay-color":"","overlay-opacity":"","overlay-gradient":""},"mobile":{"background-color":"","background-image":"","background-repeat":"repeat","background-position":"center center","background-size":"auto","background-attachment":"scroll","background-type":"","background-media":"","overlay-type":"","overlay-color":"","overlay-opacity":"","overlay-gradient":""}},"ast-content-background-meta":{"desktop":{"background-color":"var(--ast-global-color-5)","background-image":"","background-repeat":"repeat","background-position":"center center","background-size":"auto","background-attachment":"scroll","background-type":"","background-media":"","overlay-type":"","overlay-color":"","overlay-opacity":"","overlay-gradient":""},"tablet":{"background-color":"var(--ast-global-color-5)","background-image":"","background-repeat":"repeat","background-position":"center center","background-size":"auto","background-attachment":"scroll","background-type":"","background-media":"","overlay-type":"","overlay-color":"","overlay-opacity":"","overlay-gradient":""},"mobile":{"background-color":"var(--ast-global-color-5)","background-image":"","background-repeat":"repeat","background-position":"center center","background-size":"auto","background-attachment":"scroll","background-type":"","background-media":"","overlay-type":"","overlay-color":"","overlay-opacity":"","overlay-gradient":""}},"footnotes":""},"class_list":["post-19295","page","type-page","status-publish","hentry"],"acf":[],"aioseo_notices":[],"_links":{"self":[{"href":"https:\/\/walkinclosetcanada.com\/fr\/wp-json\/wp\/v2\/pages\/19295","targetHints":{"allow":["GET"]}}],"collection":[{"href":"https:\/\/walkinclosetcanada.com\/fr\/wp-json\/wp\/v2\/pages"}],"about":[{"href":"https:\/\/walkinclosetcanada.com\/fr\/wp-json\/wp\/v2\/types\/page"}],"author":[{"embeddable":true,"href":"https:\/\/walkinclosetcanada.com\/fr\/wp-json\/wp\/v2\/users\/247"}],"replies":[{"embeddable":true,"href":"https:\/\/walkinclosetcanada.com\/fr\/wp-json\/wp\/v2\/comments?post=19295"}],"version-history":[{"count":2,"href":"https:\/\/walkinclosetcanada.com\/fr\/wp-json\/wp\/v2\/pages\/19295\/revisions"}],"predecessor-version":[{"id":20674,"href":"https:\/\/walkinclosetcanada.com\/fr\/wp-json\/wp\/v2\/pages\/19295\/revisions\/20674"}],"up":[{"embeddable":true,"href":"https:\/\/walkinclosetcanada.com\/fr\/wp-json\/wp\/v2\/pages\/19276"}],"wp:attachment":[{"href":"https:\/\/walkinclosetcanada.com\/fr\/wp-json\/wp\/v2\/media?parent=19295"}],"curies":[{"name":"wp","href":"https:\/\/api.w.org\/{rel}","templated":true}]}}