{"id":19299,"date":"2025-05-22T11:52:20","date_gmt":"2025-05-22T15:52:20","guid":{"rendered":"https:\/\/walkinclosetcanada.com\/?page_id=19299"},"modified":"2025-06-05T15:39:27","modified_gmt":"2025-06-05T19:39:27","slug":"portes-coulissantes","status":"publish","type":"page","link":"https:\/\/walkinclosetcanada.com\/fr\/solutions\/portes-coulissantes\/","title":{"rendered":"Portes Coulissantes"},"content":{"rendered":"\t\t<div data-elementor-type=\"wp-page\" data-elementor-id=\"19299\" class=\"elementor elementor-19299 elementor-18502\" data-elementor-post-type=\"page\">\n\t\t\t\t<div class=\"elementor-element elementor-element-3072959 e-flex e-con-boxed e-con e-parent\" data-id=\"3072959\" data-element_type=\"container\" data-e-type=\"container\">\n\t\t\t\t\t<div class=\"e-con-inner\">\n\t\t\t\t<div class=\"elementor-element elementor-element-61285f0 elementor-widget elementor-widget-spacer\" data-id=\"61285f0\" data-element_type=\"widget\" data-e-type=\"widget\" data-widget_type=\"spacer.default\">\n\t\t\t\t\t\t<div class=\"elementor-widget-container\">\n\t\t\t\t\t\t\t<div class=\"elementor-spacer\">\n\t\t\t<div class=\"elementor-spacer-inner\"><\/div>\n\t\t<\/div>\n\t\t\t\t\t\t<\/div>\n\t\t\t\t<\/div>\n\t\t\t\t<div class=\"elementor-element elementor-element-83015bb elementor-widget__width-initial elementor-widget elementor-widget-heading\" data-id=\"83015bb\" data-element_type=\"widget\" data-e-type=\"widget\" data-widget_type=\"heading.default\">\n\t\t\t\t\t\t<div class=\"elementor-widget-container\">\n\t\t\t\t\t<h1 class=\"elementor-heading-title elementor-size-default\">Garde-robes d'Entr\u00e9e sur Mesure &amp; Id\u00e9es d'Organisation pour Vestibule<\/h1>\t\t\t\t<\/div>\n\t\t\t\t<\/div>\n\t\t\t\t<div class=\"elementor-element elementor-element-708563c elementor-widget elementor-widget-text-editor\" data-id=\"708563c\" data-element_type=\"widget\" data-e-type=\"widget\" data-widget_type=\"text-editor.default\">\n\t\t\t\t\t\t<div class=\"elementor-widget-container\">\n\t\t\t\t\t\t\t\t\t<p><span style=\"font-weight: 400;\">Les portes de garde-robe n\u2019ont pas \u00e0 \u00eatre ordinaires. Chez Walk-In Closet Canada, nous cr\u00e9ons des <a href=\"\/fr\/categorie-produit\/armoires\/\">portes coulissantes sur mesure<\/a> aux finis modernes qui apportent beaut\u00e9 et fonctionnalit\u00e9 \u00e0 votre espace. Que vous <a href=\"\/fr\/a-propos\/comment-nous-travaillons\/\">conceviez un walk-in<\/a> ou modernisiez une armoire encastr\u00e9e, nos portes sont fabriqu\u00e9es sur mesure pour s\u2019adapter \u00e0 votre projet.<\/span><\/p>\t\t\t\t\t\t\t\t<\/div>\n\t\t\t\t<\/div>\n\t\t<div class=\"elementor-element elementor-element-13c2604 e-con-full e-flex e-con e-child\" data-id=\"13c2604\" data-element_type=\"container\" data-e-type=\"container\">\n\t\t<div class=\"elementor-element elementor-element-8c90961 e-con-full e-flex e-con e-child\" data-id=\"8c90961\" data-element_type=\"container\" data-e-type=\"container\">\n\t\t\t\t<div class=\"elementor-element elementor-element-8365882 elementor-widget elementor-widget-heading\" data-id=\"8365882\" data-element_type=\"widget\" data-e-type=\"widget\" data-widget_type=\"heading.default\">\n\t\t\t\t\t\t<div class=\"elementor-widget-container\">\n\t\t\t\t\t<h2 class=\"elementor-heading-title elementor-size-default\">Options de Portes Coulissantes<\/h2>\t\t\t\t<\/div>\n\t\t\t\t<\/div>\n\t\t\t\t<div class=\"elementor-element elementor-element-31b1a95 elementor-widget elementor-widget-text-editor\" data-id=\"31b1a95\" data-element_type=\"widget\" data-e-type=\"widget\" data-widget_type=\"text-editor.default\">\n\t\t\t\t\t\t<div class=\"elementor-widget-container\">\n\t\t\t\t\t\t\t\t\t<ul><li style=\"font-weight: 400;\" aria-level=\"1\"><b>Portes coulissantes miroir<\/b><span style=\"font-weight: 400;\"> : Maximisent la lumi\u00e8re naturelle et l\u2019espace tout en offrant une fonctionnalit\u00e9 pratique<\/span><\/li><li style=\"font-weight: 400;\" aria-level=\"1\"><b>Panneaux en verre givr\u00e9 ou clair<\/b><span style=\"font-weight: 400;\"> : Parfaits pour un style moderne ou minimaliste<\/span><\/li><li style=\"font-weight: 400;\" aria-level=\"1\"><b>Finitions bois ou grain de bois<\/b><span style=\"font-weight: 400;\"> : Pour une touche chaleureuse et classique<\/span><\/li><li style=\"font-weight: 400;\" aria-level=\"1\"><b>Rails \u00e0 fermeture douce et dimensions personnalis\u00e9es<\/b><span style=\"font-weight: 400;\"> : Des syst\u00e8mes silencieux, durables et fluides<\/span><\/li><\/ul><p><span style=\"font-weight: 400;\">Nos portes coulissantes sont id\u00e9ales pour les garde-robes, les s\u00e9parateurs de pi\u00e8ce ou les armoires \u2013 con\u00e7ues avec de la quincaillerie haut de gamme et fabriqu\u00e9es au Canada.<\/span><\/p>\t\t\t\t\t\t\t\t<\/div>\n\t\t\t\t<\/div>\n\t\t\t\t<div class=\"elementor-element elementor-element-ed3f9d8 elementor-align-center elementor-widget elementor-widget-button\" data-id=\"ed3f9d8\" data-element_type=\"widget\" data-e-type=\"widget\" data-widget_type=\"button.default\">\n\t\t\t\t\t\t<div class=\"elementor-widget-container\">\n\t\t\t\t\t\t\t\t\t<div class=\"elementor-button-wrapper\">\n\t\t\t\t\t<a class=\"elementor-button elementor-button-link elementor-size-sm\" href=\"\/fr\/reservez-consultation-gratuite\/\">\n\t\t\t\t\t\t<span class=\"elementor-button-content-wrapper\">\n\t\t\t\t\t\t\t\t\t<span class=\"elementor-button-text\">R\u00e9servez une consultation gratuite<\/span>\n\t\t\t\t\t<\/span>\n\t\t\t\t\t<\/a>\n\t\t\t\t<\/div>\n\t\t\t\t\t\t\t\t<\/div>\n\t\t\t\t<\/div>\n\t\t\t\t<div class=\"elementor-element elementor-element-004d0c2 elementor-widget elementor-widget-text-editor\" data-id=\"004d0c2\" data-element_type=\"widget\" data-e-type=\"widget\" data-widget_type=\"text-editor.default\">\n\t\t\t\t\t\t<div class=\"elementor-widget-container\">\n\t\t\t\t\t\t\t\t\t<p><span style=\"font-weight: 400;\">Explorez aussi nos syst\u00e8mes de garde-robes ou d\u00e9couvrez nos produits pour armoires-penderies.<\/span><\/p>\t\t\t\t\t\t\t\t<\/div>\n\t\t\t\t<\/div>\n\t\t\t\t<\/div>\n\t\t<div class=\"elementor-element elementor-element-902e479 e-con-full e-flex e-con e-child\" data-id=\"902e479\" data-element_type=\"container\" data-e-type=\"container\">\n\t\t\t\t<div class=\"elementor-element elementor-element-956cd2b elementor-widget elementor-widget-image\" data-id=\"956cd2b\" data-element_type=\"widget\" data-e-type=\"widget\" data-widget_type=\"image.default\">\n\t\t\t\t\t\t<div class=\"elementor-widget-container\">\n\t\t\t\t\t\t\t\t\t\t\t\t\t\t\t<img fetchpriority=\"high\" decoding=\"async\" width=\"800\" height=\"533\" src=\"https:\/\/walkinclosetcanada.com\/wp-content\/uploads\/CosmobyEOS.076\u2013Wardrobes-walk-in-closet-800x533.jpg\" class=\"attachment-large size-large wp-image-11951\" alt=\"\" srcset=\"https:\/\/walkinclosetcanada.com\/wp-content\/uploads\/CosmobyEOS.076\u2013Wardrobes-walk-in-closet-800x533.jpg 800w, https:\/\/walkinclosetcanada.com\/wp-content\/uploads\/CosmobyEOS.076\u2013Wardrobes-walk-in-closet-636x424.jpg 636w, https:\/\/walkinclosetcanada.com\/wp-content\/uploads\/CosmobyEOS.076\u2013Wardrobes-walk-in-closet-600x400.jpg 600w, https:\/\/walkinclosetcanada.com\/wp-content\/uploads\/CosmobyEOS.076\u2013Wardrobes-walk-in-closet-400x267.jpg 400w, https:\/\/walkinclosetcanada.com\/wp-content\/uploads\/CosmobyEOS.076\u2013Wardrobes-walk-in-closet-768x512.jpg 768w, https:\/\/walkinclosetcanada.com\/wp-content\/uploads\/CosmobyEOS.076\u2013Wardrobes-walk-in-closet.jpg 1200w\" sizes=\"(max-width: 800px) 100vw, 800px\" \/>\t\t\t\t\t\t\t\t\t\t\t\t\t\t\t<\/div>\n\t\t\t\t<\/div>\n\t\t\t\t<\/div>\n\t\t\t\t<\/div>\n\t\t\t\t\t<\/div>\n\t\t\t\t<\/div>\n\t\t<div class=\"elementor-element elementor-element-3aa00d3 e-con-full e-flex e-con e-parent\" data-id=\"3aa00d3\" data-element_type=\"container\" data-e-type=\"container\">\n\t\t\t\t<div class=\"elementor-element elementor-element-8b89f13 elementor-widget elementor-widget-template\" data-id=\"8b89f13\" data-element_type=\"widget\" data-e-type=\"widget\" data-widget_type=\"template.default\">\n\t\t\t\t\t\t<div class=\"elementor-widget-container\">\n\t\t\t\t\t\t\t<div class=\"elementor-template\">\n\t\t\t\t\t<div data-elementor-type=\"container\" data-elementor-id=\"19040\" class=\"elementor elementor-19040\" data-elementor-post-type=\"elementor_library\">\n\t\t\t\t<div class=\"elementor-element elementor-element-7154deb e-con-full e-flex e-con e-parent\" data-id=\"7154deb\" data-element_type=\"container\" data-e-type=\"container\">\n\t\t\t\t<div class=\"elementor-element elementor-element-7fdaad5 elementor-widget elementor-widget-heading\" data-id=\"7fdaad5\" data-element_type=\"widget\" data-e-type=\"widget\" data-widget_type=\"heading.default\">\n\t\t\t\t\t\t<div class=\"elementor-widget-container\">\n\t\t\t\t\t<h2 class=\"elementor-heading-title elementor-size-default\">D\u00e9couvrez nos styles de placards<br \/> <strong>sur mesure<\/strong><\/h2>\t\t\t\t<\/div>\n\t\t\t\t<\/div>\n\t\t\t\t<div class=\"elementor-element elementor-element-295d424 elementor-widget elementor-widget-text-editor\" data-id=\"295d424\" data-element_type=\"widget\" data-e-type=\"widget\" data-widget_type=\"text-editor.default\">\n\t\t\t\t\t\t<div class=\"elementor-widget-container\">\n\t\t\t\t\t\t\t\t\t<p>Des dressings spacieux aux armoires compactes, nous proposons des solutions sur mesure pour chaque pi\u00e8ce. Nous vous aidons \u00e0 am\u00e9liorer votre int\u00e9rieur. Que vous r\u00e9noviez votre suite parentale ou conceviez un placard d\u2019entr\u00e9e \u00e9l\u00e9gant, nous cr\u00e9ons des espaces esth\u00e9tiques.<\/p>\t\t\t\t\t\t\t\t<\/div>\n\t\t\t\t<\/div>\n\t\t<div class=\"elementor-element elementor-element-af26adf e-flex e-con-boxed e-con e-child\" data-id=\"af26adf\" data-element_type=\"container\" data-e-type=\"container\">\n\t\t\t\t\t<div class=\"e-con-inner\">\n\t\t\t\t<div class=\"elementor-element elementor-element-f93c0cf elementor-position-top elementor-widget elementor-widget-image-box\" data-id=\"f93c0cf\" data-element_type=\"widget\" data-e-type=\"widget\" data-widget_type=\"image-box.default\">\n\t\t\t\t\t\t<div class=\"elementor-widget-container\">\n\t\t\t\t\t<div class=\"elementor-image-box-wrapper\"><figure class=\"elementor-image-box-img\"><a href=\"\/fr\/categorie-produit\/chambres\/\" tabindex=\"-1\"><img decoding=\"async\" width=\"1500\" height=\"2000\" src=\"https:\/\/walkinclosetcanada.com\/wp-content\/uploads\/cat-frontpage04.jpg\" class=\"elementor-animation-shrink attachment-full size-full wp-image-18115\" alt=\"\" srcset=\"https:\/\/walkinclosetcanada.com\/wp-content\/uploads\/cat-frontpage04.jpg 1500w, https:\/\/walkinclosetcanada.com\/wp-content\/uploads\/cat-frontpage04-450x600.jpg 450w, https:\/\/walkinclosetcanada.com\/wp-content\/uploads\/cat-frontpage04-900x1200.jpg 900w, https:\/\/walkinclosetcanada.com\/wp-content\/uploads\/cat-frontpage04-225x300.jpg 225w, https:\/\/walkinclosetcanada.com\/wp-content\/uploads\/cat-frontpage04-768x1024.jpg 768w, https:\/\/walkinclosetcanada.com\/wp-content\/uploads\/cat-frontpage04-1152x1536.jpg 1152w, https:\/\/walkinclosetcanada.com\/wp-content\/uploads\/cat-frontpage04-700x933.jpg 700w\" sizes=\"(max-width: 1500px) 100vw, 1500px\" \/><\/a><\/figure><div class=\"elementor-image-box-content\"><h4 class=\"elementor-image-box-title\"><a href=\"\/fr\/categorie-produit\/chambres\/\">Chambres<\/a><\/h4><\/div><\/div>\t\t\t\t<\/div>\n\t\t\t\t<\/div>\n\t\t\t\t<div class=\"elementor-element elementor-element-a6758de elementor-position-top elementor-widget elementor-widget-image-box\" data-id=\"a6758de\" data-element_type=\"widget\" data-e-type=\"widget\" data-widget_type=\"image-box.default\">\n\t\t\t\t\t\t<div class=\"elementor-widget-container\">\n\t\t\t\t\t<div class=\"elementor-image-box-wrapper\"><figure class=\"elementor-image-box-img\"><a href=\"\/fr\/categorie-produit\/garde-robes-walk-in\/\" tabindex=\"-1\"><img decoding=\"async\" width=\"1500\" height=\"2000\" src=\"https:\/\/walkinclosetcanada.com\/wp-content\/uploads\/cat-frontpage03.jpg\" class=\"elementor-animation-shrink attachment-full size-full wp-image-18113\" alt=\"\" srcset=\"https:\/\/walkinclosetcanada.com\/wp-content\/uploads\/cat-frontpage03.jpg 1500w, https:\/\/walkinclosetcanada.com\/wp-content\/uploads\/cat-frontpage03-450x600.jpg 450w, https:\/\/walkinclosetcanada.com\/wp-content\/uploads\/cat-frontpage03-900x1200.jpg 900w, https:\/\/walkinclosetcanada.com\/wp-content\/uploads\/cat-frontpage03-225x300.jpg 225w, https:\/\/walkinclosetcanada.com\/wp-content\/uploads\/cat-frontpage03-768x1024.jpg 768w, https:\/\/walkinclosetcanada.com\/wp-content\/uploads\/cat-frontpage03-1152x1536.jpg 1152w, https:\/\/walkinclosetcanada.com\/wp-content\/uploads\/cat-frontpage03-700x933.jpg 700w\" sizes=\"(max-width: 1500px) 100vw, 1500px\" \/><\/a><\/figure><div class=\"elementor-image-box-content\"><h4 class=\"elementor-image-box-title\"><a href=\"\/fr\/categorie-produit\/garde-robes-walk-in\/\">Garde-robes Walk-in<\/a><\/h4><\/div><\/div>\t\t\t\t<\/div>\n\t\t\t\t<\/div>\n\t\t\t\t<div class=\"elementor-element elementor-element-6e939c6 elementor-position-top elementor-widget elementor-widget-image-box\" data-id=\"6e939c6\" data-element_type=\"widget\" data-e-type=\"widget\" data-widget_type=\"image-box.default\">\n\t\t\t\t\t\t<div class=\"elementor-widget-container\">\n\t\t\t\t\t<div class=\"elementor-image-box-wrapper\"><figure class=\"elementor-image-box-img\"><a href=\"\/fr\/categorie-produit\/lits-escamotables\/\" tabindex=\"-1\"><img loading=\"lazy\" decoding=\"async\" width=\"1500\" height=\"2000\" src=\"https:\/\/walkinclosetcanada.com\/wp-content\/uploads\/cat-frontpage01.jpg\" class=\"elementor-animation-shrink attachment-full size-full wp-image-18109\" alt=\"\" srcset=\"https:\/\/walkinclosetcanada.com\/wp-content\/uploads\/cat-frontpage01.jpg 1500w, https:\/\/walkinclosetcanada.com\/wp-content\/uploads\/cat-frontpage01-450x600.jpg 450w, https:\/\/walkinclosetcanada.com\/wp-content\/uploads\/cat-frontpage01-900x1200.jpg 900w, https:\/\/walkinclosetcanada.com\/wp-content\/uploads\/cat-frontpage01-225x300.jpg 225w, https:\/\/walkinclosetcanada.com\/wp-content\/uploads\/cat-frontpage01-768x1024.jpg 768w, https:\/\/walkinclosetcanada.com\/wp-content\/uploads\/cat-frontpage01-1152x1536.jpg 1152w, https:\/\/walkinclosetcanada.com\/wp-content\/uploads\/cat-frontpage01-700x933.jpg 700w\" sizes=\"(max-width: 1500px) 100vw, 1500px\" \/><\/a><\/figure><div class=\"elementor-image-box-content\"><h4 class=\"elementor-image-box-title\"><a href=\"\/fr\/categorie-produit\/lits-escamotables\/\">Lits Escamotables<\/a><\/h4><\/div><\/div>\t\t\t\t<\/div>\n\t\t\t\t<\/div>\n\t\t\t\t<div class=\"elementor-element elementor-element-12f349b elementor-position-top elementor-widget elementor-widget-image-box\" data-id=\"12f349b\" data-element_type=\"widget\" data-e-type=\"widget\" data-widget_type=\"image-box.default\">\n\t\t\t\t\t\t<div class=\"elementor-widget-container\">\n\t\t\t\t\t<div class=\"elementor-image-box-wrapper\"><figure class=\"elementor-image-box-img\"><a href=\"\/fr\/categorie-produit\/armoires\/\" tabindex=\"-1\"><img loading=\"lazy\" decoding=\"async\" width=\"1500\" height=\"2000\" src=\"https:\/\/walkinclosetcanada.com\/wp-content\/uploads\/cat-frontpage02.jpg\" class=\"elementor-animation-shrink attachment-full size-full wp-image-18111\" alt=\"\" srcset=\"https:\/\/walkinclosetcanada.com\/wp-content\/uploads\/cat-frontpage02.jpg 1500w, https:\/\/walkinclosetcanada.com\/wp-content\/uploads\/cat-frontpage02-450x600.jpg 450w, https:\/\/walkinclosetcanada.com\/wp-content\/uploads\/cat-frontpage02-900x1200.jpg 900w, https:\/\/walkinclosetcanada.com\/wp-content\/uploads\/cat-frontpage02-225x300.jpg 225w, https:\/\/walkinclosetcanada.com\/wp-content\/uploads\/cat-frontpage02-768x1024.jpg 768w, https:\/\/walkinclosetcanada.com\/wp-content\/uploads\/cat-frontpage02-1152x1536.jpg 1152w, https:\/\/walkinclosetcanada.com\/wp-content\/uploads\/cat-frontpage02-700x933.jpg 700w\" sizes=\"(max-width: 1500px) 100vw, 1500px\" \/><\/a><\/figure><div class=\"elementor-image-box-content\"><h4 class=\"elementor-image-box-title\"><a href=\"\/fr\/categorie-produit\/armoires\/\">Armoires<\/a><\/h4><\/div><\/div>\t\t\t\t<\/div>\n\t\t\t\t<\/div>\n\t\t\t\t\t<\/div>\n\t\t\t\t<\/div>\n\t\t\t\t<\/div>\n\t\t\t\t<\/div>\n\t\t\t\t<\/div>\n\t\t\t\t\t\t<\/div>\n\t\t\t\t<\/div>\n\t\t\t\t<\/div>\n\t\t\t\t<\/div>\n\t\t","protected":false},"excerpt":{"rendered":"<p>Garde-robes d&rsquo;Entr\u00e9e sur Mesure &amp; Id\u00e9es d&rsquo;Organisation pour Vestibule Les portes de garde-robe n\u2019ont pas \u00e0 \u00eatre ordinaires. Chez Walk-In Closet Canada, [&hellip;]<\/p>\n","protected":false},"author":247,"featured_media":0,"parent":19276,"menu_order":0,"comment_status":"closed","ping_status":"closed","template":"","meta":{"_acf_changed":false,"site-sidebar-layout":"no-sidebar","site-content-layout":"page-builder","ast-site-content-layout":"full-width-container","site-content-style":"default","site-sidebar-style":"default","ast-global-header-display":"","ast-banner-title-visibility":"","ast-main-header-display":"","ast-hfb-above-header-display":"","ast-hfb-below-header-display":"","ast-hfb-mobile-header-display":"","site-post-title":"disabled","ast-breadcrumbs-content":"","ast-featured-img":"disabled","footer-sml-layout":"","ast-disable-related-posts":"","theme-transparent-header-meta":"default","adv-header-id-meta":"","stick-header-meta":"default","header-above-stick-meta":"","header-main-stick-meta":"","header-below-stick-meta":"","astra-migrate-meta-layouts":"set","ast-page-background-enabled":"default","ast-page-background-meta":{"desktop":{"background-color":"var(--ast-global-color-4)","background-image":"","background-repeat":"repeat","background-position":"center center","background-size":"auto","background-attachment":"scroll","background-type":"","background-media":"","overlay-type":"","overlay-color":"","overlay-opacity":"","overlay-gradient":""},"tablet":{"background-color":"","background-image":"","background-repeat":"repeat","background-position":"center center","background-size":"auto","background-attachment":"scroll","background-type":"","background-media":"","overlay-type":"","overlay-color":"","overlay-opacity":"","overlay-gradient":""},"mobile":{"background-color":"","background-image":"","background-repeat":"repeat","background-position":"center center","background-size":"auto","background-attachment":"scroll","background-type":"","background-media":"","overlay-type":"","overlay-color":"","overlay-opacity":"","overlay-gradient":""}},"ast-content-background-meta":{"desktop":{"background-color":"var(--ast-global-color-5)","background-image":"","background-repeat":"repeat","background-position":"center center","background-size":"auto","background-attachment":"scroll","background-type":"","background-media":"","overlay-type":"","overlay-color":"","overlay-opacity":"","overlay-gradient":""},"tablet":{"background-color":"var(--ast-global-color-5)","background-image":"","background-repeat":"repeat","background-position":"center center","background-size":"auto","background-attachment":"scroll","background-type":"","background-media":"","overlay-type":"","overlay-color":"","overlay-opacity":"","overlay-gradient":""},"mobile":{"background-color":"var(--ast-global-color-5)","background-image":"","background-repeat":"repeat","background-position":"center center","background-size":"auto","background-attachment":"scroll","background-type":"","background-media":"","overlay-type":"","overlay-color":"","overlay-opacity":"","overlay-gradient":""}},"footnotes":""},"class_list":["post-19299","page","type-page","status-publish","hentry"],"acf":[],"aioseo_notices":[],"_links":{"self":[{"href":"https:\/\/walkinclosetcanada.com\/fr\/wp-json\/wp\/v2\/pages\/19299","targetHints":{"allow":["GET"]}}],"collection":[{"href":"https:\/\/walkinclosetcanada.com\/fr\/wp-json\/wp\/v2\/pages"}],"about":[{"href":"https:\/\/walkinclosetcanada.com\/fr\/wp-json\/wp\/v2\/types\/page"}],"author":[{"embeddable":true,"href":"https:\/\/walkinclosetcanada.com\/fr\/wp-json\/wp\/v2\/users\/247"}],"replies":[{"embeddable":true,"href":"https:\/\/walkinclosetcanada.com\/fr\/wp-json\/wp\/v2\/comments?post=19299"}],"version-history":[{"count":2,"href":"https:\/\/walkinclosetcanada.com\/fr\/wp-json\/wp\/v2\/pages\/19299\/revisions"}],"predecessor-version":[{"id":20680,"href":"https:\/\/walkinclosetcanada.com\/fr\/wp-json\/wp\/v2\/pages\/19299\/revisions\/20680"}],"up":[{"embeddable":true,"href":"https:\/\/walkinclosetcanada.com\/fr\/wp-json\/wp\/v2\/pages\/19276"}],"wp:attachment":[{"href":"https:\/\/walkinclosetcanada.com\/fr\/wp-json\/wp\/v2\/media?parent=19299"}],"curies":[{"name":"wp","href":"https:\/\/api.w.org\/{rel}","templated":true}]}}