{"id":22292,"date":"2025-04-22T17:44:46","date_gmt":"2025-04-22T21:44:46","guid":{"rendered":"https:\/\/walkinclosetcanada.com\/shop\/non class\u00e9\/commode-bolonia\/"},"modified":"2025-08-29T11:17:55","modified_gmt":"2025-08-29T15:17:55","slug":"commode-bolonia","status":"publish","type":"product","link":"https:\/\/walkinclosetcanada.com\/fr\/shop\/chambres\/bolonia-fr\/commode-bolonia\/","title":{"rendered":"Commode Bolonia"},"content":{"rendered":"<p>La commode Bolonia est une c\u00e9l\u00e9bration de la simplicit\u00e9. Avec des lignes \u00e9pur\u00e9es et une finition blanc mat de haut en bas, cette pi\u00e8ce incarne une esth\u00e9tique moderne et sereine id\u00e9ale pour les chambres lumineuses et contemporaines. <\/p>\n<p>Ses cinq tiroirs spacieux sont sans poign\u00e9e, dot\u00e9s d\u2019une rainure lat\u00e9rale cach\u00e9e pour une ouverture facile tout en maintenant une fa\u00e7ade sans couture. Bolonia offre un rangement pratique sans encombrement visuel, laissant le d\u00e9cor environnant occuper le devant de la sc\u00e8ne. Parfait pour les amateurs de design pur, c\u2019est un incontournable intemporel pour tout espace moderne.  <\/p>\n","protected":false},"excerpt":{"rendered":"<p>Un design minimaliste pur dans une commode \u00e0 cinq tiroirs enti\u00e8rement blanche. Le Bolonia apporte \u00e9l\u00e9gance et fonctionnalit\u00e9 sans faille \u00e0 votre chambre ou \u00e0 votre couloir. <\/p>\n","protected":false},"featured_media":17994,"template":"","meta":{"_acf_changed":false,"site-sidebar-layout":"default","site-content-layout":"","ast-site-content-layout":"default","site-content-style":"default","site-sidebar-style":"default","ast-global-header-display":"","ast-banner-title-visibility":"","ast-main-header-display":"","ast-hfb-above-header-display":"","ast-hfb-below-header-display":"","ast-hfb-mobile-header-display":"","site-post-title":"","ast-breadcrumbs-content":"","ast-featured-img":"","footer-sml-layout":"","ast-disable-related-posts":"","theme-transparent-header-meta":"default","adv-header-id-meta":"","stick-header-meta":"default","header-above-stick-meta":"","header-main-stick-meta":"","header-below-stick-meta":"","astra-migrate-meta-layouts":"default","ast-page-background-enabled":"default","ast-page-background-meta":{"desktop":{"background-color":"var(--ast-global-color-4)","background-image":"","background-repeat":"repeat","background-position":"center center","background-size":"auto","background-attachment":"scroll","background-type":"","background-media":"","overlay-type":"","overlay-color":"","overlay-opacity":"","overlay-gradient":""},"tablet":{"background-color":"","background-image":"","background-repeat":"repeat","background-position":"center center","background-size":"auto","background-attachment":"scroll","background-type":"","background-media":"","overlay-type":"","overlay-color":"","overlay-opacity":"","overlay-gradient":""},"mobile":{"background-color":"","background-image":"","background-repeat":"repeat","background-position":"center center","background-size":"auto","background-attachment":"scroll","background-type":"","background-media":"","overlay-type":"","overlay-color":"","overlay-opacity":"","overlay-gradient":""}},"ast-content-background-meta":{"desktop":{"background-color":"var(--ast-global-color-5)","background-image":"","background-repeat":"repeat","background-position":"center center","background-size":"auto","background-attachment":"scroll","background-type":"","background-media":"","overlay-type":"","overlay-color":"","overlay-opacity":"","overlay-gradient":""},"tablet":{"background-color":"var(--ast-global-color-5)","background-image":"","background-repeat":"repeat","background-position":"center center","background-size":"auto","background-attachment":"scroll","background-type":"","background-media":"","overlay-type":"","overlay-color":"","overlay-opacity":"","overlay-gradient":""},"mobile":{"background-color":"var(--ast-global-color-5)","background-image":"","background-repeat":"repeat","background-position":"center center","background-size":"auto","background-attachment":"scroll","background-type":"","background-media":"","overlay-type":"","overlay-color":"","overlay-opacity":"","overlay-gradient":""}}},"product_brand":[180],"product_cat":[181,170],"product_tag":[],"class_list":{"0":"post-22292","1":"product","2":"type-product","3":"status-publish","4":"has-post-thumbnail","6":"product_brand-glicerio-chaves-hornero-fr","7":"product_cat-bolonia-fr","8":"product_cat-chambres","9":"desktop-align-center","10":"tablet-align-left","11":"mobile-align-left","12":"ast-product-gallery-layout-first-image-large","13":"ast-product-gallery-with-no-image","14":"ast-magnify-disabled","15":"ast-product-tabs-layout-horizontal","17":"first","18":"instock","19":"shipping-taxable","20":"purchasable","21":"product-type-simple"},"acf":[],"aioseo_notices":[],"_links":{"self":[{"href":"https:\/\/walkinclosetcanada.com\/fr\/wp-json\/wp\/v2\/product\/22292","targetHints":{"allow":["GET"]}}],"collection":[{"href":"https:\/\/walkinclosetcanada.com\/fr\/wp-json\/wp\/v2\/product"}],"about":[{"href":"https:\/\/walkinclosetcanada.com\/fr\/wp-json\/wp\/v2\/types\/product"}],"version-history":[{"count":0,"href":"https:\/\/walkinclosetcanada.com\/fr\/wp-json\/wp\/v2\/product\/22292\/revisions"}],"wp:featuredmedia":[{"embeddable":true,"href":"https:\/\/walkinclosetcanada.com\/fr\/wp-json\/wp\/v2\/media\/17994"}],"wp:attachment":[{"href":"https:\/\/walkinclosetcanada.com\/fr\/wp-json\/wp\/v2\/media?parent=22292"}],"wp:term":[{"taxonomy":"product_brand","embeddable":true,"href":"https:\/\/walkinclosetcanada.com\/fr\/wp-json\/wp\/v2\/product_brand?post=22292"},{"taxonomy":"product_cat","embeddable":true,"href":"https:\/\/walkinclosetcanada.com\/fr\/wp-json\/wp\/v2\/product_cat?post=22292"},{"taxonomy":"product_tag","embeddable":true,"href":"https:\/\/walkinclosetcanada.com\/fr\/wp-json\/wp\/v2\/product_tag?post=22292"}],"curies":[{"name":"wp","href":"https:\/\/api.w.org\/{rel}","templated":true}]}}