{"id":22309,"date":"2025-04-22T17:44:11","date_gmt":"2025-04-22T21:44:11","guid":{"rendered":"https:\/\/walkinclosetcanada.com\/shop\/non class\u00e9\/table-de-chevet-valentino\/"},"modified":"2025-08-29T11:18:00","modified_gmt":"2025-08-29T15:18:00","slug":"table-de-chevet-valentino","status":"publish","type":"product","link":"https:\/\/walkinclosetcanada.com\/fr\/shop\/chambres\/valentino-fr\/table-de-chevet-valentino\/","title":{"rendered":"Table de chevet Valentino"},"content":{"rendered":"<p>La table de chevet Valentino joue avec les couleurs et les contrastes d\u2019une mani\u00e8re fra\u00eeche et sophistiqu\u00e9e. Son tiroir inf\u00e9rieur bleu poudre ancre le design, tandis que la partie sup\u00e9rieure blanche ajoute une touche nette et contemporaine qui all\u00e8ge la composition. <\/p>\n<p>Des lignes \u00e9pur\u00e9es et une forme compacte rendent ce meuble id\u00e9al pour les chambres modernes, offrant \u00e0 la fois un int\u00e9r\u00eat visuel et une fonctionnalit\u00e9 quotidienne. La surface plane offre amplement d\u2019espace pour l\u2019\u00e9clairage, les livres ou la d\u00e9coration, compl\u00e9tant un look \u00e0 la fois \u00e9l\u00e9gant et pratique. <\/p>\n","protected":false},"excerpt":{"rendered":"<p>Une table de chevet bicolore audacieuse qui associe le bleu poudr\u00e9 et le blanc \u00e9clatant \u00e0 la simplicit\u00e9 moderne.<\/p>\n","protected":false},"featured_media":17942,"template":"","meta":{"_acf_changed":false,"site-sidebar-layout":"default","site-content-layout":"","ast-site-content-layout":"default","site-content-style":"default","site-sidebar-style":"default","ast-global-header-display":"","ast-banner-title-visibility":"","ast-main-header-display":"","ast-hfb-above-header-display":"","ast-hfb-below-header-display":"","ast-hfb-mobile-header-display":"","site-post-title":"","ast-breadcrumbs-content":"","ast-featured-img":"","footer-sml-layout":"","ast-disable-related-posts":"","theme-transparent-header-meta":"default","adv-header-id-meta":"","stick-header-meta":"default","header-above-stick-meta":"","header-main-stick-meta":"","header-below-stick-meta":"","astra-migrate-meta-layouts":"default","ast-page-background-enabled":"default","ast-page-background-meta":{"desktop":{"background-color":"var(--ast-global-color-4)","background-image":"","background-repeat":"repeat","background-position":"center center","background-size":"auto","background-attachment":"scroll","background-type":"","background-media":"","overlay-type":"","overlay-color":"","overlay-opacity":"","overlay-gradient":""},"tablet":{"background-color":"","background-image":"","background-repeat":"repeat","background-position":"center center","background-size":"auto","background-attachment":"scroll","background-type":"","background-media":"","overlay-type":"","overlay-color":"","overlay-opacity":"","overlay-gradient":""},"mobile":{"background-color":"","background-image":"","background-repeat":"repeat","background-position":"center center","background-size":"auto","background-attachment":"scroll","background-type":"","background-media":"","overlay-type":"","overlay-color":"","overlay-opacity":"","overlay-gradient":""}},"ast-content-background-meta":{"desktop":{"background-color":"var(--ast-global-color-5)","background-image":"","background-repeat":"repeat","background-position":"center center","background-size":"auto","background-attachment":"scroll","background-type":"","background-media":"","overlay-type":"","overlay-color":"","overlay-opacity":"","overlay-gradient":""},"tablet":{"background-color":"var(--ast-global-color-5)","background-image":"","background-repeat":"repeat","background-position":"center center","background-size":"auto","background-attachment":"scroll","background-type":"","background-media":"","overlay-type":"","overlay-color":"","overlay-opacity":"","overlay-gradient":""},"mobile":{"background-color":"var(--ast-global-color-5)","background-image":"","background-repeat":"repeat","background-position":"center center","background-size":"auto","background-attachment":"scroll","background-type":"","background-media":"","overlay-type":"","overlay-color":"","overlay-opacity":"","overlay-gradient":""}}},"product_brand":[180],"product_cat":[170,184],"product_tag":[],"class_list":{"0":"post-22309","1":"product","2":"type-product","3":"status-publish","4":"has-post-thumbnail","6":"product_brand-glicerio-chaves-hornero-fr","7":"product_cat-chambres","8":"product_cat-valentino-fr","9":"desktop-align-center","10":"tablet-align-left","11":"mobile-align-left","12":"ast-product-gallery-layout-first-image-large","13":"ast-product-gallery-with-no-image","14":"ast-magnify-disabled","15":"ast-product-single-variable","16":"ast-product-tabs-layout-horizontal","18":"first","19":"instock","20":"shipping-taxable","21":"purchasable","22":"product-type-variable","23":"has-default-attributes"},"acf":[],"aioseo_notices":[],"_links":{"self":[{"href":"https:\/\/walkinclosetcanada.com\/fr\/wp-json\/wp\/v2\/product\/22309","targetHints":{"allow":["GET"]}}],"collection":[{"href":"https:\/\/walkinclosetcanada.com\/fr\/wp-json\/wp\/v2\/product"}],"about":[{"href":"https:\/\/walkinclosetcanada.com\/fr\/wp-json\/wp\/v2\/types\/product"}],"version-history":[{"count":0,"href":"https:\/\/walkinclosetcanada.com\/fr\/wp-json\/wp\/v2\/product\/22309\/revisions"}],"wp:featuredmedia":[{"embeddable":true,"href":"https:\/\/walkinclosetcanada.com\/fr\/wp-json\/wp\/v2\/media\/17942"}],"wp:attachment":[{"href":"https:\/\/walkinclosetcanada.com\/fr\/wp-json\/wp\/v2\/media?parent=22309"}],"wp:term":[{"taxonomy":"product_brand","embeddable":true,"href":"https:\/\/walkinclosetcanada.com\/fr\/wp-json\/wp\/v2\/product_brand?post=22309"},{"taxonomy":"product_cat","embeddable":true,"href":"https:\/\/walkinclosetcanada.com\/fr\/wp-json\/wp\/v2\/product_cat?post=22309"},{"taxonomy":"product_tag","embeddable":true,"href":"https:\/\/walkinclosetcanada.com\/fr\/wp-json\/wp\/v2\/product_tag?post=22309"}],"curies":[{"name":"wp","href":"https:\/\/api.w.org\/{rel}","templated":true}]}}