{"id":22348,"date":"2025-04-22T17:42:19","date_gmt":"2025-04-22T21:42:19","guid":{"rendered":"https:\/\/walkinclosetcanada.com\/shop\/non class\u00e9\/commode-kea-alas\/"},"modified":"2025-08-29T11:18:07","modified_gmt":"2025-08-29T15:18:07","slug":"commode-kea-alas","status":"publish","type":"product","link":"https:\/\/walkinclosetcanada.com\/fr\/shop\/chambres\/kea-alas-fr\/commode-kea-alas\/","title":{"rendered":"Commode Kea Alas"},"content":{"rendered":"<p>La commode Kea Alas introduit un contraste audacieux qui transforme n\u2019importe quelle chambre \u00e0 coucher en un environnement plus structur\u00e9 et expressif. Ses fa\u00e7ades de tiroirs profondes en anthracite s\u2019associent sans effort au grain chaud de l\u2019ext\u00e9rieur en bois, offrant un \u00e9quilibre moderne entre douceur et r\u00e9sistance. <\/p>\n<p>Ce meuble est dot\u00e9 de quatre larges tiroirs qui glissent en douceur et offrent un espace de rangement g\u00e9n\u00e9reux pour les articles essentiels de tous les jours. Le tiroir sup\u00e9rieur est l\u00e9g\u00e8rement encastr\u00e9 pour un effet sculptural superpos\u00e9 qui ajoute des d\u00e9tails architecturaux. Parfaite pour les v\u00eatements, les accessoires ou les articles technologiques, la commode Kea Alas aide \u00e0 r\u00e9duire l\u2019encombrement tout en faisant une d\u00e9claration de design forte. Son design \u00e9pur\u00e9 et sa silhouette sur\u00e9lev\u00e9e contribuent \u00e0 un espace organis\u00e9 qui semble organis\u00e9 et contemporain.   <\/p>\n","protected":false},"excerpt":{"rendered":"<p>La commode Kea Alas allie un fini mat fonc\u00e9 \u00e0 un cadre en bois riche pour une pr\u00e9sence audacieuse et \u00e9l\u00e9gante dans la chambre \u00e0 coucher. Con\u00e7u pour offrir une structure moderne et un espace de rangement spacieux. <\/p>\n","protected":false},"featured_media":17753,"template":"","meta":{"_acf_changed":false,"site-sidebar-layout":"default","site-content-layout":"","ast-site-content-layout":"default","site-content-style":"default","site-sidebar-style":"default","ast-global-header-display":"","ast-banner-title-visibility":"","ast-main-header-display":"","ast-hfb-above-header-display":"","ast-hfb-below-header-display":"","ast-hfb-mobile-header-display":"","site-post-title":"","ast-breadcrumbs-content":"","ast-featured-img":"","footer-sml-layout":"","ast-disable-related-posts":"","theme-transparent-header-meta":"","adv-header-id-meta":"","stick-header-meta":"","header-above-stick-meta":"","header-main-stick-meta":"","header-below-stick-meta":"","astra-migrate-meta-layouts":"default","ast-page-background-enabled":"default","ast-page-background-meta":{"desktop":{"background-color":"var(--ast-global-color-4)","background-image":"","background-repeat":"repeat","background-position":"center center","background-size":"auto","background-attachment":"scroll","background-type":"","background-media":"","overlay-type":"","overlay-color":"","overlay-opacity":"","overlay-gradient":""},"tablet":{"background-color":"","background-image":"","background-repeat":"repeat","background-position":"center center","background-size":"auto","background-attachment":"scroll","background-type":"","background-media":"","overlay-type":"","overlay-color":"","overlay-opacity":"","overlay-gradient":""},"mobile":{"background-color":"","background-image":"","background-repeat":"repeat","background-position":"center center","background-size":"auto","background-attachment":"scroll","background-type":"","background-media":"","overlay-type":"","overlay-color":"","overlay-opacity":"","overlay-gradient":""}},"ast-content-background-meta":{"desktop":{"background-color":"var(--ast-global-color-5)","background-image":"","background-repeat":"repeat","background-position":"center center","background-size":"auto","background-attachment":"scroll","background-type":"","background-media":"","overlay-type":"","overlay-color":"","overlay-opacity":"","overlay-gradient":""},"tablet":{"background-color":"var(--ast-global-color-5)","background-image":"","background-repeat":"repeat","background-position":"center center","background-size":"auto","background-attachment":"scroll","background-type":"","background-media":"","overlay-type":"","overlay-color":"","overlay-opacity":"","overlay-gradient":""},"mobile":{"background-color":"var(--ast-global-color-5)","background-image":"","background-repeat":"repeat","background-position":"center center","background-size":"auto","background-attachment":"scroll","background-type":"","background-media":"","overlay-type":"","overlay-color":"","overlay-opacity":"","overlay-gradient":""}}},"product_brand":[180],"product_cat":[170,190],"product_tag":[],"class_list":{"0":"post-22348","1":"product","2":"type-product","3":"status-publish","4":"has-post-thumbnail","6":"product_brand-glicerio-chaves-hornero-fr","7":"product_cat-chambres","8":"product_cat-kea-alas-fr","9":"desktop-align-center","10":"tablet-align-left","11":"mobile-align-left","12":"ast-product-gallery-layout-first-image-large","13":"ast-product-gallery-with-no-image","14":"ast-magnify-disabled","15":"ast-product-tabs-layout-horizontal","17":"first","18":"instock","19":"shipping-taxable","20":"purchasable","21":"product-type-simple"},"acf":[],"aioseo_notices":[],"_links":{"self":[{"href":"https:\/\/walkinclosetcanada.com\/fr\/wp-json\/wp\/v2\/product\/22348","targetHints":{"allow":["GET"]}}],"collection":[{"href":"https:\/\/walkinclosetcanada.com\/fr\/wp-json\/wp\/v2\/product"}],"about":[{"href":"https:\/\/walkinclosetcanada.com\/fr\/wp-json\/wp\/v2\/types\/product"}],"version-history":[{"count":0,"href":"https:\/\/walkinclosetcanada.com\/fr\/wp-json\/wp\/v2\/product\/22348\/revisions"}],"wp:featuredmedia":[{"embeddable":true,"href":"https:\/\/walkinclosetcanada.com\/fr\/wp-json\/wp\/v2\/media\/17753"}],"wp:attachment":[{"href":"https:\/\/walkinclosetcanada.com\/fr\/wp-json\/wp\/v2\/media?parent=22348"}],"wp:term":[{"taxonomy":"product_brand","embeddable":true,"href":"https:\/\/walkinclosetcanada.com\/fr\/wp-json\/wp\/v2\/product_brand?post=22348"},{"taxonomy":"product_cat","embeddable":true,"href":"https:\/\/walkinclosetcanada.com\/fr\/wp-json\/wp\/v2\/product_cat?post=22348"},{"taxonomy":"product_tag","embeddable":true,"href":"https:\/\/walkinclosetcanada.com\/fr\/wp-json\/wp\/v2\/product_tag?post=22348"}],"curies":[{"name":"wp","href":"https:\/\/api.w.org\/{rel}","templated":true}]}}