{"id":22378,"date":"2025-04-22T17:41:35","date_gmt":"2025-04-22T21:41:35","guid":{"rendered":"https:\/\/walkinclosetcanada.com\/shop\/non class\u00e9\/table-de-chevet-kea-alas\/"},"modified":"2025-08-29T11:18:26","modified_gmt":"2025-08-29T15:18:26","slug":"table-de-chevet-kea-alas","status":"publish","type":"product","link":"https:\/\/walkinclosetcanada.com\/fr\/shop\/chambres\/kea-alas-fr\/table-de-chevet-kea-alas\/","title":{"rendered":"Table de chevet Kea Alas"},"content":{"rendered":"<p>La table de chevet Kea Alas offre un contraste audacieux de mat\u00e9riaux avec son cadre en noyer et ses fa\u00e7ades de tiroirs en graphite mat. Deux larges tiroirs offrent un espace de rangement facile d\u2019acc\u00e8s avec des poign\u00e9es int\u00e9gr\u00e9es \u00e9l\u00e9gantes qui maintiennent la silhouette lisse et raffin\u00e9e. Les tons chauds du bois compl\u00e8tent la finition plus froide des tiroirs, cr\u00e9ant une pi\u00e8ce sophistiqu\u00e9e qui convient aussi bien aux int\u00e9rieurs modernes que transitionnels.  <\/p>\n<p>Parfaite dans le cadre du syst\u00e8me de chambre \u00e0 coucher Kea ou comme accent autonome, cette table de chevet ajoute de l\u2019\u00e9l\u00e9gance et de l\u2019utilit\u00e9 \u00e0 la fois. Con\u00e7u pour la durabilit\u00e9 et l\u2019utilisation quotidienne, c\u2019est un choix judicieux pour les clients qui cherchent \u00e0 allier style et fonctionnalit\u00e9 dans les chambres \u00e0 coucher canadiennes. <\/p>\n","protected":false},"excerpt":{"rendered":"<p>Table de chevet moderne \u00e0 deux tiroirs avec des c\u00f4t\u00e9s en noyer riche et des panneaux avant mats fonc\u00e9s. \u00c9l\u00e9gant et spacieux, parfait pour les essentiels de chevet. <\/p>\n","protected":false},"featured_media":17757,"template":"","meta":{"_acf_changed":false,"site-sidebar-layout":"default","site-content-layout":"","ast-site-content-layout":"default","site-content-style":"default","site-sidebar-style":"default","ast-global-header-display":"","ast-banner-title-visibility":"","ast-main-header-display":"","ast-hfb-above-header-display":"","ast-hfb-below-header-display":"","ast-hfb-mobile-header-display":"","site-post-title":"","ast-breadcrumbs-content":"","ast-featured-img":"","footer-sml-layout":"","ast-disable-related-posts":"","theme-transparent-header-meta":"","adv-header-id-meta":"","stick-header-meta":"","header-above-stick-meta":"","header-main-stick-meta":"","header-below-stick-meta":"","astra-migrate-meta-layouts":"default","ast-page-background-enabled":"default","ast-page-background-meta":{"desktop":{"background-color":"var(--ast-global-color-4)","background-image":"","background-repeat":"repeat","background-position":"center center","background-size":"auto","background-attachment":"scroll","background-type":"","background-media":"","overlay-type":"","overlay-color":"","overlay-opacity":"","overlay-gradient":""},"tablet":{"background-color":"","background-image":"","background-repeat":"repeat","background-position":"center center","background-size":"auto","background-attachment":"scroll","background-type":"","background-media":"","overlay-type":"","overlay-color":"","overlay-opacity":"","overlay-gradient":""},"mobile":{"background-color":"","background-image":"","background-repeat":"repeat","background-position":"center center","background-size":"auto","background-attachment":"scroll","background-type":"","background-media":"","overlay-type":"","overlay-color":"","overlay-opacity":"","overlay-gradient":""}},"ast-content-background-meta":{"desktop":{"background-color":"var(--ast-global-color-5)","background-image":"","background-repeat":"repeat","background-position":"center center","background-size":"auto","background-attachment":"scroll","background-type":"","background-media":"","overlay-type":"","overlay-color":"","overlay-opacity":"","overlay-gradient":""},"tablet":{"background-color":"var(--ast-global-color-5)","background-image":"","background-repeat":"repeat","background-position":"center center","background-size":"auto","background-attachment":"scroll","background-type":"","background-media":"","overlay-type":"","overlay-color":"","overlay-opacity":"","overlay-gradient":""},"mobile":{"background-color":"var(--ast-global-color-5)","background-image":"","background-repeat":"repeat","background-position":"center center","background-size":"auto","background-attachment":"scroll","background-type":"","background-media":"","overlay-type":"","overlay-color":"","overlay-opacity":"","overlay-gradient":""}}},"product_brand":[180],"product_cat":[170,190],"product_tag":[],"class_list":{"0":"post-22378","1":"product","2":"type-product","3":"status-publish","4":"has-post-thumbnail","6":"product_brand-glicerio-chaves-hornero-fr","7":"product_cat-chambres","8":"product_cat-kea-alas-fr","9":"desktop-align-center","10":"tablet-align-left","11":"mobile-align-left","12":"ast-product-gallery-layout-first-image-large","13":"ast-product-gallery-with-no-image","14":"ast-magnify-disabled","15":"ast-product-single-variable","16":"ast-product-tabs-layout-horizontal","18":"first","19":"instock","20":"shipping-taxable","21":"purchasable","22":"product-type-variable","23":"has-default-attributes"},"acf":[],"aioseo_notices":[],"_links":{"self":[{"href":"https:\/\/walkinclosetcanada.com\/fr\/wp-json\/wp\/v2\/product\/22378","targetHints":{"allow":["GET"]}}],"collection":[{"href":"https:\/\/walkinclosetcanada.com\/fr\/wp-json\/wp\/v2\/product"}],"about":[{"href":"https:\/\/walkinclosetcanada.com\/fr\/wp-json\/wp\/v2\/types\/product"}],"version-history":[{"count":0,"href":"https:\/\/walkinclosetcanada.com\/fr\/wp-json\/wp\/v2\/product\/22378\/revisions"}],"wp:featuredmedia":[{"embeddable":true,"href":"https:\/\/walkinclosetcanada.com\/fr\/wp-json\/wp\/v2\/media\/17757"}],"wp:attachment":[{"href":"https:\/\/walkinclosetcanada.com\/fr\/wp-json\/wp\/v2\/media?parent=22378"}],"wp:term":[{"taxonomy":"product_brand","embeddable":true,"href":"https:\/\/walkinclosetcanada.com\/fr\/wp-json\/wp\/v2\/product_brand?post=22378"},{"taxonomy":"product_cat","embeddable":true,"href":"https:\/\/walkinclosetcanada.com\/fr\/wp-json\/wp\/v2\/product_cat?post=22378"},{"taxonomy":"product_tag","embeddable":true,"href":"https:\/\/walkinclosetcanada.com\/fr\/wp-json\/wp\/v2\/product_tag?post=22378"}],"curies":[{"name":"wp","href":"https:\/\/api.w.org\/{rel}","templated":true}]}}