{"id":22410,"date":"2025-04-22T17:41:03","date_gmt":"2025-04-22T21:41:03","guid":{"rendered":"https:\/\/walkinclosetcanada.com\/shop\/non class\u00e9\/commode-piana\/"},"modified":"2025-08-29T11:18:25","modified_gmt":"2025-08-29T15:18:25","slug":"commode-piana","status":"publish","type":"product","link":"https:\/\/walkinclosetcanada.com\/fr\/shop\/chambres\/piana-fr\/commode-piana\/","title":{"rendered":"Commode Piana"},"content":{"rendered":"<p>La commode Piana apporte une simplicit\u00e9 \u00e9l\u00e9gante et un rangement intelligent dans une pi\u00e8ce compacte et multifonctionnelle. Son profil minimaliste est adouci par des panneaux aux tons naturels qui compl\u00e8tent les int\u00e9rieurs modernes et transitionnels. Lorsque le couvercle sup\u00e9rieur est lev\u00e9, il r\u00e9v\u00e8le un grand miroir int\u00e9gr\u00e9 et un int\u00e9rieur joliment sectionn\u00e9 id\u00e9al pour organiser bijoux, montres, parfums et essentiels du quotidien.  <\/p>\n<p>Chaque compartiment est con\u00e7u pour s\u00e9parer et prot\u00e9ger vos objets les plus pr\u00e9cieux, ce qui rend les routines du matin et du soir luxueuses et sans effort. Cette commode est parfaite pour les chambres \u00e0 coucher, les dressings ou les espaces de dressing qui exigent \u00e0 la fois beaut\u00e9 et utilit\u00e9. Sa taille compacte le rend facile \u00e0 placer pr\u00e8s d\u2019une fen\u00eatre ou d\u2019un mur, tandis que les tiroirs profonds offrent un espace de rangement dissimul\u00e9 suppl\u00e9mentaire sous la section du meuble-lavabo.  <\/p>\n","protected":false},"excerpt":{"rendered":"<p>La commode Piana est \u00e0 la fois une solution de vanit\u00e9 et de rangement moderne. Dot\u00e9 de lignes \u00e9pur\u00e9es, d\u2019un miroir relevable et de compartiments soigneusement divis\u00e9s, il garde les accessoires magnifiquement organis\u00e9s. <\/p>\n","protected":false},"featured_media":17620,"template":"","meta":{"_acf_changed":false,"site-sidebar-layout":"default","site-content-layout":"","ast-site-content-layout":"default","site-content-style":"default","site-sidebar-style":"default","ast-global-header-display":"","ast-banner-title-visibility":"","ast-main-header-display":"","ast-hfb-above-header-display":"","ast-hfb-below-header-display":"","ast-hfb-mobile-header-display":"","site-post-title":"","ast-breadcrumbs-content":"","ast-featured-img":"","footer-sml-layout":"","ast-disable-related-posts":"","theme-transparent-header-meta":"","adv-header-id-meta":"","stick-header-meta":"","header-above-stick-meta":"","header-main-stick-meta":"","header-below-stick-meta":"","astra-migrate-meta-layouts":"default","ast-page-background-enabled":"default","ast-page-background-meta":{"desktop":{"background-color":"var(--ast-global-color-4)","background-image":"","background-repeat":"repeat","background-position":"center center","background-size":"auto","background-attachment":"scroll","background-type":"","background-media":"","overlay-type":"","overlay-color":"","overlay-opacity":"","overlay-gradient":""},"tablet":{"background-color":"","background-image":"","background-repeat":"repeat","background-position":"center center","background-size":"auto","background-attachment":"scroll","background-type":"","background-media":"","overlay-type":"","overlay-color":"","overlay-opacity":"","overlay-gradient":""},"mobile":{"background-color":"","background-image":"","background-repeat":"repeat","background-position":"center center","background-size":"auto","background-attachment":"scroll","background-type":"","background-media":"","overlay-type":"","overlay-color":"","overlay-opacity":"","overlay-gradient":""}},"ast-content-background-meta":{"desktop":{"background-color":"var(--ast-global-color-5)","background-image":"","background-repeat":"repeat","background-position":"center center","background-size":"auto","background-attachment":"scroll","background-type":"","background-media":"","overlay-type":"","overlay-color":"","overlay-opacity":"","overlay-gradient":""},"tablet":{"background-color":"var(--ast-global-color-5)","background-image":"","background-repeat":"repeat","background-position":"center center","background-size":"auto","background-attachment":"scroll","background-type":"","background-media":"","overlay-type":"","overlay-color":"","overlay-opacity":"","overlay-gradient":""},"mobile":{"background-color":"var(--ast-global-color-5)","background-image":"","background-repeat":"repeat","background-position":"center center","background-size":"auto","background-attachment":"scroll","background-type":"","background-media":"","overlay-type":"","overlay-color":"","overlay-opacity":"","overlay-gradient":""}}},"product_brand":[180],"product_cat":[170,195],"product_tag":[],"class_list":{"0":"post-22410","1":"product","2":"type-product","3":"status-publish","4":"has-post-thumbnail","6":"product_brand-glicerio-chaves-hornero-fr","7":"product_cat-chambres","8":"product_cat-piana-fr","9":"desktop-align-center","10":"tablet-align-left","11":"mobile-align-left","12":"ast-product-gallery-layout-first-image-large","13":"ast-product-gallery-with-no-image","14":"ast-magnify-disabled","15":"ast-product-tabs-layout-horizontal","17":"first","18":"instock","19":"shipping-taxable","20":"purchasable","21":"product-type-simple"},"acf":[],"aioseo_notices":[],"_links":{"self":[{"href":"https:\/\/walkinclosetcanada.com\/fr\/wp-json\/wp\/v2\/product\/22410","targetHints":{"allow":["GET"]}}],"collection":[{"href":"https:\/\/walkinclosetcanada.com\/fr\/wp-json\/wp\/v2\/product"}],"about":[{"href":"https:\/\/walkinclosetcanada.com\/fr\/wp-json\/wp\/v2\/types\/product"}],"version-history":[{"count":0,"href":"https:\/\/walkinclosetcanada.com\/fr\/wp-json\/wp\/v2\/product\/22410\/revisions"}],"wp:featuredmedia":[{"embeddable":true,"href":"https:\/\/walkinclosetcanada.com\/fr\/wp-json\/wp\/v2\/media\/17620"}],"wp:attachment":[{"href":"https:\/\/walkinclosetcanada.com\/fr\/wp-json\/wp\/v2\/media?parent=22410"}],"wp:term":[{"taxonomy":"product_brand","embeddable":true,"href":"https:\/\/walkinclosetcanada.com\/fr\/wp-json\/wp\/v2\/product_brand?post=22410"},{"taxonomy":"product_cat","embeddable":true,"href":"https:\/\/walkinclosetcanada.com\/fr\/wp-json\/wp\/v2\/product_cat?post=22410"},{"taxonomy":"product_tag","embeddable":true,"href":"https:\/\/walkinclosetcanada.com\/fr\/wp-json\/wp\/v2\/product_tag?post=22410"}],"curies":[{"name":"wp","href":"https:\/\/api.w.org\/{rel}","templated":true}]}}