{"id":22432,"date":"2025-04-22T17:41:21","date_gmt":"2025-04-22T21:41:21","guid":{"rendered":"https:\/\/walkinclosetcanada.com\/shop\/non class\u00e9\/commode-rossa\/"},"modified":"2025-08-29T11:18:32","modified_gmt":"2025-08-29T15:18:32","slug":"commode-rossa","status":"publish","type":"product","link":"https:\/\/walkinclosetcanada.com\/fr\/shop\/chambres\/rossa-fr\/commode-rossa\/","title":{"rendered":"Commode Rossa"},"content":{"rendered":"<p>La commode Rossa est plus qu\u2019une simple unit\u00e9 de rangement. Avec ses lignes \u00e9pur\u00e9es et sa silhouette moderne, ce meuble apporte une pr\u00e9sence lumineuse et organis\u00e9e \u00e0 n\u2019importe quelle chambre \u00e0 coucher. Les cinq tiroirs spacieux s\u2019ouvrent sans effort, offrant un espace g\u00e9n\u00e9reux pour les v\u00eatements, les accessoires ou les articles saisonniers. Le contraste entre le cadre en bois naturel et les fa\u00e7ades de tiroirs blanc mat cr\u00e9e un look frais et \u00e9quilibr\u00e9 qui s\u2019int\u00e8gre parfaitement aux palettes int\u00e9rieures neutres et audacieuses.   <\/p>\n<p>Au-del\u00e0 du rangement, la commode Rossa comprend un miroir vertical int\u00e9gr\u00e9 et un porte-v\u00eatements int\u00e9gr\u00e9. Cet ajout bien pens\u00e9 vous permet d\u2019accrocher des tenues \u00e0 la vue, de pr\u00e9parer la journ\u00e9e en toute simplicit\u00e9 ou d\u2019exposer vos v\u00eatements pr\u00e9f\u00e9r\u00e9s. La plate-forme de base \u00e9l\u00e9gante ancre le design et ajoute une fonctionnalit\u00e9 suppl\u00e9mentaire pour les bo\u00eetes ou les chaussures. La commode Rossa est parfaite pour les petites chambres, les zones d\u2019habillage ou les espaces multifonctionnels o\u00f9 un design intelligent fait vraiment la diff\u00e9rence.   <\/p>\n","protected":false},"excerpt":{"rendered":"<p>La commode Rossa allie un style minimaliste \u00e0 une polyvalence int\u00e9gr\u00e9e. Ses tiroirs blancs lisses se marient \u00e9l\u00e9gamment avec le cadre en bois, tandis que le miroir suspendu int\u00e9gr\u00e9 et le porte-v\u00eatements rehaussent la fonctionnalit\u00e9 quotidienne. <\/p>\n","protected":false},"featured_media":17653,"template":"","meta":{"_acf_changed":false,"site-sidebar-layout":"default","site-content-layout":"","ast-site-content-layout":"default","site-content-style":"default","site-sidebar-style":"default","ast-global-header-display":"","ast-banner-title-visibility":"","ast-main-header-display":"","ast-hfb-above-header-display":"","ast-hfb-below-header-display":"","ast-hfb-mobile-header-display":"","site-post-title":"","ast-breadcrumbs-content":"","ast-featured-img":"","footer-sml-layout":"","ast-disable-related-posts":"","theme-transparent-header-meta":"","adv-header-id-meta":"","stick-header-meta":"","header-above-stick-meta":"","header-main-stick-meta":"","header-below-stick-meta":"","astra-migrate-meta-layouts":"default","ast-page-background-enabled":"default","ast-page-background-meta":{"desktop":{"background-color":"var(--ast-global-color-4)","background-image":"","background-repeat":"repeat","background-position":"center center","background-size":"auto","background-attachment":"scroll","background-type":"","background-media":"","overlay-type":"","overlay-color":"","overlay-opacity":"","overlay-gradient":""},"tablet":{"background-color":"","background-image":"","background-repeat":"repeat","background-position":"center center","background-size":"auto","background-attachment":"scroll","background-type":"","background-media":"","overlay-type":"","overlay-color":"","overlay-opacity":"","overlay-gradient":""},"mobile":{"background-color":"","background-image":"","background-repeat":"repeat","background-position":"center center","background-size":"auto","background-attachment":"scroll","background-type":"","background-media":"","overlay-type":"","overlay-color":"","overlay-opacity":"","overlay-gradient":""}},"ast-content-background-meta":{"desktop":{"background-color":"var(--ast-global-color-5)","background-image":"","background-repeat":"repeat","background-position":"center center","background-size":"auto","background-attachment":"scroll","background-type":"","background-media":"","overlay-type":"","overlay-color":"","overlay-opacity":"","overlay-gradient":""},"tablet":{"background-color":"var(--ast-global-color-5)","background-image":"","background-repeat":"repeat","background-position":"center center","background-size":"auto","background-attachment":"scroll","background-type":"","background-media":"","overlay-type":"","overlay-color":"","overlay-opacity":"","overlay-gradient":""},"mobile":{"background-color":"var(--ast-global-color-5)","background-image":"","background-repeat":"repeat","background-position":"center center","background-size":"auto","background-attachment":"scroll","background-type":"","background-media":"","overlay-type":"","overlay-color":"","overlay-opacity":"","overlay-gradient":""}}},"product_brand":[180],"product_cat":[170,196],"product_tag":[],"class_list":{"0":"post-22432","1":"product","2":"type-product","3":"status-publish","4":"has-post-thumbnail","6":"product_brand-glicerio-chaves-hornero-fr","7":"product_cat-chambres","8":"product_cat-rossa-fr","9":"desktop-align-center","10":"tablet-align-left","11":"mobile-align-left","12":"ast-product-gallery-layout-first-image-large","13":"ast-product-gallery-with-no-image","14":"ast-magnify-disabled","15":"ast-product-tabs-layout-horizontal","17":"first","18":"instock","19":"shipping-taxable","20":"purchasable","21":"product-type-simple"},"acf":[],"aioseo_notices":[],"_links":{"self":[{"href":"https:\/\/walkinclosetcanada.com\/fr\/wp-json\/wp\/v2\/product\/22432","targetHints":{"allow":["GET"]}}],"collection":[{"href":"https:\/\/walkinclosetcanada.com\/fr\/wp-json\/wp\/v2\/product"}],"about":[{"href":"https:\/\/walkinclosetcanada.com\/fr\/wp-json\/wp\/v2\/types\/product"}],"version-history":[{"count":0,"href":"https:\/\/walkinclosetcanada.com\/fr\/wp-json\/wp\/v2\/product\/22432\/revisions"}],"wp:featuredmedia":[{"embeddable":true,"href":"https:\/\/walkinclosetcanada.com\/fr\/wp-json\/wp\/v2\/media\/17653"}],"wp:attachment":[{"href":"https:\/\/walkinclosetcanada.com\/fr\/wp-json\/wp\/v2\/media?parent=22432"}],"wp:term":[{"taxonomy":"product_brand","embeddable":true,"href":"https:\/\/walkinclosetcanada.com\/fr\/wp-json\/wp\/v2\/product_brand?post=22432"},{"taxonomy":"product_cat","embeddable":true,"href":"https:\/\/walkinclosetcanada.com\/fr\/wp-json\/wp\/v2\/product_cat?post=22432"},{"taxonomy":"product_tag","embeddable":true,"href":"https:\/\/walkinclosetcanada.com\/fr\/wp-json\/wp\/v2\/product_tag?post=22432"}],"curies":[{"name":"wp","href":"https:\/\/api.w.org\/{rel}","templated":true}]}}