{"id":22458,"date":"2025-04-22T17:39:40","date_gmt":"2025-04-22T21:39:40","guid":{"rendered":"https:\/\/walkinclosetcanada.com\/shop\/non class\u00e9\/table-de-chevet-wanda\/"},"modified":"2025-08-29T11:18:45","modified_gmt":"2025-08-29T15:18:45","slug":"table-de-chevet-wanda","status":"publish","type":"product","link":"https:\/\/walkinclosetcanada.com\/fr\/shop\/chambres\/wanda-fr\/table-de-chevet-wanda\/","title":{"rendered":"Table de chevet Wanda"},"content":{"rendered":"<p>La table de chevet Wanda offre une fonctionnalit\u00e9 simplifi\u00e9e avec un design qui met l\u2019accent sur les lignes \u00e9pur\u00e9es et la simplicit\u00e9 tranquille. Ses tiroirs sans poign\u00e9e s\u2019ouvrent en douceur, maintenant la surface ininterrompue de l\u2019unit\u00e9 pour un look raffin\u00e9. <\/p>\n<p>Avec ses trois tiroirs bien proportionn\u00e9s, il permet de garder les articles essentiels de la nuit organis\u00e9s tout en compl\u00e9tant facilement les lits contemporains. Son encombrement compact le rend parfait pour les chambres spacieuses et confortables. <\/p>\n","protected":false},"excerpt":{"rendered":"<p>Table de chevet compacte \u00e0 trois tiroirs avec une finition minimaliste et moderne.<\/p>\n","protected":false},"featured_media":17537,"template":"","meta":{"_acf_changed":false,"site-sidebar-layout":"default","site-content-layout":"","ast-site-content-layout":"default","site-content-style":"default","site-sidebar-style":"default","ast-global-header-display":"","ast-banner-title-visibility":"","ast-main-header-display":"","ast-hfb-above-header-display":"","ast-hfb-below-header-display":"","ast-hfb-mobile-header-display":"","site-post-title":"","ast-breadcrumbs-content":"","ast-featured-img":"","footer-sml-layout":"","ast-disable-related-posts":"","theme-transparent-header-meta":"","adv-header-id-meta":"","stick-header-meta":"","header-above-stick-meta":"","header-main-stick-meta":"","header-below-stick-meta":"","astra-migrate-meta-layouts":"default","ast-page-background-enabled":"default","ast-page-background-meta":{"desktop":{"background-color":"var(--ast-global-color-4)","background-image":"","background-repeat":"repeat","background-position":"center center","background-size":"auto","background-attachment":"scroll","background-type":"","background-media":"","overlay-type":"","overlay-color":"","overlay-opacity":"","overlay-gradient":""},"tablet":{"background-color":"","background-image":"","background-repeat":"repeat","background-position":"center center","background-size":"auto","background-attachment":"scroll","background-type":"","background-media":"","overlay-type":"","overlay-color":"","overlay-opacity":"","overlay-gradient":""},"mobile":{"background-color":"","background-image":"","background-repeat":"repeat","background-position":"center center","background-size":"auto","background-attachment":"scroll","background-type":"","background-media":"","overlay-type":"","overlay-color":"","overlay-opacity":"","overlay-gradient":""}},"ast-content-background-meta":{"desktop":{"background-color":"var(--ast-global-color-5)","background-image":"","background-repeat":"repeat","background-position":"center center","background-size":"auto","background-attachment":"scroll","background-type":"","background-media":"","overlay-type":"","overlay-color":"","overlay-opacity":"","overlay-gradient":""},"tablet":{"background-color":"var(--ast-global-color-5)","background-image":"","background-repeat":"repeat","background-position":"center center","background-size":"auto","background-attachment":"scroll","background-type":"","background-media":"","overlay-type":"","overlay-color":"","overlay-opacity":"","overlay-gradient":""},"mobile":{"background-color":"var(--ast-global-color-5)","background-image":"","background-repeat":"repeat","background-position":"center center","background-size":"auto","background-attachment":"scroll","background-type":"","background-media":"","overlay-type":"","overlay-color":"","overlay-opacity":"","overlay-gradient":""}}},"product_brand":[180],"product_cat":[170,199],"product_tag":[],"class_list":{"0":"post-22458","1":"product","2":"type-product","3":"status-publish","4":"has-post-thumbnail","6":"product_brand-glicerio-chaves-hornero-fr","7":"product_cat-chambres","8":"product_cat-wanda-fr","9":"desktop-align-center","10":"tablet-align-left","11":"mobile-align-left","12":"ast-product-gallery-layout-first-image-large","13":"ast-product-gallery-with-no-image","14":"ast-magnify-disabled","15":"ast-product-single-variable","16":"ast-product-tabs-layout-horizontal","18":"first","19":"instock","20":"shipping-taxable","21":"purchasable","22":"product-type-variable","23":"has-default-attributes"},"acf":[],"aioseo_notices":[],"_links":{"self":[{"href":"https:\/\/walkinclosetcanada.com\/fr\/wp-json\/wp\/v2\/product\/22458","targetHints":{"allow":["GET"]}}],"collection":[{"href":"https:\/\/walkinclosetcanada.com\/fr\/wp-json\/wp\/v2\/product"}],"about":[{"href":"https:\/\/walkinclosetcanada.com\/fr\/wp-json\/wp\/v2\/types\/product"}],"version-history":[{"count":0,"href":"https:\/\/walkinclosetcanada.com\/fr\/wp-json\/wp\/v2\/product\/22458\/revisions"}],"wp:featuredmedia":[{"embeddable":true,"href":"https:\/\/walkinclosetcanada.com\/fr\/wp-json\/wp\/v2\/media\/17537"}],"wp:attachment":[{"href":"https:\/\/walkinclosetcanada.com\/fr\/wp-json\/wp\/v2\/media?parent=22458"}],"wp:term":[{"taxonomy":"product_brand","embeddable":true,"href":"https:\/\/walkinclosetcanada.com\/fr\/wp-json\/wp\/v2\/product_brand?post=22458"},{"taxonomy":"product_cat","embeddable":true,"href":"https:\/\/walkinclosetcanada.com\/fr\/wp-json\/wp\/v2\/product_cat?post=22458"},{"taxonomy":"product_tag","embeddable":true,"href":"https:\/\/walkinclosetcanada.com\/fr\/wp-json\/wp\/v2\/product_tag?post=22458"}],"curies":[{"name":"wp","href":"https:\/\/api.w.org\/{rel}","templated":true}]}}