{"id":22568,"date":"2025-04-22T17:37:45","date_gmt":"2025-04-22T21:37:45","guid":{"rendered":"https:\/\/walkinclosetcanada.com\/shop\/non class\u00e9\/lit-icon\/"},"modified":"2025-08-29T11:19:19","modified_gmt":"2025-08-29T15:19:19","slug":"lit-icon","status":"publish","type":"product","link":"https:\/\/walkinclosetcanada.com\/fr\/shop\/chambres\/icon-fr\/lit-icon\/","title":{"rendered":"Lit Icon"},"content":{"rendered":"<p>Le lit Icon offre une pr\u00e9sence architecturale avec des plans \u00e9pur\u00e9s, des finitions superpos\u00e9es et un \u00e9quilibre g\u00e9om\u00e9trique pr\u00e9cis. Sa caract\u00e9ristique la plus remarquable est la base flottante sculpt\u00e9e, qui soul\u00e8ve l\u2019ensemble de la structure pour cr\u00e9er une sensation d\u2019ouverture et de l\u00e9g\u00e8ret\u00e9 tout en conservant la force visuelle. <\/p>\n<p>La t\u00eate de lit surdimensionn\u00e9e combine des panneaux en grain de bois naturel avec de subtils accents satin\u00e9s, formant une toile de fond continue qui s\u2019\u00e9tend \u00e0 la fois sur le lit et sur les options de table de chevet int\u00e9gr\u00e9e. Con\u00e7u pour la personnalisation, ce mod\u00e8le est disponible dans une vari\u00e9t\u00e9 de finitions et de configurations, vous pouvez donc s\u00e9lectionner la version qui correspond \u00e0 votre vision esth\u00e9tique. Con\u00e7u pour les maisons canadiennes avec une touche europ\u00e9enne, le lit Icon est un choix raffin\u00e9 pour les clients \u00e0 la recherche de forme et de fonctionnalit\u00e9.  <\/p>\n","protected":false},"excerpt":{"rendered":"<p>Icon allie un design audacieux \u00e0 une sym\u00e9trie moderne. Un sommier sculptural et une t\u00eate de lit superpos\u00e9e cr\u00e9ent une pi\u00e8ce ma\u00eetresse imposante pour n\u2019importe quelle chambre \u00e0 coucher. <\/p>\n","protected":false},"featured_media":17300,"template":"","meta":{"_acf_changed":false,"site-sidebar-layout":"default","site-content-layout":"","ast-site-content-layout":"default","site-content-style":"default","site-sidebar-style":"default","ast-global-header-display":"","ast-banner-title-visibility":"","ast-main-header-display":"","ast-hfb-above-header-display":"","ast-hfb-below-header-display":"","ast-hfb-mobile-header-display":"","site-post-title":"","ast-breadcrumbs-content":"","ast-featured-img":"","footer-sml-layout":"","ast-disable-related-posts":"","theme-transparent-header-meta":"","adv-header-id-meta":"","stick-header-meta":"","header-above-stick-meta":"","header-main-stick-meta":"","header-below-stick-meta":"","astra-migrate-meta-layouts":"default","ast-page-background-enabled":"default","ast-page-background-meta":{"desktop":{"background-color":"var(--ast-global-color-4)","background-image":"","background-repeat":"repeat","background-position":"center center","background-size":"auto","background-attachment":"scroll","background-type":"","background-media":"","overlay-type":"","overlay-color":"","overlay-opacity":"","overlay-gradient":""},"tablet":{"background-color":"","background-image":"","background-repeat":"repeat","background-position":"center center","background-size":"auto","background-attachment":"scroll","background-type":"","background-media":"","overlay-type":"","overlay-color":"","overlay-opacity":"","overlay-gradient":""},"mobile":{"background-color":"","background-image":"","background-repeat":"repeat","background-position":"center center","background-size":"auto","background-attachment":"scroll","background-type":"","background-media":"","overlay-type":"","overlay-color":"","overlay-opacity":"","overlay-gradient":""}},"ast-content-background-meta":{"desktop":{"background-color":"var(--ast-global-color-5)","background-image":"","background-repeat":"repeat","background-position":"center center","background-size":"auto","background-attachment":"scroll","background-type":"","background-media":"","overlay-type":"","overlay-color":"","overlay-opacity":"","overlay-gradient":""},"tablet":{"background-color":"var(--ast-global-color-5)","background-image":"","background-repeat":"repeat","background-position":"center center","background-size":"auto","background-attachment":"scroll","background-type":"","background-media":"","overlay-type":"","overlay-color":"","overlay-opacity":"","overlay-gradient":""},"mobile":{"background-color":"var(--ast-global-color-5)","background-image":"","background-repeat":"repeat","background-position":"center center","background-size":"auto","background-attachment":"scroll","background-type":"","background-media":"","overlay-type":"","overlay-color":"","overlay-opacity":"","overlay-gradient":""}}},"product_brand":[180],"product_cat":[170,212],"product_tag":[],"class_list":{"0":"post-22568","1":"product","2":"type-product","3":"status-publish","4":"has-post-thumbnail","6":"product_brand-glicerio-chaves-hornero-fr","7":"product_cat-chambres","8":"product_cat-icon-fr","9":"desktop-align-center","10":"tablet-align-left","11":"mobile-align-left","12":"ast-product-gallery-layout-first-image-large","13":"ast-product-gallery-with-no-image","14":"ast-magnify-disabled","15":"ast-product-single-variable","16":"ast-product-tabs-layout-horizontal","18":"first","19":"instock","20":"shipping-taxable","21":"purchasable","22":"product-type-variable","23":"has-default-attributes"},"acf":[],"aioseo_notices":[],"_links":{"self":[{"href":"https:\/\/walkinclosetcanada.com\/fr\/wp-json\/wp\/v2\/product\/22568","targetHints":{"allow":["GET"]}}],"collection":[{"href":"https:\/\/walkinclosetcanada.com\/fr\/wp-json\/wp\/v2\/product"}],"about":[{"href":"https:\/\/walkinclosetcanada.com\/fr\/wp-json\/wp\/v2\/types\/product"}],"version-history":[{"count":0,"href":"https:\/\/walkinclosetcanada.com\/fr\/wp-json\/wp\/v2\/product\/22568\/revisions"}],"wp:featuredmedia":[{"embeddable":true,"href":"https:\/\/walkinclosetcanada.com\/fr\/wp-json\/wp\/v2\/media\/17300"}],"wp:attachment":[{"href":"https:\/\/walkinclosetcanada.com\/fr\/wp-json\/wp\/v2\/media?parent=22568"}],"wp:term":[{"taxonomy":"product_brand","embeddable":true,"href":"https:\/\/walkinclosetcanada.com\/fr\/wp-json\/wp\/v2\/product_brand?post=22568"},{"taxonomy":"product_cat","embeddable":true,"href":"https:\/\/walkinclosetcanada.com\/fr\/wp-json\/wp\/v2\/product_cat?post=22568"},{"taxonomy":"product_tag","embeddable":true,"href":"https:\/\/walkinclosetcanada.com\/fr\/wp-json\/wp\/v2\/product_tag?post=22568"}],"curies":[{"name":"wp","href":"https:\/\/api.w.org\/{rel}","templated":true}]}}