{"id":22578,"date":"2025-04-22T17:37:45","date_gmt":"2025-04-22T21:37:45","guid":{"rendered":"https:\/\/walkinclosetcanada.com\/shop\/non class\u00e9\/lit-elba\/"},"modified":"2025-08-29T11:19:19","modified_gmt":"2025-08-29T15:19:19","slug":"lit-elba","status":"publish","type":"product","link":"https:\/\/walkinclosetcanada.com\/fr\/shop\/chambres\/elba-fr\/lit-elba\/","title":{"rendered":"Lit Elba"},"content":{"rendered":"<p>Le lit Elba apporte \u00e9quilibre et audace dans votre chambre \u00e0 coucher avec sa large t\u00eate de lit architecturale et sa base plate-forme \u00e9l\u00e9gante. Les accents inclin\u00e9s et les panneaux encastr\u00e9s cr\u00e9ent un contraste visuel saisissant, tandis que les tables de chevet int\u00e9gr\u00e9es maintiennent des lignes \u00e9pur\u00e9es et une sym\u00e9trie.   <\/p>\n<p>Disponible en diff\u00e9rentes finitions, ce lit s\u2019adapte \u00e0 diff\u00e9rentes palettes et ambiances, de l\u2019a\u00e9r\u00e9 et lumineux au maussade et dramatique. La conception de la base flottante am\u00e9liore la l\u00e9g\u00e8ret\u00e9 tout en offrant un soutien robuste, faisant de l\u2019Elba une pi\u00e8ce ma\u00eetresse \u00e0 la fois frappante et fonctionnelle. <\/p>\n","protected":false},"excerpt":{"rendered":"<p>L\u2019\u00e9l\u00e9gance sculpt\u00e9e rencontre la sym\u00e9trie dans ce lit audacieux dot\u00e9 d\u2019une t\u00eate de lit surdimensionn\u00e9e audacieuse et d\u2019une base minimaliste.<\/p>\n","protected":false},"featured_media":18088,"template":"","meta":{"_acf_changed":false,"site-sidebar-layout":"default","site-content-layout":"","ast-site-content-layout":"default","site-content-style":"default","site-sidebar-style":"default","ast-global-header-display":"","ast-banner-title-visibility":"","ast-main-header-display":"","ast-hfb-above-header-display":"","ast-hfb-below-header-display":"","ast-hfb-mobile-header-display":"","site-post-title":"","ast-breadcrumbs-content":"","ast-featured-img":"","footer-sml-layout":"","ast-disable-related-posts":"","theme-transparent-header-meta":"default","adv-header-id-meta":"","stick-header-meta":"default","header-above-stick-meta":"","header-main-stick-meta":"","header-below-stick-meta":"","astra-migrate-meta-layouts":"default","ast-page-background-enabled":"default","ast-page-background-meta":{"desktop":{"background-color":"var(--ast-global-color-4)","background-image":"","background-repeat":"repeat","background-position":"center center","background-size":"auto","background-attachment":"scroll","background-type":"","background-media":"","overlay-type":"","overlay-color":"","overlay-opacity":"","overlay-gradient":""},"tablet":{"background-color":"","background-image":"","background-repeat":"repeat","background-position":"center center","background-size":"auto","background-attachment":"scroll","background-type":"","background-media":"","overlay-type":"","overlay-color":"","overlay-opacity":"","overlay-gradient":""},"mobile":{"background-color":"","background-image":"","background-repeat":"repeat","background-position":"center center","background-size":"auto","background-attachment":"scroll","background-type":"","background-media":"","overlay-type":"","overlay-color":"","overlay-opacity":"","overlay-gradient":""}},"ast-content-background-meta":{"desktop":{"background-color":"var(--ast-global-color-5)","background-image":"","background-repeat":"repeat","background-position":"center center","background-size":"auto","background-attachment":"scroll","background-type":"","background-media":"","overlay-type":"","overlay-color":"","overlay-opacity":"","overlay-gradient":""},"tablet":{"background-color":"var(--ast-global-color-5)","background-image":"","background-repeat":"repeat","background-position":"center center","background-size":"auto","background-attachment":"scroll","background-type":"","background-media":"","overlay-type":"","overlay-color":"","overlay-opacity":"","overlay-gradient":""},"mobile":{"background-color":"var(--ast-global-color-5)","background-image":"","background-repeat":"repeat","background-position":"center center","background-size":"auto","background-attachment":"scroll","background-type":"","background-media":"","overlay-type":"","overlay-color":"","overlay-opacity":"","overlay-gradient":""}}},"product_brand":[180],"product_cat":[170,200],"product_tag":[],"class_list":{"0":"post-22578","1":"product","2":"type-product","3":"status-publish","4":"has-post-thumbnail","6":"product_brand-glicerio-chaves-hornero-fr","7":"product_cat-chambres","8":"product_cat-elba-fr","9":"desktop-align-center","10":"tablet-align-left","11":"mobile-align-left","12":"ast-product-gallery-layout-first-image-large","13":"ast-product-gallery-with-no-image","14":"ast-magnify-disabled","15":"ast-product-single-variable","16":"ast-product-tabs-layout-horizontal","18":"first","19":"instock","20":"shipping-taxable","21":"purchasable","22":"product-type-variable","23":"has-default-attributes"},"acf":[],"aioseo_notices":[],"_links":{"self":[{"href":"https:\/\/walkinclosetcanada.com\/fr\/wp-json\/wp\/v2\/product\/22578","targetHints":{"allow":["GET"]}}],"collection":[{"href":"https:\/\/walkinclosetcanada.com\/fr\/wp-json\/wp\/v2\/product"}],"about":[{"href":"https:\/\/walkinclosetcanada.com\/fr\/wp-json\/wp\/v2\/types\/product"}],"version-history":[{"count":0,"href":"https:\/\/walkinclosetcanada.com\/fr\/wp-json\/wp\/v2\/product\/22578\/revisions"}],"wp:featuredmedia":[{"embeddable":true,"href":"https:\/\/walkinclosetcanada.com\/fr\/wp-json\/wp\/v2\/media\/18088"}],"wp:attachment":[{"href":"https:\/\/walkinclosetcanada.com\/fr\/wp-json\/wp\/v2\/media?parent=22578"}],"wp:term":[{"taxonomy":"product_brand","embeddable":true,"href":"https:\/\/walkinclosetcanada.com\/fr\/wp-json\/wp\/v2\/product_brand?post=22578"},{"taxonomy":"product_cat","embeddable":true,"href":"https:\/\/walkinclosetcanada.com\/fr\/wp-json\/wp\/v2\/product_cat?post=22578"},{"taxonomy":"product_tag","embeddable":true,"href":"https:\/\/walkinclosetcanada.com\/fr\/wp-json\/wp\/v2\/product_tag?post=22578"}],"curies":[{"name":"wp","href":"https:\/\/api.w.org\/{rel}","templated":true}]}}