{"id":22843,"date":"2025-03-21T11:15:00","date_gmt":"2025-03-21T15:15:00","guid":{"rendered":"https:\/\/walkinclosetcanada.com\/shop\/non class\u00e9\/lit-escamotable-seda-terra\/"},"modified":"2025-08-29T11:20:23","modified_gmt":"2025-08-29T15:20:23","slug":"lit-escamotable-seda-terra","status":"publish","type":"product","link":"https:\/\/walkinclosetcanada.com\/fr\/shop\/lits-escamotables\/lit-escamotable-seda-terra\/","title":{"rendered":"Lit escamotable Seda Terra"},"content":{"rendered":"<p>Le lit escamotable Seda Terra offre un \u00e9quilibre naturel entre confort et utilit\u00e9, con\u00e7u pour apporter de la chaleur et de la fluidit\u00e9 dans tout int\u00e9rieur moderne. Au centre de l\u2019am\u00e9nagement se trouve un lit escamotable horizontal dans un doux ton blanc berline, se repliant soigneusement au-dessus d\u2019un canap\u00e9 rembourr\u00e9 moelleux avec des accoudoirs \u00e0 cadre en bois. \u00c0 droite, un syst\u00e8me d\u2019armoire pleine hauteur enjambe le mur avec une alternance de panneaux verticaux en bois et en beige massif, cr\u00e9ant un rythme visuel et des rangements discrets. Les armoires sont int\u00e9gr\u00e9es de mani\u00e8re propre, ajoutant \u00e0 la fois de la fonctionnalit\u00e9 et un sens de la structure architecturale \u00e0 la pi\u00e8ce.   <\/p>\n<p>Ce design est id\u00e9al pour ceux qui recherchent l\u2019harmonie entre la vie ouverte et le repos priv\u00e9. Le lit se range parfaitement tandis que le canap\u00e9 reste un point d\u2019ancrage permanent et accueillant dans l\u2019espace. Les placards environnants offrent un grand espace de rangement dissimul\u00e9 sans ajouter de volume. Seda Terra incarne l\u2019essence du design flexible, en combinant des neutres doux, des textures honn\u00eates et une utilisation intelligente de l\u2019espace vertical d\u2019une mani\u00e8re \u00e0 la fois calme et compl\u00e8te.   <\/p>\n","protected":false},"excerpt":{"rendered":"<p>Un lit escamotable aux tons chauds avec un canap\u00e9 int\u00e9gr\u00e9, des panneaux de bois verticaux et des rangements pleine hauteur con\u00e7us pour une vie sereine dans des espaces multifonctionnels.<\/p>\n","protected":false},"featured_media":14294,"template":"","meta":{"_acf_changed":false,"site-sidebar-layout":"default","site-content-layout":"","ast-site-content-layout":"default","site-content-style":"default","site-sidebar-style":"default","ast-global-header-display":"","ast-banner-title-visibility":"","ast-main-header-display":"","ast-hfb-above-header-display":"","ast-hfb-below-header-display":"","ast-hfb-mobile-header-display":"","site-post-title":"","ast-breadcrumbs-content":"","ast-featured-img":"","footer-sml-layout":"","ast-disable-related-posts":"","theme-transparent-header-meta":"default","adv-header-id-meta":"","stick-header-meta":"default","header-above-stick-meta":"","header-main-stick-meta":"","header-below-stick-meta":"","astra-migrate-meta-layouts":"default","ast-page-background-enabled":"default","ast-page-background-meta":{"desktop":{"background-color":"var(--ast-global-color-4)","background-image":"","background-repeat":"repeat","background-position":"center center","background-size":"auto","background-attachment":"scroll","background-type":"","background-media":"","overlay-type":"","overlay-color":"","overlay-opacity":"","overlay-gradient":""},"tablet":{"background-color":"","background-image":"","background-repeat":"repeat","background-position":"center center","background-size":"auto","background-attachment":"scroll","background-type":"","background-media":"","overlay-type":"","overlay-color":"","overlay-opacity":"","overlay-gradient":""},"mobile":{"background-color":"","background-image":"","background-repeat":"repeat","background-position":"center center","background-size":"auto","background-attachment":"scroll","background-type":"","background-media":"","overlay-type":"","overlay-color":"","overlay-opacity":"","overlay-gradient":""}},"ast-content-background-meta":{"desktop":{"background-color":"var(--ast-global-color-5)","background-image":"","background-repeat":"repeat","background-position":"center center","background-size":"auto","background-attachment":"scroll","background-type":"","background-media":"","overlay-type":"","overlay-color":"","overlay-opacity":"","overlay-gradient":""},"tablet":{"background-color":"var(--ast-global-color-5)","background-image":"","background-repeat":"repeat","background-position":"center center","background-size":"auto","background-attachment":"scroll","background-type":"","background-media":"","overlay-type":"","overlay-color":"","overlay-opacity":"","overlay-gradient":""},"mobile":{"background-color":"var(--ast-global-color-5)","background-image":"","background-repeat":"repeat","background-position":"center center","background-size":"auto","background-attachment":"scroll","background-type":"","background-media":"","overlay-type":"","overlay-color":"","overlay-opacity":"","overlay-gradient":""}}},"product_brand":[],"product_cat":[120],"product_tag":[213],"class_list":{"0":"post-22843","1":"product","2":"type-product","3":"status-publish","4":"has-post-thumbnail","6":"product_cat-lits-escamotables","7":"product_tag-a-partir-de-fr","8":"desktop-align-center","9":"tablet-align-left","10":"mobile-align-left","11":"ast-product-gallery-layout-first-image-large","12":"ast-magnify-disabled","13":"ast-product-single-variable","14":"ast-product-tabs-layout-horizontal","16":"first","17":"instock","18":"sold-individually","19":"shipping-taxable","20":"purchasable","21":"product-type-variable"},"acf":[],"aioseo_notices":[],"_links":{"self":[{"href":"https:\/\/walkinclosetcanada.com\/fr\/wp-json\/wp\/v2\/product\/22843","targetHints":{"allow":["GET"]}}],"collection":[{"href":"https:\/\/walkinclosetcanada.com\/fr\/wp-json\/wp\/v2\/product"}],"about":[{"href":"https:\/\/walkinclosetcanada.com\/fr\/wp-json\/wp\/v2\/types\/product"}],"version-history":[{"count":0,"href":"https:\/\/walkinclosetcanada.com\/fr\/wp-json\/wp\/v2\/product\/22843\/revisions"}],"wp:featuredmedia":[{"embeddable":true,"href":"https:\/\/walkinclosetcanada.com\/fr\/wp-json\/wp\/v2\/media\/14294"}],"wp:attachment":[{"href":"https:\/\/walkinclosetcanada.com\/fr\/wp-json\/wp\/v2\/media?parent=22843"}],"wp:term":[{"taxonomy":"product_brand","embeddable":true,"href":"https:\/\/walkinclosetcanada.com\/fr\/wp-json\/wp\/v2\/product_brand?post=22843"},{"taxonomy":"product_cat","embeddable":true,"href":"https:\/\/walkinclosetcanada.com\/fr\/wp-json\/wp\/v2\/product_cat?post=22843"},{"taxonomy":"product_tag","embeddable":true,"href":"https:\/\/walkinclosetcanada.com\/fr\/wp-json\/wp\/v2\/product_tag?post=22843"}],"curies":[{"name":"wp","href":"https:\/\/api.w.org\/{rel}","templated":true}]}}