{"id":22846,"date":"2025-03-21T11:15:00","date_gmt":"2025-03-21T15:15:00","guid":{"rendered":"https:\/\/walkinclosetcanada.com\/shop\/non class\u00e9\/lit-escamotable-ambar-avio\/"},"modified":"2025-08-29T11:20:31","modified_gmt":"2025-08-29T15:20:31","slug":"lit-escamotable-ambar-avio","status":"publish","type":"product","link":"https:\/\/walkinclosetcanada.com\/fr\/shop\/lits-escamotables\/lit-escamotable-ambar-avio\/","title":{"rendered":"Lit escamotable Ambar Avio"},"content":{"rendered":"<p>Le lit escamotable Avio d\u2019Ambar offre un contraste audacieux et une fonction confortable dans un design efficace. L\u2019espace est ancr\u00e9 par un lit escamotable pliant horizontalement dans une finition graphite mat, associ\u00e9 \u00e0 un canap\u00e9 rembourr\u00e9 compact qui dissimule une rang\u00e9e de tiroirs int\u00e9gr\u00e9s bleu avio sous le si\u00e8ge. Les armoires de rangement suspendues et les \u00e9tag\u00e8res murales ajoutent un mouvement vertical au design, tandis qu\u2019une colonne d\u2019\u00e9tag\u00e8res ouverte \u00e0 droite offre de l\u2019espace pour les livres, les objets de d\u00e9coration et les articles essentiels du quotidien.  <\/p>\n<p>Cette disposition est con\u00e7ue pour les salons, les studios ou les zones d\u2019invit\u00e9s qui exigent une flexibilit\u00e9 sans encombrement visuel. Le canap\u00e9 offre une assise g\u00e9n\u00e9reuse pendant la journ\u00e9e, et le lit se replie en douceur le soir pour transformer la pi\u00e8ce en une zone de sommeil confortable. Ambar Avio \u00e9quilibre les tons forts et les textures douces pour cr\u00e9er un environnement raffin\u00e9 et polyvalent qui se sent calme, intelligent et vivable sans effort.  <\/p>\n","protected":false},"excerpt":{"rendered":"<p>Un lit escamotable peu encombrant avec un canap\u00e9 int\u00e9gr\u00e9, une finition graphite mate et des tiroirs aux tons avio, con\u00e7u pour un confort \u00e9l\u00e9gant et une fonctionnalit\u00e9 discr\u00e8te.<\/p>\n","protected":false},"featured_media":14275,"template":"","meta":{"_acf_changed":false,"site-sidebar-layout":"default","site-content-layout":"","ast-site-content-layout":"default","site-content-style":"default","site-sidebar-style":"default","ast-global-header-display":"","ast-banner-title-visibility":"","ast-main-header-display":"","ast-hfb-above-header-display":"","ast-hfb-below-header-display":"","ast-hfb-mobile-header-display":"","site-post-title":"","ast-breadcrumbs-content":"","ast-featured-img":"","footer-sml-layout":"","ast-disable-related-posts":"","theme-transparent-header-meta":"default","adv-header-id-meta":"","stick-header-meta":"default","header-above-stick-meta":"","header-main-stick-meta":"","header-below-stick-meta":"","astra-migrate-meta-layouts":"default","ast-page-background-enabled":"default","ast-page-background-meta":{"desktop":{"background-color":"var(--ast-global-color-4)","background-image":"","background-repeat":"repeat","background-position":"center center","background-size":"auto","background-attachment":"scroll","background-type":"","background-media":"","overlay-type":"","overlay-color":"","overlay-opacity":"","overlay-gradient":""},"tablet":{"background-color":"","background-image":"","background-repeat":"repeat","background-position":"center center","background-size":"auto","background-attachment":"scroll","background-type":"","background-media":"","overlay-type":"","overlay-color":"","overlay-opacity":"","overlay-gradient":""},"mobile":{"background-color":"","background-image":"","background-repeat":"repeat","background-position":"center center","background-size":"auto","background-attachment":"scroll","background-type":"","background-media":"","overlay-type":"","overlay-color":"","overlay-opacity":"","overlay-gradient":""}},"ast-content-background-meta":{"desktop":{"background-color":"var(--ast-global-color-5)","background-image":"","background-repeat":"repeat","background-position":"center center","background-size":"auto","background-attachment":"scroll","background-type":"","background-media":"","overlay-type":"","overlay-color":"","overlay-opacity":"","overlay-gradient":""},"tablet":{"background-color":"var(--ast-global-color-5)","background-image":"","background-repeat":"repeat","background-position":"center center","background-size":"auto","background-attachment":"scroll","background-type":"","background-media":"","overlay-type":"","overlay-color":"","overlay-opacity":"","overlay-gradient":""},"mobile":{"background-color":"var(--ast-global-color-5)","background-image":"","background-repeat":"repeat","background-position":"center center","background-size":"auto","background-attachment":"scroll","background-type":"","background-media":"","overlay-type":"","overlay-color":"","overlay-opacity":"","overlay-gradient":""}}},"product_brand":[],"product_cat":[120],"product_tag":[213],"class_list":{"0":"post-22846","1":"product","2":"type-product","3":"status-publish","4":"has-post-thumbnail","6":"product_cat-lits-escamotables","7":"product_tag-a-partir-de-fr","8":"desktop-align-center","9":"tablet-align-left","10":"mobile-align-left","11":"ast-product-gallery-layout-first-image-large","12":"ast-magnify-disabled","13":"ast-product-single-variable","14":"ast-product-tabs-layout-horizontal","16":"first","17":"instock","18":"sold-individually","19":"shipping-taxable","20":"purchasable","21":"product-type-variable"},"acf":[],"aioseo_notices":[],"_links":{"self":[{"href":"https:\/\/walkinclosetcanada.com\/fr\/wp-json\/wp\/v2\/product\/22846","targetHints":{"allow":["GET"]}}],"collection":[{"href":"https:\/\/walkinclosetcanada.com\/fr\/wp-json\/wp\/v2\/product"}],"about":[{"href":"https:\/\/walkinclosetcanada.com\/fr\/wp-json\/wp\/v2\/types\/product"}],"version-history":[{"count":0,"href":"https:\/\/walkinclosetcanada.com\/fr\/wp-json\/wp\/v2\/product\/22846\/revisions"}],"wp:featuredmedia":[{"embeddable":true,"href":"https:\/\/walkinclosetcanada.com\/fr\/wp-json\/wp\/v2\/media\/14275"}],"wp:attachment":[{"href":"https:\/\/walkinclosetcanada.com\/fr\/wp-json\/wp\/v2\/media?parent=22846"}],"wp:term":[{"taxonomy":"product_brand","embeddable":true,"href":"https:\/\/walkinclosetcanada.com\/fr\/wp-json\/wp\/v2\/product_brand?post=22846"},{"taxonomy":"product_cat","embeddable":true,"href":"https:\/\/walkinclosetcanada.com\/fr\/wp-json\/wp\/v2\/product_cat?post=22846"},{"taxonomy":"product_tag","embeddable":true,"href":"https:\/\/walkinclosetcanada.com\/fr\/wp-json\/wp\/v2\/product_tag?post=22846"}],"curies":[{"name":"wp","href":"https:\/\/api.w.org\/{rel}","templated":true}]}}