{"id":22850,"date":"2025-03-21T11:15:00","date_gmt":"2025-03-21T15:15:00","guid":{"rendered":"https:\/\/walkinclosetcanada.com\/shop\/non class\u00e9\/habana-piedra-lit-escamotable\/"},"modified":"2025-08-29T11:20:31","modified_gmt":"2025-08-29T15:20:31","slug":"habana-piedra-lit-escamotable","status":"publish","type":"product","link":"https:\/\/walkinclosetcanada.com\/fr\/shop\/lits-escamotables\/habana-piedra-lit-escamotable\/","title":{"rendered":"Habana Piedra Lit escamotable"},"content":{"rendered":"<p>Le lit escamotable Habana Piedra allie \u00e9l\u00e9gance structur\u00e9e et praticit\u00e9 au quotidien dans un design mural unifi\u00e9. Au centre se trouve un lit escamotable pliant horizontalement dans une douce finition gris piedra, associ\u00e9 \u00e0 un \u00e9l\u00e9gant canap\u00e9 rembourr\u00e9 qui ancre l\u2019espace sans le submerger. \u00c0 droite, une \u00e9troite colonne d\u2019\u00e9tag\u00e8res ouvertes apporte de la hauteur et de la chaleur gr\u00e2ce \u00e0 des tons de bois naturels, tandis que le c\u00f4t\u00e9 gauche est flanqu\u00e9 d\u2019armoires de rangement suspendues qui maintiennent un rythme visuel propre sur la ligne sup\u00e9rieure de la pi\u00e8ce.  <\/p>\n<p>Cette disposition est id\u00e9ale pour les salons ou les espaces d\u2019invit\u00e9s qui exigent \u00e0 la fois confort et polyvalence. Le canap\u00e9 reste fixe en place, ce qui permet une transformation sans effort lorsque le lit est utilis\u00e9, et les \u00e9tag\u00e8res offrent de la place pour les livres, l\u2019\u00e9clairage et les accents d\u00e9coratifs. Habana Piedra cr\u00e9e une atmosph\u00e8re de contr\u00f4le calme et d\u2019\u00e9quilibre moderne, offrant une solution raffin\u00e9e pour ceux qui appr\u00e9cient l\u2019efficacit\u00e9 de l\u2019espace et le style discret.  <\/p>\n","protected":false},"excerpt":{"rendered":"<p>Un lit escamotable raffin\u00e9 avec un canap\u00e9 gris \u00e9l\u00e9gant, des lambris minimalistes et des \u00e9tag\u00e8res ouvertes, con\u00e7u pour apporter une touche de calme et de sophistication aux espaces de vie polyvalents.<\/p>\n","protected":false},"featured_media":14282,"template":"","meta":{"_acf_changed":false,"site-sidebar-layout":"default","site-content-layout":"","ast-site-content-layout":"default","site-content-style":"default","site-sidebar-style":"default","ast-global-header-display":"","ast-banner-title-visibility":"","ast-main-header-display":"","ast-hfb-above-header-display":"","ast-hfb-below-header-display":"","ast-hfb-mobile-header-display":"","site-post-title":"","ast-breadcrumbs-content":"","ast-featured-img":"","footer-sml-layout":"","ast-disable-related-posts":"","theme-transparent-header-meta":"default","adv-header-id-meta":"","stick-header-meta":"default","header-above-stick-meta":"","header-main-stick-meta":"","header-below-stick-meta":"","astra-migrate-meta-layouts":"default","ast-page-background-enabled":"default","ast-page-background-meta":{"desktop":{"background-color":"var(--ast-global-color-4)","background-image":"","background-repeat":"repeat","background-position":"center center","background-size":"auto","background-attachment":"scroll","background-type":"","background-media":"","overlay-type":"","overlay-color":"","overlay-opacity":"","overlay-gradient":""},"tablet":{"background-color":"","background-image":"","background-repeat":"repeat","background-position":"center center","background-size":"auto","background-attachment":"scroll","background-type":"","background-media":"","overlay-type":"","overlay-color":"","overlay-opacity":"","overlay-gradient":""},"mobile":{"background-color":"","background-image":"","background-repeat":"repeat","background-position":"center center","background-size":"auto","background-attachment":"scroll","background-type":"","background-media":"","overlay-type":"","overlay-color":"","overlay-opacity":"","overlay-gradient":""}},"ast-content-background-meta":{"desktop":{"background-color":"var(--ast-global-color-5)","background-image":"","background-repeat":"repeat","background-position":"center center","background-size":"auto","background-attachment":"scroll","background-type":"","background-media":"","overlay-type":"","overlay-color":"","overlay-opacity":"","overlay-gradient":""},"tablet":{"background-color":"var(--ast-global-color-5)","background-image":"","background-repeat":"repeat","background-position":"center center","background-size":"auto","background-attachment":"scroll","background-type":"","background-media":"","overlay-type":"","overlay-color":"","overlay-opacity":"","overlay-gradient":""},"mobile":{"background-color":"var(--ast-global-color-5)","background-image":"","background-repeat":"repeat","background-position":"center center","background-size":"auto","background-attachment":"scroll","background-type":"","background-media":"","overlay-type":"","overlay-color":"","overlay-opacity":"","overlay-gradient":""}}},"product_brand":[],"product_cat":[120],"product_tag":[213],"class_list":{"0":"post-22850","1":"product","2":"type-product","3":"status-publish","4":"has-post-thumbnail","6":"product_cat-lits-escamotables","7":"product_tag-a-partir-de-fr","8":"desktop-align-center","9":"tablet-align-left","10":"mobile-align-left","11":"ast-product-gallery-layout-first-image-large","12":"ast-magnify-disabled","13":"ast-product-single-variable","14":"ast-product-tabs-layout-horizontal","16":"first","17":"instock","18":"sold-individually","19":"shipping-taxable","20":"purchasable","21":"product-type-variable"},"acf":[],"aioseo_notices":[],"_links":{"self":[{"href":"https:\/\/walkinclosetcanada.com\/fr\/wp-json\/wp\/v2\/product\/22850","targetHints":{"allow":["GET"]}}],"collection":[{"href":"https:\/\/walkinclosetcanada.com\/fr\/wp-json\/wp\/v2\/product"}],"about":[{"href":"https:\/\/walkinclosetcanada.com\/fr\/wp-json\/wp\/v2\/types\/product"}],"version-history":[{"count":0,"href":"https:\/\/walkinclosetcanada.com\/fr\/wp-json\/wp\/v2\/product\/22850\/revisions"}],"wp:featuredmedia":[{"embeddable":true,"href":"https:\/\/walkinclosetcanada.com\/fr\/wp-json\/wp\/v2\/media\/14282"}],"wp:attachment":[{"href":"https:\/\/walkinclosetcanada.com\/fr\/wp-json\/wp\/v2\/media?parent=22850"}],"wp:term":[{"taxonomy":"product_brand","embeddable":true,"href":"https:\/\/walkinclosetcanada.com\/fr\/wp-json\/wp\/v2\/product_brand?post=22850"},{"taxonomy":"product_cat","embeddable":true,"href":"https:\/\/walkinclosetcanada.com\/fr\/wp-json\/wp\/v2\/product_cat?post=22850"},{"taxonomy":"product_tag","embeddable":true,"href":"https:\/\/walkinclosetcanada.com\/fr\/wp-json\/wp\/v2\/product_tag?post=22850"}],"curies":[{"name":"wp","href":"https:\/\/api.w.org\/{rel}","templated":true}]}}