{"id":22851,"date":"2025-03-21T11:15:00","date_gmt":"2025-03-21T15:15:00","guid":{"rendered":"https:\/\/walkinclosetcanada.com\/shop\/non class\u00e9\/terra-seda-lit-escamotable\/"},"modified":"2025-08-29T11:20:31","modified_gmt":"2025-08-29T15:20:31","slug":"terra-seda-lit-escamotable","status":"publish","type":"product","link":"https:\/\/walkinclosetcanada.com\/fr\/shop\/lits-escamotables\/terra-seda-lit-escamotable\/","title":{"rendered":"Terra Seda Lit escamotable"},"content":{"rendered":"<p>Le lit escamotable Terra Seda offre un m\u00e9lange apaisant de fonctionnalit\u00e9 et de confort, ce qui le rend id\u00e9al pour les espaces modernes qui doivent faire plus avec moins. Au centre se trouve un lit escamotable pliant verticalement dans un ton beige seda doux, associ\u00e9 \u00e0 un canap\u00e9 rembourr\u00e9 d\u2019un bleu discret qui offre une assise quotidienne sans interrompre le flux visuel. \u00c0 gauche, de hauts panneaux de rangement maintiennent un rythme vertical net, tandis qu\u2019\u00e0 droite, une zone de bureau \u00e0 domicile compl\u00e8te est d\u00e9finie par un bureau en bois naturel et des \u00e9tag\u00e8res ouvertes modulaires con\u00e7ues pour les livres, la technologie et la d\u00e9coration.  <\/p>\n<p>Cet am\u00e9nagement est con\u00e7u pour soutenir \u00e0 la fois la vie quotidienne et les routines efficaces, en passant en douceur du salon, du travail et du repos. Le lit se replie sans effort sur le canap\u00e9, pr\u00e9servant ainsi l\u2019int\u00e9grit\u00e9 de l\u2019espace sans qu\u2019il soit n\u00e9cessaire de le r\u00e9organiser. Terra Seda r\u00e9unit des tons neutres, des contrastes subtils et un am\u00e9nagement intelligent de l\u2019espace pour cr\u00e9er une atmosph\u00e8re raffin\u00e9e de flexibilit\u00e9 et de facilit\u00e9.  <\/p>\n","protected":false},"excerpt":{"rendered":"<p>Un lit escamotable multifonctionnel avec un canap\u00e9 bleu rembourr\u00e9, des panneaux beiges doux et une configuration compl\u00e8te de bureau \u00e0 domicile parfaitement int\u00e9gr\u00e9e dans un seul mur vivant.<\/p>\n","protected":false},"featured_media":14266,"template":"","meta":{"_acf_changed":false,"site-sidebar-layout":"default","site-content-layout":"","ast-site-content-layout":"default","site-content-style":"default","site-sidebar-style":"default","ast-global-header-display":"","ast-banner-title-visibility":"","ast-main-header-display":"","ast-hfb-above-header-display":"","ast-hfb-below-header-display":"","ast-hfb-mobile-header-display":"","site-post-title":"","ast-breadcrumbs-content":"","ast-featured-img":"","footer-sml-layout":"","ast-disable-related-posts":"","theme-transparent-header-meta":"default","adv-header-id-meta":"","stick-header-meta":"default","header-above-stick-meta":"","header-main-stick-meta":"","header-below-stick-meta":"","astra-migrate-meta-layouts":"default","ast-page-background-enabled":"default","ast-page-background-meta":{"desktop":{"background-color":"var(--ast-global-color-4)","background-image":"","background-repeat":"repeat","background-position":"center center","background-size":"auto","background-attachment":"scroll","background-type":"","background-media":"","overlay-type":"","overlay-color":"","overlay-opacity":"","overlay-gradient":""},"tablet":{"background-color":"","background-image":"","background-repeat":"repeat","background-position":"center center","background-size":"auto","background-attachment":"scroll","background-type":"","background-media":"","overlay-type":"","overlay-color":"","overlay-opacity":"","overlay-gradient":""},"mobile":{"background-color":"","background-image":"","background-repeat":"repeat","background-position":"center center","background-size":"auto","background-attachment":"scroll","background-type":"","background-media":"","overlay-type":"","overlay-color":"","overlay-opacity":"","overlay-gradient":""}},"ast-content-background-meta":{"desktop":{"background-color":"var(--ast-global-color-5)","background-image":"","background-repeat":"repeat","background-position":"center center","background-size":"auto","background-attachment":"scroll","background-type":"","background-media":"","overlay-type":"","overlay-color":"","overlay-opacity":"","overlay-gradient":""},"tablet":{"background-color":"var(--ast-global-color-5)","background-image":"","background-repeat":"repeat","background-position":"center center","background-size":"auto","background-attachment":"scroll","background-type":"","background-media":"","overlay-type":"","overlay-color":"","overlay-opacity":"","overlay-gradient":""},"mobile":{"background-color":"var(--ast-global-color-5)","background-image":"","background-repeat":"repeat","background-position":"center center","background-size":"auto","background-attachment":"scroll","background-type":"","background-media":"","overlay-type":"","overlay-color":"","overlay-opacity":"","overlay-gradient":""}}},"product_brand":[],"product_cat":[120],"product_tag":[213],"class_list":{"0":"post-22851","1":"product","2":"type-product","3":"status-publish","4":"has-post-thumbnail","6":"product_cat-lits-escamotables","7":"product_tag-a-partir-de-fr","8":"desktop-align-center","9":"tablet-align-left","10":"mobile-align-left","11":"ast-product-gallery-layout-first-image-large","12":"ast-magnify-disabled","13":"ast-product-single-variable","14":"ast-product-tabs-layout-horizontal","16":"first","17":"instock","18":"sold-individually","19":"shipping-taxable","20":"purchasable","21":"product-type-variable"},"acf":[],"aioseo_notices":[],"_links":{"self":[{"href":"https:\/\/walkinclosetcanada.com\/fr\/wp-json\/wp\/v2\/product\/22851","targetHints":{"allow":["GET"]}}],"collection":[{"href":"https:\/\/walkinclosetcanada.com\/fr\/wp-json\/wp\/v2\/product"}],"about":[{"href":"https:\/\/walkinclosetcanada.com\/fr\/wp-json\/wp\/v2\/types\/product"}],"version-history":[{"count":0,"href":"https:\/\/walkinclosetcanada.com\/fr\/wp-json\/wp\/v2\/product\/22851\/revisions"}],"wp:featuredmedia":[{"embeddable":true,"href":"https:\/\/walkinclosetcanada.com\/fr\/wp-json\/wp\/v2\/media\/14266"}],"wp:attachment":[{"href":"https:\/\/walkinclosetcanada.com\/fr\/wp-json\/wp\/v2\/media?parent=22851"}],"wp:term":[{"taxonomy":"product_brand","embeddable":true,"href":"https:\/\/walkinclosetcanada.com\/fr\/wp-json\/wp\/v2\/product_brand?post=22851"},{"taxonomy":"product_cat","embeddable":true,"href":"https:\/\/walkinclosetcanada.com\/fr\/wp-json\/wp\/v2\/product_cat?post=22851"},{"taxonomy":"product_tag","embeddable":true,"href":"https:\/\/walkinclosetcanada.com\/fr\/wp-json\/wp\/v2\/product_tag?post=22851"}],"curies":[{"name":"wp","href":"https:\/\/api.w.org\/{rel}","templated":true}]}}