{"id":22860,"date":"2025-03-21T11:15:00","date_gmt":"2025-03-21T15:15:00","guid":{"rendered":"https:\/\/walkinclosetcanada.com\/shop\/non class\u00e9\/cipres-meadow-lit-escamotable\/"},"modified":"2025-08-29T11:20:31","modified_gmt":"2025-08-29T15:20:31","slug":"cipres-meadow-lit-escamotable","status":"publish","type":"product","link":"https:\/\/walkinclosetcanada.com\/fr\/shop\/lits-escamotables\/cipres-meadow-lit-escamotable\/","title":{"rendered":"Cipres Meadow Lit escamotable"},"content":{"rendered":"<p>Le lit escamotable Cipres Meadow est une classe de ma\u00eetre en mati\u00e8re de douceur, de simplicit\u00e9 et d\u2019optimisation de l\u2019espace. Soigneusement nich\u00e9 dans un agencement en coin, ce design combine des portes d\u2019armoire vert sauge sereines au-dessus et des panneaux de lit blanc mat en dessous, encadr\u00e9s de bois chaleureux pour un look naturel sans effort. Le lit escamotable se d\u00e9plie horizontalement \u00e0 partir de la moiti\u00e9 inf\u00e9rieure, pr\u00e9servant l\u2019ouverture et la lumi\u00e8re pendant la journ\u00e9e tout en offrant une surface de sommeil discr\u00e8te et compl\u00e8te la nuit. Sur le mur adjacent, une armoire pleine hauteur ancre la composition, se fondant parfaitement dans l\u2019angle avec des lignes verticales douces et des poign\u00e9es int\u00e9gr\u00e9es.   <\/p>\n<p>\u00c0 gauche, un bureau minimaliste avec un plateau en bois naturel et des pieds blancs cr\u00e9e un espace de travail compact parfaitement align\u00e9 avec le rythme de la pi\u00e8ce. Au-dessus, des \u00e9tag\u00e8res flottantes en sauge \u00e9quilibrent la palette de couleurs tout en offrant de l\u2019espace pour les plantes, les livres ou les accents personnels. Cipres Meadow invite \u00e0 une atmosph\u00e8re calme et ancr\u00e9e o\u00f9 chaque \u00e9l\u00e9ment est organis\u00e9, fonctionnel et beau. Ce mod\u00e8le \u00e0 succ\u00e8s transforme les petites pi\u00e8ces en sanctuaires \u00e9mouvants, o\u00f9 la cr\u00e9ativit\u00e9 et le repos cohabitent en parfaite harmonie.   <\/p>\n","protected":false},"excerpt":{"rendered":"<p>Un charmant lit escamotable avec des panneaux bicolores sauge et blanc, entour\u00e9 d\u2019un espace de rangement int\u00e9gr\u00e9 et d\u2019un bureau compact qui transforme n\u2019importe quelle pi\u00e8ce avec une beaut\u00e9 tranquille.<\/p>\n","protected":false},"featured_media":14301,"template":"","meta":{"_acf_changed":false,"site-sidebar-layout":"default","site-content-layout":"","ast-site-content-layout":"default","site-content-style":"default","site-sidebar-style":"default","ast-global-header-display":"","ast-banner-title-visibility":"","ast-main-header-display":"","ast-hfb-above-header-display":"","ast-hfb-below-header-display":"","ast-hfb-mobile-header-display":"","site-post-title":"","ast-breadcrumbs-content":"","ast-featured-img":"","footer-sml-layout":"","ast-disable-related-posts":"","theme-transparent-header-meta":"default","adv-header-id-meta":"","stick-header-meta":"default","header-above-stick-meta":"","header-main-stick-meta":"","header-below-stick-meta":"","astra-migrate-meta-layouts":"default","ast-page-background-enabled":"default","ast-page-background-meta":{"desktop":{"background-color":"var(--ast-global-color-4)","background-image":"","background-repeat":"repeat","background-position":"center center","background-size":"auto","background-attachment":"scroll","background-type":"","background-media":"","overlay-type":"","overlay-color":"","overlay-opacity":"","overlay-gradient":""},"tablet":{"background-color":"","background-image":"","background-repeat":"repeat","background-position":"center center","background-size":"auto","background-attachment":"scroll","background-type":"","background-media":"","overlay-type":"","overlay-color":"","overlay-opacity":"","overlay-gradient":""},"mobile":{"background-color":"","background-image":"","background-repeat":"repeat","background-position":"center center","background-size":"auto","background-attachment":"scroll","background-type":"","background-media":"","overlay-type":"","overlay-color":"","overlay-opacity":"","overlay-gradient":""}},"ast-content-background-meta":{"desktop":{"background-color":"var(--ast-global-color-5)","background-image":"","background-repeat":"repeat","background-position":"center center","background-size":"auto","background-attachment":"scroll","background-type":"","background-media":"","overlay-type":"","overlay-color":"","overlay-opacity":"","overlay-gradient":""},"tablet":{"background-color":"var(--ast-global-color-5)","background-image":"","background-repeat":"repeat","background-position":"center center","background-size":"auto","background-attachment":"scroll","background-type":"","background-media":"","overlay-type":"","overlay-color":"","overlay-opacity":"","overlay-gradient":""},"mobile":{"background-color":"var(--ast-global-color-5)","background-image":"","background-repeat":"repeat","background-position":"center center","background-size":"auto","background-attachment":"scroll","background-type":"","background-media":"","overlay-type":"","overlay-color":"","overlay-opacity":"","overlay-gradient":""}}},"product_brand":[],"product_cat":[120],"product_tag":[213],"class_list":{"0":"post-22860","1":"product","2":"type-product","3":"status-publish","4":"has-post-thumbnail","6":"product_cat-lits-escamotables","7":"product_tag-a-partir-de-fr","8":"desktop-align-center","9":"tablet-align-left","10":"mobile-align-left","11":"ast-product-gallery-layout-first-image-large","12":"ast-magnify-disabled","13":"ast-product-single-variable","14":"ast-product-tabs-layout-horizontal","16":"first","17":"instock","18":"sold-individually","19":"shipping-taxable","20":"purchasable","21":"product-type-variable"},"acf":[],"aioseo_notices":[],"_links":{"self":[{"href":"https:\/\/walkinclosetcanada.com\/fr\/wp-json\/wp\/v2\/product\/22860","targetHints":{"allow":["GET"]}}],"collection":[{"href":"https:\/\/walkinclosetcanada.com\/fr\/wp-json\/wp\/v2\/product"}],"about":[{"href":"https:\/\/walkinclosetcanada.com\/fr\/wp-json\/wp\/v2\/types\/product"}],"version-history":[{"count":0,"href":"https:\/\/walkinclosetcanada.com\/fr\/wp-json\/wp\/v2\/product\/22860\/revisions"}],"wp:featuredmedia":[{"embeddable":true,"href":"https:\/\/walkinclosetcanada.com\/fr\/wp-json\/wp\/v2\/media\/14301"}],"wp:attachment":[{"href":"https:\/\/walkinclosetcanada.com\/fr\/wp-json\/wp\/v2\/media?parent=22860"}],"wp:term":[{"taxonomy":"product_brand","embeddable":true,"href":"https:\/\/walkinclosetcanada.com\/fr\/wp-json\/wp\/v2\/product_brand?post=22860"},{"taxonomy":"product_cat","embeddable":true,"href":"https:\/\/walkinclosetcanada.com\/fr\/wp-json\/wp\/v2\/product_cat?post=22860"},{"taxonomy":"product_tag","embeddable":true,"href":"https:\/\/walkinclosetcanada.com\/fr\/wp-json\/wp\/v2\/product_tag?post=22860"}],"curies":[{"name":"wp","href":"https:\/\/api.w.org\/{rel}","templated":true}]}}