{"id":22868,"date":"2025-03-21T11:14:59","date_gmt":"2025-03-21T15:14:59","guid":{"rendered":"https:\/\/walkinclosetcanada.com\/shop\/non class\u00e9\/lavanda-bloom-lit-escamotable\/"},"modified":"2025-08-29T11:20:31","modified_gmt":"2025-08-29T15:20:31","slug":"lavanda-bloom-lit-escamotable","status":"publish","type":"product","link":"https:\/\/walkinclosetcanada.com\/fr\/shop\/lits-escamotables\/lavanda-bloom-lit-escamotable\/","title":{"rendered":"Lavanda Bloom Lit escamotable"},"content":{"rendered":"<p>Le lit escamotable Lavanda Bloom allie confort et organisation dans une unit\u00e9 magnifiquement stylis\u00e9e con\u00e7ue pour rehausser n\u2019importe quelle chambre \u00e0 coucher compacte. Les armoires rose p\u00e2le sont associ\u00e9es \u00e0 des panneaux de grain de bois blanc \u00e9l\u00e9gants pour cr\u00e9er une palette de couleurs apaisante et \u00e9l\u00e9gante. Le lit pliant horizontalement s\u2019ouvre sans effort et r\u00e9v\u00e8le une surface de sommeil de soutien encadr\u00e9e par une paroi int\u00e9rieure rose tendre.  <\/p>\n<p>Au-dessus du lit, une disposition g\u00e9n\u00e9reuse des \u00e9tag\u00e8res offre beaucoup d\u2019espace pour les livres, la d\u00e9coration et les objets personnels, avec deux panneaux centraux en graphite fonc\u00e9 ajoutant du contraste et une touche contemporaine. L\u2019armoire lat\u00e9rale comporte un m\u00e9lange de tiroirs et de grandes portes pour garder les v\u00eatements, le linge de maison et d\u2019autres \u00e9l\u00e9ments essentiels bien rang\u00e9s. Cette composition est id\u00e9ale pour les jeunes adultes ou les chambres d\u2019h\u00f4tes qui appellent \u00e0 la fois charme et fonctionnalit\u00e9 sans exc\u00e8s.  <\/p>\n","protected":false},"excerpt":{"rendered":"<p>Les tons doux rencontrent la vie \u00e9l\u00e9gante dans le lit escamotable Lavanda Bloom. Avec de d\u00e9licats accents roses, des \u00e9tag\u00e8res ouvertes et des rangements discrets, c\u2019est une solution raffin\u00e9e pour un espace douillet et bien organis\u00e9. <\/p>\n","protected":false},"featured_media":14172,"template":"","meta":{"_acf_changed":false,"site-sidebar-layout":"default","site-content-layout":"","ast-site-content-layout":"default","site-content-style":"default","site-sidebar-style":"default","ast-global-header-display":"","ast-banner-title-visibility":"","ast-main-header-display":"","ast-hfb-above-header-display":"","ast-hfb-below-header-display":"","ast-hfb-mobile-header-display":"","site-post-title":"","ast-breadcrumbs-content":"","ast-featured-img":"","footer-sml-layout":"","ast-disable-related-posts":"","theme-transparent-header-meta":"default","adv-header-id-meta":"","stick-header-meta":"default","header-above-stick-meta":"","header-main-stick-meta":"","header-below-stick-meta":"","astra-migrate-meta-layouts":"default","ast-page-background-enabled":"default","ast-page-background-meta":{"desktop":{"background-color":"var(--ast-global-color-4)","background-image":"","background-repeat":"repeat","background-position":"center center","background-size":"auto","background-attachment":"scroll","background-type":"","background-media":"","overlay-type":"","overlay-color":"","overlay-opacity":"","overlay-gradient":""},"tablet":{"background-color":"","background-image":"","background-repeat":"repeat","background-position":"center center","background-size":"auto","background-attachment":"scroll","background-type":"","background-media":"","overlay-type":"","overlay-color":"","overlay-opacity":"","overlay-gradient":""},"mobile":{"background-color":"","background-image":"","background-repeat":"repeat","background-position":"center center","background-size":"auto","background-attachment":"scroll","background-type":"","background-media":"","overlay-type":"","overlay-color":"","overlay-opacity":"","overlay-gradient":""}},"ast-content-background-meta":{"desktop":{"background-color":"var(--ast-global-color-5)","background-image":"","background-repeat":"repeat","background-position":"center center","background-size":"auto","background-attachment":"scroll","background-type":"","background-media":"","overlay-type":"","overlay-color":"","overlay-opacity":"","overlay-gradient":""},"tablet":{"background-color":"var(--ast-global-color-5)","background-image":"","background-repeat":"repeat","background-position":"center center","background-size":"auto","background-attachment":"scroll","background-type":"","background-media":"","overlay-type":"","overlay-color":"","overlay-opacity":"","overlay-gradient":""},"mobile":{"background-color":"var(--ast-global-color-5)","background-image":"","background-repeat":"repeat","background-position":"center center","background-size":"auto","background-attachment":"scroll","background-type":"","background-media":"","overlay-type":"","overlay-color":"","overlay-opacity":"","overlay-gradient":""}}},"product_brand":[],"product_cat":[120],"product_tag":[213],"class_list":{"0":"post-22868","1":"product","2":"type-product","3":"status-publish","4":"has-post-thumbnail","6":"product_cat-lits-escamotables","7":"product_tag-a-partir-de-fr","8":"desktop-align-center","9":"tablet-align-left","10":"mobile-align-left","11":"ast-product-gallery-layout-first-image-large","12":"ast-magnify-disabled","13":"ast-product-single-variable","14":"ast-product-tabs-layout-horizontal","16":"first","17":"instock","18":"sold-individually","19":"shipping-taxable","20":"purchasable","21":"product-type-variable"},"acf":[],"aioseo_notices":[],"_links":{"self":[{"href":"https:\/\/walkinclosetcanada.com\/fr\/wp-json\/wp\/v2\/product\/22868","targetHints":{"allow":["GET"]}}],"collection":[{"href":"https:\/\/walkinclosetcanada.com\/fr\/wp-json\/wp\/v2\/product"}],"about":[{"href":"https:\/\/walkinclosetcanada.com\/fr\/wp-json\/wp\/v2\/types\/product"}],"version-history":[{"count":0,"href":"https:\/\/walkinclosetcanada.com\/fr\/wp-json\/wp\/v2\/product\/22868\/revisions"}],"wp:featuredmedia":[{"embeddable":true,"href":"https:\/\/walkinclosetcanada.com\/fr\/wp-json\/wp\/v2\/media\/14172"}],"wp:attachment":[{"href":"https:\/\/walkinclosetcanada.com\/fr\/wp-json\/wp\/v2\/media?parent=22868"}],"wp:term":[{"taxonomy":"product_brand","embeddable":true,"href":"https:\/\/walkinclosetcanada.com\/fr\/wp-json\/wp\/v2\/product_brand?post=22868"},{"taxonomy":"product_cat","embeddable":true,"href":"https:\/\/walkinclosetcanada.com\/fr\/wp-json\/wp\/v2\/product_cat?post=22868"},{"taxonomy":"product_tag","embeddable":true,"href":"https:\/\/walkinclosetcanada.com\/fr\/wp-json\/wp\/v2\/product_tag?post=22868"}],"curies":[{"name":"wp","href":"https:\/\/api.w.org\/{rel}","templated":true}]}}