{"id":22871,"date":"2025-03-21T11:14:59","date_gmt":"2025-03-21T15:14:59","guid":{"rendered":"https:\/\/walkinclosetcanada.com\/shop\/non class\u00e9\/cipres-seta-lit-escamotable\/"},"modified":"2025-08-29T11:20:31","modified_gmt":"2025-08-29T15:20:31","slug":"cipres-seta-lit-escamotable","status":"publish","type":"product","link":"https:\/\/walkinclosetcanada.com\/fr\/shop\/lits-escamotables\/cipres-seta-lit-escamotable\/","title":{"rendered":"Cipres Seta Lit escamotable"},"content":{"rendered":"<p>Le lit escamotable Cipres Seta apporte une \u00e9nergie joyeuse et un design intelligent dans la chambre d\u2019un enfant ou d\u2019un adolescent. Fini dans un vert sauge doux avec une texture mate subtile, ce lit se fond parfaitement dans une unit\u00e9 murale ludique qui comprend un bureau, des tiroirs et des \u00e9tag\u00e8res flottantes. Les larges poign\u00e9es arrondies et les d\u00e9tails asym\u00e9triques cr\u00e9ent une atmosph\u00e8re l\u00e9g\u00e8re tout en conservant des lignes \u00e9pur\u00e9es et modernes. Sa conception horizontale rabattable s\u2019ouvre en douceur et se range facilement, ce qui le rend parfait pour les petits espaces qui doivent effectuer plusieurs t\u00e2ches tout au long de la journ\u00e9e.   <\/p>\n<p>Con\u00e7u avec soin pour le repos, l\u2019\u00e9tude et l\u2019expression cr\u00e9ative, le Cipres Seta allie beaut\u00e9 et utilit\u00e9 dans un encombrement compact. Le bureau int\u00e9gr\u00e9 offre une surface spacieuse pour les devoirs et les loisirs, soutenue par des fa\u00e7ades de tiroir l\u00e9g\u00e8rement arrondies et des pieds minimalistes. Les \u00e9tag\u00e8res int\u00e9gr\u00e9es au-dessus ajoutent de l\u2019espace pour les livres, les \u0153uvres d\u2019art et les souvenirs tout en aidant \u00e0 personnaliser l\u2019espace. Avec son ton frais et son esprit modulaire, ce lit escamotable transforme n\u2019importe quelle pi\u00e8ce en un espace calme, \u00e9l\u00e9gant et unique.   <\/p>\n","protected":false},"excerpt":{"rendered":"<p>Un lit escamotable ludique en vert sauge doux avec un bureau int\u00e9gr\u00e9, des accents arrondis et un rangement intelligent con\u00e7u pour allier cr\u00e9ativit\u00e9 et fonctionnalit\u00e9 compacte.<\/p>\n","protected":false},"featured_media":14202,"template":"","meta":{"_acf_changed":false,"site-sidebar-layout":"default","site-content-layout":"","ast-site-content-layout":"default","site-content-style":"default","site-sidebar-style":"default","ast-global-header-display":"","ast-banner-title-visibility":"","ast-main-header-display":"","ast-hfb-above-header-display":"","ast-hfb-below-header-display":"","ast-hfb-mobile-header-display":"","site-post-title":"","ast-breadcrumbs-content":"","ast-featured-img":"","footer-sml-layout":"","ast-disable-related-posts":"","theme-transparent-header-meta":"default","adv-header-id-meta":"","stick-header-meta":"default","header-above-stick-meta":"","header-main-stick-meta":"","header-below-stick-meta":"","astra-migrate-meta-layouts":"default","ast-page-background-enabled":"default","ast-page-background-meta":{"desktop":{"background-color":"var(--ast-global-color-4)","background-image":"","background-repeat":"repeat","background-position":"center center","background-size":"auto","background-attachment":"scroll","background-type":"","background-media":"","overlay-type":"","overlay-color":"","overlay-opacity":"","overlay-gradient":""},"tablet":{"background-color":"","background-image":"","background-repeat":"repeat","background-position":"center center","background-size":"auto","background-attachment":"scroll","background-type":"","background-media":"","overlay-type":"","overlay-color":"","overlay-opacity":"","overlay-gradient":""},"mobile":{"background-color":"","background-image":"","background-repeat":"repeat","background-position":"center center","background-size":"auto","background-attachment":"scroll","background-type":"","background-media":"","overlay-type":"","overlay-color":"","overlay-opacity":"","overlay-gradient":""}},"ast-content-background-meta":{"desktop":{"background-color":"var(--ast-global-color-5)","background-image":"","background-repeat":"repeat","background-position":"center center","background-size":"auto","background-attachment":"scroll","background-type":"","background-media":"","overlay-type":"","overlay-color":"","overlay-opacity":"","overlay-gradient":""},"tablet":{"background-color":"var(--ast-global-color-5)","background-image":"","background-repeat":"repeat","background-position":"center center","background-size":"auto","background-attachment":"scroll","background-type":"","background-media":"","overlay-type":"","overlay-color":"","overlay-opacity":"","overlay-gradient":""},"mobile":{"background-color":"var(--ast-global-color-5)","background-image":"","background-repeat":"repeat","background-position":"center center","background-size":"auto","background-attachment":"scroll","background-type":"","background-media":"","overlay-type":"","overlay-color":"","overlay-opacity":"","overlay-gradient":""}}},"product_brand":[],"product_cat":[120],"product_tag":[213],"class_list":{"0":"post-22871","1":"product","2":"type-product","3":"status-publish","4":"has-post-thumbnail","6":"product_cat-lits-escamotables","7":"product_tag-a-partir-de-fr","8":"desktop-align-center","9":"tablet-align-left","10":"mobile-align-left","11":"ast-product-gallery-layout-first-image-large","12":"ast-magnify-disabled","13":"ast-product-single-variable","14":"ast-product-tabs-layout-horizontal","16":"first","17":"instock","18":"sold-individually","19":"shipping-taxable","20":"purchasable","21":"product-type-variable"},"acf":[],"aioseo_notices":[],"_links":{"self":[{"href":"https:\/\/walkinclosetcanada.com\/fr\/wp-json\/wp\/v2\/product\/22871","targetHints":{"allow":["GET"]}}],"collection":[{"href":"https:\/\/walkinclosetcanada.com\/fr\/wp-json\/wp\/v2\/product"}],"about":[{"href":"https:\/\/walkinclosetcanada.com\/fr\/wp-json\/wp\/v2\/types\/product"}],"version-history":[{"count":0,"href":"https:\/\/walkinclosetcanada.com\/fr\/wp-json\/wp\/v2\/product\/22871\/revisions"}],"wp:featuredmedia":[{"embeddable":true,"href":"https:\/\/walkinclosetcanada.com\/fr\/wp-json\/wp\/v2\/media\/14202"}],"wp:attachment":[{"href":"https:\/\/walkinclosetcanada.com\/fr\/wp-json\/wp\/v2\/media?parent=22871"}],"wp:term":[{"taxonomy":"product_brand","embeddable":true,"href":"https:\/\/walkinclosetcanada.com\/fr\/wp-json\/wp\/v2\/product_brand?post=22871"},{"taxonomy":"product_cat","embeddable":true,"href":"https:\/\/walkinclosetcanada.com\/fr\/wp-json\/wp\/v2\/product_cat?post=22871"},{"taxonomy":"product_tag","embeddable":true,"href":"https:\/\/walkinclosetcanada.com\/fr\/wp-json\/wp\/v2\/product_tag?post=22871"}],"curies":[{"name":"wp","href":"https:\/\/api.w.org\/{rel}","templated":true}]}}