{"id":22872,"date":"2025-03-21T11:14:59","date_gmt":"2025-03-21T15:14:59","guid":{"rendered":"https:\/\/walkinclosetcanada.com\/shop\/non class\u00e9\/lit-escamotable-ambar-blanco\/"},"modified":"2025-08-29T11:20:36","modified_gmt":"2025-08-29T15:20:36","slug":"lit-escamotable-ambar-blanco","status":"publish","type":"product","link":"https:\/\/walkinclosetcanada.com\/fr\/shop\/lits-escamotables\/lit-escamotable-ambar-blanco\/","title":{"rendered":"Lit escamotable Ambar Blanco"},"content":{"rendered":"<p>Le lit escamotable Ambar Blanco apporte luminosit\u00e9 et design r\u00e9fl\u00e9chi dans des espaces de vie compacts. Cette composition est ancr\u00e9e par un lit escamotable vertical au fini blanc mat doux, compl\u00e9t\u00e9 par une colonne d\u2019\u00e9tag\u00e8res ouvertes \u00e0 l\u2019extr\u00eame gauche qui cr\u00e9e \u00e0 la fois un rythme visuel et un rangement pratique. \u00c0 droite, une surface de travail pleine longueur se trouve sur un fond de bois clair, associ\u00e9e \u00e0 des fa\u00e7ades de tiroirs arrondies et \u00e0 une armoire int\u00e9gr\u00e9e qui adoucit la structure avec sa g\u00e9om\u00e9trie ludique. Au-dessus, des compartiments ferm\u00e9s flottants et des compartiments ouverts ajoutent une fonctionnalit\u00e9 superpos\u00e9e tout en conservant une esth\u00e9tique propre et moderne.   <\/p>\n<p>Cr\u00e9\u00e9 pour les pi\u00e8ces qui n\u00e9cessitent de l\u2019adaptabilit\u00e9, cet am\u00e9nagement fusionne de mani\u00e8re transparente le sommeil, le rangement et l\u2019\u00e9tude en une seule caract\u00e9ristique architecturale. Le lit escamotable se replie verticalement pour pr\u00e9server l\u2019espace au sol, tandis que les \u00e9l\u00e9ments environnants favorisent \u00e0 la fois le travail concentr\u00e9 et l\u2019expression d\u00e9corative. Ambar Blanco offre une pr\u00e9sence fra\u00eeche et minimaliste qui transforme m\u00eame les petits int\u00e9rieurs en environnements \u00e9quilibr\u00e9s et hautement fonctionnels.  <\/p>\n","protected":false},"excerpt":{"rendered":"<p>Un lit escamotable lumineux dans des tons blancs et bois clair avec un bureau int\u00e9gr\u00e9, des \u00e9tag\u00e8res ouvertes et des lignes \u00e9pur\u00e9es qui rendent les petits espaces plus ouverts et organis\u00e9s.<\/p>\n","protected":false},"featured_media":14240,"template":"","meta":{"_acf_changed":false,"site-sidebar-layout":"default","site-content-layout":"","ast-site-content-layout":"default","site-content-style":"default","site-sidebar-style":"default","ast-global-header-display":"","ast-banner-title-visibility":"","ast-main-header-display":"","ast-hfb-above-header-display":"","ast-hfb-below-header-display":"","ast-hfb-mobile-header-display":"","site-post-title":"","ast-breadcrumbs-content":"","ast-featured-img":"","footer-sml-layout":"","ast-disable-related-posts":"","theme-transparent-header-meta":"default","adv-header-id-meta":"","stick-header-meta":"default","header-above-stick-meta":"","header-main-stick-meta":"","header-below-stick-meta":"","astra-migrate-meta-layouts":"default","ast-page-background-enabled":"default","ast-page-background-meta":{"desktop":{"background-color":"var(--ast-global-color-4)","background-image":"","background-repeat":"repeat","background-position":"center center","background-size":"auto","background-attachment":"scroll","background-type":"","background-media":"","overlay-type":"","overlay-color":"","overlay-opacity":"","overlay-gradient":""},"tablet":{"background-color":"","background-image":"","background-repeat":"repeat","background-position":"center center","background-size":"auto","background-attachment":"scroll","background-type":"","background-media":"","overlay-type":"","overlay-color":"","overlay-opacity":"","overlay-gradient":""},"mobile":{"background-color":"","background-image":"","background-repeat":"repeat","background-position":"center center","background-size":"auto","background-attachment":"scroll","background-type":"","background-media":"","overlay-type":"","overlay-color":"","overlay-opacity":"","overlay-gradient":""}},"ast-content-background-meta":{"desktop":{"background-color":"var(--ast-global-color-5)","background-image":"","background-repeat":"repeat","background-position":"center center","background-size":"auto","background-attachment":"scroll","background-type":"","background-media":"","overlay-type":"","overlay-color":"","overlay-opacity":"","overlay-gradient":""},"tablet":{"background-color":"var(--ast-global-color-5)","background-image":"","background-repeat":"repeat","background-position":"center center","background-size":"auto","background-attachment":"scroll","background-type":"","background-media":"","overlay-type":"","overlay-color":"","overlay-opacity":"","overlay-gradient":""},"mobile":{"background-color":"var(--ast-global-color-5)","background-image":"","background-repeat":"repeat","background-position":"center center","background-size":"auto","background-attachment":"scroll","background-type":"","background-media":"","overlay-type":"","overlay-color":"","overlay-opacity":"","overlay-gradient":""}}},"product_brand":[],"product_cat":[120],"product_tag":[213],"class_list":{"0":"post-22872","1":"product","2":"type-product","3":"status-publish","4":"has-post-thumbnail","6":"product_cat-lits-escamotables","7":"product_tag-a-partir-de-fr","8":"desktop-align-center","9":"tablet-align-left","10":"mobile-align-left","11":"ast-product-gallery-layout-first-image-large","12":"ast-magnify-disabled","13":"ast-product-single-variable","14":"ast-product-tabs-layout-horizontal","16":"first","17":"instock","18":"sold-individually","19":"shipping-taxable","20":"purchasable","21":"product-type-variable"},"acf":[],"aioseo_notices":[],"_links":{"self":[{"href":"https:\/\/walkinclosetcanada.com\/fr\/wp-json\/wp\/v2\/product\/22872","targetHints":{"allow":["GET"]}}],"collection":[{"href":"https:\/\/walkinclosetcanada.com\/fr\/wp-json\/wp\/v2\/product"}],"about":[{"href":"https:\/\/walkinclosetcanada.com\/fr\/wp-json\/wp\/v2\/types\/product"}],"version-history":[{"count":0,"href":"https:\/\/walkinclosetcanada.com\/fr\/wp-json\/wp\/v2\/product\/22872\/revisions"}],"wp:featuredmedia":[{"embeddable":true,"href":"https:\/\/walkinclosetcanada.com\/fr\/wp-json\/wp\/v2\/media\/14240"}],"wp:attachment":[{"href":"https:\/\/walkinclosetcanada.com\/fr\/wp-json\/wp\/v2\/media?parent=22872"}],"wp:term":[{"taxonomy":"product_brand","embeddable":true,"href":"https:\/\/walkinclosetcanada.com\/fr\/wp-json\/wp\/v2\/product_brand?post=22872"},{"taxonomy":"product_cat","embeddable":true,"href":"https:\/\/walkinclosetcanada.com\/fr\/wp-json\/wp\/v2\/product_cat?post=22872"},{"taxonomy":"product_tag","embeddable":true,"href":"https:\/\/walkinclosetcanada.com\/fr\/wp-json\/wp\/v2\/product_tag?post=22872"}],"curies":[{"name":"wp","href":"https:\/\/api.w.org\/{rel}","templated":true}]}}