{"id":22880,"date":"2025-03-21T11:14:59","date_gmt":"2025-03-21T15:14:59","guid":{"rendered":"https:\/\/walkinclosetcanada.com\/shop\/non class\u00e9\/lit-escamotable-tiza-soft\/"},"modified":"2025-08-29T11:20:36","modified_gmt":"2025-08-29T15:20:36","slug":"lit-escamotable-tiza-soft","status":"publish","type":"product","link":"https:\/\/walkinclosetcanada.com\/fr\/shop\/lits-escamotables\/lit-escamotable-tiza-soft\/","title":{"rendered":"Lit escamotable Tiza Soft"},"content":{"rendered":"<p>Le lit escamotable Soft Tiza offre un design apaisant et hautement fonctionnel, id\u00e9al pour les int\u00e9rieurs modernes qui valorisent la luminosit\u00e9 et l\u2019efficacit\u00e9. Son lit pliant horizontalement est encadr\u00e9 dans une unit\u00e9 murale \u00e9pur\u00e9e et pleine hauteur finie dans un doux ton blanchi \u00e0 la chaux qui apporte lumi\u00e8re et chaleur dans l\u2019espace. Au-dessus du lit, de g\u00e9n\u00e9reuses armoires sup\u00e9rieures offrent un rangement discret tout en conservant un look \u00e9l\u00e9gant et coh\u00e9rent.  <\/p>\n<p>\u00c0 gauche de la composition, un espace de travail pratique est soigneusement int\u00e9gr\u00e9. Il comprend un bureau avec des \u00e9tag\u00e8res ouvertes de style cubby, une chaise pivotante confortable et des \u00e9tag\u00e8res flottantes compl\u00e9mentaires qui s\u2019int\u00e8grent \u00e0 la palette globale. Les \u00e9tag\u00e8res sont d\u00e9cor\u00e9es avec soin avec des livres, des \u0153uvres d\u2019art et des \u00e9l\u00e9ments de rangement utiles qui soutiennent les routines quotidiennes. La lumi\u00e8re naturelle p\u00e9n\u00e8tre par la droite, donnant \u00e0 la pi\u00e8ce une atmosph\u00e8re a\u00e9r\u00e9e qui am\u00e9liore la fonctionnalit\u00e9 g\u00e9n\u00e9rale et l\u2019attrait visuel. Cet ensemble de lit escamotable fusionne les zones de sommeil et de travail de mani\u00e8re transparente dans un environnement propre et accueillant.    <\/p>\n","protected":false},"excerpt":{"rendered":"<p>Un lit escamotable lumineux et a\u00e9r\u00e9 avec des armoires sup\u00e9rieures et un design horizontal rabattable, parfaitement int\u00e9gr\u00e9 dans un espace de travail minimaliste.<\/p>\n","protected":false},"featured_media":14186,"template":"","meta":{"_acf_changed":false,"site-sidebar-layout":"default","site-content-layout":"","ast-site-content-layout":"default","site-content-style":"default","site-sidebar-style":"default","ast-global-header-display":"","ast-banner-title-visibility":"","ast-main-header-display":"","ast-hfb-above-header-display":"","ast-hfb-below-header-display":"","ast-hfb-mobile-header-display":"","site-post-title":"","ast-breadcrumbs-content":"","ast-featured-img":"","footer-sml-layout":"","ast-disable-related-posts":"","theme-transparent-header-meta":"default","adv-header-id-meta":"","stick-header-meta":"default","header-above-stick-meta":"","header-main-stick-meta":"","header-below-stick-meta":"","astra-migrate-meta-layouts":"default","ast-page-background-enabled":"default","ast-page-background-meta":{"desktop":{"background-color":"var(--ast-global-color-4)","background-image":"","background-repeat":"repeat","background-position":"center center","background-size":"auto","background-attachment":"scroll","background-type":"","background-media":"","overlay-type":"","overlay-color":"","overlay-opacity":"","overlay-gradient":""},"tablet":{"background-color":"","background-image":"","background-repeat":"repeat","background-position":"center center","background-size":"auto","background-attachment":"scroll","background-type":"","background-media":"","overlay-type":"","overlay-color":"","overlay-opacity":"","overlay-gradient":""},"mobile":{"background-color":"","background-image":"","background-repeat":"repeat","background-position":"center center","background-size":"auto","background-attachment":"scroll","background-type":"","background-media":"","overlay-type":"","overlay-color":"","overlay-opacity":"","overlay-gradient":""}},"ast-content-background-meta":{"desktop":{"background-color":"var(--ast-global-color-5)","background-image":"","background-repeat":"repeat","background-position":"center center","background-size":"auto","background-attachment":"scroll","background-type":"","background-media":"","overlay-type":"","overlay-color":"","overlay-opacity":"","overlay-gradient":""},"tablet":{"background-color":"var(--ast-global-color-5)","background-image":"","background-repeat":"repeat","background-position":"center center","background-size":"auto","background-attachment":"scroll","background-type":"","background-media":"","overlay-type":"","overlay-color":"","overlay-opacity":"","overlay-gradient":""},"mobile":{"background-color":"var(--ast-global-color-5)","background-image":"","background-repeat":"repeat","background-position":"center center","background-size":"auto","background-attachment":"scroll","background-type":"","background-media":"","overlay-type":"","overlay-color":"","overlay-opacity":"","overlay-gradient":""}}},"product_brand":[],"product_cat":[120],"product_tag":[213],"class_list":{"0":"post-22880","1":"product","2":"type-product","3":"status-publish","4":"has-post-thumbnail","6":"product_cat-lits-escamotables","7":"product_tag-a-partir-de-fr","8":"desktop-align-center","9":"tablet-align-left","10":"mobile-align-left","11":"ast-product-gallery-layout-first-image-large","12":"ast-magnify-disabled","13":"ast-product-single-variable","14":"ast-product-tabs-layout-horizontal","16":"first","17":"instock","18":"sold-individually","19":"shipping-taxable","20":"purchasable","21":"product-type-variable"},"acf":[],"aioseo_notices":[],"_links":{"self":[{"href":"https:\/\/walkinclosetcanada.com\/fr\/wp-json\/wp\/v2\/product\/22880","targetHints":{"allow":["GET"]}}],"collection":[{"href":"https:\/\/walkinclosetcanada.com\/fr\/wp-json\/wp\/v2\/product"}],"about":[{"href":"https:\/\/walkinclosetcanada.com\/fr\/wp-json\/wp\/v2\/types\/product"}],"version-history":[{"count":0,"href":"https:\/\/walkinclosetcanada.com\/fr\/wp-json\/wp\/v2\/product\/22880\/revisions"}],"wp:featuredmedia":[{"embeddable":true,"href":"https:\/\/walkinclosetcanada.com\/fr\/wp-json\/wp\/v2\/media\/14186"}],"wp:attachment":[{"href":"https:\/\/walkinclosetcanada.com\/fr\/wp-json\/wp\/v2\/media?parent=22880"}],"wp:term":[{"taxonomy":"product_brand","embeddable":true,"href":"https:\/\/walkinclosetcanada.com\/fr\/wp-json\/wp\/v2\/product_brand?post=22880"},{"taxonomy":"product_cat","embeddable":true,"href":"https:\/\/walkinclosetcanada.com\/fr\/wp-json\/wp\/v2\/product_cat?post=22880"},{"taxonomy":"product_tag","embeddable":true,"href":"https:\/\/walkinclosetcanada.com\/fr\/wp-json\/wp\/v2\/product_tag?post=22880"}],"curies":[{"name":"wp","href":"https:\/\/api.w.org\/{rel}","templated":true}]}}