{"id":22887,"date":"2025-03-21T11:14:59","date_gmt":"2025-03-21T15:14:59","guid":{"rendered":"https:\/\/walkinclosetcanada.com\/shop\/non class\u00e9\/lit-escamotable-onyx-ocean\/"},"modified":"2025-08-29T11:20:34","modified_gmt":"2025-08-29T15:20:34","slug":"lit-escamotable-onyx-ocean","status":"publish","type":"product","link":"https:\/\/walkinclosetcanada.com\/fr\/shop\/lits-escamotables\/lit-escamotable-onyx-ocean\/","title":{"rendered":"Lit escamotable Onyx Ocean"},"content":{"rendered":"<p>Le lit escamotable Onyx Ocean apporte de la profondeur et de la polyvalence dans un espace con\u00e7u pour le repos et la productivit\u00e9. Les riches textures de bois fonc\u00e9 offrent un contraste ancr\u00e9 avec le panneau arri\u00e8re et le bureau aux tons oc\u00e9an, cr\u00e9ant une composition raffin\u00e9e et \u00e9quilibr\u00e9e. Le lit se replie verticalement dans une fa\u00e7ade murale \u00e9pur\u00e9e, encadr\u00e9e par des rangements pleine hauteur et des armoires suspendues qui s\u2019int\u00e8grent parfaitement \u00e0 l\u2019architecture de la pi\u00e8ce. Chaque \u00e9l\u00e9ment est soigneusement align\u00e9 pour cr\u00e9er de la sym\u00e9trie et du calme.   <\/p>\n<p>Id\u00e9ale pour ceux qui appr\u00e9cient \u00e0 la fois le style et l\u2019utilit\u00e9, cette configuration offre un espace de sommeil discret ainsi qu\u2019un poste de travail int\u00e9gr\u00e9. La surface mate douce du bureau int\u00e9gr\u00e9 renforce l\u2019atmosph\u00e8re de concentration, tandis que le rangement environnant permet de garder l\u2019essentiel \u00e0 port\u00e9e de main. Onyx Ocean \u00e9l\u00e8ve la pi\u00e8ce multifonctionnelle en un environnement visuellement coh\u00e9rent o\u00f9 la forme et l\u2019objectif \u00e9voluent en harmonie.  <\/p>\n","protected":false},"excerpt":{"rendered":"<p>Un lit escamotable audacieux avec des tons de bois fonc\u00e9, des accents bleu oc\u00e9an et un espace de travail int\u00e9gr\u00e9 qui allie design contemporain et fonctionnalit\u00e9 quotidienne.<\/p>\n","protected":false},"featured_media":14228,"template":"","meta":{"_acf_changed":false,"site-sidebar-layout":"default","site-content-layout":"","ast-site-content-layout":"default","site-content-style":"default","site-sidebar-style":"default","ast-global-header-display":"","ast-banner-title-visibility":"","ast-main-header-display":"","ast-hfb-above-header-display":"","ast-hfb-below-header-display":"","ast-hfb-mobile-header-display":"","site-post-title":"","ast-breadcrumbs-content":"","ast-featured-img":"","footer-sml-layout":"","ast-disable-related-posts":"","theme-transparent-header-meta":"default","adv-header-id-meta":"","stick-header-meta":"default","header-above-stick-meta":"","header-main-stick-meta":"","header-below-stick-meta":"","astra-migrate-meta-layouts":"default","ast-page-background-enabled":"default","ast-page-background-meta":{"desktop":{"background-color":"var(--ast-global-color-4)","background-image":"","background-repeat":"repeat","background-position":"center center","background-size":"auto","background-attachment":"scroll","background-type":"","background-media":"","overlay-type":"","overlay-color":"","overlay-opacity":"","overlay-gradient":""},"tablet":{"background-color":"","background-image":"","background-repeat":"repeat","background-position":"center center","background-size":"auto","background-attachment":"scroll","background-type":"","background-media":"","overlay-type":"","overlay-color":"","overlay-opacity":"","overlay-gradient":""},"mobile":{"background-color":"","background-image":"","background-repeat":"repeat","background-position":"center center","background-size":"auto","background-attachment":"scroll","background-type":"","background-media":"","overlay-type":"","overlay-color":"","overlay-opacity":"","overlay-gradient":""}},"ast-content-background-meta":{"desktop":{"background-color":"var(--ast-global-color-5)","background-image":"","background-repeat":"repeat","background-position":"center center","background-size":"auto","background-attachment":"scroll","background-type":"","background-media":"","overlay-type":"","overlay-color":"","overlay-opacity":"","overlay-gradient":""},"tablet":{"background-color":"var(--ast-global-color-5)","background-image":"","background-repeat":"repeat","background-position":"center center","background-size":"auto","background-attachment":"scroll","background-type":"","background-media":"","overlay-type":"","overlay-color":"","overlay-opacity":"","overlay-gradient":""},"mobile":{"background-color":"var(--ast-global-color-5)","background-image":"","background-repeat":"repeat","background-position":"center center","background-size":"auto","background-attachment":"scroll","background-type":"","background-media":"","overlay-type":"","overlay-color":"","overlay-opacity":"","overlay-gradient":""}}},"product_brand":[],"product_cat":[120],"product_tag":[213],"class_list":{"0":"post-22887","1":"product","2":"type-product","3":"status-publish","4":"has-post-thumbnail","6":"product_cat-lits-escamotables","7":"product_tag-a-partir-de-fr","8":"desktop-align-center","9":"tablet-align-left","10":"mobile-align-left","11":"ast-product-gallery-layout-first-image-large","12":"ast-magnify-disabled","13":"ast-product-tabs-layout-horizontal","15":"first","16":"instock","17":"sold-individually","18":"shipping-taxable","19":"purchasable","20":"product-type-simple"},"acf":[],"aioseo_notices":[],"_links":{"self":[{"href":"https:\/\/walkinclosetcanada.com\/fr\/wp-json\/wp\/v2\/product\/22887","targetHints":{"allow":["GET"]}}],"collection":[{"href":"https:\/\/walkinclosetcanada.com\/fr\/wp-json\/wp\/v2\/product"}],"about":[{"href":"https:\/\/walkinclosetcanada.com\/fr\/wp-json\/wp\/v2\/types\/product"}],"version-history":[{"count":0,"href":"https:\/\/walkinclosetcanada.com\/fr\/wp-json\/wp\/v2\/product\/22887\/revisions"}],"wp:featuredmedia":[{"embeddable":true,"href":"https:\/\/walkinclosetcanada.com\/fr\/wp-json\/wp\/v2\/media\/14228"}],"wp:attachment":[{"href":"https:\/\/walkinclosetcanada.com\/fr\/wp-json\/wp\/v2\/media?parent=22887"}],"wp:term":[{"taxonomy":"product_brand","embeddable":true,"href":"https:\/\/walkinclosetcanada.com\/fr\/wp-json\/wp\/v2\/product_brand?post=22887"},{"taxonomy":"product_cat","embeddable":true,"href":"https:\/\/walkinclosetcanada.com\/fr\/wp-json\/wp\/v2\/product_cat?post=22887"},{"taxonomy":"product_tag","embeddable":true,"href":"https:\/\/walkinclosetcanada.com\/fr\/wp-json\/wp\/v2\/product_tag?post=22887"}],"curies":[{"name":"wp","href":"https:\/\/api.w.org\/{rel}","templated":true}]}}