{"id":22921,"date":"2024-04-19T14:19:13","date_gmt":"2024-04-19T18:19:13","guid":{"rendered":"https:\/\/walkinclosetcanada.com\/shop\/non class\u00e9\/cosmic-legend-dressing\/"},"modified":"2025-08-29T11:20:35","modified_gmt":"2025-08-29T15:20:35","slug":"cosmic-legend-dressing","status":"publish","type":"product","link":"https:\/\/walkinclosetcanada.com\/fr\/shop\/garde-robes-walk-in\/cosmic-legend-dressing\/","title":{"rendered":"Cosmic Legend Dressing"},"content":{"rendered":"<p>Le dressing Cosmic Legend apporte structure et profondeur \u00e0 l\u2019espace d\u2019habillage moderne gr\u00e2ce \u00e0 ses tons noyer dramatiques et \u00e0 sa disposition soigneusement proportionn\u00e9e. Les compartiments ouverts, les \u00e9tag\u00e8res polies et les tiroirs int\u00e9gr\u00e9s \u00e0 fermeture en douceur travaillent de concert pour cr\u00e9er une exp\u00e9rience de rangement fluide qui est \u00e0 la fois utile et \u00e9lev\u00e9e. Le grain naturel du bois adoucit la structure audacieuse, tandis que la configuration en forme de L enveloppe l\u2019espace dans la continuit\u00e9 et l\u2019\u00e9quilibre. Chaque \u00e9l\u00e9ment est plac\u00e9 dans le but de cr\u00e9er une atmosph\u00e8re calme et organis\u00e9e qui t\u00e9moigne d\u2019une vie r\u00e9fl\u00e9chie.   <\/p>\n<p>Con\u00e7u pour \u00eatre fonctionnel sans encombrement visuel, ce dressing am\u00e9liore les routines quotidiennes gr\u00e2ce \u00e0 sa clart\u00e9 et sa pr\u00e9sence. Chaque section accueille des v\u00eatements, des chaussures et des accessoires avec un acc\u00e8s sans effort et une sensation de boutique. La mat\u00e9rialit\u00e9 riche et la composition aux lignes \u00e9pur\u00e9es invitent \u00e0 un sentiment d\u2019ordre tout en permettant l\u2019expression personnelle. Cosmic Legend est une d\u00e9claration architecturale raffin\u00e9e qui apporte une confiance tranquille \u00e0 la fa\u00e7on dont vous interagissez avec votre garde-robe.   <\/p>\n","protected":false},"excerpt":{"rendered":"<p>Un dressing sophistiqu\u00e9 dans de riches tons de noyer avec des compartiments ouverts, des tiroirs sculpt\u00e9s et une sym\u00e9trie \u00e9l\u00e9gante con\u00e7ue pour la clart\u00e9 visuelle et la facilit\u00e9.<\/p>\n","protected":false},"featured_media":12206,"template":"","meta":{"_acf_changed":false,"site-sidebar-layout":"no-sidebar","site-content-layout":"","ast-site-content-layout":"default","site-content-style":"default","site-sidebar-style":"default","ast-global-header-display":"","ast-banner-title-visibility":"","ast-main-header-display":"","ast-hfb-above-header-display":"","ast-hfb-below-header-display":"","ast-hfb-mobile-header-display":"","site-post-title":"","ast-breadcrumbs-content":"","ast-featured-img":"","footer-sml-layout":"","ast-disable-related-posts":"","theme-transparent-header-meta":"default","adv-header-id-meta":"","stick-header-meta":"default","header-above-stick-meta":"","header-main-stick-meta":"","header-below-stick-meta":"","astra-migrate-meta-layouts":"default","ast-page-background-enabled":"default","ast-page-background-meta":{"desktop":{"background-color":"var(--ast-global-color-4)","background-image":"","background-repeat":"repeat","background-position":"center center","background-size":"auto","background-attachment":"scroll","background-type":"","background-media":"","overlay-type":"","overlay-color":"","overlay-opacity":"","overlay-gradient":""},"tablet":{"background-color":"","background-image":"","background-repeat":"repeat","background-position":"center center","background-size":"auto","background-attachment":"scroll","background-type":"","background-media":"","overlay-type":"","overlay-color":"","overlay-opacity":"","overlay-gradient":""},"mobile":{"background-color":"","background-image":"","background-repeat":"repeat","background-position":"center center","background-size":"auto","background-attachment":"scroll","background-type":"","background-media":"","overlay-type":"","overlay-color":"","overlay-opacity":"","overlay-gradient":""}},"ast-content-background-meta":{"desktop":{"background-color":"var(--ast-global-color-5)","background-image":"","background-repeat":"repeat","background-position":"center center","background-size":"auto","background-attachment":"scroll","background-type":"","background-media":"","overlay-type":"","overlay-color":"","overlay-opacity":"","overlay-gradient":""},"tablet":{"background-color":"var(--ast-global-color-5)","background-image":"","background-repeat":"repeat","background-position":"center center","background-size":"auto","background-attachment":"scroll","background-type":"","background-media":"","overlay-type":"","overlay-color":"","overlay-opacity":"","overlay-gradient":""},"mobile":{"background-color":"var(--ast-global-color-5)","background-image":"","background-repeat":"repeat","background-position":"center center","background-size":"auto","background-attachment":"scroll","background-type":"","background-media":"","overlay-type":"","overlay-color":"","overlay-opacity":"","overlay-gradient":""}}},"product_brand":[],"product_cat":[171],"product_tag":[213,214,215],"class_list":{"0":"post-22921","1":"product","2":"type-product","3":"status-publish","4":"has-post-thumbnail","6":"product_cat-garde-robes-walk-in","7":"product_tag-a-partir-de-fr","8":"product_tag-a-partir-de-fr-2","9":"product_tag-moderne-fr","10":"desktop-align-center","11":"tablet-align-left","12":"mobile-align-left","13":"ast-product-gallery-layout-first-image-large","14":"ast-product-gallery-with-no-image","15":"ast-magnify-disabled","16":"ast-product-tabs-layout-horizontal","18":"first","19":"instock","20":"sold-individually","21":"shipping-taxable","22":"purchasable","23":"product-type-simple"},"acf":[],"aioseo_notices":[],"_links":{"self":[{"href":"https:\/\/walkinclosetcanada.com\/fr\/wp-json\/wp\/v2\/product\/22921","targetHints":{"allow":["GET"]}}],"collection":[{"href":"https:\/\/walkinclosetcanada.com\/fr\/wp-json\/wp\/v2\/product"}],"about":[{"href":"https:\/\/walkinclosetcanada.com\/fr\/wp-json\/wp\/v2\/types\/product"}],"version-history":[{"count":0,"href":"https:\/\/walkinclosetcanada.com\/fr\/wp-json\/wp\/v2\/product\/22921\/revisions"}],"wp:featuredmedia":[{"embeddable":true,"href":"https:\/\/walkinclosetcanada.com\/fr\/wp-json\/wp\/v2\/media\/12206"}],"wp:attachment":[{"href":"https:\/\/walkinclosetcanada.com\/fr\/wp-json\/wp\/v2\/media?parent=22921"}],"wp:term":[{"taxonomy":"product_brand","embeddable":true,"href":"https:\/\/walkinclosetcanada.com\/fr\/wp-json\/wp\/v2\/product_brand?post=22921"},{"taxonomy":"product_cat","embeddable":true,"href":"https:\/\/walkinclosetcanada.com\/fr\/wp-json\/wp\/v2\/product_cat?post=22921"},{"taxonomy":"product_tag","embeddable":true,"href":"https:\/\/walkinclosetcanada.com\/fr\/wp-json\/wp\/v2\/product_tag?post=22921"}],"curies":[{"name":"wp","href":"https:\/\/api.w.org\/{rel}","templated":true}]}}