{"id":22922,"date":"2024-04-19T14:19:13","date_gmt":"2024-04-19T18:19:13","guid":{"rendered":"https:\/\/walkinclosetcanada.com\/shop\/non class\u00e9\/habana-breeze-walk-in\/"},"modified":"2025-08-29T11:20:35","modified_gmt":"2025-08-29T15:20:35","slug":"habana-breeze-walk-in","status":"publish","type":"product","link":"https:\/\/walkinclosetcanada.com\/fr\/shop\/garde-robes-walk-in\/habana-breeze-walk-in\/","title":{"rendered":"Habana Breeze Walk-In"},"content":{"rendered":"<p>Le dressing Habana Breeze est con\u00e7u pour apporter clart\u00e9 et calme au c\u0153ur de votre espace. Avec son bois doux et clair et son agencement ouvert, il introduit une douceur visuelle \u00e0 la fois \u00e9l\u00e9gante et accessible. Chaque \u00e9tag\u00e8re et tiroir est positionn\u00e9 dans un but pr\u00e9cis, cr\u00e9ant un rythme de lignes verticales \u00e9pur\u00e9es et de compartiments ouverts qui c\u00e9l\u00e8brent l\u2019ordre sans exc\u00e8s. Le contraste r\u00e9fl\u00e9chi des mat\u00e9riaux, avec des tiroirs l\u00e9g\u00e8rement plus profonds contre des panneaux verticaux p\u00e2les, ajoute de la dimension tout en maintenant un flux naturel.   <\/p>\n<p>Ce dressing soutient un style de vie fa\u00e7onn\u00e9 par la facilit\u00e9 et l\u2019intention. L\u2019agencement g\u00e9n\u00e9reux offre des sections spacieuses pour les v\u00eatements, les chaussures et les accessoires tout en maintenant une accessibilit\u00e9 visuelle totale. Con\u00e7u avec une sensibilit\u00e9 europ\u00e9enne, Habana Breeze allie architecture et atmosph\u00e8re en une seule exp\u00e9rience sans faille. Il invite \u00e0 des moments de pr\u00e9paration tranquilles, o\u00f9 toutes les textures et proportions travaillent ensemble pour offrir \u00e9quilibre, chaleur et sophistication discr\u00e8te.   <\/p>\n","protected":false},"excerpt":{"rendered":"<p>Ce dressing tant attendu de la collection Cosmo by EOS est un ajout d\u00e9licieux \u00e0 n\u2019importe quelle maison. Gr\u00e2ce \u00e0 ses divers modules, vous pouvez cr\u00e9er un dressing personnalis\u00e9 qui correspond parfaitement \u00e0 vos besoins et pr\u00e9f\u00e9rences. Que vous organisiez vos v\u00eatements, accessoires ou autres objets personnels, ce dressing d\u2019angle offre \u00e0 la fois fonctionnalit\u00e9 et style. Imaginez-vous entrer dans cet espace chaque jour, entour\u00e9 d\u2019\u00e9l\u00e9gance et de sophistication, alors que vous vous pr\u00e9parez pour la journ\u00e9e \u00e0 venir.   <\/p>\n","protected":false},"featured_media":12212,"template":"","meta":{"_acf_changed":false,"site-sidebar-layout":"no-sidebar","site-content-layout":"","ast-site-content-layout":"default","site-content-style":"default","site-sidebar-style":"default","ast-global-header-display":"","ast-banner-title-visibility":"","ast-main-header-display":"","ast-hfb-above-header-display":"","ast-hfb-below-header-display":"","ast-hfb-mobile-header-display":"","site-post-title":"","ast-breadcrumbs-content":"","ast-featured-img":"","footer-sml-layout":"","ast-disable-related-posts":"","theme-transparent-header-meta":"default","adv-header-id-meta":"","stick-header-meta":"default","header-above-stick-meta":"","header-main-stick-meta":"","header-below-stick-meta":"","astra-migrate-meta-layouts":"default","ast-page-background-enabled":"default","ast-page-background-meta":{"desktop":{"background-color":"var(--ast-global-color-4)","background-image":"","background-repeat":"repeat","background-position":"center center","background-size":"auto","background-attachment":"scroll","background-type":"","background-media":"","overlay-type":"","overlay-color":"","overlay-opacity":"","overlay-gradient":""},"tablet":{"background-color":"","background-image":"","background-repeat":"repeat","background-position":"center center","background-size":"auto","background-attachment":"scroll","background-type":"","background-media":"","overlay-type":"","overlay-color":"","overlay-opacity":"","overlay-gradient":""},"mobile":{"background-color":"","background-image":"","background-repeat":"repeat","background-position":"center center","background-size":"auto","background-attachment":"scroll","background-type":"","background-media":"","overlay-type":"","overlay-color":"","overlay-opacity":"","overlay-gradient":""}},"ast-content-background-meta":{"desktop":{"background-color":"var(--ast-global-color-5)","background-image":"","background-repeat":"repeat","background-position":"center center","background-size":"auto","background-attachment":"scroll","background-type":"","background-media":"","overlay-type":"","overlay-color":"","overlay-opacity":"","overlay-gradient":""},"tablet":{"background-color":"var(--ast-global-color-5)","background-image":"","background-repeat":"repeat","background-position":"center center","background-size":"auto","background-attachment":"scroll","background-type":"","background-media":"","overlay-type":"","overlay-color":"","overlay-opacity":"","overlay-gradient":""},"mobile":{"background-color":"var(--ast-global-color-5)","background-image":"","background-repeat":"repeat","background-position":"center center","background-size":"auto","background-attachment":"scroll","background-type":"","background-media":"","overlay-type":"","overlay-color":"","overlay-opacity":"","overlay-gradient":""}}},"product_brand":[],"product_cat":[171],"product_tag":[213,214,215],"class_list":{"0":"post-22922","1":"product","2":"type-product","3":"status-publish","4":"has-post-thumbnail","6":"product_cat-garde-robes-walk-in","7":"product_tag-a-partir-de-fr","8":"product_tag-a-partir-de-fr-2","9":"product_tag-moderne-fr","10":"desktop-align-center","11":"tablet-align-left","12":"mobile-align-left","13":"ast-product-gallery-layout-first-image-large","14":"ast-product-gallery-with-no-image","15":"ast-magnify-disabled","16":"ast-product-tabs-layout-horizontal","18":"first","19":"instock","20":"sold-individually","21":"shipping-taxable","22":"purchasable","23":"product-type-simple"},"acf":[],"aioseo_notices":[],"_links":{"self":[{"href":"https:\/\/walkinclosetcanada.com\/fr\/wp-json\/wp\/v2\/product\/22922","targetHints":{"allow":["GET"]}}],"collection":[{"href":"https:\/\/walkinclosetcanada.com\/fr\/wp-json\/wp\/v2\/product"}],"about":[{"href":"https:\/\/walkinclosetcanada.com\/fr\/wp-json\/wp\/v2\/types\/product"}],"version-history":[{"count":0,"href":"https:\/\/walkinclosetcanada.com\/fr\/wp-json\/wp\/v2\/product\/22922\/revisions"}],"wp:featuredmedia":[{"embeddable":true,"href":"https:\/\/walkinclosetcanada.com\/fr\/wp-json\/wp\/v2\/media\/12212"}],"wp:attachment":[{"href":"https:\/\/walkinclosetcanada.com\/fr\/wp-json\/wp\/v2\/media?parent=22922"}],"wp:term":[{"taxonomy":"product_brand","embeddable":true,"href":"https:\/\/walkinclosetcanada.com\/fr\/wp-json\/wp\/v2\/product_brand?post=22922"},{"taxonomy":"product_cat","embeddable":true,"href":"https:\/\/walkinclosetcanada.com\/fr\/wp-json\/wp\/v2\/product_cat?post=22922"},{"taxonomy":"product_tag","embeddable":true,"href":"https:\/\/walkinclosetcanada.com\/fr\/wp-json\/wp\/v2\/product_tag?post=22922"}],"curies":[{"name":"wp","href":"https:\/\/api.w.org\/{rel}","templated":true}]}}