{"id":22923,"date":"2024-04-19T14:19:13","date_gmt":"2024-04-19T18:19:13","guid":{"rendered":"https:\/\/walkinclosetcanada.com\/shop\/non class\u00e9\/habana-open-closet\/"},"modified":"2025-08-29T11:20:35","modified_gmt":"2025-08-29T15:20:35","slug":"habana-open-closet","status":"publish","type":"product","link":"https:\/\/walkinclosetcanada.com\/fr\/shop\/garde-robes-walk-in\/habana-open-closet\/","title":{"rendered":"Habana Open Closet"},"content":{"rendered":"<p>Le Habana Open Closet r\u00e9invente la vie minimaliste gr\u00e2ce \u00e0 des tons de bois chauds et un am\u00e9nagement ouvert harmonieux. Chaque \u00e9l\u00e9ment est judicieusement plac\u00e9 pour cr\u00e9er un sentiment de calme, avec des \u00e9tag\u00e8res, des compartiments et des sections suspendues dispos\u00e9s en parfaite sym\u00e9trie. Le fini naturel adoucit les lignes architecturales, tandis que la plate-forme sur\u00e9lev\u00e9e ajoute de la pr\u00e9sence sans exc\u00e8s. L\u2019espace est raffin\u00e9 et respirant, encourageant l\u2019ordre par le design plut\u00f4t que par l\u2019enfermement.   <\/p>\n<p>Ce placard invite \u00e0 un nouveau niveau d\u2019interaction avec votre garde-robe. Les v\u00eatements et les accessoires restent enti\u00e8rement visibles et facilement accessibles, cr\u00e9ant une routine fluide et intentionnelle chaque jour. L\u2019absence de portes am\u00e9liore la l\u00e9g\u00e8ret\u00e9 et la clart\u00e9 globales de la pi\u00e8ce, tandis que la structure \u00e9quilibr\u00e9e soutient un style de vie construit autour de la simplicit\u00e9, de l\u2019aisance et de la sophistication tranquille. Habana n\u2019est pas seulement une solution de rangement, c\u2019est un geste architectural qui apporte de l\u2019\u00e9l\u00e9gance dans les rituels quotidiens.   <\/p>\n","protected":false},"excerpt":{"rendered":"<p>Un dressing \u00e0 aire ouverte dans des tons de bois doux avec des \u00e9tag\u00e8res \u00e0 plusieurs niveaux, une sym\u00e9trie \u00e9l\u00e9gante et des compartiments sur mesure pour une organisation quotidienne sans effort.<\/p>\n","protected":false},"featured_media":12215,"template":"","meta":{"_acf_changed":false,"site-sidebar-layout":"no-sidebar","site-content-layout":"","ast-site-content-layout":"default","site-content-style":"default","site-sidebar-style":"default","ast-global-header-display":"","ast-banner-title-visibility":"","ast-main-header-display":"","ast-hfb-above-header-display":"","ast-hfb-below-header-display":"","ast-hfb-mobile-header-display":"","site-post-title":"","ast-breadcrumbs-content":"","ast-featured-img":"","footer-sml-layout":"","ast-disable-related-posts":"","theme-transparent-header-meta":"default","adv-header-id-meta":"","stick-header-meta":"default","header-above-stick-meta":"","header-main-stick-meta":"","header-below-stick-meta":"","astra-migrate-meta-layouts":"default","ast-page-background-enabled":"default","ast-page-background-meta":{"desktop":{"background-color":"var(--ast-global-color-4)","background-image":"","background-repeat":"repeat","background-position":"center center","background-size":"auto","background-attachment":"scroll","background-type":"","background-media":"","overlay-type":"","overlay-color":"","overlay-opacity":"","overlay-gradient":""},"tablet":{"background-color":"","background-image":"","background-repeat":"repeat","background-position":"center center","background-size":"auto","background-attachment":"scroll","background-type":"","background-media":"","overlay-type":"","overlay-color":"","overlay-opacity":"","overlay-gradient":""},"mobile":{"background-color":"","background-image":"","background-repeat":"repeat","background-position":"center center","background-size":"auto","background-attachment":"scroll","background-type":"","background-media":"","overlay-type":"","overlay-color":"","overlay-opacity":"","overlay-gradient":""}},"ast-content-background-meta":{"desktop":{"background-color":"var(--ast-global-color-5)","background-image":"","background-repeat":"repeat","background-position":"center center","background-size":"auto","background-attachment":"scroll","background-type":"","background-media":"","overlay-type":"","overlay-color":"","overlay-opacity":"","overlay-gradient":""},"tablet":{"background-color":"var(--ast-global-color-5)","background-image":"","background-repeat":"repeat","background-position":"center center","background-size":"auto","background-attachment":"scroll","background-type":"","background-media":"","overlay-type":"","overlay-color":"","overlay-opacity":"","overlay-gradient":""},"mobile":{"background-color":"var(--ast-global-color-5)","background-image":"","background-repeat":"repeat","background-position":"center center","background-size":"auto","background-attachment":"scroll","background-type":"","background-media":"","overlay-type":"","overlay-color":"","overlay-opacity":"","overlay-gradient":""}}},"product_brand":[],"product_cat":[171],"product_tag":[213,214,215],"class_list":{"0":"post-22923","1":"product","2":"type-product","3":"status-publish","4":"has-post-thumbnail","6":"product_cat-garde-robes-walk-in","7":"product_tag-a-partir-de-fr","8":"product_tag-a-partir-de-fr-2","9":"product_tag-moderne-fr","10":"desktop-align-center","11":"tablet-align-left","12":"mobile-align-left","13":"ast-product-gallery-layout-first-image-large","14":"ast-product-gallery-with-no-image","15":"ast-magnify-disabled","16":"ast-product-tabs-layout-horizontal","18":"first","19":"instock","20":"sold-individually","21":"shipping-taxable","22":"purchasable","23":"product-type-simple"},"acf":[],"aioseo_notices":[],"_links":{"self":[{"href":"https:\/\/walkinclosetcanada.com\/fr\/wp-json\/wp\/v2\/product\/22923","targetHints":{"allow":["GET"]}}],"collection":[{"href":"https:\/\/walkinclosetcanada.com\/fr\/wp-json\/wp\/v2\/product"}],"about":[{"href":"https:\/\/walkinclosetcanada.com\/fr\/wp-json\/wp\/v2\/types\/product"}],"version-history":[{"count":0,"href":"https:\/\/walkinclosetcanada.com\/fr\/wp-json\/wp\/v2\/product\/22923\/revisions"}],"wp:featuredmedia":[{"embeddable":true,"href":"https:\/\/walkinclosetcanada.com\/fr\/wp-json\/wp\/v2\/media\/12215"}],"wp:attachment":[{"href":"https:\/\/walkinclosetcanada.com\/fr\/wp-json\/wp\/v2\/media?parent=22923"}],"wp:term":[{"taxonomy":"product_brand","embeddable":true,"href":"https:\/\/walkinclosetcanada.com\/fr\/wp-json\/wp\/v2\/product_brand?post=22923"},{"taxonomy":"product_cat","embeddable":true,"href":"https:\/\/walkinclosetcanada.com\/fr\/wp-json\/wp\/v2\/product_cat?post=22923"},{"taxonomy":"product_tag","embeddable":true,"href":"https:\/\/walkinclosetcanada.com\/fr\/wp-json\/wp\/v2\/product_tag?post=22923"}],"curies":[{"name":"wp","href":"https:\/\/api.w.org\/{rel}","templated":true}]}}