{"id":22926,"date":"2024-04-19T14:19:18","date_gmt":"2024-04-19T18:19:18","guid":{"rendered":"https:\/\/walkinclosetcanada.com\/shop\/non class\u00e9\/habana-luxor-penderie-en-inox\/"},"modified":"2025-08-29T11:20:36","modified_gmt":"2025-08-29T15:20:36","slug":"habana-luxor-penderie-en-inox","status":"publish","type":"product","link":"https:\/\/walkinclosetcanada.com\/fr\/shop\/armoires\/portes-coulissantes\/habana-luxor-penderie-en-inox\/","title":{"rendered":"Habana Luxor Penderie en inox"},"content":{"rendered":"<p>L\u2019armoire Habana Luxor Inox allie chaleur naturelle et contraste moderne. Ses portes coulissantes combinent des textures inspir\u00e9es du ch\u00eane et des panneaux lisses d\u2019aspect pierre grise qui donnent une impression d\u2019organique et d\u2019actuel. <\/p>\n<p>Id\u00e9al pour cr\u00e9er un design de chambre \u00e0 coucher coh\u00e9rent, cet appareil offre un espace de rangement g\u00e9n\u00e9reux et un profil aux lignes \u00e9pur\u00e9es qui s\u2019harmonise avec les int\u00e9rieurs minimalistes ou transitionnels. Chaque \u00e9l\u00e9ment est s\u00e9lectionn\u00e9 pour sa durabilit\u00e9 et son \u00e9l\u00e9gance durable. <\/p>\n","protected":false},"excerpt":{"rendered":"<p>Armoire coulissante avec texture en bois de ch\u00eane et accents de pierre grise. Des lignes \u00e9pur\u00e9es et une \u00e9l\u00e9gance pratique pour les espaces modernes. <\/p>\n","protected":false},"featured_media":11964,"template":"","meta":{"_acf_changed":false,"site-sidebar-layout":"no-sidebar","site-content-layout":"","ast-site-content-layout":"default","site-content-style":"default","site-sidebar-style":"default","ast-global-header-display":"","ast-banner-title-visibility":"","ast-main-header-display":"","ast-hfb-above-header-display":"","ast-hfb-below-header-display":"","ast-hfb-mobile-header-display":"","site-post-title":"","ast-breadcrumbs-content":"","ast-featured-img":"","footer-sml-layout":"","ast-disable-related-posts":"","theme-transparent-header-meta":"default","adv-header-id-meta":"","stick-header-meta":"default","header-above-stick-meta":"","header-main-stick-meta":"","header-below-stick-meta":"","astra-migrate-meta-layouts":"default","ast-page-background-enabled":"default","ast-page-background-meta":{"desktop":{"background-color":"var(--ast-global-color-4)","background-image":"","background-repeat":"repeat","background-position":"center center","background-size":"auto","background-attachment":"scroll","background-type":"","background-media":"","overlay-type":"","overlay-color":"","overlay-opacity":"","overlay-gradient":""},"tablet":{"background-color":"","background-image":"","background-repeat":"repeat","background-position":"center center","background-size":"auto","background-attachment":"scroll","background-type":"","background-media":"","overlay-type":"","overlay-color":"","overlay-opacity":"","overlay-gradient":""},"mobile":{"background-color":"","background-image":"","background-repeat":"repeat","background-position":"center center","background-size":"auto","background-attachment":"scroll","background-type":"","background-media":"","overlay-type":"","overlay-color":"","overlay-opacity":"","overlay-gradient":""}},"ast-content-background-meta":{"desktop":{"background-color":"var(--ast-global-color-5)","background-image":"","background-repeat":"repeat","background-position":"center center","background-size":"auto","background-attachment":"scroll","background-type":"","background-media":"","overlay-type":"","overlay-color":"","overlay-opacity":"","overlay-gradient":""},"tablet":{"background-color":"var(--ast-global-color-5)","background-image":"","background-repeat":"repeat","background-position":"center center","background-size":"auto","background-attachment":"scroll","background-type":"","background-media":"","overlay-type":"","overlay-color":"","overlay-opacity":"","overlay-gradient":""},"mobile":{"background-color":"var(--ast-global-color-5)","background-image":"","background-repeat":"repeat","background-position":"center center","background-size":"auto","background-attachment":"scroll","background-type":"","background-media":"","overlay-type":"","overlay-color":"","overlay-opacity":"","overlay-gradient":""}}},"product_brand":[],"product_cat":[169,216],"product_tag":[213,214,215],"class_list":{"0":"post-22926","1":"product","2":"type-product","3":"status-publish","4":"has-post-thumbnail","6":"product_cat-armoires","7":"product_cat-portes-coulissantes","8":"product_tag-a-partir-de-fr","9":"product_tag-a-partir-de-fr-2","10":"product_tag-moderne-fr","11":"desktop-align-center","12":"tablet-align-left","13":"mobile-align-left","14":"ast-product-gallery-layout-first-image-large","15":"ast-product-gallery-with-no-image","16":"ast-magnify-disabled","17":"ast-product-tabs-layout-horizontal","19":"first","20":"instock","21":"sold-individually","22":"shipping-taxable","23":"purchasable","24":"product-type-simple"},"acf":[],"aioseo_notices":[],"_links":{"self":[{"href":"https:\/\/walkinclosetcanada.com\/fr\/wp-json\/wp\/v2\/product\/22926","targetHints":{"allow":["GET"]}}],"collection":[{"href":"https:\/\/walkinclosetcanada.com\/fr\/wp-json\/wp\/v2\/product"}],"about":[{"href":"https:\/\/walkinclosetcanada.com\/fr\/wp-json\/wp\/v2\/types\/product"}],"version-history":[{"count":0,"href":"https:\/\/walkinclosetcanada.com\/fr\/wp-json\/wp\/v2\/product\/22926\/revisions"}],"wp:featuredmedia":[{"embeddable":true,"href":"https:\/\/walkinclosetcanada.com\/fr\/wp-json\/wp\/v2\/media\/11964"}],"wp:attachment":[{"href":"https:\/\/walkinclosetcanada.com\/fr\/wp-json\/wp\/v2\/media?parent=22926"}],"wp:term":[{"taxonomy":"product_brand","embeddable":true,"href":"https:\/\/walkinclosetcanada.com\/fr\/wp-json\/wp\/v2\/product_brand?post=22926"},{"taxonomy":"product_cat","embeddable":true,"href":"https:\/\/walkinclosetcanada.com\/fr\/wp-json\/wp\/v2\/product_cat?post=22926"},{"taxonomy":"product_tag","embeddable":true,"href":"https:\/\/walkinclosetcanada.com\/fr\/wp-json\/wp\/v2\/product_tag?post=22926"}],"curies":[{"name":"wp","href":"https:\/\/api.w.org\/{rel}","templated":true}]}}