{"id":22932,"date":"2025-03-21T11:14:59","date_gmt":"2025-03-21T15:14:59","guid":{"rendered":"https:\/\/walkinclosetcanada.com\/shop\/non class\u00e9\/nimporte-quel-lit-escamotable-arcilla-gaming\/"},"modified":"2025-08-29T11:20:38","modified_gmt":"2025-08-29T15:20:38","slug":"nimporte-quel-lit-escamotable-arcilla-gaming","status":"publish","type":"product","link":"https:\/\/walkinclosetcanada.com\/fr\/shop\/lits-escamotables\/nimporte-quel-lit-escamotable-arcilla-gaming\/","title":{"rendered":"N\u2019importe quel lit escamotable Arcilla Gaming"},"content":{"rendered":"<p>Le lit escamotable Any Arcilla Gaming est con\u00e7u pour \u00eatre polyvalent et \u00e9nergique, con\u00e7u pour soutenir le jeu, les \u00e9tudes et le sommeil sans compromettre l\u2019ordre visuel. Sur la droite, un lit escamotable vertical au fini gris mat lisse est encadr\u00e9 par des armoires suspendues et ancr\u00e9 dans un cadre en bois sombre qui allie force et contraste calme. \u00c0 gauche, un poste de travail personnalis\u00e9 en forme de L d\u00e9finit la zone de jeu, rehauss\u00e9 par des compartiments audacieux aux tons d\u2019arcilla et des \u00e9tag\u00e8res fonctionnelles qui s\u2019enroulent autour du bureau pour favoriser \u00e0 la fois le jeu et la productivit\u00e9.  <\/p>\n<p>Con\u00e7ue pour les routines de haute performance et les configurations expressives, cette composition int\u00e8gre l\u2019\u00e9clairage de travail, les surfaces d\u2019affichage et le rangement organis\u00e9 dans un seul mur homog\u00e8ne. Le lit se replie verticalement pour pr\u00e9server l\u2019espace, tandis que les \u00e9tag\u00e8res superpos\u00e9es gardent chaque d\u00e9tail \u00e0 port\u00e9e de main. N\u2019importe quelle Arcilla transforme la pi\u00e8ce en un centre de contr\u00f4le personnalis\u00e9 o\u00f9 l\u2019esth\u00e9tique, la concentration et la d\u00e9tente coexistent \u00e0 un rythme parfait.  <\/p>\n","protected":false},"excerpt":{"rendered":"<p>Un lit escamotable \u00e9l\u00e9gant avec des textures de bois fonc\u00e9, un fini gris mat et un bureau de jeu en forme de L int\u00e9gr\u00e9 entour\u00e9 d\u2019\u00e9tag\u00e8res personnalis\u00e9es et d\u2019accents aux tons d\u2019arcilla.<\/p>\n","protected":false},"featured_media":14252,"template":"","meta":{"_acf_changed":false,"site-sidebar-layout":"default","site-content-layout":"","ast-site-content-layout":"default","site-content-style":"default","site-sidebar-style":"default","ast-global-header-display":"","ast-banner-title-visibility":"","ast-main-header-display":"","ast-hfb-above-header-display":"","ast-hfb-below-header-display":"","ast-hfb-mobile-header-display":"","site-post-title":"","ast-breadcrumbs-content":"","ast-featured-img":"","footer-sml-layout":"","ast-disable-related-posts":"","theme-transparent-header-meta":"default","adv-header-id-meta":"","stick-header-meta":"default","header-above-stick-meta":"","header-main-stick-meta":"","header-below-stick-meta":"","astra-migrate-meta-layouts":"default","ast-page-background-enabled":"default","ast-page-background-meta":{"desktop":{"background-color":"var(--ast-global-color-4)","background-image":"","background-repeat":"repeat","background-position":"center center","background-size":"auto","background-attachment":"scroll","background-type":"","background-media":"","overlay-type":"","overlay-color":"","overlay-opacity":"","overlay-gradient":""},"tablet":{"background-color":"","background-image":"","background-repeat":"repeat","background-position":"center center","background-size":"auto","background-attachment":"scroll","background-type":"","background-media":"","overlay-type":"","overlay-color":"","overlay-opacity":"","overlay-gradient":""},"mobile":{"background-color":"","background-image":"","background-repeat":"repeat","background-position":"center center","background-size":"auto","background-attachment":"scroll","background-type":"","background-media":"","overlay-type":"","overlay-color":"","overlay-opacity":"","overlay-gradient":""}},"ast-content-background-meta":{"desktop":{"background-color":"var(--ast-global-color-5)","background-image":"","background-repeat":"repeat","background-position":"center center","background-size":"auto","background-attachment":"scroll","background-type":"","background-media":"","overlay-type":"","overlay-color":"","overlay-opacity":"","overlay-gradient":""},"tablet":{"background-color":"var(--ast-global-color-5)","background-image":"","background-repeat":"repeat","background-position":"center center","background-size":"auto","background-attachment":"scroll","background-type":"","background-media":"","overlay-type":"","overlay-color":"","overlay-opacity":"","overlay-gradient":""},"mobile":{"background-color":"var(--ast-global-color-5)","background-image":"","background-repeat":"repeat","background-position":"center center","background-size":"auto","background-attachment":"scroll","background-type":"","background-media":"","overlay-type":"","overlay-color":"","overlay-opacity":"","overlay-gradient":""}}},"product_brand":[],"product_cat":[120],"product_tag":[213],"class_list":{"0":"post-22932","1":"product","2":"type-product","3":"status-publish","4":"has-post-thumbnail","6":"product_cat-lits-escamotables","7":"product_tag-a-partir-de-fr","8":"desktop-align-center","9":"tablet-align-left","10":"mobile-align-left","11":"ast-product-gallery-layout-first-image-large","12":"ast-magnify-disabled","13":"ast-product-tabs-layout-horizontal","15":"first","16":"instock","17":"sold-individually","18":"shipping-taxable","19":"purchasable","20":"product-type-simple"},"acf":[],"aioseo_notices":[],"_links":{"self":[{"href":"https:\/\/walkinclosetcanada.com\/fr\/wp-json\/wp\/v2\/product\/22932","targetHints":{"allow":["GET"]}}],"collection":[{"href":"https:\/\/walkinclosetcanada.com\/fr\/wp-json\/wp\/v2\/product"}],"about":[{"href":"https:\/\/walkinclosetcanada.com\/fr\/wp-json\/wp\/v2\/types\/product"}],"version-history":[{"count":0,"href":"https:\/\/walkinclosetcanada.com\/fr\/wp-json\/wp\/v2\/product\/22932\/revisions"}],"wp:featuredmedia":[{"embeddable":true,"href":"https:\/\/walkinclosetcanada.com\/fr\/wp-json\/wp\/v2\/media\/14252"}],"wp:attachment":[{"href":"https:\/\/walkinclosetcanada.com\/fr\/wp-json\/wp\/v2\/media?parent=22932"}],"wp:term":[{"taxonomy":"product_brand","embeddable":true,"href":"https:\/\/walkinclosetcanada.com\/fr\/wp-json\/wp\/v2\/product_brand?post=22932"},{"taxonomy":"product_cat","embeddable":true,"href":"https:\/\/walkinclosetcanada.com\/fr\/wp-json\/wp\/v2\/product_cat?post=22932"},{"taxonomy":"product_tag","embeddable":true,"href":"https:\/\/walkinclosetcanada.com\/fr\/wp-json\/wp\/v2\/product_tag?post=22932"}],"curies":[{"name":"wp","href":"https:\/\/api.w.org\/{rel}","templated":true}]}}