{"id":22933,"date":"2025-03-21T11:14:59","date_gmt":"2025-03-21T15:14:59","guid":{"rendered":"https:\/\/walkinclosetcanada.com\/shop\/non%20class\u00e9\/lit-escamotable-quarzo-gris\/"},"modified":"2025-08-29T11:20:40","modified_gmt":"2025-08-29T15:20:40","slug":"lit-escamotable-quarzo-gris","status":"publish","type":"product","link":"https:\/\/walkinclosetcanada.com\/fr\/shop\/lits-escamotables\/lit-escamotable-quarzo-gris\/","title":{"rendered":"Lit escamotable Quarzo Gris"},"content":{"rendered":"<p>Le lit escamotable Quarzo Gris red\u00e9finit l\u2019habitat polyvalent avec une pr\u00e9sence minimaliste et une transformation spatiale intelligente. Au centre de la composition se trouve un canap\u00e9 rembourr\u00e9 moelleux dans un ton gris neutre, positionn\u00e9 directement devant un lit escamotable pliant verticalement enferm\u00e9 dans un cadre blanc \u00e9l\u00e9gant. Le cadre environnant s\u2019int\u00e8gre harmonieusement \u00e0 la d\u00e9coration contemporaine, permettant au syst\u00e8me de lit de remplir une double fonction sans interrompre l\u2019\u00e9quilibre visuel de la pi\u00e8ce.  <\/p>\n<p>Cette pi\u00e8ce est id\u00e9ale pour les appartements urbains ou les maisons compactes o\u00f9 l\u2019espace doit s\u2019adapter tout au long de la journ\u00e9e. Le canap\u00e9 int\u00e9gr\u00e9 reste enti\u00e8rement intact lorsque le lit est ferm\u00e9, offrant un confort quotidien pour se pr\u00e9lasser, lire ou socialiser. La nuit, le lit se replie sans effort pour r\u00e9v\u00e9ler une surface de sommeil cach\u00e9e sans avoir besoin de r\u00e9organiser la pi\u00e8ce. Quarzo Gris allie confort, style et praticit\u00e9 dans un design homog\u00e8ne qui s\u2019harmonise avec tout int\u00e9rieur raffin\u00e9.   <\/p>\n","protected":false},"excerpt":{"rendered":"<p>Un lit escamotable moderne avec des panneaux blancs \u00e9pur\u00e9s et un canap\u00e9 rembourr\u00e9 int\u00e9gr\u00e9, parfait pour transformer sans effort un salon en espace de couchage.<\/p>\n","protected":false},"featured_media":14257,"template":"","meta":{"_acf_changed":false,"site-sidebar-layout":"default","site-content-layout":"","ast-site-content-layout":"default","site-content-style":"default","site-sidebar-style":"default","ast-global-header-display":"","ast-banner-title-visibility":"","ast-main-header-display":"","ast-hfb-above-header-display":"","ast-hfb-below-header-display":"","ast-hfb-mobile-header-display":"","site-post-title":"","ast-breadcrumbs-content":"","ast-featured-img":"","footer-sml-layout":"","ast-disable-related-posts":"","theme-transparent-header-meta":"default","adv-header-id-meta":"","stick-header-meta":"default","header-above-stick-meta":"","header-main-stick-meta":"","header-below-stick-meta":"","astra-migrate-meta-layouts":"set","ast-page-background-enabled":"default","ast-page-background-meta":{"desktop":{"background-color":"var(--ast-global-color-4)","background-image":"","background-repeat":"repeat","background-position":"center center","background-size":"auto","background-attachment":"scroll","background-type":"","background-media":"","overlay-type":"","overlay-color":"","overlay-opacity":"","overlay-gradient":""},"tablet":{"background-color":"","background-image":"","background-repeat":"repeat","background-position":"center center","background-size":"auto","background-attachment":"scroll","background-type":"","background-media":"","overlay-type":"","overlay-color":"","overlay-opacity":"","overlay-gradient":""},"mobile":{"background-color":"","background-image":"","background-repeat":"repeat","background-position":"center center","background-size":"auto","background-attachment":"scroll","background-type":"","background-media":"","overlay-type":"","overlay-color":"","overlay-opacity":"","overlay-gradient":""}},"ast-content-background-meta":{"desktop":{"background-color":"var(--ast-global-color-5)","background-image":"","background-repeat":"repeat","background-position":"center center","background-size":"auto","background-attachment":"scroll","background-type":"","background-media":"","overlay-type":"","overlay-color":"","overlay-opacity":"","overlay-gradient":""},"tablet":{"background-color":"var(--ast-global-color-5)","background-image":"","background-repeat":"repeat","background-position":"center center","background-size":"auto","background-attachment":"scroll","background-type":"","background-media":"","overlay-type":"","overlay-color":"","overlay-opacity":"","overlay-gradient":""},"mobile":{"background-color":"var(--ast-global-color-5)","background-image":"","background-repeat":"repeat","background-position":"center center","background-size":"auto","background-attachment":"scroll","background-type":"","background-media":"","overlay-type":"","overlay-color":"","overlay-opacity":"","overlay-gradient":""}}},"product_brand":[],"product_cat":[120],"product_tag":[213],"class_list":{"0":"post-22933","1":"product","2":"type-product","3":"status-publish","4":"has-post-thumbnail","6":"product_cat-lits-escamotables","7":"product_tag-a-partir-de-fr","8":"desktop-align-center","9":"tablet-align-left","10":"mobile-align-left","11":"ast-product-gallery-layout-first-image-large","12":"ast-magnify-disabled","13":"ast-product-single-variable","14":"ast-product-tabs-layout-horizontal","16":"first","17":"instock","18":"sold-individually","19":"shipping-taxable","20":"purchasable","21":"product-type-variable"},"acf":[],"aioseo_notices":[],"_links":{"self":[{"href":"https:\/\/walkinclosetcanada.com\/fr\/wp-json\/wp\/v2\/product\/22933","targetHints":{"allow":["GET"]}}],"collection":[{"href":"https:\/\/walkinclosetcanada.com\/fr\/wp-json\/wp\/v2\/product"}],"about":[{"href":"https:\/\/walkinclosetcanada.com\/fr\/wp-json\/wp\/v2\/types\/product"}],"version-history":[{"count":1,"href":"https:\/\/walkinclosetcanada.com\/fr\/wp-json\/wp\/v2\/product\/22933\/revisions"}],"predecessor-version":[{"id":23508,"href":"https:\/\/walkinclosetcanada.com\/fr\/wp-json\/wp\/v2\/product\/22933\/revisions\/23508"}],"wp:featuredmedia":[{"embeddable":true,"href":"https:\/\/walkinclosetcanada.com\/fr\/wp-json\/wp\/v2\/media\/14257"}],"wp:attachment":[{"href":"https:\/\/walkinclosetcanada.com\/fr\/wp-json\/wp\/v2\/media?parent=22933"}],"wp:term":[{"taxonomy":"product_brand","embeddable":true,"href":"https:\/\/walkinclosetcanada.com\/fr\/wp-json\/wp\/v2\/product_brand?post=22933"},{"taxonomy":"product_cat","embeddable":true,"href":"https:\/\/walkinclosetcanada.com\/fr\/wp-json\/wp\/v2\/product_cat?post=22933"},{"taxonomy":"product_tag","embeddable":true,"href":"https:\/\/walkinclosetcanada.com\/fr\/wp-json\/wp\/v2\/product_tag?post=22933"}],"curies":[{"name":"wp","href":"https:\/\/api.w.org\/{rel}","templated":true}]}}