{"id":22944,"date":"2024-04-19T14:19:17","date_gmt":"2024-04-19T18:19:17","guid":{"rendered":"https:\/\/walkinclosetcanada.com\/shop\/non%20class\u00e9\/habana-miroir-armoire\/"},"modified":"2025-08-29T11:20:39","modified_gmt":"2025-08-29T15:20:39","slug":"habana-miroir-armoire","status":"publish","type":"product","link":"https:\/\/walkinclosetcanada.com\/fr\/shop\/armoires\/portes-coulissantes\/habana-miroir-armoire\/","title":{"rendered":"Habana MiTr\u00e8s Grand Litr Armoire"},"content":{"rendered":"<p>L\u2019armoire Habana Miroir fait une d\u00e9claration de design forte gr\u00e2ce \u00e0 sa composition de portes miroir pleine longueur, de grain de bois chaleureux et de panneaux neutres lisses. Les surfaces contrast\u00e9es captent magnifiquement la lumi\u00e8re, am\u00e9liorant \u00e0 la fois la fonction et l\u2019atmosph\u00e8re. <\/p>\n<p>Les sections en miroir sont \u00e0 la fois un \u00e9l\u00e9ment pratique et un rehausseur d\u2019espace, refl\u00e9tant la pi\u00e8ce et \u00e9largissant son atmosph\u00e8re. Combin\u00e9 \u00e0 des tons de bois naturels, cet am\u00e9nagement apporte confort et clart\u00e9 moderne \u00e0 votre chambre \u00e0 coucher. <\/p>\n","protected":false},"excerpt":{"rendered":"<p>Armoire avec panneaux en miroir et finitions en grain de bois. Refl\u00e8te la lumi\u00e8re et l\u2019espace tout en ajoutant du rangement et de l\u2019\u00e9l\u00e9gance. <\/p>\n","protected":false},"featured_media":11953,"template":"","meta":{"_acf_changed":false,"site-sidebar-layout":"no-sidebar","site-content-layout":"","ast-site-content-layout":"default","site-content-style":"default","site-sidebar-style":"default","ast-global-header-display":"","ast-banner-title-visibility":"","ast-main-header-display":"","ast-hfb-above-header-display":"","ast-hfb-below-header-display":"","ast-hfb-mobile-header-display":"","site-post-title":"","ast-breadcrumbs-content":"","ast-featured-img":"","footer-sml-layout":"","ast-disable-related-posts":"","theme-transparent-header-meta":"default","adv-header-id-meta":"","stick-header-meta":"default","header-above-stick-meta":"","header-main-stick-meta":"","header-below-stick-meta":"","astra-migrate-meta-layouts":"default","ast-page-background-enabled":"default","ast-page-background-meta":{"desktop":{"background-color":"var(--ast-global-color-4)","background-image":"","background-repeat":"repeat","background-position":"center center","background-size":"auto","background-attachment":"scroll","background-type":"","background-media":"","overlay-type":"","overlay-color":"","overlay-opacity":"","overlay-gradient":""},"tablet":{"background-color":"","background-image":"","background-repeat":"repeat","background-position":"center center","background-size":"auto","background-attachment":"scroll","background-type":"","background-media":"","overlay-type":"","overlay-color":"","overlay-opacity":"","overlay-gradient":""},"mobile":{"background-color":"","background-image":"","background-repeat":"repeat","background-position":"center center","background-size":"auto","background-attachment":"scroll","background-type":"","background-media":"","overlay-type":"","overlay-color":"","overlay-opacity":"","overlay-gradient":""}},"ast-content-background-meta":{"desktop":{"background-color":"var(--ast-global-color-5)","background-image":"","background-repeat":"repeat","background-position":"center center","background-size":"auto","background-attachment":"scroll","background-type":"","background-media":"","overlay-type":"","overlay-color":"","overlay-opacity":"","overlay-gradient":""},"tablet":{"background-color":"var(--ast-global-color-5)","background-image":"","background-repeat":"repeat","background-position":"center center","background-size":"auto","background-attachment":"scroll","background-type":"","background-media":"","overlay-type":"","overlay-color":"","overlay-opacity":"","overlay-gradient":""},"mobile":{"background-color":"var(--ast-global-color-5)","background-image":"","background-repeat":"repeat","background-position":"center center","background-size":"auto","background-attachment":"scroll","background-type":"","background-media":"","overlay-type":"","overlay-color":"","overlay-opacity":"","overlay-gradient":""}}},"product_brand":[],"product_cat":[169,216],"product_tag":[213,214,215],"class_list":{"0":"post-22944","1":"product","2":"type-product","3":"status-publish","4":"has-post-thumbnail","6":"product_cat-armoires","7":"product_cat-portes-coulissantes","8":"product_tag-a-partir-de-fr","9":"product_tag-a-partir-de-fr-2","10":"product_tag-moderne-fr","11":"desktop-align-center","12":"tablet-align-left","13":"mobile-align-left","14":"ast-product-gallery-layout-first-image-large","15":"ast-product-gallery-with-no-image","16":"ast-magnify-disabled","17":"ast-product-tabs-layout-horizontal","19":"first","20":"instock","21":"sold-individually","22":"shipping-taxable","23":"purchasable","24":"product-type-simple"},"acf":[],"aioseo_notices":[],"_links":{"self":[{"href":"https:\/\/walkinclosetcanada.com\/fr\/wp-json\/wp\/v2\/product\/22944","targetHints":{"allow":["GET"]}}],"collection":[{"href":"https:\/\/walkinclosetcanada.com\/fr\/wp-json\/wp\/v2\/product"}],"about":[{"href":"https:\/\/walkinclosetcanada.com\/fr\/wp-json\/wp\/v2\/types\/product"}],"version-history":[{"count":1,"href":"https:\/\/walkinclosetcanada.com\/fr\/wp-json\/wp\/v2\/product\/22944\/revisions"}],"predecessor-version":[{"id":23507,"href":"https:\/\/walkinclosetcanada.com\/fr\/wp-json\/wp\/v2\/product\/22944\/revisions\/23507"}],"wp:featuredmedia":[{"embeddable":true,"href":"https:\/\/walkinclosetcanada.com\/fr\/wp-json\/wp\/v2\/media\/11953"}],"wp:attachment":[{"href":"https:\/\/walkinclosetcanada.com\/fr\/wp-json\/wp\/v2\/media?parent=22944"}],"wp:term":[{"taxonomy":"product_brand","embeddable":true,"href":"https:\/\/walkinclosetcanada.com\/fr\/wp-json\/wp\/v2\/product_brand?post=22944"},{"taxonomy":"product_cat","embeddable":true,"href":"https:\/\/walkinclosetcanada.com\/fr\/wp-json\/wp\/v2\/product_cat?post=22944"},{"taxonomy":"product_tag","embeddable":true,"href":"https:\/\/walkinclosetcanada.com\/fr\/wp-json\/wp\/v2\/product_tag?post=22944"}],"curies":[{"name":"wp","href":"https:\/\/api.w.org\/{rel}","templated":true}]}}