{"id":22946,"date":"2024-04-19T14:19:14","date_gmt":"2024-04-19T18:19:14","guid":{"rendered":"https:\/\/walkinclosetcanada.com\/shop\/non class\u00e9\/tundra-pizarra-armoire\/"},"modified":"2025-08-29T11:20:39","modified_gmt":"2025-08-29T15:20:39","slug":"tundra-pizarra-armoire","status":"publish","type":"product","link":"https:\/\/walkinclosetcanada.com\/fr\/shop\/armoires\/portes-battantes\/tundra-pizarra-armoire\/","title":{"rendered":"Tundra Pizarra Armoire"},"content":{"rendered":"<p>M\u00e9lange raffin\u00e9 de textures, l\u2019armoire Tundra Pizarra combine des finis en grain de bois p\u00e2le avec des surfaces mates contrastantes pour un look architectural net.<\/p>\n<p>Ouvrez les portes pour d\u00e9couvrir des tiroirs int\u00e9gr\u00e9s, un grand espace de rangement et des compartiments suspendus \u00e9l\u00e9gants. Sa disposition s\u2019adapte facilement aux besoins d\u2019organisation sur mesure tout en restant visuellement propre. <\/p>\n","protected":false},"excerpt":{"rendered":"<p>Armoire bicolore avec bois tendre et portes mates, avec tiroirs cach\u00e9s et espace de suspension pour une mise \u00e0 niveau moderne du rangement.<\/p>\n","protected":false},"featured_media":11870,"template":"","meta":{"_acf_changed":false,"site-sidebar-layout":"no-sidebar","site-content-layout":"","ast-site-content-layout":"default","site-content-style":"default","site-sidebar-style":"default","ast-global-header-display":"","ast-banner-title-visibility":"","ast-main-header-display":"","ast-hfb-above-header-display":"","ast-hfb-below-header-display":"","ast-hfb-mobile-header-display":"","site-post-title":"","ast-breadcrumbs-content":"","ast-featured-img":"","footer-sml-layout":"","ast-disable-related-posts":"","theme-transparent-header-meta":"default","adv-header-id-meta":"","stick-header-meta":"default","header-above-stick-meta":"","header-main-stick-meta":"","header-below-stick-meta":"","astra-migrate-meta-layouts":"default","ast-page-background-enabled":"default","ast-page-background-meta":{"desktop":{"background-color":"var(--ast-global-color-4)","background-image":"","background-repeat":"repeat","background-position":"center center","background-size":"auto","background-attachment":"scroll","background-type":"","background-media":"","overlay-type":"","overlay-color":"","overlay-opacity":"","overlay-gradient":""},"tablet":{"background-color":"","background-image":"","background-repeat":"repeat","background-position":"center center","background-size":"auto","background-attachment":"scroll","background-type":"","background-media":"","overlay-type":"","overlay-color":"","overlay-opacity":"","overlay-gradient":""},"mobile":{"background-color":"","background-image":"","background-repeat":"repeat","background-position":"center center","background-size":"auto","background-attachment":"scroll","background-type":"","background-media":"","overlay-type":"","overlay-color":"","overlay-opacity":"","overlay-gradient":""}},"ast-content-background-meta":{"desktop":{"background-color":"var(--ast-global-color-5)","background-image":"","background-repeat":"repeat","background-position":"center center","background-size":"auto","background-attachment":"scroll","background-type":"","background-media":"","overlay-type":"","overlay-color":"","overlay-opacity":"","overlay-gradient":""},"tablet":{"background-color":"var(--ast-global-color-5)","background-image":"","background-repeat":"repeat","background-position":"center center","background-size":"auto","background-attachment":"scroll","background-type":"","background-media":"","overlay-type":"","overlay-color":"","overlay-opacity":"","overlay-gradient":""},"mobile":{"background-color":"var(--ast-global-color-5)","background-image":"","background-repeat":"repeat","background-position":"center center","background-size":"auto","background-attachment":"scroll","background-type":"","background-media":"","overlay-type":"","overlay-color":"","overlay-opacity":"","overlay-gradient":""}}},"product_brand":[],"product_cat":[169,217],"product_tag":[213,214,215],"class_list":{"0":"post-22946","1":"product","2":"type-product","3":"status-publish","4":"has-post-thumbnail","6":"product_cat-armoires","7":"product_cat-portes-battantes","8":"product_tag-a-partir-de-fr","9":"product_tag-a-partir-de-fr-2","10":"product_tag-moderne-fr","11":"desktop-align-center","12":"tablet-align-left","13":"mobile-align-left","14":"ast-product-gallery-layout-first-image-large","15":"ast-product-gallery-with-no-image","16":"ast-magnify-disabled","17":"ast-product-tabs-layout-horizontal","19":"first","20":"instock","21":"sold-individually","22":"shipping-taxable","23":"purchasable","24":"product-type-simple"},"acf":[],"aioseo_notices":[],"_links":{"self":[{"href":"https:\/\/walkinclosetcanada.com\/fr\/wp-json\/wp\/v2\/product\/22946","targetHints":{"allow":["GET"]}}],"collection":[{"href":"https:\/\/walkinclosetcanada.com\/fr\/wp-json\/wp\/v2\/product"}],"about":[{"href":"https:\/\/walkinclosetcanada.com\/fr\/wp-json\/wp\/v2\/types\/product"}],"version-history":[{"count":0,"href":"https:\/\/walkinclosetcanada.com\/fr\/wp-json\/wp\/v2\/product\/22946\/revisions"}],"wp:featuredmedia":[{"embeddable":true,"href":"https:\/\/walkinclosetcanada.com\/fr\/wp-json\/wp\/v2\/media\/11870"}],"wp:attachment":[{"href":"https:\/\/walkinclosetcanada.com\/fr\/wp-json\/wp\/v2\/media?parent=22946"}],"wp:term":[{"taxonomy":"product_brand","embeddable":true,"href":"https:\/\/walkinclosetcanada.com\/fr\/wp-json\/wp\/v2\/product_brand?post=22946"},{"taxonomy":"product_cat","embeddable":true,"href":"https:\/\/walkinclosetcanada.com\/fr\/wp-json\/wp\/v2\/product_cat?post=22946"},{"taxonomy":"product_tag","embeddable":true,"href":"https:\/\/walkinclosetcanada.com\/fr\/wp-json\/wp\/v2\/product_tag?post=22946"}],"curies":[{"name":"wp","href":"https:\/\/api.w.org\/{rel}","templated":true}]}}